{"id":839,"date":"2023-12-18T13:39:38","date_gmt":"2023-12-18T12:39:38","guid":{"rendered":"https:\/\/rene.adrirodrigoagencia.es\/producto\/salto-y-saque-mcdermott-ng01\/"},"modified":"2024-11-27T19:19:00","modified_gmt":"2024-11-27T18:19:00","slug":"salto-y-saque-mcdermott-ng01","status":"publish","type":"product","link":"https:\/\/billaresrar.es\/en\/product\/salto-y-saque-mcdermott-ng01\/","title":{"rendered":"Salto y Saque McDermott NG01"},"content":{"rendered":"","protected":false},"excerpt":{"rendered":"<p>Antebrazo de arce<br \/>\n4 puntas de palisandro<br \/>\nMango sin envoltura de palisandro<br \/>\nJunta principal 3\/8&#8243;-10 con inserto fen\u00f3lico<br \/>\nJunta de salto de liberaci\u00f3n r\u00e1pida<br \/>\nFlecha Stinger patentada con suela fen\u00f3lica de 13,25 mm<\/p>\n<p>La tecnolog\u00eda Stinger toma la energ\u00eda del golpe a trav\u00e9s del centro de la flecha, sin importar d\u00f3nde la pelota golpee la suela. Nuestra suela puede tener una forma m\u00e1s plana que la punta de un taco de break t\u00edpico. El perfil m\u00e1s plano hace que tenga un gran \u00abpunto \u00f3ptimo\u00bb. Puedes equivocarte y aun as\u00ed obtener el resultado que pretend\u00edas.<\/p>","protected":false},"featured_media":848,"template":"","meta":{"jetpack_publicize_message":"","jetpack_publicize_feature_enabled":true,"jetpack_social_post_already_shared":false,"jetpack_social_options":{"image_generator_settings":{"template":"highway","default_image_id":0,"font":"","enabled":false},"version":2}},"product_brand":[],"product_cat":[37,59,34],"product_tag":[],"class_list":{"0":"post-839","1":"product","2":"type-product","3":"status-publish","4":"has-post-thumbnail","6":"product_cat-mundo-billar","7":"product_cat-salto-y-saque","8":"product_cat-tacos-de-billar-americano-carambola-snooker","10":"first","11":"outofstock","12":"taxable","13":"shipping-taxable","14":"purchasable","15":"product-type-simple"},"yoast_head":"<!-- This site is optimized with the Yoast SEO plugin v27.5 - https:\/\/yoast.com\/product\/yoast-seo-wordpress\/ -->\n<title>Salto y Saque McDermott NG01 - RAR Billares online shop<\/title>\n<meta name=\"robots\" content=\"index, follow, max-snippet:-1, max-image-preview:large, max-video-preview:-1\" \/>\n<link rel=\"canonical\" href=\"https:\/\/billaresrar.es\/en\/product\/salto-y-saque-mcdermott-ng01\/\" \/>\n<meta property=\"og:locale\" content=\"en_US\" \/>\n<meta property=\"og:type\" content=\"article\" \/>\n<meta property=\"og:title\" content=\"Salto y Saque McDermott NG01 - RAR Billares online shop\" \/>\n<meta property=\"og:description\" content=\"Antebrazo de arce 4 puntas de palisandro Mango sin envoltura de palisandro Junta principal 3\/8&quot;-10 con inserto fen\u00f3lico Junta de salto de liberaci\u00f3n r\u00e1pida Flecha Stinger patentada con suela fen\u00f3lica de 13,25 mm  La tecnolog\u00eda Stinger toma la energ\u00eda del golpe a trav\u00e9s del centro de la flecha, sin importar d\u00f3nde la pelota golpee la suela. Nuestra suela puede tener una forma m\u00e1s plana que la punta de un taco de break t\u00edpico. El perfil m\u00e1s plano hace que tenga un gran &quot;punto \u00f3ptimo&quot;. Puedes equivocarte y aun as\u00ed obtener el resultado que pretend\u00edas.\" \/>\n<meta property=\"og:url\" content=\"https:\/\/billaresrar.es\/en\/product\/salto-y-saque-mcdermott-ng01\/\" \/>\n<meta property=\"og:site_name\" content=\"RAR Billares online shop\" \/>\n<meta property=\"article:modified_time\" content=\"2024-11-27T18:19:00+00:00\" \/>\n<meta property=\"og:image\" content=\"https:\/\/i0.wp.com\/billaresrar.es\/wp-content\/uploads\/2023\/12\/taco-de-salto-y-saque-mcdermott-ng01.webp?fit=800%2C800&ssl=1\" \/>\n\t<meta property=\"og:image:width\" content=\"800\" \/>\n\t<meta property=\"og:image:height\" content=\"800\" \/>\n\t<meta property=\"og:image:type\" content=\"image\/webp\" \/>\n<meta name=\"twitter:card\" content=\"summary_large_image\" \/>\n<meta name=\"twitter:label1\" content=\"Price\" \/>\n\t<meta name=\"twitter:data1\" content=\"360,00&nbsp;&euro;\" \/>\n\t<meta name=\"twitter:label2\" content=\"Availability\" \/>\n\t<meta name=\"twitter:data2\" content=\"Out of stock\" \/>\n<script type=\"application\/ld+json\" class=\"yoast-schema-graph\">{\"@context\":\"https:\\\/\\\/schema.org\",\"@graph\":[{\"@type\":\"WebPage\",\"@id\":\"https:\\\/\\\/billaresrar.es\\\/producto\\\/salto-y-saque-mcdermott-ng01\\\/\",\"url\":\"https:\\\/\\\/billaresrar.es\\\/producto\\\/salto-y-saque-mcdermott-ng01\\\/\",\"name\":\"Salto y Saque McDermott NG01 - RAR Billares online shop\",\"isPartOf\":{\"@id\":\"https:\\\/\\\/billaresrar.es\\\/#website\"},\"primaryImageOfPage\":{\"@id\":\"https:\\\/\\\/billaresrar.es\\\/producto\\\/salto-y-saque-mcdermott-ng01\\\/#primaryimage\"},\"image\":{\"@id\":\"https:\\\/\\\/billaresrar.es\\\/producto\\\/salto-y-saque-mcdermott-ng01\\\/#primaryimage\"},\"thumbnailUrl\":\"https:\\\/\\\/i0.wp.com\\\/billaresrar.es\\\/wp-content\\\/uploads\\\/2023\\\/12\\\/taco-de-salto-y-saque-mcdermott-ng01.webp?fit=800%2C800&ssl=1\",\"datePublished\":\"2023-12-18T12:39:38+00:00\",\"dateModified\":\"2024-11-27T18:19:00+00:00\",\"breadcrumb\":{\"@id\":\"https:\\\/\\\/billaresrar.es\\\/producto\\\/salto-y-saque-mcdermott-ng01\\\/#breadcrumb\"},\"inLanguage\":\"en-US\",\"potentialAction\":[{\"@type\":\"ReadAction\",\"target\":[\"https:\\\/\\\/billaresrar.es\\\/producto\\\/salto-y-saque-mcdermott-ng01\\\/\"]}]},{\"@type\":\"ImageObject\",\"inLanguage\":\"en-US\",\"@id\":\"https:\\\/\\\/billaresrar.es\\\/producto\\\/salto-y-saque-mcdermott-ng01\\\/#primaryimage\",\"url\":\"https:\\\/\\\/i0.wp.com\\\/billaresrar.es\\\/wp-content\\\/uploads\\\/2023\\\/12\\\/taco-de-salto-y-saque-mcdermott-ng01.webp?fit=800%2C800&ssl=1\",\"contentUrl\":\"https:\\\/\\\/i0.wp.com\\\/billaresrar.es\\\/wp-content\\\/uploads\\\/2023\\\/12\\\/taco-de-salto-y-saque-mcdermott-ng01.webp?fit=800%2C800&ssl=1\",\"width\":800,\"height\":800},{\"@type\":\"BreadcrumbList\",\"@id\":\"https:\\\/\\\/billaresrar.es\\\/producto\\\/salto-y-saque-mcdermott-ng01\\\/#breadcrumb\",\"itemListElement\":[{\"@type\":\"ListItem\",\"position\":1,\"name\":\"Portada\",\"item\":\"https:\\\/\\\/billaresrar.es\\\/\"},{\"@type\":\"ListItem\",\"position\":2,\"name\":\"Tienda\",\"item\":\"https:\\\/\\\/billaresrar.es\\\/tienda-billares-rar\\\/\"},{\"@type\":\"ListItem\",\"position\":3,\"name\":\"Salto y Saque McDermott NG01\"}]},{\"@type\":\"WebSite\",\"@id\":\"https:\\\/\\\/billaresrar.es\\\/#website\",\"url\":\"https:\\\/\\\/billaresrar.es\\\/\",\"name\":\"RAR Billares\",\"description\":\"Nos dedicamos a la restauraci\u00f3n, personalizaci\u00f3n, compraventa e instalaci\u00f3n de mesas de billar.\",\"publisher\":{\"@id\":\"https:\\\/\\\/billaresrar.es\\\/#\\\/schema\\\/person\\\/58bf20f74847ad0e156049ad50e1cc19\"},\"potentialAction\":[{\"@type\":\"SearchAction\",\"target\":{\"@type\":\"EntryPoint\",\"urlTemplate\":\"https:\\\/\\\/billaresrar.es\\\/?s={search_term_string}\"},\"query-input\":{\"@type\":\"PropertyValueSpecification\",\"valueRequired\":true,\"valueName\":\"search_term_string\"}}],\"inLanguage\":\"en-US\"},{\"@type\":[\"Person\",\"Organization\"],\"@id\":\"https:\\\/\\\/billaresrar.es\\\/#\\\/schema\\\/person\\\/58bf20f74847ad0e156049ad50e1cc19\",\"name\":\"Ren\u00e9\",\"image\":{\"@type\":\"ImageObject\",\"inLanguage\":\"en-US\",\"@id\":\"https:\\\/\\\/i0.wp.com\\\/billaresrar.es\\\/wp-content\\\/uploads\\\/2024\\\/12\\\/definitivo-RAR.webp?fit=1920%2C1147&ssl=1\",\"url\":\"https:\\\/\\\/i0.wp.com\\\/billaresrar.es\\\/wp-content\\\/uploads\\\/2024\\\/12\\\/definitivo-RAR.webp?fit=1920%2C1147&ssl=1\",\"contentUrl\":\"https:\\\/\\\/i0.wp.com\\\/billaresrar.es\\\/wp-content\\\/uploads\\\/2024\\\/12\\\/definitivo-RAR.webp?fit=1920%2C1147&ssl=1\",\"width\":1920,\"height\":1147,\"caption\":\"Ren\u00e9\"},\"logo\":{\"@id\":\"https:\\\/\\\/i0.wp.com\\\/billaresrar.es\\\/wp-content\\\/uploads\\\/2024\\\/12\\\/definitivo-RAR.webp?fit=1920%2C1147&ssl=1\"}}]}<\/script>\n<meta property=\"product:price:amount\" content=\"360.00\" \/>\n<meta property=\"product:price:currency\" content=\"EUR\" \/>\n<meta property=\"og:availability\" content=\"out of stock\" \/>\n<meta property=\"product:availability\" content=\"out of stock\" \/>\n<meta property=\"product:condition\" content=\"new\" \/>\n<!-- \/ Yoast SEO plugin. -->","yoast_head_json":{"title":"Salto y Saque McDermott NG01 - RAR Billares online shop","robots":{"index":"index","follow":"follow","max-snippet":"max-snippet:-1","max-image-preview":"max-image-preview:large","max-video-preview":"max-video-preview:-1"},"canonical":"https:\/\/billaresrar.es\/en\/product\/salto-y-saque-mcdermott-ng01\/","og_locale":"en_US","og_type":"article","og_title":"Salto y Saque McDermott NG01 - RAR Billares online shop","og_description":"Antebrazo de arce 4 puntas de palisandro Mango sin envoltura de palisandro Junta principal 3\/8\"-10 con inserto fen\u00f3lico Junta de salto de liberaci\u00f3n r\u00e1pida Flecha Stinger patentada con suela fen\u00f3lica de 13,25 mm  La tecnolog\u00eda Stinger toma la energ\u00eda del golpe a trav\u00e9s del centro de la flecha, sin importar d\u00f3nde la pelota golpee la suela. Nuestra suela puede tener una forma m\u00e1s plana que la punta de un taco de break t\u00edpico. El perfil m\u00e1s plano hace que tenga un gran \"punto \u00f3ptimo\". Puedes equivocarte y aun as\u00ed obtener el resultado que pretend\u00edas.","og_url":"https:\/\/billaresrar.es\/en\/product\/salto-y-saque-mcdermott-ng01\/","og_site_name":"RAR Billares online shop","article_modified_time":"2024-11-27T18:19:00+00:00","og_image":[{"width":800,"height":800,"url":"https:\/\/i0.wp.com\/billaresrar.es\/wp-content\/uploads\/2023\/12\/taco-de-salto-y-saque-mcdermott-ng01.webp?fit=800%2C800&ssl=1","type":"image\/webp"}],"twitter_card":"summary_large_image","twitter_misc":{"Price":"360,00&nbsp;&euro;","Availability":"Out of stock"},"schema":{"@context":"https:\/\/schema.org","@graph":[{"@type":"WebPage","@id":"https:\/\/billaresrar.es\/producto\/salto-y-saque-mcdermott-ng01\/","url":"https:\/\/billaresrar.es\/producto\/salto-y-saque-mcdermott-ng01\/","name":"Salto y Saque McDermott NG01 - RAR Billares online shop","isPartOf":{"@id":"https:\/\/billaresrar.es\/#website"},"primaryImageOfPage":{"@id":"https:\/\/billaresrar.es\/producto\/salto-y-saque-mcdermott-ng01\/#primaryimage"},"image":{"@id":"https:\/\/billaresrar.es\/producto\/salto-y-saque-mcdermott-ng01\/#primaryimage"},"thumbnailUrl":"https:\/\/i0.wp.com\/billaresrar.es\/wp-content\/uploads\/2023\/12\/taco-de-salto-y-saque-mcdermott-ng01.webp?fit=800%2C800&ssl=1","datePublished":"2023-12-18T12:39:38+00:00","dateModified":"2024-11-27T18:19:00+00:00","breadcrumb":{"@id":"https:\/\/billaresrar.es\/producto\/salto-y-saque-mcdermott-ng01\/#breadcrumb"},"inLanguage":"en-US","potentialAction":[{"@type":"ReadAction","target":["https:\/\/billaresrar.es\/producto\/salto-y-saque-mcdermott-ng01\/"]}]},{"@type":"ImageObject","inLanguage":"en-US","@id":"https:\/\/billaresrar.es\/producto\/salto-y-saque-mcdermott-ng01\/#primaryimage","url":"https:\/\/i0.wp.com\/billaresrar.es\/wp-content\/uploads\/2023\/12\/taco-de-salto-y-saque-mcdermott-ng01.webp?fit=800%2C800&ssl=1","contentUrl":"https:\/\/i0.wp.com\/billaresrar.es\/wp-content\/uploads\/2023\/12\/taco-de-salto-y-saque-mcdermott-ng01.webp?fit=800%2C800&ssl=1","width":800,"height":800},{"@type":"BreadcrumbList","@id":"https:\/\/billaresrar.es\/producto\/salto-y-saque-mcdermott-ng01\/#breadcrumb","itemListElement":[{"@type":"ListItem","position":1,"name":"Portada","item":"https:\/\/billaresrar.es\/"},{"@type":"ListItem","position":2,"name":"Tienda","item":"https:\/\/billaresrar.es\/tienda-billares-rar\/"},{"@type":"ListItem","position":3,"name":"Salto y Saque McDermott NG01"}]},{"@type":"WebSite","@id":"https:\/\/billaresrar.es\/#website","url":"https:\/\/billaresrar.es\/","name":"RAR Billares","description":"Nos dedicamos a la restauraci\u00f3n, personalizaci\u00f3n, compraventa e instalaci\u00f3n de mesas de billar.","publisher":{"@id":"https:\/\/billaresrar.es\/#\/schema\/person\/58bf20f74847ad0e156049ad50e1cc19"},"potentialAction":[{"@type":"SearchAction","target":{"@type":"EntryPoint","urlTemplate":"https:\/\/billaresrar.es\/?s={search_term_string}"},"query-input":{"@type":"PropertyValueSpecification","valueRequired":true,"valueName":"search_term_string"}}],"inLanguage":"en-US"},{"@type":["Person","Organization"],"@id":"https:\/\/billaresrar.es\/#\/schema\/person\/58bf20f74847ad0e156049ad50e1cc19","name":"Ren\u00e9","image":{"@type":"ImageObject","inLanguage":"en-US","@id":"https:\/\/i0.wp.com\/billaresrar.es\/wp-content\/uploads\/2024\/12\/definitivo-RAR.webp?fit=1920%2C1147&ssl=1","url":"https:\/\/i0.wp.com\/billaresrar.es\/wp-content\/uploads\/2024\/12\/definitivo-RAR.webp?fit=1920%2C1147&ssl=1","contentUrl":"https:\/\/i0.wp.com\/billaresrar.es\/wp-content\/uploads\/2024\/12\/definitivo-RAR.webp?fit=1920%2C1147&ssl=1","width":1920,"height":1147,"caption":"Ren\u00e9"},"logo":{"@id":"https:\/\/i0.wp.com\/billaresrar.es\/wp-content\/uploads\/2024\/12\/definitivo-RAR.webp?fit=1920%2C1147&ssl=1"}}]},"product_price_amount":"360.00","product_price_currency":"EUR","og_availability":"out of stock","product_availability":"out of stock","product_condition":"new"},"jetpack_publicize_connections":[],"jetpack_sharing_enabled":true,"jetpack_likes_enabled":true,"jetpack-related-posts":[],"_links":{"self":[{"href":"https:\/\/billaresrar.es\/en\/wp-json\/wp\/v2\/product\/839","targetHints":{"allow":["GET"]}}],"collection":[{"href":"https:\/\/billaresrar.es\/en\/wp-json\/wp\/v2\/product"}],"about":[{"href":"https:\/\/billaresrar.es\/en\/wp-json\/wp\/v2\/types\/product"}],"version-history":[{"count":0,"href":"https:\/\/billaresrar.es\/en\/wp-json\/wp\/v2\/product\/839\/revisions"}],"wp:featuredmedia":[{"embeddable":true,"href":"https:\/\/billaresrar.es\/en\/wp-json\/wp\/v2\/media\/848"}],"wp:attachment":[{"href":"https:\/\/billaresrar.es\/en\/wp-json\/wp\/v2\/media?parent=839"}],"wp:term":[{"taxonomy":"product_brand","embeddable":true,"href":"https:\/\/billaresrar.es\/en\/wp-json\/wp\/v2\/product_brand?post=839"},{"taxonomy":"product_cat","embeddable":true,"href":"https:\/\/billaresrar.es\/en\/wp-json\/wp\/v2\/product_cat?post=839"},{"taxonomy":"product_tag","embeddable":true,"href":"https:\/\/billaresrar.es\/en\/wp-json\/wp\/v2\/product_tag?post=839"}],"curies":[{"name":"wp","href":"https:\/\/api.w.org\/{rel}","templated":true}]}}