{"id":835,"date":"2023-12-18T13:39:37","date_gmt":"2023-12-18T12:39:37","guid":{"rendered":"https:\/\/rene.adrirodrigoagencia.es\/producto\/pool-mezz-ec9-wkk\/"},"modified":"2025-09-23T23:15:31","modified_gmt":"2025-09-23T21:15:31","slug":"pool-mezz-ec9-wkk","status":"publish","type":"product","link":"https:\/\/billaresrar.es\/en\/product\/pool-mezz-ec9-wkk\/","title":{"rendered":"Pool Mezz EC9-WKK"},"content":{"rendered":"","protected":false},"excerpt":{"rendered":"<p>El sucesor de la serie EC7 aporta una nueva apreciaci\u00f3n de la belleza natural de las maderas ex\u00f3ticas. Un dise\u00f1o simple pero llamativo del nuevo EC9 acompa\u00f1ado de aros acentuados en blanco y plata con doble costura que acent\u00faa su elegancia.<\/p>\n<p>Usando una variedad de maderas raras en l\u00ednea con la ideolog\u00eda de Miki, simplicidad sobre complejidad, el EC9 est\u00e1 listo para funcionar.<\/p>\n<p>Madera ex\u00f3tica te\u00f1ida de negro<br \/>\nAnillos de plata decorativos a lo largo del taco.<br \/>\nAnillo de plata<br \/>\nLongitud: 737 mm (29,0 pulgadas)<\/p>","protected":false},"featured_media":862,"template":"","meta":{"jetpack_publicize_message":"","jetpack_publicize_feature_enabled":true,"jetpack_social_post_already_shared":false,"jetpack_social_options":{"image_generator_settings":{"template":"highway","default_image_id":0,"font":"","enabled":false},"version":2}},"product_brand":[],"product_cat":[37,57,34,406],"product_tag":[],"class_list":{"0":"post-835","1":"product","2":"type-product","3":"status-publish","4":"has-post-thumbnail","6":"product_cat-mundo-billar","7":"product_cat-pool-mezz","8":"product_cat-tacos-de-billar-americano-carambola-snooker","9":"product_cat-tacos-de-pool","11":"first","12":"outofstock","13":"taxable","14":"shipping-taxable","15":"purchasable","16":"product-type-simple"},"yoast_head":"<!-- This site is optimized with the Yoast SEO plugin v27.5 - https:\/\/yoast.com\/product\/yoast-seo-wordpress\/ -->\n<title>Pool Mezz EC9-WKK - RAR Billares online shop<\/title>\n<meta name=\"robots\" content=\"index, follow, max-snippet:-1, max-image-preview:large, max-video-preview:-1\" \/>\n<link rel=\"canonical\" href=\"https:\/\/billaresrar.es\/en\/product\/pool-mezz-ec9-wkk\/\" \/>\n<meta property=\"og:locale\" content=\"en_US\" \/>\n<meta property=\"og:type\" content=\"article\" \/>\n<meta property=\"og:title\" content=\"Pool Mezz EC9-WKK - RAR Billares online shop\" \/>\n<meta property=\"og:description\" content=\"El sucesor de la serie EC7 aporta una nueva apreciaci\u00f3n de la belleza natural de las maderas ex\u00f3ticas. Un dise\u00f1o simple pero llamativo del nuevo EC9 acompa\u00f1ado de aros acentuados en blanco y plata con doble costura que acent\u00faa su elegancia.  Usando una variedad de maderas raras en l\u00ednea con la ideolog\u00eda de Miki, simplicidad sobre complejidad, el EC9 est\u00e1 listo para funcionar.  Madera ex\u00f3tica te\u00f1ida de negro Anillos de plata decorativos a lo largo del taco. Anillo de plata Longitud: 737 mm (29,0 pulgadas)\" \/>\n<meta property=\"og:url\" content=\"https:\/\/billaresrar.es\/en\/product\/pool-mezz-ec9-wkk\/\" \/>\n<meta property=\"og:site_name\" content=\"RAR Billares online shop\" \/>\n<meta property=\"article:modified_time\" content=\"2025-09-23T21:15:31+00:00\" \/>\n<meta property=\"og:image\" content=\"https:\/\/billaresrar.es\/wp-content\/uploads\/2023\/12\/taco-pool-mezz-ec9-wkk.webp\" \/>\n\t<meta property=\"og:image:width\" content=\"800\" \/>\n\t<meta property=\"og:image:height\" content=\"800\" \/>\n\t<meta property=\"og:image:type\" content=\"image\/webp\" \/>\n<meta name=\"twitter:card\" content=\"summary_large_image\" \/>\n<meta name=\"twitter:label1\" content=\"Price\" \/>\n\t<meta name=\"twitter:data1\" content=\"580,00&nbsp;&euro;\" \/>\n\t<meta name=\"twitter:label2\" content=\"Availability\" \/>\n\t<meta name=\"twitter:data2\" content=\"Out of stock\" \/>\n<script type=\"application\/ld+json\" class=\"yoast-schema-graph\">{\"@context\":\"https:\\\/\\\/schema.org\",\"@graph\":[{\"@type\":\"WebPage\",\"@id\":\"https:\\\/\\\/billaresrar.es\\\/producto\\\/pool-mezz-ec9-wkk\\\/\",\"url\":\"https:\\\/\\\/billaresrar.es\\\/producto\\\/pool-mezz-ec9-wkk\\\/\",\"name\":\"Pool Mezz EC9-WKK - RAR Billares online shop\",\"isPartOf\":{\"@id\":\"https:\\\/\\\/billaresrar.es\\\/#website\"},\"primaryImageOfPage\":{\"@id\":\"https:\\\/\\\/billaresrar.es\\\/producto\\\/pool-mezz-ec9-wkk\\\/#primaryimage\"},\"image\":{\"@id\":\"https:\\\/\\\/billaresrar.es\\\/producto\\\/pool-mezz-ec9-wkk\\\/#primaryimage\"},\"thumbnailUrl\":\"https:\\\/\\\/i0.wp.com\\\/billaresrar.es\\\/wp-content\\\/uploads\\\/2023\\\/12\\\/taco-pool-mezz-ec9-wkk.webp?fit=800%2C800&ssl=1\",\"datePublished\":\"2023-12-18T12:39:37+00:00\",\"dateModified\":\"2025-09-23T21:15:31+00:00\",\"breadcrumb\":{\"@id\":\"https:\\\/\\\/billaresrar.es\\\/producto\\\/pool-mezz-ec9-wkk\\\/#breadcrumb\"},\"inLanguage\":\"en-US\",\"potentialAction\":[{\"@type\":\"ReadAction\",\"target\":[\"https:\\\/\\\/billaresrar.es\\\/producto\\\/pool-mezz-ec9-wkk\\\/\"]}]},{\"@type\":\"ImageObject\",\"inLanguage\":\"en-US\",\"@id\":\"https:\\\/\\\/billaresrar.es\\\/producto\\\/pool-mezz-ec9-wkk\\\/#primaryimage\",\"url\":\"https:\\\/\\\/i0.wp.com\\\/billaresrar.es\\\/wp-content\\\/uploads\\\/2023\\\/12\\\/taco-pool-mezz-ec9-wkk.webp?fit=800%2C800&ssl=1\",\"contentUrl\":\"https:\\\/\\\/i0.wp.com\\\/billaresrar.es\\\/wp-content\\\/uploads\\\/2023\\\/12\\\/taco-pool-mezz-ec9-wkk.webp?fit=800%2C800&ssl=1\",\"width\":800,\"height\":800},{\"@type\":\"BreadcrumbList\",\"@id\":\"https:\\\/\\\/billaresrar.es\\\/producto\\\/pool-mezz-ec9-wkk\\\/#breadcrumb\",\"itemListElement\":[{\"@type\":\"ListItem\",\"position\":1,\"name\":\"Portada\",\"item\":\"https:\\\/\\\/billaresrar.es\\\/\"},{\"@type\":\"ListItem\",\"position\":2,\"name\":\"Tienda\",\"item\":\"https:\\\/\\\/billaresrar.es\\\/tienda-billares-rar\\\/\"},{\"@type\":\"ListItem\",\"position\":3,\"name\":\"Pool Mezz EC9-WKK\"}]},{\"@type\":\"WebSite\",\"@id\":\"https:\\\/\\\/billaresrar.es\\\/#website\",\"url\":\"https:\\\/\\\/billaresrar.es\\\/\",\"name\":\"RAR Billares\",\"description\":\"Nos dedicamos a la restauraci\u00f3n, personalizaci\u00f3n, compraventa e instalaci\u00f3n de mesas de billar.\",\"publisher\":{\"@id\":\"https:\\\/\\\/billaresrar.es\\\/#\\\/schema\\\/person\\\/58bf20f74847ad0e156049ad50e1cc19\"},\"potentialAction\":[{\"@type\":\"SearchAction\",\"target\":{\"@type\":\"EntryPoint\",\"urlTemplate\":\"https:\\\/\\\/billaresrar.es\\\/?s={search_term_string}\"},\"query-input\":{\"@type\":\"PropertyValueSpecification\",\"valueRequired\":true,\"valueName\":\"search_term_string\"}}],\"inLanguage\":\"en-US\"},{\"@type\":[\"Person\",\"Organization\"],\"@id\":\"https:\\\/\\\/billaresrar.es\\\/#\\\/schema\\\/person\\\/58bf20f74847ad0e156049ad50e1cc19\",\"name\":\"Ren\u00e9\",\"image\":{\"@type\":\"ImageObject\",\"inLanguage\":\"en-US\",\"@id\":\"https:\\\/\\\/i0.wp.com\\\/billaresrar.es\\\/wp-content\\\/uploads\\\/2024\\\/12\\\/definitivo-RAR.webp?fit=1920%2C1147&ssl=1\",\"url\":\"https:\\\/\\\/i0.wp.com\\\/billaresrar.es\\\/wp-content\\\/uploads\\\/2024\\\/12\\\/definitivo-RAR.webp?fit=1920%2C1147&ssl=1\",\"contentUrl\":\"https:\\\/\\\/i0.wp.com\\\/billaresrar.es\\\/wp-content\\\/uploads\\\/2024\\\/12\\\/definitivo-RAR.webp?fit=1920%2C1147&ssl=1\",\"width\":1920,\"height\":1147,\"caption\":\"Ren\u00e9\"},\"logo\":{\"@id\":\"https:\\\/\\\/i0.wp.com\\\/billaresrar.es\\\/wp-content\\\/uploads\\\/2024\\\/12\\\/definitivo-RAR.webp?fit=1920%2C1147&ssl=1\"}}]}<\/script>\n<meta property=\"product:price:amount\" content=\"580.00\" \/>\n<meta property=\"product:price:currency\" content=\"EUR\" \/>\n<meta property=\"og:availability\" content=\"out of stock\" \/>\n<meta property=\"product:availability\" content=\"out of stock\" \/>\n<meta property=\"product:condition\" content=\"new\" \/>\n<!-- \/ Yoast SEO plugin. -->","yoast_head_json":{"title":"Pool Mezz EC9-WKK - RAR Billares online shop","robots":{"index":"index","follow":"follow","max-snippet":"max-snippet:-1","max-image-preview":"max-image-preview:large","max-video-preview":"max-video-preview:-1"},"canonical":"https:\/\/billaresrar.es\/en\/product\/pool-mezz-ec9-wkk\/","og_locale":"en_US","og_type":"article","og_title":"Pool Mezz EC9-WKK - RAR Billares online shop","og_description":"El sucesor de la serie EC7 aporta una nueva apreciaci\u00f3n de la belleza natural de las maderas ex\u00f3ticas. Un dise\u00f1o simple pero llamativo del nuevo EC9 acompa\u00f1ado de aros acentuados en blanco y plata con doble costura que acent\u00faa su elegancia.  Usando una variedad de maderas raras en l\u00ednea con la ideolog\u00eda de Miki, simplicidad sobre complejidad, el EC9 est\u00e1 listo para funcionar.  Madera ex\u00f3tica te\u00f1ida de negro Anillos de plata decorativos a lo largo del taco. Anillo de plata Longitud: 737 mm (29,0 pulgadas)","og_url":"https:\/\/billaresrar.es\/en\/product\/pool-mezz-ec9-wkk\/","og_site_name":"RAR Billares online shop","article_modified_time":"2025-09-23T21:15:31+00:00","og_image":[{"width":800,"height":800,"url":"https:\/\/billaresrar.es\/wp-content\/uploads\/2023\/12\/taco-pool-mezz-ec9-wkk.webp","type":"image\/webp"}],"twitter_card":"summary_large_image","twitter_misc":{"Price":"580,00&nbsp;&euro;","Availability":"Out of stock"},"schema":{"@context":"https:\/\/schema.org","@graph":[{"@type":"WebPage","@id":"https:\/\/billaresrar.es\/producto\/pool-mezz-ec9-wkk\/","url":"https:\/\/billaresrar.es\/producto\/pool-mezz-ec9-wkk\/","name":"Pool Mezz EC9-WKK - RAR Billares online shop","isPartOf":{"@id":"https:\/\/billaresrar.es\/#website"},"primaryImageOfPage":{"@id":"https:\/\/billaresrar.es\/producto\/pool-mezz-ec9-wkk\/#primaryimage"},"image":{"@id":"https:\/\/billaresrar.es\/producto\/pool-mezz-ec9-wkk\/#primaryimage"},"thumbnailUrl":"https:\/\/i0.wp.com\/billaresrar.es\/wp-content\/uploads\/2023\/12\/taco-pool-mezz-ec9-wkk.webp?fit=800%2C800&ssl=1","datePublished":"2023-12-18T12:39:37+00:00","dateModified":"2025-09-23T21:15:31+00:00","breadcrumb":{"@id":"https:\/\/billaresrar.es\/producto\/pool-mezz-ec9-wkk\/#breadcrumb"},"inLanguage":"en-US","potentialAction":[{"@type":"ReadAction","target":["https:\/\/billaresrar.es\/producto\/pool-mezz-ec9-wkk\/"]}]},{"@type":"ImageObject","inLanguage":"en-US","@id":"https:\/\/billaresrar.es\/producto\/pool-mezz-ec9-wkk\/#primaryimage","url":"https:\/\/i0.wp.com\/billaresrar.es\/wp-content\/uploads\/2023\/12\/taco-pool-mezz-ec9-wkk.webp?fit=800%2C800&ssl=1","contentUrl":"https:\/\/i0.wp.com\/billaresrar.es\/wp-content\/uploads\/2023\/12\/taco-pool-mezz-ec9-wkk.webp?fit=800%2C800&ssl=1","width":800,"height":800},{"@type":"BreadcrumbList","@id":"https:\/\/billaresrar.es\/producto\/pool-mezz-ec9-wkk\/#breadcrumb","itemListElement":[{"@type":"ListItem","position":1,"name":"Portada","item":"https:\/\/billaresrar.es\/"},{"@type":"ListItem","position":2,"name":"Tienda","item":"https:\/\/billaresrar.es\/tienda-billares-rar\/"},{"@type":"ListItem","position":3,"name":"Pool Mezz EC9-WKK"}]},{"@type":"WebSite","@id":"https:\/\/billaresrar.es\/#website","url":"https:\/\/billaresrar.es\/","name":"RAR Billares","description":"Nos dedicamos a la restauraci\u00f3n, personalizaci\u00f3n, compraventa e instalaci\u00f3n de mesas de billar.","publisher":{"@id":"https:\/\/billaresrar.es\/#\/schema\/person\/58bf20f74847ad0e156049ad50e1cc19"},"potentialAction":[{"@type":"SearchAction","target":{"@type":"EntryPoint","urlTemplate":"https:\/\/billaresrar.es\/?s={search_term_string}"},"query-input":{"@type":"PropertyValueSpecification","valueRequired":true,"valueName":"search_term_string"}}],"inLanguage":"en-US"},{"@type":["Person","Organization"],"@id":"https:\/\/billaresrar.es\/#\/schema\/person\/58bf20f74847ad0e156049ad50e1cc19","name":"Ren\u00e9","image":{"@type":"ImageObject","inLanguage":"en-US","@id":"https:\/\/i0.wp.com\/billaresrar.es\/wp-content\/uploads\/2024\/12\/definitivo-RAR.webp?fit=1920%2C1147&ssl=1","url":"https:\/\/i0.wp.com\/billaresrar.es\/wp-content\/uploads\/2024\/12\/definitivo-RAR.webp?fit=1920%2C1147&ssl=1","contentUrl":"https:\/\/i0.wp.com\/billaresrar.es\/wp-content\/uploads\/2024\/12\/definitivo-RAR.webp?fit=1920%2C1147&ssl=1","width":1920,"height":1147,"caption":"Ren\u00e9"},"logo":{"@id":"https:\/\/i0.wp.com\/billaresrar.es\/wp-content\/uploads\/2024\/12\/definitivo-RAR.webp?fit=1920%2C1147&ssl=1"}}]},"product_price_amount":"580.00","product_price_currency":"EUR","og_availability":"out of stock","product_availability":"out of stock","product_condition":"new"},"jetpack_publicize_connections":[],"jetpack_sharing_enabled":true,"jetpack_likes_enabled":true,"jetpack-related-posts":[],"_links":{"self":[{"href":"https:\/\/billaresrar.es\/en\/wp-json\/wp\/v2\/product\/835","targetHints":{"allow":["GET"]}}],"collection":[{"href":"https:\/\/billaresrar.es\/en\/wp-json\/wp\/v2\/product"}],"about":[{"href":"https:\/\/billaresrar.es\/en\/wp-json\/wp\/v2\/types\/product"}],"version-history":[{"count":1,"href":"https:\/\/billaresrar.es\/en\/wp-json\/wp\/v2\/product\/835\/revisions"}],"predecessor-version":[{"id":3227,"href":"https:\/\/billaresrar.es\/en\/wp-json\/wp\/v2\/product\/835\/revisions\/3227"}],"wp:featuredmedia":[{"embeddable":true,"href":"https:\/\/billaresrar.es\/en\/wp-json\/wp\/v2\/media\/862"}],"wp:attachment":[{"href":"https:\/\/billaresrar.es\/en\/wp-json\/wp\/v2\/media?parent=835"}],"wp:term":[{"taxonomy":"product_brand","embeddable":true,"href":"https:\/\/billaresrar.es\/en\/wp-json\/wp\/v2\/product_brand?post=835"},{"taxonomy":"product_cat","embeddable":true,"href":"https:\/\/billaresrar.es\/en\/wp-json\/wp\/v2\/product_cat?post=835"},{"taxonomy":"product_tag","embeddable":true,"href":"https:\/\/billaresrar.es\/en\/wp-json\/wp\/v2\/product_tag?post=835"}],"curies":[{"name":"wp","href":"https:\/\/api.w.org\/{rel}","templated":true}]}}