{"id":828,"date":"2023-12-18T12:45:23","date_gmt":"2023-12-18T11:45:23","guid":{"rendered":"https:\/\/rene.adrirodrigoagencia.es\/?post_type=product&#038;p=828"},"modified":"2025-09-23T23:15:41","modified_gmt":"2025-09-23T21:15:41","slug":"peradon-strachan-no10-para-mesas-de-12-pies","status":"publish","type":"product","link":"https:\/\/billaresrar.es\/en\/product\/peradon-strachan-no10-para-mesas-de-12-pies\/","title":{"rendered":"Peradon Strachan n\u00ba10 para mesas de 12 pies"},"content":{"rendered":"","protected":false},"excerpt":{"rendered":"<p>El pa\u00f1o de billar profesional con tecnolog\u00eda Anti-Kick. La tela oficial y exclusiva de World Snooker. Utilizado en todos los eventos de clasificaci\u00f3n en todo el mundo desde 1980. La superficie de juego definitiva.<br \/>\nColor verde oliva<br \/>\nCorte para mesas de 12 pies, incluyendo bandas.<\/p>","protected":false},"featured_media":829,"template":"","meta":{"jetpack_publicize_message":"","jetpack_publicize_feature_enabled":true,"jetpack_social_post_already_shared":false,"jetpack_social_options":{"image_generator_settings":{"template":"highway","default_image_id":0,"font":"","enabled":false},"version":2}},"product_brand":[],"product_cat":[35,37,409],"product_tag":[],"class_list":{"0":"post-828","1":"product","2":"type-product","3":"status-publish","4":"has-post-thumbnail","6":"product_cat-accesorios-de-billar","7":"product_cat-mundo-billar","8":"product_cat-panos-billar","10":"first","11":"onbackorder","12":"taxable","13":"shipping-taxable","14":"purchasable","15":"product-type-simple"},"yoast_head":"<!-- This site is optimized with the Yoast SEO plugin v27.5 - https:\/\/yoast.com\/product\/yoast-seo-wordpress\/ -->\n<title>Peradon Strachan n\u00ba10 para mesas de 12 pies | RAR Billares<\/title>\n<meta name=\"description\" content=\"Pa\u00f1o Strachan n\u00ba10 RAR para 12 pies: durabilidad excepcional, equilibrio de velocidad y control preciso. Recomendado por profesionales. \u00a1C\u00f3mpralo ya!\" \/>\n<meta name=\"robots\" content=\"index, follow, max-snippet:-1, max-image-preview:large, max-video-preview:-1\" \/>\n<link rel=\"canonical\" href=\"https:\/\/billaresrar.es\/en\/product\/peradon-strachan-no10-para-mesas-de-12-pies\/\" \/>\n<meta property=\"og:locale\" content=\"en_US\" \/>\n<meta property=\"og:type\" content=\"article\" \/>\n<meta property=\"og:title\" content=\"Peradon Strachan n\u00ba10 para mesas de 12 pies | RAR Billares\" \/>\n<meta property=\"og:description\" content=\"Pa\u00f1o Strachan n\u00ba10 RAR para 12 pies: durabilidad excepcional, equilibrio de velocidad y control preciso. Recomendado por profesionales. \u00a1C\u00f3mpralo ya!\" \/>\n<meta property=\"og:url\" content=\"https:\/\/billaresrar.es\/en\/product\/peradon-strachan-no10-para-mesas-de-12-pies\/\" \/>\n<meta property=\"og:site_name\" content=\"RAR Billares online shop\" \/>\n<meta property=\"article:modified_time\" content=\"2025-09-23T21:15:41+00:00\" \/>\n<meta property=\"og:image\" content=\"https:\/\/billaresrar.es\/wp-content\/uploads\/2023\/12\/pano-strachan-n10-para-mesas-de-12-pies.webp\" \/>\n\t<meta property=\"og:image:width\" content=\"800\" \/>\n\t<meta property=\"og:image:height\" content=\"800\" \/>\n\t<meta property=\"og:image:type\" content=\"image\/webp\" \/>\n<meta name=\"twitter:card\" content=\"summary_large_image\" \/>\n<meta name=\"twitter:label1\" content=\"Price\" \/>\n\t<meta name=\"twitter:data1\" content=\"1.130,00&nbsp;&euro;\" \/>\n\t<meta name=\"twitter:label2\" content=\"Availability\" \/>\n\t<meta name=\"twitter:data2\" content=\"On backorder\" \/>\n<script type=\"application\/ld+json\" class=\"yoast-schema-graph\">{\"@context\":\"https:\\\/\\\/schema.org\",\"@graph\":[{\"@type\":\"WebPage\",\"@id\":\"https:\\\/\\\/billaresrar.es\\\/producto\\\/peradon-strachan-no10-para-mesas-de-12-pies\\\/\",\"url\":\"https:\\\/\\\/billaresrar.es\\\/producto\\\/peradon-strachan-no10-para-mesas-de-12-pies\\\/\",\"name\":\"Peradon Strachan n\u00ba10 para mesas de 12 pies | RAR Billares\",\"isPartOf\":{\"@id\":\"https:\\\/\\\/billaresrar.es\\\/#website\"},\"primaryImageOfPage\":{\"@id\":\"https:\\\/\\\/billaresrar.es\\\/producto\\\/peradon-strachan-no10-para-mesas-de-12-pies\\\/#primaryimage\"},\"image\":{\"@id\":\"https:\\\/\\\/billaresrar.es\\\/producto\\\/peradon-strachan-no10-para-mesas-de-12-pies\\\/#primaryimage\"},\"thumbnailUrl\":\"https:\\\/\\\/i0.wp.com\\\/billaresrar.es\\\/wp-content\\\/uploads\\\/2023\\\/12\\\/pano-strachan-n10-para-mesas-de-12-pies.webp?fit=800%2C800&ssl=1\",\"datePublished\":\"2023-12-18T11:45:23+00:00\",\"dateModified\":\"2025-09-23T21:15:41+00:00\",\"description\":\"Pa\u00f1o Strachan n\u00ba10 RAR para 12 pies: durabilidad excepcional, equilibrio de velocidad y control preciso. Recomendado por profesionales. \u00a1C\u00f3mpralo ya!\",\"breadcrumb\":{\"@id\":\"https:\\\/\\\/billaresrar.es\\\/producto\\\/peradon-strachan-no10-para-mesas-de-12-pies\\\/#breadcrumb\"},\"inLanguage\":\"en-US\",\"potentialAction\":[{\"@type\":\"ReadAction\",\"target\":[\"https:\\\/\\\/billaresrar.es\\\/producto\\\/peradon-strachan-no10-para-mesas-de-12-pies\\\/\"]}]},{\"@type\":\"ImageObject\",\"inLanguage\":\"en-US\",\"@id\":\"https:\\\/\\\/billaresrar.es\\\/producto\\\/peradon-strachan-no10-para-mesas-de-12-pies\\\/#primaryimage\",\"url\":\"https:\\\/\\\/i0.wp.com\\\/billaresrar.es\\\/wp-content\\\/uploads\\\/2023\\\/12\\\/pano-strachan-n10-para-mesas-de-12-pies.webp?fit=800%2C800&ssl=1\",\"contentUrl\":\"https:\\\/\\\/i0.wp.com\\\/billaresrar.es\\\/wp-content\\\/uploads\\\/2023\\\/12\\\/pano-strachan-n10-para-mesas-de-12-pies.webp?fit=800%2C800&ssl=1\",\"width\":800,\"height\":800},{\"@type\":\"BreadcrumbList\",\"@id\":\"https:\\\/\\\/billaresrar.es\\\/producto\\\/peradon-strachan-no10-para-mesas-de-12-pies\\\/#breadcrumb\",\"itemListElement\":[{\"@type\":\"ListItem\",\"position\":1,\"name\":\"Portada\",\"item\":\"https:\\\/\\\/billaresrar.es\\\/\"},{\"@type\":\"ListItem\",\"position\":2,\"name\":\"Tienda\",\"item\":\"https:\\\/\\\/billaresrar.es\\\/tienda-billares-rar\\\/\"},{\"@type\":\"ListItem\",\"position\":3,\"name\":\"Peradon Strachan n\u00ba10 para mesas de 12 pies\"}]},{\"@type\":\"WebSite\",\"@id\":\"https:\\\/\\\/billaresrar.es\\\/#website\",\"url\":\"https:\\\/\\\/billaresrar.es\\\/\",\"name\":\"RAR Billares\",\"description\":\"Nos dedicamos a la restauraci\u00f3n, personalizaci\u00f3n, compraventa e instalaci\u00f3n de mesas de billar.\",\"publisher\":{\"@id\":\"https:\\\/\\\/billaresrar.es\\\/#\\\/schema\\\/person\\\/58bf20f74847ad0e156049ad50e1cc19\"},\"potentialAction\":[{\"@type\":\"SearchAction\",\"target\":{\"@type\":\"EntryPoint\",\"urlTemplate\":\"https:\\\/\\\/billaresrar.es\\\/?s={search_term_string}\"},\"query-input\":{\"@type\":\"PropertyValueSpecification\",\"valueRequired\":true,\"valueName\":\"search_term_string\"}}],\"inLanguage\":\"en-US\"},{\"@type\":[\"Person\",\"Organization\"],\"@id\":\"https:\\\/\\\/billaresrar.es\\\/#\\\/schema\\\/person\\\/58bf20f74847ad0e156049ad50e1cc19\",\"name\":\"Ren\u00e9\",\"image\":{\"@type\":\"ImageObject\",\"inLanguage\":\"en-US\",\"@id\":\"https:\\\/\\\/i0.wp.com\\\/billaresrar.es\\\/wp-content\\\/uploads\\\/2024\\\/12\\\/definitivo-RAR.webp?fit=1920%2C1147&ssl=1\",\"url\":\"https:\\\/\\\/i0.wp.com\\\/billaresrar.es\\\/wp-content\\\/uploads\\\/2024\\\/12\\\/definitivo-RAR.webp?fit=1920%2C1147&ssl=1\",\"contentUrl\":\"https:\\\/\\\/i0.wp.com\\\/billaresrar.es\\\/wp-content\\\/uploads\\\/2024\\\/12\\\/definitivo-RAR.webp?fit=1920%2C1147&ssl=1\",\"width\":1920,\"height\":1147,\"caption\":\"Ren\u00e9\"},\"logo\":{\"@id\":\"https:\\\/\\\/i0.wp.com\\\/billaresrar.es\\\/wp-content\\\/uploads\\\/2024\\\/12\\\/definitivo-RAR.webp?fit=1920%2C1147&ssl=1\"}}]}<\/script>\n<meta property=\"product:price:amount\" content=\"1130.00\" \/>\n<meta property=\"product:price:currency\" content=\"EUR\" \/>\n<meta property=\"og:availability\" content=\"backorder\" \/>\n<meta property=\"product:availability\" content=\"available for order\" \/>\n<meta property=\"product:condition\" content=\"new\" \/>\n<!-- \/ Yoast SEO plugin. -->","yoast_head_json":{"title":"Peradon Strachan n\u00ba10 para mesas de 12 pies | RAR Billares","description":"Pa\u00f1o Strachan n\u00ba10 RAR para 12 pies: durabilidad excepcional, equilibrio de velocidad y control preciso. Recomendado por profesionales. \u00a1C\u00f3mpralo ya!","robots":{"index":"index","follow":"follow","max-snippet":"max-snippet:-1","max-image-preview":"max-image-preview:large","max-video-preview":"max-video-preview:-1"},"canonical":"https:\/\/billaresrar.es\/en\/product\/peradon-strachan-no10-para-mesas-de-12-pies\/","og_locale":"en_US","og_type":"article","og_title":"Peradon Strachan n\u00ba10 para mesas de 12 pies | RAR Billares","og_description":"Pa\u00f1o Strachan n\u00ba10 RAR para 12 pies: durabilidad excepcional, equilibrio de velocidad y control preciso. Recomendado por profesionales. \u00a1C\u00f3mpralo ya!","og_url":"https:\/\/billaresrar.es\/en\/product\/peradon-strachan-no10-para-mesas-de-12-pies\/","og_site_name":"RAR Billares online shop","article_modified_time":"2025-09-23T21:15:41+00:00","og_image":[{"width":800,"height":800,"url":"https:\/\/billaresrar.es\/wp-content\/uploads\/2023\/12\/pano-strachan-n10-para-mesas-de-12-pies.webp","type":"image\/webp"}],"twitter_card":"summary_large_image","twitter_misc":{"Price":"1.130,00&nbsp;&euro;","Availability":"On backorder"},"schema":{"@context":"https:\/\/schema.org","@graph":[{"@type":"WebPage","@id":"https:\/\/billaresrar.es\/producto\/peradon-strachan-no10-para-mesas-de-12-pies\/","url":"https:\/\/billaresrar.es\/producto\/peradon-strachan-no10-para-mesas-de-12-pies\/","name":"Peradon Strachan n\u00ba10 para mesas de 12 pies | RAR Billares","isPartOf":{"@id":"https:\/\/billaresrar.es\/#website"},"primaryImageOfPage":{"@id":"https:\/\/billaresrar.es\/producto\/peradon-strachan-no10-para-mesas-de-12-pies\/#primaryimage"},"image":{"@id":"https:\/\/billaresrar.es\/producto\/peradon-strachan-no10-para-mesas-de-12-pies\/#primaryimage"},"thumbnailUrl":"https:\/\/i0.wp.com\/billaresrar.es\/wp-content\/uploads\/2023\/12\/pano-strachan-n10-para-mesas-de-12-pies.webp?fit=800%2C800&ssl=1","datePublished":"2023-12-18T11:45:23+00:00","dateModified":"2025-09-23T21:15:41+00:00","description":"Pa\u00f1o Strachan n\u00ba10 RAR para 12 pies: durabilidad excepcional, equilibrio de velocidad y control preciso. Recomendado por profesionales. \u00a1C\u00f3mpralo ya!","breadcrumb":{"@id":"https:\/\/billaresrar.es\/producto\/peradon-strachan-no10-para-mesas-de-12-pies\/#breadcrumb"},"inLanguage":"en-US","potentialAction":[{"@type":"ReadAction","target":["https:\/\/billaresrar.es\/producto\/peradon-strachan-no10-para-mesas-de-12-pies\/"]}]},{"@type":"ImageObject","inLanguage":"en-US","@id":"https:\/\/billaresrar.es\/producto\/peradon-strachan-no10-para-mesas-de-12-pies\/#primaryimage","url":"https:\/\/i0.wp.com\/billaresrar.es\/wp-content\/uploads\/2023\/12\/pano-strachan-n10-para-mesas-de-12-pies.webp?fit=800%2C800&ssl=1","contentUrl":"https:\/\/i0.wp.com\/billaresrar.es\/wp-content\/uploads\/2023\/12\/pano-strachan-n10-para-mesas-de-12-pies.webp?fit=800%2C800&ssl=1","width":800,"height":800},{"@type":"BreadcrumbList","@id":"https:\/\/billaresrar.es\/producto\/peradon-strachan-no10-para-mesas-de-12-pies\/#breadcrumb","itemListElement":[{"@type":"ListItem","position":1,"name":"Portada","item":"https:\/\/billaresrar.es\/"},{"@type":"ListItem","position":2,"name":"Tienda","item":"https:\/\/billaresrar.es\/tienda-billares-rar\/"},{"@type":"ListItem","position":3,"name":"Peradon Strachan n\u00ba10 para mesas de 12 pies"}]},{"@type":"WebSite","@id":"https:\/\/billaresrar.es\/#website","url":"https:\/\/billaresrar.es\/","name":"RAR Billares","description":"Nos dedicamos a la restauraci\u00f3n, personalizaci\u00f3n, compraventa e instalaci\u00f3n de mesas de billar.","publisher":{"@id":"https:\/\/billaresrar.es\/#\/schema\/person\/58bf20f74847ad0e156049ad50e1cc19"},"potentialAction":[{"@type":"SearchAction","target":{"@type":"EntryPoint","urlTemplate":"https:\/\/billaresrar.es\/?s={search_term_string}"},"query-input":{"@type":"PropertyValueSpecification","valueRequired":true,"valueName":"search_term_string"}}],"inLanguage":"en-US"},{"@type":["Person","Organization"],"@id":"https:\/\/billaresrar.es\/#\/schema\/person\/58bf20f74847ad0e156049ad50e1cc19","name":"Ren\u00e9","image":{"@type":"ImageObject","inLanguage":"en-US","@id":"https:\/\/i0.wp.com\/billaresrar.es\/wp-content\/uploads\/2024\/12\/definitivo-RAR.webp?fit=1920%2C1147&ssl=1","url":"https:\/\/i0.wp.com\/billaresrar.es\/wp-content\/uploads\/2024\/12\/definitivo-RAR.webp?fit=1920%2C1147&ssl=1","contentUrl":"https:\/\/i0.wp.com\/billaresrar.es\/wp-content\/uploads\/2024\/12\/definitivo-RAR.webp?fit=1920%2C1147&ssl=1","width":1920,"height":1147,"caption":"Ren\u00e9"},"logo":{"@id":"https:\/\/i0.wp.com\/billaresrar.es\/wp-content\/uploads\/2024\/12\/definitivo-RAR.webp?fit=1920%2C1147&ssl=1"}}]},"product_price_amount":"1130.00","product_price_currency":"EUR","og_availability":"backorder","product_availability":"available for order","product_condition":"new"},"jetpack_publicize_connections":[],"jetpack_sharing_enabled":true,"jetpack_likes_enabled":true,"jetpack-related-posts":[],"_links":{"self":[{"href":"https:\/\/billaresrar.es\/en\/wp-json\/wp\/v2\/product\/828","targetHints":{"allow":["GET"]}}],"collection":[{"href":"https:\/\/billaresrar.es\/en\/wp-json\/wp\/v2\/product"}],"about":[{"href":"https:\/\/billaresrar.es\/en\/wp-json\/wp\/v2\/types\/product"}],"version-history":[{"count":2,"href":"https:\/\/billaresrar.es\/en\/wp-json\/wp\/v2\/product\/828\/revisions"}],"predecessor-version":[{"id":3228,"href":"https:\/\/billaresrar.es\/en\/wp-json\/wp\/v2\/product\/828\/revisions\/3228"}],"wp:featuredmedia":[{"embeddable":true,"href":"https:\/\/billaresrar.es\/en\/wp-json\/wp\/v2\/media\/829"}],"wp:attachment":[{"href":"https:\/\/billaresrar.es\/en\/wp-json\/wp\/v2\/media?parent=828"}],"wp:term":[{"taxonomy":"product_brand","embeddable":true,"href":"https:\/\/billaresrar.es\/en\/wp-json\/wp\/v2\/product_brand?post=828"},{"taxonomy":"product_cat","embeddable":true,"href":"https:\/\/billaresrar.es\/en\/wp-json\/wp\/v2\/product_cat?post=828"},{"taxonomy":"product_tag","embeddable":true,"href":"https:\/\/billaresrar.es\/en\/wp-json\/wp\/v2\/product_tag?post=828"}],"curies":[{"name":"wp","href":"https:\/\/api.w.org\/{rel}","templated":true}]}}