{"id":812,"date":"2023-12-18T11:59:19","date_gmt":"2023-12-18T10:59:19","guid":{"rendered":"https:\/\/rene.adrirodrigoagencia.es\/producto\/buffalo-omega-12-pies\/"},"modified":"2025-08-08T13:53:00","modified_gmt":"2025-08-08T11:53:00","slug":"buffalo-omega-12-pies","status":"publish","type":"product","link":"https:\/\/billaresrar.es\/en\/product\/buffalo-omega-12-pies\/","title":{"rendered":"Buffalo Omega 12 pies"},"content":{"rendered":"","protected":false},"excerpt":{"rendered":"<p>La mesa de billar Omega tiene un marco superior de caoba de madera maciza y patas de madera maciza. Con su aspecto cl\u00e1sico, la mesa de billar Omega encaja en cualquier \u00e1rea de juego o habitaci\u00f3n. La mesa de billar Omega viene con un pa\u00f1o de billar verde. La excelente calidad de construcci\u00f3n de la mesa de billar Omega garantiza una gran experiencia de juego. El campo de juego de la mesa de billar Omega 12ft descansa sobre un marco s\u00f3lido y consta de una pizarra de 5 piezas de 45 mm de espesor con un tama\u00f1o de 356 x 178 cm. El tama\u00f1o total de la mesa de billar Omega de 12 pies es de 384 x 214 cm y requiere un \u00e1rea de juego de 656 x 478 cm.<\/p>\n<p>TRANSPORTE Y MONTAJE NO INCLUIDO.<\/p>","protected":false},"featured_media":816,"template":"","meta":{"jetpack_publicize_message":"","jetpack_publicize_feature_enabled":true,"jetpack_social_post_already_shared":false,"jetpack_social_options":{"image_generator_settings":{"template":"highway","default_image_id":0,"font":"","enabled":false},"version":2}},"product_brand":[],"product_cat":[408,24,37,26],"product_tag":[262],"class_list":{"0":"post-812","1":"product","2":"type-product","3":"status-publish","4":"has-post-thumbnail","6":"product_cat-mesas-de-billar","7":"product_cat-mesas-de-juego","8":"product_cat-mundo-billar","9":"product_cat-snooker","10":"product_tag-mesa-de-snooker-de-12-pies","12":"first","13":"onbackorder","14":"taxable","15":"shipping-taxable","16":"purchasable","17":"product-type-simple"},"yoast_head":"<!-- This site is optimized with the Yoast SEO plugin v27.5 - https:\/\/yoast.com\/product\/yoast-seo-wordpress\/ -->\n<title>Buffalo Omega 12 pies - RAR Billares online shop<\/title>\n<meta name=\"robots\" content=\"index, follow, max-snippet:-1, max-image-preview:large, max-video-preview:-1\" \/>\n<link rel=\"canonical\" href=\"https:\/\/billaresrar.es\/en\/product\/buffalo-omega-12-pies\/\" \/>\n<meta property=\"og:locale\" content=\"en_US\" \/>\n<meta property=\"og:type\" content=\"article\" \/>\n<meta property=\"og:title\" content=\"Buffalo Omega 12 pies - RAR Billares online shop\" \/>\n<meta property=\"og:description\" content=\"La mesa de billar Omega tiene un marco superior de caoba de madera maciza y patas de madera maciza. Con su aspecto cl\u00e1sico, la mesa de billar Omega encaja en cualquier \u00e1rea de juego o habitaci\u00f3n. La mesa de billar Omega viene con un pa\u00f1o de billar verde. La excelente calidad de construcci\u00f3n de la mesa de billar Omega garantiza una gran experiencia de juego. El campo de juego de la mesa de billar Omega 12ft descansa sobre un marco s\u00f3lido y consta de una pizarra de 5 piezas de 45 mm de espesor con un tama\u00f1o de 356 x 178 cm. El tama\u00f1o total de la mesa de billar Omega de 12 pies es de 384 x 214 cm y requiere un \u00e1rea de juego de 656 x 478 cm.  TRANSPORTE Y MONTAJE NO INCLUIDO.\" \/>\n<meta property=\"og:url\" content=\"https:\/\/billaresrar.es\/en\/product\/buffalo-omega-12-pies\/\" \/>\n<meta property=\"og:site_name\" content=\"RAR Billares online shop\" \/>\n<meta property=\"article:modified_time\" content=\"2025-08-08T11:53:00+00:00\" \/>\n<meta property=\"og:image\" content=\"https:\/\/i0.wp.com\/billaresrar.es\/wp-content\/uploads\/2023\/12\/mesa-de-snooker-buffalo-omega-12-pies.webp?fit=800%2C800&ssl=1\" \/>\n\t<meta property=\"og:image:width\" content=\"800\" \/>\n\t<meta property=\"og:image:height\" content=\"800\" \/>\n\t<meta property=\"og:image:type\" content=\"image\/webp\" \/>\n<meta name=\"twitter:card\" content=\"summary_large_image\" \/>\n<meta name=\"twitter:label1\" content=\"Price\" \/>\n\t<meta name=\"twitter:data1\" content=\"9.750,00&nbsp;&euro;\" \/>\n\t<meta name=\"twitter:label2\" content=\"Availability\" \/>\n\t<meta name=\"twitter:data2\" content=\"On backorder\" \/>\n<script type=\"application\/ld+json\" class=\"yoast-schema-graph\">{\"@context\":\"https:\\\/\\\/schema.org\",\"@graph\":[{\"@type\":\"WebPage\",\"@id\":\"https:\\\/\\\/billaresrar.es\\\/producto\\\/buffalo-omega-12-pies\\\/\",\"url\":\"https:\\\/\\\/billaresrar.es\\\/producto\\\/buffalo-omega-12-pies\\\/\",\"name\":\"Buffalo Omega 12 pies - RAR Billares online shop\",\"isPartOf\":{\"@id\":\"https:\\\/\\\/billaresrar.es\\\/#website\"},\"primaryImageOfPage\":{\"@id\":\"https:\\\/\\\/billaresrar.es\\\/producto\\\/buffalo-omega-12-pies\\\/#primaryimage\"},\"image\":{\"@id\":\"https:\\\/\\\/billaresrar.es\\\/producto\\\/buffalo-omega-12-pies\\\/#primaryimage\"},\"thumbnailUrl\":\"https:\\\/\\\/i0.wp.com\\\/billaresrar.es\\\/wp-content\\\/uploads\\\/2023\\\/12\\\/mesa-de-snooker-buffalo-omega-12-pies.webp?fit=800%2C800&ssl=1\",\"datePublished\":\"2023-12-18T10:59:19+00:00\",\"dateModified\":\"2025-08-08T11:53:00+00:00\",\"breadcrumb\":{\"@id\":\"https:\\\/\\\/billaresrar.es\\\/producto\\\/buffalo-omega-12-pies\\\/#breadcrumb\"},\"inLanguage\":\"en-US\",\"potentialAction\":[{\"@type\":\"ReadAction\",\"target\":[\"https:\\\/\\\/billaresrar.es\\\/producto\\\/buffalo-omega-12-pies\\\/\"]}]},{\"@type\":\"ImageObject\",\"inLanguage\":\"en-US\",\"@id\":\"https:\\\/\\\/billaresrar.es\\\/producto\\\/buffalo-omega-12-pies\\\/#primaryimage\",\"url\":\"https:\\\/\\\/i0.wp.com\\\/billaresrar.es\\\/wp-content\\\/uploads\\\/2023\\\/12\\\/mesa-de-snooker-buffalo-omega-12-pies.webp?fit=800%2C800&ssl=1\",\"contentUrl\":\"https:\\\/\\\/i0.wp.com\\\/billaresrar.es\\\/wp-content\\\/uploads\\\/2023\\\/12\\\/mesa-de-snooker-buffalo-omega-12-pies.webp?fit=800%2C800&ssl=1\",\"width\":800,\"height\":800},{\"@type\":\"BreadcrumbList\",\"@id\":\"https:\\\/\\\/billaresrar.es\\\/producto\\\/buffalo-omega-12-pies\\\/#breadcrumb\",\"itemListElement\":[{\"@type\":\"ListItem\",\"position\":1,\"name\":\"Portada\",\"item\":\"https:\\\/\\\/billaresrar.es\\\/\"},{\"@type\":\"ListItem\",\"position\":2,\"name\":\"Tienda\",\"item\":\"https:\\\/\\\/billaresrar.es\\\/tienda-billares-rar\\\/\"},{\"@type\":\"ListItem\",\"position\":3,\"name\":\"Buffalo Omega 12 pies\"}]},{\"@type\":\"WebSite\",\"@id\":\"https:\\\/\\\/billaresrar.es\\\/#website\",\"url\":\"https:\\\/\\\/billaresrar.es\\\/\",\"name\":\"RAR Billares\",\"description\":\"Nos dedicamos a la restauraci\u00f3n, personalizaci\u00f3n, compraventa e instalaci\u00f3n de mesas de billar.\",\"publisher\":{\"@id\":\"https:\\\/\\\/billaresrar.es\\\/#\\\/schema\\\/person\\\/58bf20f74847ad0e156049ad50e1cc19\"},\"potentialAction\":[{\"@type\":\"SearchAction\",\"target\":{\"@type\":\"EntryPoint\",\"urlTemplate\":\"https:\\\/\\\/billaresrar.es\\\/?s={search_term_string}\"},\"query-input\":{\"@type\":\"PropertyValueSpecification\",\"valueRequired\":true,\"valueName\":\"search_term_string\"}}],\"inLanguage\":\"en-US\"},{\"@type\":[\"Person\",\"Organization\"],\"@id\":\"https:\\\/\\\/billaresrar.es\\\/#\\\/schema\\\/person\\\/58bf20f74847ad0e156049ad50e1cc19\",\"name\":\"Ren\u00e9\",\"image\":{\"@type\":\"ImageObject\",\"inLanguage\":\"en-US\",\"@id\":\"https:\\\/\\\/i0.wp.com\\\/billaresrar.es\\\/wp-content\\\/uploads\\\/2024\\\/12\\\/definitivo-RAR.webp?fit=1920%2C1147&ssl=1\",\"url\":\"https:\\\/\\\/i0.wp.com\\\/billaresrar.es\\\/wp-content\\\/uploads\\\/2024\\\/12\\\/definitivo-RAR.webp?fit=1920%2C1147&ssl=1\",\"contentUrl\":\"https:\\\/\\\/i0.wp.com\\\/billaresrar.es\\\/wp-content\\\/uploads\\\/2024\\\/12\\\/definitivo-RAR.webp?fit=1920%2C1147&ssl=1\",\"width\":1920,\"height\":1147,\"caption\":\"Ren\u00e9\"},\"logo\":{\"@id\":\"https:\\\/\\\/i0.wp.com\\\/billaresrar.es\\\/wp-content\\\/uploads\\\/2024\\\/12\\\/definitivo-RAR.webp?fit=1920%2C1147&ssl=1\"}}]}<\/script>\n<meta property=\"product:price:amount\" content=\"9750.00\" \/>\n<meta property=\"product:price:currency\" content=\"EUR\" \/>\n<meta property=\"og:availability\" content=\"backorder\" \/>\n<meta property=\"product:availability\" content=\"available for order\" \/>\n<meta property=\"product:condition\" content=\"new\" \/>\n<!-- \/ Yoast SEO plugin. -->","yoast_head_json":{"title":"Buffalo Omega 12 pies - RAR Billares online shop","robots":{"index":"index","follow":"follow","max-snippet":"max-snippet:-1","max-image-preview":"max-image-preview:large","max-video-preview":"max-video-preview:-1"},"canonical":"https:\/\/billaresrar.es\/en\/product\/buffalo-omega-12-pies\/","og_locale":"en_US","og_type":"article","og_title":"Buffalo Omega 12 pies - RAR Billares online shop","og_description":"La mesa de billar Omega tiene un marco superior de caoba de madera maciza y patas de madera maciza. Con su aspecto cl\u00e1sico, la mesa de billar Omega encaja en cualquier \u00e1rea de juego o habitaci\u00f3n. La mesa de billar Omega viene con un pa\u00f1o de billar verde. La excelente calidad de construcci\u00f3n de la mesa de billar Omega garantiza una gran experiencia de juego. El campo de juego de la mesa de billar Omega 12ft descansa sobre un marco s\u00f3lido y consta de una pizarra de 5 piezas de 45 mm de espesor con un tama\u00f1o de 356 x 178 cm. El tama\u00f1o total de la mesa de billar Omega de 12 pies es de 384 x 214 cm y requiere un \u00e1rea de juego de 656 x 478 cm.  TRANSPORTE Y MONTAJE NO INCLUIDO.","og_url":"https:\/\/billaresrar.es\/en\/product\/buffalo-omega-12-pies\/","og_site_name":"RAR Billares online shop","article_modified_time":"2025-08-08T11:53:00+00:00","og_image":[{"width":800,"height":800,"url":"https:\/\/i0.wp.com\/billaresrar.es\/wp-content\/uploads\/2023\/12\/mesa-de-snooker-buffalo-omega-12-pies.webp?fit=800%2C800&ssl=1","type":"image\/webp"}],"twitter_card":"summary_large_image","twitter_misc":{"Price":"9.750,00&nbsp;&euro;","Availability":"On backorder"},"schema":{"@context":"https:\/\/schema.org","@graph":[{"@type":"WebPage","@id":"https:\/\/billaresrar.es\/producto\/buffalo-omega-12-pies\/","url":"https:\/\/billaresrar.es\/producto\/buffalo-omega-12-pies\/","name":"Buffalo Omega 12 pies - RAR Billares online shop","isPartOf":{"@id":"https:\/\/billaresrar.es\/#website"},"primaryImageOfPage":{"@id":"https:\/\/billaresrar.es\/producto\/buffalo-omega-12-pies\/#primaryimage"},"image":{"@id":"https:\/\/billaresrar.es\/producto\/buffalo-omega-12-pies\/#primaryimage"},"thumbnailUrl":"https:\/\/i0.wp.com\/billaresrar.es\/wp-content\/uploads\/2023\/12\/mesa-de-snooker-buffalo-omega-12-pies.webp?fit=800%2C800&ssl=1","datePublished":"2023-12-18T10:59:19+00:00","dateModified":"2025-08-08T11:53:00+00:00","breadcrumb":{"@id":"https:\/\/billaresrar.es\/producto\/buffalo-omega-12-pies\/#breadcrumb"},"inLanguage":"en-US","potentialAction":[{"@type":"ReadAction","target":["https:\/\/billaresrar.es\/producto\/buffalo-omega-12-pies\/"]}]},{"@type":"ImageObject","inLanguage":"en-US","@id":"https:\/\/billaresrar.es\/producto\/buffalo-omega-12-pies\/#primaryimage","url":"https:\/\/i0.wp.com\/billaresrar.es\/wp-content\/uploads\/2023\/12\/mesa-de-snooker-buffalo-omega-12-pies.webp?fit=800%2C800&ssl=1","contentUrl":"https:\/\/i0.wp.com\/billaresrar.es\/wp-content\/uploads\/2023\/12\/mesa-de-snooker-buffalo-omega-12-pies.webp?fit=800%2C800&ssl=1","width":800,"height":800},{"@type":"BreadcrumbList","@id":"https:\/\/billaresrar.es\/producto\/buffalo-omega-12-pies\/#breadcrumb","itemListElement":[{"@type":"ListItem","position":1,"name":"Portada","item":"https:\/\/billaresrar.es\/"},{"@type":"ListItem","position":2,"name":"Tienda","item":"https:\/\/billaresrar.es\/tienda-billares-rar\/"},{"@type":"ListItem","position":3,"name":"Buffalo Omega 12 pies"}]},{"@type":"WebSite","@id":"https:\/\/billaresrar.es\/#website","url":"https:\/\/billaresrar.es\/","name":"RAR Billares","description":"Nos dedicamos a la restauraci\u00f3n, personalizaci\u00f3n, compraventa e instalaci\u00f3n de mesas de billar.","publisher":{"@id":"https:\/\/billaresrar.es\/#\/schema\/person\/58bf20f74847ad0e156049ad50e1cc19"},"potentialAction":[{"@type":"SearchAction","target":{"@type":"EntryPoint","urlTemplate":"https:\/\/billaresrar.es\/?s={search_term_string}"},"query-input":{"@type":"PropertyValueSpecification","valueRequired":true,"valueName":"search_term_string"}}],"inLanguage":"en-US"},{"@type":["Person","Organization"],"@id":"https:\/\/billaresrar.es\/#\/schema\/person\/58bf20f74847ad0e156049ad50e1cc19","name":"Ren\u00e9","image":{"@type":"ImageObject","inLanguage":"en-US","@id":"https:\/\/i0.wp.com\/billaresrar.es\/wp-content\/uploads\/2024\/12\/definitivo-RAR.webp?fit=1920%2C1147&ssl=1","url":"https:\/\/i0.wp.com\/billaresrar.es\/wp-content\/uploads\/2024\/12\/definitivo-RAR.webp?fit=1920%2C1147&ssl=1","contentUrl":"https:\/\/i0.wp.com\/billaresrar.es\/wp-content\/uploads\/2024\/12\/definitivo-RAR.webp?fit=1920%2C1147&ssl=1","width":1920,"height":1147,"caption":"Ren\u00e9"},"logo":{"@id":"https:\/\/i0.wp.com\/billaresrar.es\/wp-content\/uploads\/2024\/12\/definitivo-RAR.webp?fit=1920%2C1147&ssl=1"}}]},"product_price_amount":"9750.00","product_price_currency":"EUR","og_availability":"backorder","product_availability":"available for order","product_condition":"new"},"jetpack_publicize_connections":[],"jetpack_sharing_enabled":true,"jetpack_likes_enabled":true,"jetpack-related-posts":[],"_links":{"self":[{"href":"https:\/\/billaresrar.es\/en\/wp-json\/wp\/v2\/product\/812","targetHints":{"allow":["GET"]}}],"collection":[{"href":"https:\/\/billaresrar.es\/en\/wp-json\/wp\/v2\/product"}],"about":[{"href":"https:\/\/billaresrar.es\/en\/wp-json\/wp\/v2\/types\/product"}],"version-history":[{"count":0,"href":"https:\/\/billaresrar.es\/en\/wp-json\/wp\/v2\/product\/812\/revisions"}],"wp:featuredmedia":[{"embeddable":true,"href":"https:\/\/billaresrar.es\/en\/wp-json\/wp\/v2\/media\/816"}],"wp:attachment":[{"href":"https:\/\/billaresrar.es\/en\/wp-json\/wp\/v2\/media?parent=812"}],"wp:term":[{"taxonomy":"product_brand","embeddable":true,"href":"https:\/\/billaresrar.es\/en\/wp-json\/wp\/v2\/product_brand?post=812"},{"taxonomy":"product_cat","embeddable":true,"href":"https:\/\/billaresrar.es\/en\/wp-json\/wp\/v2\/product_cat?post=812"},{"taxonomy":"product_tag","embeddable":true,"href":"https:\/\/billaresrar.es\/en\/wp-json\/wp\/v2\/product_tag?post=812"}],"curies":[{"name":"wp","href":"https:\/\/api.w.org\/{rel}","templated":true}]}}