{"id":783,"date":"2023-12-18T11:50:32","date_gmt":"2023-12-18T10:50:32","guid":{"rendered":"https:\/\/rene.adrirodrigoagencia.es\/producto\/buffalo-zeta-9-pies\/"},"modified":"2025-08-08T13:49:11","modified_gmt":"2025-08-08T11:49:11","slug":"buffalo-zeta-9-pies","status":"publish","type":"product","link":"https:\/\/billaresrar.es\/en\/product\/buffalo-zeta-9-pies\/","title":{"rendered":"Buffalo zeta 9 pies"},"content":{"rendered":"","protected":false},"excerpt":{"rendered":"<p>Adem\u00e1s de la apariencia y el dise\u00f1o llamativos, la mesa de billar Zeta de 9 pies tiene una calidad de construcci\u00f3n fant\u00e1stica que garantiza la estabilidad y una excelente experiencia de juego. El marco superior de la mesa de billar Zeta est\u00e1 hecho de madera maciza y la base es de acero acabado con MDF contrachapado. El campo de juego de la mesa de billar Zeta de 9 pies se compone de tres placas de pizarra de 30 mm y tiene un tama\u00f1o aproximado de 1,27 por 2,54 metros. La tela est\u00e1 incluida y se puede pedir en casi cualquier color deseado de la marca imonis. Esta mesa de billar Zeta de 9 pies con su dise\u00f1o elegante y contempor\u00e1neo ser\u00e1 la pieza central de cualquier habitaci\u00f3n, ya sea en casa o en la oficina.<\/p>\n<p>El tama\u00f1o total de esta mesa de billar Buffalo Zeta de 9 pies en color wengu\u00e9 es de 292 cm x 165 cm. Para tener suficiente espacio para jugar, se necesita un \u00e1rea de juego de 427 por 554 cm. .<br \/>\nMesa de billar de pizarra de 9 pies<br \/>\nModelo: Zeta<br \/>\nPizarra: 3 piezas 30 mm<br \/>\nMaterial marco superior: madera maciza<br \/>\nMaterial estructura inferior: metal acabado con MDF chapado<br \/>\nColor: wengu\u00e9<br \/>\nIncluye pa\u00f1o Simonis<br \/>\nSistema de nivelaci\u00f3n<br \/>\nTroneras con red de algod\u00f3n<br \/>\nTama\u00f1o de la mesa: 292 cm x 165 cm<br \/>\nTama\u00f1o campo de juego: 254 cm x 127 cm<br \/>\nPeso total: 650 kg<br \/>\nEspacio requerido: 427 x 554 cm<\/p>\n<p>TRANSPORTE Y MONTAJE NO INCLUIDOS<\/p>","protected":false},"featured_media":808,"template":"","meta":{"jetpack_publicize_message":"","jetpack_publicize_feature_enabled":true,"jetpack_social_post_already_shared":false,"jetpack_social_options":{"image_generator_settings":{"template":"highway","default_image_id":0,"font":"","enabled":false},"version":2}},"product_brand":[],"product_cat":[408,25,24],"product_tag":[],"class_list":{"0":"post-783","1":"product","2":"type-product","3":"status-publish","4":"has-post-thumbnail","6":"product_cat-mesas-de-billar","7":"product_cat-mesas-de-billar-americano","8":"product_cat-mesas-de-juego","10":"first","11":"onbackorder","12":"taxable","13":"shipping-taxable","14":"purchasable","15":"product-type-simple"},"yoast_head":"<!-- This site is optimized with the Yoast SEO plugin v27.5 - https:\/\/yoast.com\/product\/yoast-seo-wordpress\/ -->\n<title>Buffalo zeta 9 pies - RAR Billares online shop<\/title>\n<meta name=\"robots\" content=\"index, follow, max-snippet:-1, max-image-preview:large, max-video-preview:-1\" \/>\n<link rel=\"canonical\" href=\"https:\/\/billaresrar.es\/en\/product\/buffalo-zeta-9-pies\/\" \/>\n<meta property=\"og:locale\" content=\"en_US\" \/>\n<meta property=\"og:type\" content=\"article\" \/>\n<meta property=\"og:title\" content=\"Buffalo zeta 9 pies - RAR Billares online shop\" \/>\n<meta property=\"og:description\" content=\"Adem\u00e1s de la apariencia y el dise\u00f1o llamativos, la mesa de billar Zeta de 9 pies tiene una calidad de construcci\u00f3n fant\u00e1stica que garantiza la estabilidad y una excelente experiencia de juego. El marco superior de la mesa de billar Zeta est\u00e1 hecho de madera maciza y la base es de acero acabado con MDF contrachapado. El campo de juego de la mesa de billar Zeta de 9 pies se compone de tres placas de pizarra de 30 mm y tiene un tama\u00f1o aproximado de 1,27 por 2,54 metros. La tela est\u00e1 incluida y se puede pedir en casi cualquier color deseado de la marca imonis. Esta mesa de billar Zeta de 9 pies con su dise\u00f1o elegante y contempor\u00e1neo ser\u00e1 la pieza central de cualquier habitaci\u00f3n, ya sea en casa o en la oficina.  El tama\u00f1o total de esta mesa de billar Buffalo Zeta de 9 pies en color wengu\u00e9 es de 292 cm x 165 cm. Para tener suficiente espacio para jugar, se necesita un \u00e1rea de juego de 427 por 554 cm. . Mesa de billar de pizarra de 9 pies Modelo: Zeta Pizarra: 3 piezas 30 mm Material marco superior: madera maciza Material estructura inferior: metal acabado con MDF chapado Color: wengu\u00e9 Incluye pa\u00f1o Simonis Sistema de nivelaci\u00f3n Troneras con red de algod\u00f3n Tama\u00f1o de la mesa: 292 cm x 165 cm Tama\u00f1o campo de juego: 254 cm x 127 cm Peso total: 650 kg Espacio requerido: 427 x 554 cm  TRANSPORTE Y MONTAJE NO INCLUIDOS\" \/>\n<meta property=\"og:url\" content=\"https:\/\/billaresrar.es\/en\/product\/buffalo-zeta-9-pies\/\" \/>\n<meta property=\"og:site_name\" content=\"RAR Billares online shop\" \/>\n<meta property=\"article:modified_time\" content=\"2025-08-08T11:49:11+00:00\" \/>\n<meta property=\"og:image\" content=\"https:\/\/i0.wp.com\/billaresrar.es\/wp-content\/uploads\/2023\/12\/mesa-de-billar-buffalo-zeta-9-pies.webp?fit=800%2C800&ssl=1\" \/>\n\t<meta property=\"og:image:width\" content=\"800\" \/>\n\t<meta property=\"og:image:height\" content=\"800\" \/>\n\t<meta property=\"og:image:type\" content=\"image\/webp\" \/>\n<meta name=\"twitter:card\" content=\"summary_large_image\" \/>\n<meta name=\"twitter:label1\" content=\"Price\" \/>\n\t<meta name=\"twitter:data1\" content=\"6.900,00&nbsp;&euro;\" \/>\n\t<meta name=\"twitter:label2\" content=\"Availability\" \/>\n\t<meta name=\"twitter:data2\" content=\"On backorder\" \/>\n<script type=\"application\/ld+json\" class=\"yoast-schema-graph\">{\"@context\":\"https:\\\/\\\/schema.org\",\"@graph\":[{\"@type\":\"WebPage\",\"@id\":\"https:\\\/\\\/billaresrar.es\\\/producto\\\/buffalo-zeta-9-pies\\\/\",\"url\":\"https:\\\/\\\/billaresrar.es\\\/producto\\\/buffalo-zeta-9-pies\\\/\",\"name\":\"Buffalo zeta 9 pies - RAR Billares online shop\",\"isPartOf\":{\"@id\":\"https:\\\/\\\/billaresrar.es\\\/#website\"},\"primaryImageOfPage\":{\"@id\":\"https:\\\/\\\/billaresrar.es\\\/producto\\\/buffalo-zeta-9-pies\\\/#primaryimage\"},\"image\":{\"@id\":\"https:\\\/\\\/billaresrar.es\\\/producto\\\/buffalo-zeta-9-pies\\\/#primaryimage\"},\"thumbnailUrl\":\"https:\\\/\\\/i0.wp.com\\\/billaresrar.es\\\/wp-content\\\/uploads\\\/2023\\\/12\\\/mesa-de-billar-buffalo-zeta-9-pies.webp?fit=800%2C800&ssl=1\",\"datePublished\":\"2023-12-18T10:50:32+00:00\",\"dateModified\":\"2025-08-08T11:49:11+00:00\",\"breadcrumb\":{\"@id\":\"https:\\\/\\\/billaresrar.es\\\/producto\\\/buffalo-zeta-9-pies\\\/#breadcrumb\"},\"inLanguage\":\"en-US\",\"potentialAction\":[{\"@type\":\"ReadAction\",\"target\":[\"https:\\\/\\\/billaresrar.es\\\/producto\\\/buffalo-zeta-9-pies\\\/\"]}]},{\"@type\":\"ImageObject\",\"inLanguage\":\"en-US\",\"@id\":\"https:\\\/\\\/billaresrar.es\\\/producto\\\/buffalo-zeta-9-pies\\\/#primaryimage\",\"url\":\"https:\\\/\\\/i0.wp.com\\\/billaresrar.es\\\/wp-content\\\/uploads\\\/2023\\\/12\\\/mesa-de-billar-buffalo-zeta-9-pies.webp?fit=800%2C800&ssl=1\",\"contentUrl\":\"https:\\\/\\\/i0.wp.com\\\/billaresrar.es\\\/wp-content\\\/uploads\\\/2023\\\/12\\\/mesa-de-billar-buffalo-zeta-9-pies.webp?fit=800%2C800&ssl=1\",\"width\":800,\"height\":800},{\"@type\":\"BreadcrumbList\",\"@id\":\"https:\\\/\\\/billaresrar.es\\\/producto\\\/buffalo-zeta-9-pies\\\/#breadcrumb\",\"itemListElement\":[{\"@type\":\"ListItem\",\"position\":1,\"name\":\"Portada\",\"item\":\"https:\\\/\\\/billaresrar.es\\\/\"},{\"@type\":\"ListItem\",\"position\":2,\"name\":\"Tienda\",\"item\":\"https:\\\/\\\/billaresrar.es\\\/tienda-billares-rar\\\/\"},{\"@type\":\"ListItem\",\"position\":3,\"name\":\"Buffalo zeta 9 pies\"}]},{\"@type\":\"WebSite\",\"@id\":\"https:\\\/\\\/billaresrar.es\\\/#website\",\"url\":\"https:\\\/\\\/billaresrar.es\\\/\",\"name\":\"RAR Billares\",\"description\":\"Nos dedicamos a la restauraci\u00f3n, personalizaci\u00f3n, compraventa e instalaci\u00f3n de mesas de billar.\",\"publisher\":{\"@id\":\"https:\\\/\\\/billaresrar.es\\\/#\\\/schema\\\/person\\\/58bf20f74847ad0e156049ad50e1cc19\"},\"potentialAction\":[{\"@type\":\"SearchAction\",\"target\":{\"@type\":\"EntryPoint\",\"urlTemplate\":\"https:\\\/\\\/billaresrar.es\\\/?s={search_term_string}\"},\"query-input\":{\"@type\":\"PropertyValueSpecification\",\"valueRequired\":true,\"valueName\":\"search_term_string\"}}],\"inLanguage\":\"en-US\"},{\"@type\":[\"Person\",\"Organization\"],\"@id\":\"https:\\\/\\\/billaresrar.es\\\/#\\\/schema\\\/person\\\/58bf20f74847ad0e156049ad50e1cc19\",\"name\":\"Ren\u00e9\",\"image\":{\"@type\":\"ImageObject\",\"inLanguage\":\"en-US\",\"@id\":\"https:\\\/\\\/i0.wp.com\\\/billaresrar.es\\\/wp-content\\\/uploads\\\/2024\\\/12\\\/definitivo-RAR.webp?fit=1920%2C1147&ssl=1\",\"url\":\"https:\\\/\\\/i0.wp.com\\\/billaresrar.es\\\/wp-content\\\/uploads\\\/2024\\\/12\\\/definitivo-RAR.webp?fit=1920%2C1147&ssl=1\",\"contentUrl\":\"https:\\\/\\\/i0.wp.com\\\/billaresrar.es\\\/wp-content\\\/uploads\\\/2024\\\/12\\\/definitivo-RAR.webp?fit=1920%2C1147&ssl=1\",\"width\":1920,\"height\":1147,\"caption\":\"Ren\u00e9\"},\"logo\":{\"@id\":\"https:\\\/\\\/i0.wp.com\\\/billaresrar.es\\\/wp-content\\\/uploads\\\/2024\\\/12\\\/definitivo-RAR.webp?fit=1920%2C1147&ssl=1\"}}]}<\/script>\n<meta property=\"product:price:amount\" content=\"6900.00\" \/>\n<meta property=\"product:price:currency\" content=\"EUR\" \/>\n<meta property=\"og:availability\" content=\"backorder\" \/>\n<meta property=\"product:availability\" content=\"available for order\" \/>\n<meta property=\"product:condition\" content=\"new\" \/>\n<!-- \/ Yoast SEO plugin. -->","yoast_head_json":{"title":"Buffalo zeta 9 pies - RAR Billares online shop","robots":{"index":"index","follow":"follow","max-snippet":"max-snippet:-1","max-image-preview":"max-image-preview:large","max-video-preview":"max-video-preview:-1"},"canonical":"https:\/\/billaresrar.es\/en\/product\/buffalo-zeta-9-pies\/","og_locale":"en_US","og_type":"article","og_title":"Buffalo zeta 9 pies - RAR Billares online shop","og_description":"Adem\u00e1s de la apariencia y el dise\u00f1o llamativos, la mesa de billar Zeta de 9 pies tiene una calidad de construcci\u00f3n fant\u00e1stica que garantiza la estabilidad y una excelente experiencia de juego. El marco superior de la mesa de billar Zeta est\u00e1 hecho de madera maciza y la base es de acero acabado con MDF contrachapado. El campo de juego de la mesa de billar Zeta de 9 pies se compone de tres placas de pizarra de 30 mm y tiene un tama\u00f1o aproximado de 1,27 por 2,54 metros. La tela est\u00e1 incluida y se puede pedir en casi cualquier color deseado de la marca imonis. Esta mesa de billar Zeta de 9 pies con su dise\u00f1o elegante y contempor\u00e1neo ser\u00e1 la pieza central de cualquier habitaci\u00f3n, ya sea en casa o en la oficina.  El tama\u00f1o total de esta mesa de billar Buffalo Zeta de 9 pies en color wengu\u00e9 es de 292 cm x 165 cm. Para tener suficiente espacio para jugar, se necesita un \u00e1rea de juego de 427 por 554 cm. . Mesa de billar de pizarra de 9 pies Modelo: Zeta Pizarra: 3 piezas 30 mm Material marco superior: madera maciza Material estructura inferior: metal acabado con MDF chapado Color: wengu\u00e9 Incluye pa\u00f1o Simonis Sistema de nivelaci\u00f3n Troneras con red de algod\u00f3n Tama\u00f1o de la mesa: 292 cm x 165 cm Tama\u00f1o campo de juego: 254 cm x 127 cm Peso total: 650 kg Espacio requerido: 427 x 554 cm  TRANSPORTE Y MONTAJE NO INCLUIDOS","og_url":"https:\/\/billaresrar.es\/en\/product\/buffalo-zeta-9-pies\/","og_site_name":"RAR Billares online shop","article_modified_time":"2025-08-08T11:49:11+00:00","og_image":[{"width":800,"height":800,"url":"https:\/\/i0.wp.com\/billaresrar.es\/wp-content\/uploads\/2023\/12\/mesa-de-billar-buffalo-zeta-9-pies.webp?fit=800%2C800&ssl=1","type":"image\/webp"}],"twitter_card":"summary_large_image","twitter_misc":{"Price":"6.900,00&nbsp;&euro;","Availability":"On backorder"},"schema":{"@context":"https:\/\/schema.org","@graph":[{"@type":"WebPage","@id":"https:\/\/billaresrar.es\/producto\/buffalo-zeta-9-pies\/","url":"https:\/\/billaresrar.es\/producto\/buffalo-zeta-9-pies\/","name":"Buffalo zeta 9 pies - RAR Billares online shop","isPartOf":{"@id":"https:\/\/billaresrar.es\/#website"},"primaryImageOfPage":{"@id":"https:\/\/billaresrar.es\/producto\/buffalo-zeta-9-pies\/#primaryimage"},"image":{"@id":"https:\/\/billaresrar.es\/producto\/buffalo-zeta-9-pies\/#primaryimage"},"thumbnailUrl":"https:\/\/i0.wp.com\/billaresrar.es\/wp-content\/uploads\/2023\/12\/mesa-de-billar-buffalo-zeta-9-pies.webp?fit=800%2C800&ssl=1","datePublished":"2023-12-18T10:50:32+00:00","dateModified":"2025-08-08T11:49:11+00:00","breadcrumb":{"@id":"https:\/\/billaresrar.es\/producto\/buffalo-zeta-9-pies\/#breadcrumb"},"inLanguage":"en-US","potentialAction":[{"@type":"ReadAction","target":["https:\/\/billaresrar.es\/producto\/buffalo-zeta-9-pies\/"]}]},{"@type":"ImageObject","inLanguage":"en-US","@id":"https:\/\/billaresrar.es\/producto\/buffalo-zeta-9-pies\/#primaryimage","url":"https:\/\/i0.wp.com\/billaresrar.es\/wp-content\/uploads\/2023\/12\/mesa-de-billar-buffalo-zeta-9-pies.webp?fit=800%2C800&ssl=1","contentUrl":"https:\/\/i0.wp.com\/billaresrar.es\/wp-content\/uploads\/2023\/12\/mesa-de-billar-buffalo-zeta-9-pies.webp?fit=800%2C800&ssl=1","width":800,"height":800},{"@type":"BreadcrumbList","@id":"https:\/\/billaresrar.es\/producto\/buffalo-zeta-9-pies\/#breadcrumb","itemListElement":[{"@type":"ListItem","position":1,"name":"Portada","item":"https:\/\/billaresrar.es\/"},{"@type":"ListItem","position":2,"name":"Tienda","item":"https:\/\/billaresrar.es\/tienda-billares-rar\/"},{"@type":"ListItem","position":3,"name":"Buffalo zeta 9 pies"}]},{"@type":"WebSite","@id":"https:\/\/billaresrar.es\/#website","url":"https:\/\/billaresrar.es\/","name":"RAR Billares","description":"Nos dedicamos a la restauraci\u00f3n, personalizaci\u00f3n, compraventa e instalaci\u00f3n de mesas de billar.","publisher":{"@id":"https:\/\/billaresrar.es\/#\/schema\/person\/58bf20f74847ad0e156049ad50e1cc19"},"potentialAction":[{"@type":"SearchAction","target":{"@type":"EntryPoint","urlTemplate":"https:\/\/billaresrar.es\/?s={search_term_string}"},"query-input":{"@type":"PropertyValueSpecification","valueRequired":true,"valueName":"search_term_string"}}],"inLanguage":"en-US"},{"@type":["Person","Organization"],"@id":"https:\/\/billaresrar.es\/#\/schema\/person\/58bf20f74847ad0e156049ad50e1cc19","name":"Ren\u00e9","image":{"@type":"ImageObject","inLanguage":"en-US","@id":"https:\/\/i0.wp.com\/billaresrar.es\/wp-content\/uploads\/2024\/12\/definitivo-RAR.webp?fit=1920%2C1147&ssl=1","url":"https:\/\/i0.wp.com\/billaresrar.es\/wp-content\/uploads\/2024\/12\/definitivo-RAR.webp?fit=1920%2C1147&ssl=1","contentUrl":"https:\/\/i0.wp.com\/billaresrar.es\/wp-content\/uploads\/2024\/12\/definitivo-RAR.webp?fit=1920%2C1147&ssl=1","width":1920,"height":1147,"caption":"Ren\u00e9"},"logo":{"@id":"https:\/\/i0.wp.com\/billaresrar.es\/wp-content\/uploads\/2024\/12\/definitivo-RAR.webp?fit=1920%2C1147&ssl=1"}}]},"product_price_amount":"6900.00","product_price_currency":"EUR","og_availability":"backorder","product_availability":"available for order","product_condition":"new"},"jetpack_publicize_connections":[],"jetpack_sharing_enabled":true,"jetpack_likes_enabled":true,"jetpack-related-posts":[],"_links":{"self":[{"href":"https:\/\/billaresrar.es\/en\/wp-json\/wp\/v2\/product\/783","targetHints":{"allow":["GET"]}}],"collection":[{"href":"https:\/\/billaresrar.es\/en\/wp-json\/wp\/v2\/product"}],"about":[{"href":"https:\/\/billaresrar.es\/en\/wp-json\/wp\/v2\/types\/product"}],"version-history":[{"count":0,"href":"https:\/\/billaresrar.es\/en\/wp-json\/wp\/v2\/product\/783\/revisions"}],"wp:featuredmedia":[{"embeddable":true,"href":"https:\/\/billaresrar.es\/en\/wp-json\/wp\/v2\/media\/808"}],"wp:attachment":[{"href":"https:\/\/billaresrar.es\/en\/wp-json\/wp\/v2\/media?parent=783"}],"wp:term":[{"taxonomy":"product_brand","embeddable":true,"href":"https:\/\/billaresrar.es\/en\/wp-json\/wp\/v2\/product_brand?post=783"},{"taxonomy":"product_cat","embeddable":true,"href":"https:\/\/billaresrar.es\/en\/wp-json\/wp\/v2\/product_cat?post=783"},{"taxonomy":"product_tag","embeddable":true,"href":"https:\/\/billaresrar.es\/en\/wp-json\/wp\/v2\/product_tag?post=783"}],"curies":[{"name":"wp","href":"https:\/\/api.w.org\/{rel}","templated":true}]}}