{"id":781,"date":"2023-12-18T11:50:32","date_gmt":"2023-12-18T10:50:32","guid":{"rendered":"https:\/\/rene.adrirodrigoagencia.es\/producto\/buffalo-dominator-negra-9-pies\/"},"modified":"2025-08-08T13:48:44","modified_gmt":"2025-08-08T11:48:44","slug":"buffalo-dominator-negra-9-pies","status":"publish","type":"product","link":"https:\/\/billaresrar.es\/en\/product\/buffalo-dominator-negra-9-pies\/","title":{"rendered":"Buffalo dominator negra 9 pies"},"content":{"rendered":"","protected":false},"excerpt":{"rendered":"<p>Elegante pero robusta, la mesa de billar Dominator ofrece garant\u00eda de calidad Buffalo a un precio muy asequible y decorar\u00e1 y dominar\u00e1 cada habitaci\u00f3n en la que se encuentre.<\/p>\n<p>Dise\u00f1o de Club Deportivo<br \/>\nAcabado de excelente calidad<br \/>\nHecho seg\u00fan las especificaciones del torneo<br \/>\nPiezas de fundici\u00f3n elegantes con bolsillo de riel superior<br \/>\nNuevo riel superior duradero cubierto de formica<br \/>\nFuerte marco de base s\u00f3lida<br \/>\nRiel protector de ajuste de 360 grados<br \/>\nSistema integrado de bolsillo abatible<br \/>\nNiveladores de patas ajustables<br \/>\nCampo de juego 254 cm x 127 cm<br \/>\nEspacio requerido 574 cm x 447 cm<br \/>\nDimensiones construidas 291 cm x 164 cm x 79.4 cm<br \/>\nPeso neto 450kg<br \/>\nDisponibilidad para elegir el color del pa\u00f1o<\/p>\n<p>NO INCLUYE TRANSPORTE NI MONTAJE<\/p>","protected":false},"featured_media":807,"template":"","meta":{"jetpack_publicize_message":"","jetpack_publicize_feature_enabled":true,"jetpack_social_post_already_shared":false,"jetpack_social_options":{"image_generator_settings":{"template":"highway","default_image_id":0,"font":"","enabled":false},"version":2}},"product_brand":[],"product_cat":[408,25,24],"product_tag":[],"class_list":{"0":"post-781","1":"product","2":"type-product","3":"status-publish","4":"has-post-thumbnail","6":"product_cat-mesas-de-billar","7":"product_cat-mesas-de-billar-americano","8":"product_cat-mesas-de-juego","10":"first","11":"instock","12":"taxable","13":"shipping-taxable","14":"purchasable","15":"product-type-simple"},"yoast_head":"<!-- This site is optimized with the Yoast SEO plugin v27.5 - https:\/\/yoast.com\/product\/yoast-seo-wordpress\/ -->\n<title>Buffalo dominator negra 9 pies - RAR Billares online shop<\/title>\n<meta name=\"robots\" content=\"index, follow, max-snippet:-1, max-image-preview:large, max-video-preview:-1\" \/>\n<link rel=\"canonical\" href=\"https:\/\/billaresrar.es\/en\/product\/buffalo-dominator-negra-9-pies\/\" \/>\n<meta property=\"og:locale\" content=\"en_US\" \/>\n<meta property=\"og:type\" content=\"article\" \/>\n<meta property=\"og:title\" content=\"Buffalo dominator negra 9 pies - RAR Billares online shop\" \/>\n<meta property=\"og:description\" content=\"Elegante pero robusta, la mesa de billar Dominator ofrece garant\u00eda de calidad Buffalo a un precio muy asequible y decorar\u00e1 y dominar\u00e1 cada habitaci\u00f3n en la que se encuentre.  Dise\u00f1o de Club Deportivo Acabado de excelente calidad Hecho seg\u00fan las especificaciones del torneo Piezas de fundici\u00f3n elegantes con bolsillo de riel superior Nuevo riel superior duradero cubierto de formica Fuerte marco de base s\u00f3lida Riel protector de ajuste de 360 grados Sistema integrado de bolsillo abatible Niveladores de patas ajustables Campo de juego 254 cm x 127 cm Espacio requerido 574 cm x 447 cm Dimensiones construidas 291 cm x 164 cm x 79.4 cm Peso neto 450kg Disponibilidad para elegir el color del pa\u00f1o  NO INCLUYE TRANSPORTE NI MONTAJE\" \/>\n<meta property=\"og:url\" content=\"https:\/\/billaresrar.es\/en\/product\/buffalo-dominator-negra-9-pies\/\" \/>\n<meta property=\"og:site_name\" content=\"RAR Billares online shop\" \/>\n<meta property=\"article:modified_time\" content=\"2025-08-08T11:48:44+00:00\" \/>\n<meta property=\"og:image\" content=\"https:\/\/i0.wp.com\/billaresrar.es\/wp-content\/uploads\/2023\/12\/mesa-de-billar-buffalo-dominator-negra-9-pies.webp?fit=800%2C800&ssl=1\" \/>\n\t<meta property=\"og:image:width\" content=\"800\" \/>\n\t<meta property=\"og:image:height\" content=\"800\" \/>\n\t<meta property=\"og:image:type\" content=\"image\/webp\" \/>\n<meta name=\"twitter:card\" content=\"summary_large_image\" \/>\n<meta name=\"twitter:label1\" content=\"Price\" \/>\n\t<meta name=\"twitter:data1\" content=\"3.500,00&nbsp;&euro;\" \/>\n\t<meta name=\"twitter:label2\" content=\"Availability\" \/>\n\t<meta name=\"twitter:data2\" content=\"In stock\" \/>\n<script type=\"application\/ld+json\" class=\"yoast-schema-graph\">{\"@context\":\"https:\\\/\\\/schema.org\",\"@graph\":[{\"@type\":\"WebPage\",\"@id\":\"https:\\\/\\\/billaresrar.es\\\/producto\\\/buffalo-dominator-negra-9-pies\\\/\",\"url\":\"https:\\\/\\\/billaresrar.es\\\/producto\\\/buffalo-dominator-negra-9-pies\\\/\",\"name\":\"Buffalo dominator negra 9 pies - RAR Billares online shop\",\"isPartOf\":{\"@id\":\"https:\\\/\\\/billaresrar.es\\\/#website\"},\"primaryImageOfPage\":{\"@id\":\"https:\\\/\\\/billaresrar.es\\\/producto\\\/buffalo-dominator-negra-9-pies\\\/#primaryimage\"},\"image\":{\"@id\":\"https:\\\/\\\/billaresrar.es\\\/producto\\\/buffalo-dominator-negra-9-pies\\\/#primaryimage\"},\"thumbnailUrl\":\"https:\\\/\\\/i0.wp.com\\\/billaresrar.es\\\/wp-content\\\/uploads\\\/2023\\\/12\\\/mesa-de-billar-buffalo-dominator-negra-9-pies.webp?fit=800%2C800&ssl=1\",\"datePublished\":\"2023-12-18T10:50:32+00:00\",\"dateModified\":\"2025-08-08T11:48:44+00:00\",\"breadcrumb\":{\"@id\":\"https:\\\/\\\/billaresrar.es\\\/producto\\\/buffalo-dominator-negra-9-pies\\\/#breadcrumb\"},\"inLanguage\":\"en-US\",\"potentialAction\":[{\"@type\":\"ReadAction\",\"target\":[\"https:\\\/\\\/billaresrar.es\\\/producto\\\/buffalo-dominator-negra-9-pies\\\/\"]}]},{\"@type\":\"ImageObject\",\"inLanguage\":\"en-US\",\"@id\":\"https:\\\/\\\/billaresrar.es\\\/producto\\\/buffalo-dominator-negra-9-pies\\\/#primaryimage\",\"url\":\"https:\\\/\\\/i0.wp.com\\\/billaresrar.es\\\/wp-content\\\/uploads\\\/2023\\\/12\\\/mesa-de-billar-buffalo-dominator-negra-9-pies.webp?fit=800%2C800&ssl=1\",\"contentUrl\":\"https:\\\/\\\/i0.wp.com\\\/billaresrar.es\\\/wp-content\\\/uploads\\\/2023\\\/12\\\/mesa-de-billar-buffalo-dominator-negra-9-pies.webp?fit=800%2C800&ssl=1\",\"width\":800,\"height\":800},{\"@type\":\"BreadcrumbList\",\"@id\":\"https:\\\/\\\/billaresrar.es\\\/producto\\\/buffalo-dominator-negra-9-pies\\\/#breadcrumb\",\"itemListElement\":[{\"@type\":\"ListItem\",\"position\":1,\"name\":\"Portada\",\"item\":\"https:\\\/\\\/billaresrar.es\\\/\"},{\"@type\":\"ListItem\",\"position\":2,\"name\":\"Tienda\",\"item\":\"https:\\\/\\\/billaresrar.es\\\/tienda-billares-rar\\\/\"},{\"@type\":\"ListItem\",\"position\":3,\"name\":\"Buffalo dominator negra 9 pies\"}]},{\"@type\":\"WebSite\",\"@id\":\"https:\\\/\\\/billaresrar.es\\\/#website\",\"url\":\"https:\\\/\\\/billaresrar.es\\\/\",\"name\":\"RAR Billares\",\"description\":\"Nos dedicamos a la restauraci\u00f3n, personalizaci\u00f3n, compraventa e instalaci\u00f3n de mesas de billar.\",\"publisher\":{\"@id\":\"https:\\\/\\\/billaresrar.es\\\/#\\\/schema\\\/person\\\/58bf20f74847ad0e156049ad50e1cc19\"},\"potentialAction\":[{\"@type\":\"SearchAction\",\"target\":{\"@type\":\"EntryPoint\",\"urlTemplate\":\"https:\\\/\\\/billaresrar.es\\\/?s={search_term_string}\"},\"query-input\":{\"@type\":\"PropertyValueSpecification\",\"valueRequired\":true,\"valueName\":\"search_term_string\"}}],\"inLanguage\":\"en-US\"},{\"@type\":[\"Person\",\"Organization\"],\"@id\":\"https:\\\/\\\/billaresrar.es\\\/#\\\/schema\\\/person\\\/58bf20f74847ad0e156049ad50e1cc19\",\"name\":\"Ren\u00e9\",\"image\":{\"@type\":\"ImageObject\",\"inLanguage\":\"en-US\",\"@id\":\"https:\\\/\\\/i0.wp.com\\\/billaresrar.es\\\/wp-content\\\/uploads\\\/2024\\\/12\\\/definitivo-RAR.webp?fit=1920%2C1147&ssl=1\",\"url\":\"https:\\\/\\\/i0.wp.com\\\/billaresrar.es\\\/wp-content\\\/uploads\\\/2024\\\/12\\\/definitivo-RAR.webp?fit=1920%2C1147&ssl=1\",\"contentUrl\":\"https:\\\/\\\/i0.wp.com\\\/billaresrar.es\\\/wp-content\\\/uploads\\\/2024\\\/12\\\/definitivo-RAR.webp?fit=1920%2C1147&ssl=1\",\"width\":1920,\"height\":1147,\"caption\":\"Ren\u00e9\"},\"logo\":{\"@id\":\"https:\\\/\\\/i0.wp.com\\\/billaresrar.es\\\/wp-content\\\/uploads\\\/2024\\\/12\\\/definitivo-RAR.webp?fit=1920%2C1147&ssl=1\"}}]}<\/script>\n<meta property=\"product:price:amount\" content=\"3500.00\" \/>\n<meta property=\"product:price:currency\" content=\"EUR\" \/>\n<meta property=\"og:availability\" content=\"instock\" \/>\n<meta property=\"product:availability\" content=\"instock\" \/>\n<meta property=\"product:condition\" content=\"new\" \/>\n<!-- \/ Yoast SEO plugin. -->","yoast_head_json":{"title":"Buffalo dominator negra 9 pies - RAR Billares online shop","robots":{"index":"index","follow":"follow","max-snippet":"max-snippet:-1","max-image-preview":"max-image-preview:large","max-video-preview":"max-video-preview:-1"},"canonical":"https:\/\/billaresrar.es\/en\/product\/buffalo-dominator-negra-9-pies\/","og_locale":"en_US","og_type":"article","og_title":"Buffalo dominator negra 9 pies - RAR Billares online shop","og_description":"Elegante pero robusta, la mesa de billar Dominator ofrece garant\u00eda de calidad Buffalo a un precio muy asequible y decorar\u00e1 y dominar\u00e1 cada habitaci\u00f3n en la que se encuentre.  Dise\u00f1o de Club Deportivo Acabado de excelente calidad Hecho seg\u00fan las especificaciones del torneo Piezas de fundici\u00f3n elegantes con bolsillo de riel superior Nuevo riel superior duradero cubierto de formica Fuerte marco de base s\u00f3lida Riel protector de ajuste de 360 grados Sistema integrado de bolsillo abatible Niveladores de patas ajustables Campo de juego 254 cm x 127 cm Espacio requerido 574 cm x 447 cm Dimensiones construidas 291 cm x 164 cm x 79.4 cm Peso neto 450kg Disponibilidad para elegir el color del pa\u00f1o  NO INCLUYE TRANSPORTE NI MONTAJE","og_url":"https:\/\/billaresrar.es\/en\/product\/buffalo-dominator-negra-9-pies\/","og_site_name":"RAR Billares online shop","article_modified_time":"2025-08-08T11:48:44+00:00","og_image":[{"width":800,"height":800,"url":"https:\/\/i0.wp.com\/billaresrar.es\/wp-content\/uploads\/2023\/12\/mesa-de-billar-buffalo-dominator-negra-9-pies.webp?fit=800%2C800&ssl=1","type":"image\/webp"}],"twitter_card":"summary_large_image","twitter_misc":{"Price":"3.500,00&nbsp;&euro;","Availability":"In stock"},"schema":{"@context":"https:\/\/schema.org","@graph":[{"@type":"WebPage","@id":"https:\/\/billaresrar.es\/producto\/buffalo-dominator-negra-9-pies\/","url":"https:\/\/billaresrar.es\/producto\/buffalo-dominator-negra-9-pies\/","name":"Buffalo dominator negra 9 pies - RAR Billares online shop","isPartOf":{"@id":"https:\/\/billaresrar.es\/#website"},"primaryImageOfPage":{"@id":"https:\/\/billaresrar.es\/producto\/buffalo-dominator-negra-9-pies\/#primaryimage"},"image":{"@id":"https:\/\/billaresrar.es\/producto\/buffalo-dominator-negra-9-pies\/#primaryimage"},"thumbnailUrl":"https:\/\/i0.wp.com\/billaresrar.es\/wp-content\/uploads\/2023\/12\/mesa-de-billar-buffalo-dominator-negra-9-pies.webp?fit=800%2C800&ssl=1","datePublished":"2023-12-18T10:50:32+00:00","dateModified":"2025-08-08T11:48:44+00:00","breadcrumb":{"@id":"https:\/\/billaresrar.es\/producto\/buffalo-dominator-negra-9-pies\/#breadcrumb"},"inLanguage":"en-US","potentialAction":[{"@type":"ReadAction","target":["https:\/\/billaresrar.es\/producto\/buffalo-dominator-negra-9-pies\/"]}]},{"@type":"ImageObject","inLanguage":"en-US","@id":"https:\/\/billaresrar.es\/producto\/buffalo-dominator-negra-9-pies\/#primaryimage","url":"https:\/\/i0.wp.com\/billaresrar.es\/wp-content\/uploads\/2023\/12\/mesa-de-billar-buffalo-dominator-negra-9-pies.webp?fit=800%2C800&ssl=1","contentUrl":"https:\/\/i0.wp.com\/billaresrar.es\/wp-content\/uploads\/2023\/12\/mesa-de-billar-buffalo-dominator-negra-9-pies.webp?fit=800%2C800&ssl=1","width":800,"height":800},{"@type":"BreadcrumbList","@id":"https:\/\/billaresrar.es\/producto\/buffalo-dominator-negra-9-pies\/#breadcrumb","itemListElement":[{"@type":"ListItem","position":1,"name":"Portada","item":"https:\/\/billaresrar.es\/"},{"@type":"ListItem","position":2,"name":"Tienda","item":"https:\/\/billaresrar.es\/tienda-billares-rar\/"},{"@type":"ListItem","position":3,"name":"Buffalo dominator negra 9 pies"}]},{"@type":"WebSite","@id":"https:\/\/billaresrar.es\/#website","url":"https:\/\/billaresrar.es\/","name":"RAR Billares","description":"Nos dedicamos a la restauraci\u00f3n, personalizaci\u00f3n, compraventa e instalaci\u00f3n de mesas de billar.","publisher":{"@id":"https:\/\/billaresrar.es\/#\/schema\/person\/58bf20f74847ad0e156049ad50e1cc19"},"potentialAction":[{"@type":"SearchAction","target":{"@type":"EntryPoint","urlTemplate":"https:\/\/billaresrar.es\/?s={search_term_string}"},"query-input":{"@type":"PropertyValueSpecification","valueRequired":true,"valueName":"search_term_string"}}],"inLanguage":"en-US"},{"@type":["Person","Organization"],"@id":"https:\/\/billaresrar.es\/#\/schema\/person\/58bf20f74847ad0e156049ad50e1cc19","name":"Ren\u00e9","image":{"@type":"ImageObject","inLanguage":"en-US","@id":"https:\/\/i0.wp.com\/billaresrar.es\/wp-content\/uploads\/2024\/12\/definitivo-RAR.webp?fit=1920%2C1147&ssl=1","url":"https:\/\/i0.wp.com\/billaresrar.es\/wp-content\/uploads\/2024\/12\/definitivo-RAR.webp?fit=1920%2C1147&ssl=1","contentUrl":"https:\/\/i0.wp.com\/billaresrar.es\/wp-content\/uploads\/2024\/12\/definitivo-RAR.webp?fit=1920%2C1147&ssl=1","width":1920,"height":1147,"caption":"Ren\u00e9"},"logo":{"@id":"https:\/\/i0.wp.com\/billaresrar.es\/wp-content\/uploads\/2024\/12\/definitivo-RAR.webp?fit=1920%2C1147&ssl=1"}}]},"product_price_amount":"3500.00","product_price_currency":"EUR","og_availability":"instock","product_availability":"instock","product_condition":"new"},"jetpack_publicize_connections":[],"jetpack_sharing_enabled":true,"jetpack_likes_enabled":true,"jetpack-related-posts":[],"_links":{"self":[{"href":"https:\/\/billaresrar.es\/en\/wp-json\/wp\/v2\/product\/781","targetHints":{"allow":["GET"]}}],"collection":[{"href":"https:\/\/billaresrar.es\/en\/wp-json\/wp\/v2\/product"}],"about":[{"href":"https:\/\/billaresrar.es\/en\/wp-json\/wp\/v2\/types\/product"}],"version-history":[{"count":0,"href":"https:\/\/billaresrar.es\/en\/wp-json\/wp\/v2\/product\/781\/revisions"}],"wp:featuredmedia":[{"embeddable":true,"href":"https:\/\/billaresrar.es\/en\/wp-json\/wp\/v2\/media\/807"}],"wp:attachment":[{"href":"https:\/\/billaresrar.es\/en\/wp-json\/wp\/v2\/media?parent=781"}],"wp:term":[{"taxonomy":"product_brand","embeddable":true,"href":"https:\/\/billaresrar.es\/en\/wp-json\/wp\/v2\/product_brand?post=781"},{"taxonomy":"product_cat","embeddable":true,"href":"https:\/\/billaresrar.es\/en\/wp-json\/wp\/v2\/product_cat?post=781"},{"taxonomy":"product_tag","embeddable":true,"href":"https:\/\/billaresrar.es\/en\/wp-json\/wp\/v2\/product_tag?post=781"}],"curies":[{"name":"wp","href":"https:\/\/api.w.org\/{rel}","templated":true}]}}