{"id":745,"date":"2023-12-18T11:18:46","date_gmt":"2023-12-18T10:18:46","guid":{"rendered":"https:\/\/rene.adrirodrigoagencia.es\/producto\/predator-arco-ii\/"},"modified":"2025-08-08T14:06:53","modified_gmt":"2025-08-08T12:06:53","slug":"bolas-predator-arcos-ii","status":"publish","type":"product","link":"https:\/\/billaresrar.es\/en\/product\/bolas-predator-arcos-ii\/","title":{"rendered":"Bolas Predator Arcos II"},"content":{"rendered":"<section class=\"block-tab\">\n<div class=\"tabs\">\n<div id=\"tab-content\" class=\"tab-content\">\n<div id=\"description\" class=\"tab-pane fade in active\">\n<div class=\"product-description\">\n<p>Despu\u00e9s de revolucionar las pistas de billar, Predator se ha asociado con el legendario fabricante de bolas Aramith para lanzar una bola de billar completamente nueva, altamente precisa y duradera. El objetivo de Predator, como siempre, es ayudarte a elevar t\u00fa juego y disfrute del juego. Al aplicar el estilo caracter\u00edstico Predator a la impecable tecnolog\u00eda y producci\u00f3n de Aramith, hemos creado un conjunto de bolas como ninguna otra.<\/p>\n<p>M\u00e1s precisas<\/p>\n<p>M\u00e1s duraderas<\/p>\n<p>Mas consistentes<\/p>\n<p>Mayor porcentaje de resina fen\u00f3lica.<\/p>\n<p>Bola \u00fanica con tri\u00e1ngulos de punter\u00eda distintivos<\/p>\n<p>Colores vibrantes optimizados para video<\/p>\n<\/div>\n<\/div>\n<\/div>\n<\/div>\n<\/section>\n<section class=\"prod-same-cat\">\n<div class=\"title-topsale\"><\/div>\n<\/section>","protected":false},"excerpt":{"rendered":"<section class=\"block-tab\">\n<div class=\"tabs\">\n<div id=\"tab-content\" class=\"tab-content\">\n<div id=\"description\" class=\"tab-pane fade in active\">\n<div class=\"product-description\">\n<p>Despu\u00e9s de revolucionar las pistas de billar, Predator se ha asociado con el legendario fabricante de bolas Aramith para lanzar una bola de billar completamente nueva, altamente precisa y duradera. El objetivo de Predator, como siempre, es ayudarte a elevar t\u00fa juego y disfrute del juego. Al aplicar el estilo caracter\u00edstico Predator a la impecable tecnolog\u00eda y producci\u00f3n de Aramith, hemos creado un conjunto de bolas como ninguna otra.<\/p>\n<p>M\u00e1s precisas<\/p>\n<p>M\u00e1s duraderas<\/p>\n<p>Mas consistentes<\/p>\n<p>Mayor porcentaje de resina fen\u00f3lica.<\/p>\n<p>Bola \u00fanica con tri\u00e1ngulos de punter\u00eda distintivos<\/p>\n<p>Colores vibrantes optimizados para video<\/p>\n<\/div>\n<\/div>\n<\/div>\n<\/div>\n<\/section>\n<section class=\"prod-same-cat\">\n<div class=\"title-topsale\"><\/div>\n<\/section>","protected":false},"featured_media":765,"template":"","meta":{"jetpack_publicize_message":"","jetpack_publicize_feature_enabled":true,"jetpack_social_post_already_shared":false,"jetpack_social_options":{"image_generator_settings":{"template":"highway","default_image_id":0,"font":"","enabled":false},"version":2}},"product_brand":[],"product_cat":[410,41,37,43],"product_tag":[105,106],"class_list":{"0":"post-745","1":"product","2":"type-product","3":"status-publish","4":"has-post-thumbnail","6":"product_cat-bolas-de-billar","7":"product_cat-bolas-de-billar-americano","8":"product_cat-mundo-billar","9":"product_cat-predator","10":"product_tag-bolas-predator-arcos-ii","11":"product_tag-predator-arcos-ii","13":"first","14":"onbackorder","15":"taxable","16":"shipping-taxable","17":"purchasable","18":"product-type-simple"},"yoast_head":"<!-- This site is optimized with the Yoast SEO plugin v27.5 - https:\/\/yoast.com\/product\/yoast-seo-wordpress\/ -->\n<title>Bolas de billar Predator Arcos II | RAR Billares<\/title>\n<meta name=\"description\" content=\"Bolas de billar Predator Arcos II para jugadores exigentes. Precisi\u00f3n, control y durabilidad asegurados. \u00a1Cons\u00edguelas online al mejor precio!\" \/>\n<meta name=\"robots\" content=\"index, follow, max-snippet:-1, max-image-preview:large, max-video-preview:-1\" \/>\n<link rel=\"canonical\" href=\"https:\/\/billaresrar.es\/en\/product\/bolas-predator-arcos-ii\/\" \/>\n<meta property=\"og:locale\" content=\"en_US\" \/>\n<meta property=\"og:type\" content=\"article\" \/>\n<meta property=\"og:title\" content=\"Bolas de billar Predator Arcos II | RAR Billares\" \/>\n<meta property=\"og:description\" content=\"Bolas de billar Predator Arcos II para jugadores exigentes. Precisi\u00f3n, control y durabilidad asegurados. \u00a1Cons\u00edguelas online al mejor precio!\" \/>\n<meta property=\"og:url\" content=\"https:\/\/billaresrar.es\/en\/product\/bolas-predator-arcos-ii\/\" \/>\n<meta property=\"og:site_name\" content=\"RAR Billares online shop\" \/>\n<meta property=\"article:modified_time\" content=\"2025-08-08T12:06:53+00:00\" \/>\n<meta property=\"og:image\" content=\"https:\/\/i0.wp.com\/billaresrar.es\/wp-content\/uploads\/2023\/12\/bolas-pool-predator-arcos-ii.png?fit=298%2C298&ssl=1\" \/>\n\t<meta property=\"og:image:width\" content=\"298\" \/>\n\t<meta property=\"og:image:height\" content=\"298\" \/>\n\t<meta property=\"og:image:type\" content=\"image\/png\" \/>\n<meta name=\"twitter:card\" content=\"summary_large_image\" \/>\n<meta name=\"twitter:label1\" content=\"Price\" \/>\n\t<meta name=\"twitter:data1\" content=\"385,00&nbsp;&euro;\" \/>\n\t<meta name=\"twitter:label2\" content=\"Availability\" \/>\n\t<meta name=\"twitter:data2\" content=\"On backorder\" \/>\n<script type=\"application\/ld+json\" class=\"yoast-schema-graph\">{\"@context\":\"https:\\\/\\\/schema.org\",\"@graph\":[{\"@type\":\"WebPage\",\"@id\":\"https:\\\/\\\/billaresrar.es\\\/producto\\\/bolas-predator-arcos-ii\\\/\",\"url\":\"https:\\\/\\\/billaresrar.es\\\/producto\\\/bolas-predator-arcos-ii\\\/\",\"name\":\"Bolas de billar Predator Arcos II | RAR Billares\",\"isPartOf\":{\"@id\":\"https:\\\/\\\/billaresrar.es\\\/#website\"},\"primaryImageOfPage\":{\"@id\":\"https:\\\/\\\/billaresrar.es\\\/producto\\\/bolas-predator-arcos-ii\\\/#primaryimage\"},\"image\":{\"@id\":\"https:\\\/\\\/billaresrar.es\\\/producto\\\/bolas-predator-arcos-ii\\\/#primaryimage\"},\"thumbnailUrl\":\"https:\\\/\\\/i0.wp.com\\\/billaresrar.es\\\/wp-content\\\/uploads\\\/2023\\\/12\\\/bolas-pool-predator-arcos-ii.png?fit=298%2C298&ssl=1\",\"datePublished\":\"2023-12-18T10:18:46+00:00\",\"dateModified\":\"2025-08-08T12:06:53+00:00\",\"description\":\"Bolas de billar Predator Arcos II para jugadores exigentes. Precisi\u00f3n, control y durabilidad asegurados. \u00a1Cons\u00edguelas online al mejor precio!\",\"breadcrumb\":{\"@id\":\"https:\\\/\\\/billaresrar.es\\\/producto\\\/bolas-predator-arcos-ii\\\/#breadcrumb\"},\"inLanguage\":\"en-US\",\"potentialAction\":[{\"@type\":\"ReadAction\",\"target\":[\"https:\\\/\\\/billaresrar.es\\\/producto\\\/bolas-predator-arcos-ii\\\/\"]}]},{\"@type\":\"ImageObject\",\"inLanguage\":\"en-US\",\"@id\":\"https:\\\/\\\/billaresrar.es\\\/producto\\\/bolas-predator-arcos-ii\\\/#primaryimage\",\"url\":\"https:\\\/\\\/i0.wp.com\\\/billaresrar.es\\\/wp-content\\\/uploads\\\/2023\\\/12\\\/bolas-pool-predator-arcos-ii.png?fit=298%2C298&ssl=1\",\"contentUrl\":\"https:\\\/\\\/i0.wp.com\\\/billaresrar.es\\\/wp-content\\\/uploads\\\/2023\\\/12\\\/bolas-pool-predator-arcos-ii.png?fit=298%2C298&ssl=1\",\"width\":298,\"height\":298},{\"@type\":\"BreadcrumbList\",\"@id\":\"https:\\\/\\\/billaresrar.es\\\/producto\\\/bolas-predator-arcos-ii\\\/#breadcrumb\",\"itemListElement\":[{\"@type\":\"ListItem\",\"position\":1,\"name\":\"Portada\",\"item\":\"https:\\\/\\\/billaresrar.es\\\/\"},{\"@type\":\"ListItem\",\"position\":2,\"name\":\"Tienda\",\"item\":\"https:\\\/\\\/billaresrar.es\\\/tienda-billares-rar\\\/\"},{\"@type\":\"ListItem\",\"position\":3,\"name\":\"Bolas Predator Arcos II\"}]},{\"@type\":\"WebSite\",\"@id\":\"https:\\\/\\\/billaresrar.es\\\/#website\",\"url\":\"https:\\\/\\\/billaresrar.es\\\/\",\"name\":\"RAR Billares\",\"description\":\"Nos dedicamos a la restauraci\u00f3n, personalizaci\u00f3n, compraventa e instalaci\u00f3n de mesas de billar.\",\"publisher\":{\"@id\":\"https:\\\/\\\/billaresrar.es\\\/#\\\/schema\\\/person\\\/58bf20f74847ad0e156049ad50e1cc19\"},\"potentialAction\":[{\"@type\":\"SearchAction\",\"target\":{\"@type\":\"EntryPoint\",\"urlTemplate\":\"https:\\\/\\\/billaresrar.es\\\/?s={search_term_string}\"},\"query-input\":{\"@type\":\"PropertyValueSpecification\",\"valueRequired\":true,\"valueName\":\"search_term_string\"}}],\"inLanguage\":\"en-US\"},{\"@type\":[\"Person\",\"Organization\"],\"@id\":\"https:\\\/\\\/billaresrar.es\\\/#\\\/schema\\\/person\\\/58bf20f74847ad0e156049ad50e1cc19\",\"name\":\"Ren\u00e9\",\"image\":{\"@type\":\"ImageObject\",\"inLanguage\":\"en-US\",\"@id\":\"https:\\\/\\\/i0.wp.com\\\/billaresrar.es\\\/wp-content\\\/uploads\\\/2024\\\/12\\\/definitivo-RAR.webp?fit=1920%2C1147&ssl=1\",\"url\":\"https:\\\/\\\/i0.wp.com\\\/billaresrar.es\\\/wp-content\\\/uploads\\\/2024\\\/12\\\/definitivo-RAR.webp?fit=1920%2C1147&ssl=1\",\"contentUrl\":\"https:\\\/\\\/i0.wp.com\\\/billaresrar.es\\\/wp-content\\\/uploads\\\/2024\\\/12\\\/definitivo-RAR.webp?fit=1920%2C1147&ssl=1\",\"width\":1920,\"height\":1147,\"caption\":\"Ren\u00e9\"},\"logo\":{\"@id\":\"https:\\\/\\\/i0.wp.com\\\/billaresrar.es\\\/wp-content\\\/uploads\\\/2024\\\/12\\\/definitivo-RAR.webp?fit=1920%2C1147&ssl=1\"}}]}<\/script>\n<meta property=\"product:price:amount\" content=\"385.00\" \/>\n<meta property=\"product:price:currency\" content=\"EUR\" \/>\n<meta property=\"og:availability\" content=\"backorder\" \/>\n<meta property=\"product:availability\" content=\"available for order\" \/>\n<meta property=\"product:retailer_item_id\" content=\"385\" \/>\n<meta property=\"product:condition\" content=\"new\" \/>\n<!-- \/ Yoast SEO plugin. -->","yoast_head_json":{"title":"Bolas de billar Predator Arcos II | RAR Billares","description":"Bolas de billar Predator Arcos II para jugadores exigentes. Precisi\u00f3n, control y durabilidad asegurados. \u00a1Cons\u00edguelas online al mejor precio!","robots":{"index":"index","follow":"follow","max-snippet":"max-snippet:-1","max-image-preview":"max-image-preview:large","max-video-preview":"max-video-preview:-1"},"canonical":"https:\/\/billaresrar.es\/en\/product\/bolas-predator-arcos-ii\/","og_locale":"en_US","og_type":"article","og_title":"Bolas de billar Predator Arcos II | RAR Billares","og_description":"Bolas de billar Predator Arcos II para jugadores exigentes. Precisi\u00f3n, control y durabilidad asegurados. \u00a1Cons\u00edguelas online al mejor precio!","og_url":"https:\/\/billaresrar.es\/en\/product\/bolas-predator-arcos-ii\/","og_site_name":"RAR Billares online shop","article_modified_time":"2025-08-08T12:06:53+00:00","og_image":[{"width":298,"height":298,"url":"https:\/\/i0.wp.com\/billaresrar.es\/wp-content\/uploads\/2023\/12\/bolas-pool-predator-arcos-ii.png?fit=298%2C298&ssl=1","type":"image\/png"}],"twitter_card":"summary_large_image","twitter_misc":{"Price":"385,00&nbsp;&euro;","Availability":"On backorder"},"schema":{"@context":"https:\/\/schema.org","@graph":[{"@type":"WebPage","@id":"https:\/\/billaresrar.es\/producto\/bolas-predator-arcos-ii\/","url":"https:\/\/billaresrar.es\/producto\/bolas-predator-arcos-ii\/","name":"Bolas de billar Predator Arcos II | RAR Billares","isPartOf":{"@id":"https:\/\/billaresrar.es\/#website"},"primaryImageOfPage":{"@id":"https:\/\/billaresrar.es\/producto\/bolas-predator-arcos-ii\/#primaryimage"},"image":{"@id":"https:\/\/billaresrar.es\/producto\/bolas-predator-arcos-ii\/#primaryimage"},"thumbnailUrl":"https:\/\/i0.wp.com\/billaresrar.es\/wp-content\/uploads\/2023\/12\/bolas-pool-predator-arcos-ii.png?fit=298%2C298&ssl=1","datePublished":"2023-12-18T10:18:46+00:00","dateModified":"2025-08-08T12:06:53+00:00","description":"Bolas de billar Predator Arcos II para jugadores exigentes. Precisi\u00f3n, control y durabilidad asegurados. \u00a1Cons\u00edguelas online al mejor precio!","breadcrumb":{"@id":"https:\/\/billaresrar.es\/producto\/bolas-predator-arcos-ii\/#breadcrumb"},"inLanguage":"en-US","potentialAction":[{"@type":"ReadAction","target":["https:\/\/billaresrar.es\/producto\/bolas-predator-arcos-ii\/"]}]},{"@type":"ImageObject","inLanguage":"en-US","@id":"https:\/\/billaresrar.es\/producto\/bolas-predator-arcos-ii\/#primaryimage","url":"https:\/\/i0.wp.com\/billaresrar.es\/wp-content\/uploads\/2023\/12\/bolas-pool-predator-arcos-ii.png?fit=298%2C298&ssl=1","contentUrl":"https:\/\/i0.wp.com\/billaresrar.es\/wp-content\/uploads\/2023\/12\/bolas-pool-predator-arcos-ii.png?fit=298%2C298&ssl=1","width":298,"height":298},{"@type":"BreadcrumbList","@id":"https:\/\/billaresrar.es\/producto\/bolas-predator-arcos-ii\/#breadcrumb","itemListElement":[{"@type":"ListItem","position":1,"name":"Portada","item":"https:\/\/billaresrar.es\/"},{"@type":"ListItem","position":2,"name":"Tienda","item":"https:\/\/billaresrar.es\/tienda-billares-rar\/"},{"@type":"ListItem","position":3,"name":"Bolas Predator Arcos II"}]},{"@type":"WebSite","@id":"https:\/\/billaresrar.es\/#website","url":"https:\/\/billaresrar.es\/","name":"RAR Billares","description":"Nos dedicamos a la restauraci\u00f3n, personalizaci\u00f3n, compraventa e instalaci\u00f3n de mesas de billar.","publisher":{"@id":"https:\/\/billaresrar.es\/#\/schema\/person\/58bf20f74847ad0e156049ad50e1cc19"},"potentialAction":[{"@type":"SearchAction","target":{"@type":"EntryPoint","urlTemplate":"https:\/\/billaresrar.es\/?s={search_term_string}"},"query-input":{"@type":"PropertyValueSpecification","valueRequired":true,"valueName":"search_term_string"}}],"inLanguage":"en-US"},{"@type":["Person","Organization"],"@id":"https:\/\/billaresrar.es\/#\/schema\/person\/58bf20f74847ad0e156049ad50e1cc19","name":"Ren\u00e9","image":{"@type":"ImageObject","inLanguage":"en-US","@id":"https:\/\/i0.wp.com\/billaresrar.es\/wp-content\/uploads\/2024\/12\/definitivo-RAR.webp?fit=1920%2C1147&ssl=1","url":"https:\/\/i0.wp.com\/billaresrar.es\/wp-content\/uploads\/2024\/12\/definitivo-RAR.webp?fit=1920%2C1147&ssl=1","contentUrl":"https:\/\/i0.wp.com\/billaresrar.es\/wp-content\/uploads\/2024\/12\/definitivo-RAR.webp?fit=1920%2C1147&ssl=1","width":1920,"height":1147,"caption":"Ren\u00e9"},"logo":{"@id":"https:\/\/i0.wp.com\/billaresrar.es\/wp-content\/uploads\/2024\/12\/definitivo-RAR.webp?fit=1920%2C1147&ssl=1"}}]},"product_price_amount":"385.00","product_price_currency":"EUR","og_availability":"backorder","product_availability":"available for order","product_retailer_item_id":"385","product_condition":"new"},"jetpack_publicize_connections":[],"jetpack_sharing_enabled":true,"jetpack_likes_enabled":true,"jetpack-related-posts":[],"_links":{"self":[{"href":"https:\/\/billaresrar.es\/en\/wp-json\/wp\/v2\/product\/745","targetHints":{"allow":["GET"]}}],"collection":[{"href":"https:\/\/billaresrar.es\/en\/wp-json\/wp\/v2\/product"}],"about":[{"href":"https:\/\/billaresrar.es\/en\/wp-json\/wp\/v2\/types\/product"}],"version-history":[{"count":1,"href":"https:\/\/billaresrar.es\/en\/wp-json\/wp\/v2\/product\/745\/revisions"}],"predecessor-version":[{"id":1405,"href":"https:\/\/billaresrar.es\/en\/wp-json\/wp\/v2\/product\/745\/revisions\/1405"}],"wp:featuredmedia":[{"embeddable":true,"href":"https:\/\/billaresrar.es\/en\/wp-json\/wp\/v2\/media\/765"}],"wp:attachment":[{"href":"https:\/\/billaresrar.es\/en\/wp-json\/wp\/v2\/media?parent=745"}],"wp:term":[{"taxonomy":"product_brand","embeddable":true,"href":"https:\/\/billaresrar.es\/en\/wp-json\/wp\/v2\/product_brand?post=745"},{"taxonomy":"product_cat","embeddable":true,"href":"https:\/\/billaresrar.es\/en\/wp-json\/wp\/v2\/product_cat?post=745"},{"taxonomy":"product_tag","embeddable":true,"href":"https:\/\/billaresrar.es\/en\/wp-json\/wp\/v2\/product_tag?post=745"}],"curies":[{"name":"wp","href":"https:\/\/api.w.org\/{rel}","templated":true}]}}