{"id":3714,"date":"2026-03-13T20:53:32","date_gmt":"2026-03-13T19:53:32","guid":{"rendered":"https:\/\/billaresrar.es\/?post_type=product&#038;p=3714"},"modified":"2026-04-11T23:21:16","modified_gmt":"2026-04-11T21:21:16","slug":"bolas-dynaspheres-palladium-tv","status":"publish","type":"product","link":"https:\/\/billaresrar.es\/en\/product\/bolas-dynaspheres-palladium-tv\/","title":{"rendered":"BOLAS DYNASPHERES PALLADIUM TV"},"content":{"rendered":"<h1>BOLAS DYNASPHERES PALLADIUM TV<\/h1>\n<p><span dir=\"auto\">Juego de bolas de billar Dynaspheres PALLADIUM TV de 57,2 mm:<\/span><\/p>\n<p><strong><span class=\"VIiyi\" lang=\"cs\" xml:lang=\"cs\"><span dir=\"auto\">&#8211; El set incluye 15 bolas de colores y 2 blancas.<\/span><\/span><\/strong><\/p>\n<p><span dir=\"auto\">&#8211; Cada bola blanca est\u00e1 marcada con 6 Rotors\u2122 negros para una mayor retroalimentaci\u00f3n del efecto.<\/span><\/p>\n<p><span dir=\"auto\">&#8211; TAMA\u00d1O: 57,2 mm +\/- 0,08 mm<\/span><\/p>\n<p><span dir=\"auto\">&#8211; PESO: 169 gramos +\/- 1,0 gramos<\/span><\/p>\n<p><span dir=\"auto\">&#8211; DUREZA: \u2265 59 Rockwell<\/span><\/p>\n<p><span dir=\"auto\">&#8211; COMPOSICI\u00d3N: contenido extremadamente alto de resina fen\u00f3lica<\/span><\/p>\n<p><span class=\"VIiyi\" lang=\"cs\" xml:lang=\"cs\"><span dir=\"auto\">La marca Dyna|spheres\u2122 se cre\u00f3 en 2010 como un proyecto para desarrollar una marca de esferas de resina fen\u00f3lica que pudiera competir con el \u00fanico fabricante conocido en ese momento (Aramith).<\/span><\/span><\/p>\n<p><span class=\"VIiyi\" lang=\"cs\" xml:lang=\"cs\"><span class=\"JLqJ4b\"><span dir=\"auto\">HCSB es desarrollador, distribuidor y propietario de marcas registradas de varias de las marcas m\u00e1s famosas en la industria del billar:<\/span><\/span><span dir=\"auto\">\u00a0\u00a0Klematch, Gabriels, NovaRossi, Molinari.<\/span><br \/>\n<\/span><\/p>\n<p><span class=\"VIiyi\" lang=\"cs\" xml:lang=\"cs\"><span dir=\"auto\">HCSB ha elegido asociarse con el conglomerado qu\u00edmico taiwan\u00e9s XinBiing Rubber Co., que cuenta con una trayectoria comprobada de colaboraciones exitosas con empresas como Logitech\u2122, HP\u2122 y Microsoft\u2122. XinBiing y Saluc SA (fabricante belga de bolas de billar Aramith\u2122)<\/span><\/span><\/p>\n<h4><span class=\"VIiyi\" lang=\"cs\" xml:lang=\"cs\"><span dir=\"auto\">Descubre la pr\u00f3xi<\/span><\/span><span class=\"VIiyi\" lang=\"cs\" xml:lang=\"cs\"><span dir=\"auto\">ma generaci\u00f3n de bolas de billar<\/span><\/span><\/h4>\n<p><span class=\"VIiyi\" lang=\"cs\" xml:lang=\"cs\"><span dir=\"auto\">.<\/span><\/span>Todo el proceso de producci\u00f3n de la pelota, de principio a fin, dura 23 d\u00edas y consta de 49 pasos individuales. Durante este proceso, realizamos 54 pruebas para garantizar la perfecci\u00f3n.<\/p>\n<p><span class=\"VIiyi\" lang=\"cs\" xml:lang=\"cs\"><span dir=\"auto\">La producci\u00f3n comienza con la preparaci\u00f3n de los lotes necesarios de resina fen\u00f3lica seg\u00fan una receta estricta. El robot llena los moldes con la resina. Primero, se realiza un curado en el horno; esto convierte la resina en un s\u00f3lido. En esta etapa, la resina a\u00fan no est\u00e1 completamente curada. Primero, se prepara la forma aproximada de la bola mediante lijado. <\/span><\/span><\/p>\n<p><span class=\"VIiyi\" lang=\"cs\" xml:lang=\"cs\"><span dir=\"auto\">A continuaci\u00f3n, se graban los n\u00fameros u otros caracteres en la bola con una herramienta de diamante de 0,25 mm. Segundo curado en el horno. (Dependiendo del n\u00famero de caracteres requeridos, se repetir\u00e1n los 3 pasos anteriores). Segundo lijado para acercar la bola a su tama\u00f1o final. <\/span><\/span><\/p>\n<p><span class=\"VIiyi\" lang=\"cs\" xml:lang=\"cs\"><span dir=\"auto\">Una rectificadora personalizada combinada con una fresadora de 5 ejes ajusta la bola a su tama\u00f1o final. Curado final bajo condiciones muy controladas para garantizar una dureza y un color uniformes. \u00a15000 bolas entrar\u00e1n en el horno al mismo tiempo! Un proceso de acabado\/pulido patentado (HC-142) le dar\u00e1 a la bola su resistencia y brillo finales.<\/span><\/span><\/p>\n<p><span class=\"VIiyi\" lang=\"cs\" xml:lang=\"cs\"><span dir=\"auto\">Los requisitos m\u00ednimos de calidad que Dynaspheres ha establecido para sus juegos de bolas son, con diferencia, los m\u00e1s estrictos del sector:<\/span><\/span><\/p>\n<p><span class=\"VIiyi\" lang=\"cs\" xml:lang=\"cs\"><span dir=\"auto\">Peso: la desviaci\u00f3n entre todas las bolas de un juego es inferior a 1,5 gramos. Dimensiones: la desviaci\u00f3n m\u00e1xima del di\u00e1metro central es de 0,08 mm. Redondez: todos los juegos con una desviaci\u00f3n m\u00e1xima de 0,04 mm. Dureza: \u2265 56 Rockwell E. Densidad: mejor que 1700<\/span><\/span><\/p>","protected":false},"excerpt":{"rendered":"<h1><strong>BOLAS DYNASPHERES PALLADIUM TV<\/strong><\/h1>\n<p><span dir=\"auto\">Juego de bolas de billar Dynaspheres PALLADIUM TV de 57,2 mm:<\/span><\/p>\n<p><strong><span class=\"VIiyi\" lang=\"cs\" xml:lang=\"cs\"><span dir=\"auto\">&#8211; El set incluye 15 bolas de colores y 2 blancas.<\/span><\/span><\/strong><\/p>\n<ul>\n<li><span dir=\"auto\"> Cada bola blanca est\u00e1 marcada con 6 Rotors\u2122 negros para una mayor retroalimentaci\u00f3n del efecto.<\/span><\/li>\n<li><span dir=\"auto\"> TAMA\u00d1O: 57,2 mm +\/- 0,08 mm<\/span><\/li>\n<li><span dir=\"auto\"> PESO: 169 gramos +\/- 1,0 gramos<\/span><\/li>\n<li>\u00a0DUREZA: \u2265 59 Rockwell<\/li>\n<li><span dir=\"auto\"> COMPOSICI\u00d3N: contenido extremadamente alto de resina fen\u00f3lica<\/span><\/li>\n<\/ul>\n<p><span class=\"VIiyi\" lang=\"cs\" xml:lang=\"cs\"><span dir=\"auto\">La marca Dyna|spheres\u2122 se cre\u00f3 en 2010 como un proyecto para desarrollar una marca de esferas de resina fen\u00f3lica que pudiera competir con el \u00fanico fabricante conocido en ese momento (Aramith).<\/span><\/span><\/p>\n<p><span class=\"VIiyi\" lang=\"cs\" xml:lang=\"cs\"><span class=\"JLqJ4b\"><span dir=\"auto\">HCSB es desarrollador, distribuidor y propietario de marcas registradas de varias de las marcas m\u00e1s famosas en la industria del billar:<\/span><\/span><span dir=\"auto\">\u00a0\u00a0Klematch, Gabriels, NovaRossi, Molinari.<\/span><br \/>\n<\/span><\/p>\n<p><span class=\"VIiyi\" lang=\"cs\" xml:lang=\"cs\"><span dir=\"auto\">HCSB ha elegido asociarse con el conglomerado qu\u00edmico taiwan\u00e9s XinBiing Rubber Co., que cuenta con una trayectoria comprobada de colaboraciones exitosas con empresas como Logitech\u2122, HP\u2122 y Microsoft\u2122. XinBiing y Saluc SA (fabricante belga de bolas de billar Aramith\u2122)<\/span><\/span><\/p>\n<h2><span class=\"VIiyi\" lang=\"cs\" xml:lang=\"cs\"><span dir=\"auto\">Descubre la pr\u00f3xima generaci\u00f3n de bolas de billar.<\/span><\/span><\/h2>\n<p><span class=\"VIiyi\" lang=\"cs\" xml:lang=\"cs\"><span dir=\"auto\">Todo el proceso de producci\u00f3n de la pelota, de principio a fin, dura 23 d\u00edas y consta de 49 pasos individuales. Durante este proceso, realizamos 54 pruebas para garantizar la perfecci\u00f3n.<\/span><\/span><\/p>\n<p><span class=\"VIiyi\" lang=\"cs\" xml:lang=\"cs\"><span dir=\"auto\">La producci\u00f3n comienza con la preparaci\u00f3n de los lotes necesarios de resina fen\u00f3lica seg\u00fan una receta estricta,el robot llena los moldes con la resina. Primero, se realiza un curado en el horno; esto convierte la resina en un s\u00f3lido. En esta etapa, la resina a\u00fan no est\u00e1 completamente curada. Primero, se prepara la forma aproximada de la bola mediante lijado. <\/span><\/span><\/p>\n<p><span class=\"VIiyi\" lang=\"cs\" xml:lang=\"cs\"><span dir=\"auto\">A continuaci\u00f3n, se graban los n\u00fameros u otros caracteres en la bola con una herramienta de diamante de 0,25 mm. Segundo curado en el horno. (Dependiendo del n\u00famero de caracteres requeridos, se repetir\u00e1n los 3 pasos anteriores). Segundo lijado para acercar la bola a su tama\u00f1o final. <\/span><\/span><\/p>\n<p><span class=\"VIiyi\" lang=\"cs\" xml:lang=\"cs\"><span dir=\"auto\">Una rectificadora personalizada combinada con una fresadora de 5 ejes ajusta la bola a su tama\u00f1o final. Curado final bajo condiciones muy controladas para garantizar una dureza y un color uniformes. \u00a15000 bolas entrar\u00e1n en el horno al mismo tiempo! Un proceso de acabado\/pulido patentado (HC-142) le dar\u00e1 a la bola su resistencia y brillo finales.<\/span><\/span><\/p>\n<p><span class=\"VIiyi\" lang=\"cs\" xml:lang=\"cs\"><span dir=\"auto\">Los requisitos m\u00ednimos de calidad que Dynaspheres ha establecido para sus juegos de bolas son, con diferencia, los m\u00e1s estrictos del sector:<\/span><\/span><\/p>\n<p><span class=\"VIiyi\" lang=\"cs\" xml:lang=\"cs\"><span dir=\"auto\">Peso: la desviaci\u00f3n entre todas las bolas de un juego es inferior a 1,5 gramos. Dimensiones: la desviaci\u00f3n m\u00e1xima del di\u00e1metro central es de 0,08 mm. Redondez: todos los juegos con una desviaci\u00f3n m\u00e1xima de 0,04 mm. Dureza: \u2265 56 Rockwell E. Densidad: mejor que 1700<\/span><\/span><\/p>","protected":false},"featured_media":3715,"template":"","meta":{"jetpack_post_was_ever_published":false,"jetpack_publicize_message":"","jetpack_publicize_feature_enabled":true,"jetpack_social_post_already_shared":true,"jetpack_social_options":{"image_generator_settings":{"template":"highway","default_image_id":0,"font":"","enabled":false},"version":2}},"product_brand":[],"product_cat":[35,410,41,37],"product_tag":[454,518,509,526,525],"class_list":{"0":"post-3714","1":"product","2":"type-product","3":"status-publish","4":"has-post-thumbnail","6":"product_cat-accesorios-de-billar","7":"product_cat-bolas-de-billar","8":"product_cat-bolas-de-billar-americano","9":"product_cat-mundo-billar","10":"product_tag-bolas-de-billar-americano","11":"product_tag-bolas-dynaspheres","12":"product_tag-dynaspheres","13":"product_tag-dynaspheres-palladium","14":"product_tag-dynaspheres-palladium-tv","16":"first","17":"instock","18":"taxable","19":"shipping-taxable","20":"purchasable","21":"product-type-simple"},"yoast_head":"<!-- This site is optimized with the Yoast SEO plugin v27.4 - https:\/\/yoast.com\/product\/yoast-seo-wordpress\/ -->\n<title>BOLAS DYNASPHERES PALLADIUM TV - RAR Billares online shop<\/title>\n<meta name=\"description\" content=\"Los requisitos m\u00ednimos de calidad que Dynaspheres ha establecido para sus juegos de bolas son, con diferencia, los m\u00e1s estrictos del sector.\" \/>\n<meta name=\"robots\" content=\"index, follow, max-snippet:-1, max-image-preview:large, max-video-preview:-1\" \/>\n<link rel=\"canonical\" href=\"https:\/\/billaresrar.es\/en\/product\/bolas-dynaspheres-palladium-tv\/\" \/>\n<meta property=\"og:locale\" content=\"en_US\" \/>\n<meta property=\"og:type\" content=\"article\" \/>\n<meta property=\"og:title\" content=\"BOLAS DYNASPHERES PALLADIUM TV - RAR Billares online shop\" \/>\n<meta property=\"og:description\" content=\"Los requisitos m\u00ednimos de calidad que Dynaspheres ha establecido para sus juegos de bolas son, con diferencia, los m\u00e1s estrictos del sector.\" \/>\n<meta property=\"og:url\" content=\"https:\/\/billaresrar.es\/en\/product\/bolas-dynaspheres-palladium-tv\/\" \/>\n<meta property=\"og:site_name\" content=\"RAR Billares online shop\" \/>\n<meta property=\"article:modified_time\" content=\"2026-04-11T21:21:16+00:00\" \/>\n<meta property=\"og:image\" content=\"https:\/\/billaresrar.es\/wp-content\/uploads\/2026\/03\/sada-poolovych-kouli-dynaspheres-palladium-tv-572mm.jpg\" \/>\n\t<meta property=\"og:image:width\" content=\"1200\" \/>\n\t<meta property=\"og:image:height\" content=\"800\" \/>\n\t<meta property=\"og:image:type\" content=\"image\/jpeg\" \/>\n<meta name=\"twitter:card\" content=\"summary_large_image\" \/>\n<meta name=\"twitter:label1\" content=\"Price\" \/>\n\t<meta name=\"twitter:data1\" content=\"295,00&nbsp;&euro;\" \/>\n\t<meta name=\"twitter:label2\" content=\"Availability\" \/>\n\t<meta name=\"twitter:data2\" content=\"In stock\" \/>\n<script type=\"application\/ld+json\" class=\"yoast-schema-graph\">{\"@context\":\"https:\\\/\\\/schema.org\",\"@graph\":[{\"@type\":\"WebPage\",\"@id\":\"https:\\\/\\\/billaresrar.es\\\/producto\\\/bolas-dynaspheres-palladium-tv\\\/\",\"url\":\"https:\\\/\\\/billaresrar.es\\\/producto\\\/bolas-dynaspheres-palladium-tv\\\/\",\"name\":\"BOLAS DYNASPHERES PALLADIUM TV - RAR Billares online shop\",\"isPartOf\":{\"@id\":\"https:\\\/\\\/billaresrar.es\\\/#website\"},\"primaryImageOfPage\":{\"@id\":\"https:\\\/\\\/billaresrar.es\\\/producto\\\/bolas-dynaspheres-palladium-tv\\\/#primaryimage\"},\"image\":{\"@id\":\"https:\\\/\\\/billaresrar.es\\\/producto\\\/bolas-dynaspheres-palladium-tv\\\/#primaryimage\"},\"thumbnailUrl\":\"https:\\\/\\\/i0.wp.com\\\/billaresrar.es\\\/wp-content\\\/uploads\\\/2026\\\/03\\\/sada-poolovych-kouli-dynaspheres-palladium-tv-572mm.jpg?fit=1200%2C800&ssl=1\",\"datePublished\":\"2026-03-13T19:53:32+00:00\",\"dateModified\":\"2026-04-11T21:21:16+00:00\",\"description\":\"Los requisitos m\u00ednimos de calidad que Dynaspheres ha establecido para sus juegos de bolas son, con diferencia, los m\u00e1s estrictos del sector.\",\"breadcrumb\":{\"@id\":\"https:\\\/\\\/billaresrar.es\\\/producto\\\/bolas-dynaspheres-palladium-tv\\\/#breadcrumb\"},\"inLanguage\":\"en-US\",\"potentialAction\":[{\"@type\":\"ReadAction\",\"target\":[\"https:\\\/\\\/billaresrar.es\\\/producto\\\/bolas-dynaspheres-palladium-tv\\\/\"]}]},{\"@type\":\"ImageObject\",\"inLanguage\":\"en-US\",\"@id\":\"https:\\\/\\\/billaresrar.es\\\/producto\\\/bolas-dynaspheres-palladium-tv\\\/#primaryimage\",\"url\":\"https:\\\/\\\/i0.wp.com\\\/billaresrar.es\\\/wp-content\\\/uploads\\\/2026\\\/03\\\/sada-poolovych-kouli-dynaspheres-palladium-tv-572mm.jpg?fit=1200%2C800&ssl=1\",\"contentUrl\":\"https:\\\/\\\/i0.wp.com\\\/billaresrar.es\\\/wp-content\\\/uploads\\\/2026\\\/03\\\/sada-poolovych-kouli-dynaspheres-palladium-tv-572mm.jpg?fit=1200%2C800&ssl=1\",\"width\":1200,\"height\":800,\"caption\":\"BOLAS DYNASPHERES PALLADIUM TV\"},{\"@type\":\"BreadcrumbList\",\"@id\":\"https:\\\/\\\/billaresrar.es\\\/producto\\\/bolas-dynaspheres-palladium-tv\\\/#breadcrumb\",\"itemListElement\":[{\"@type\":\"ListItem\",\"position\":1,\"name\":\"Portada\",\"item\":\"https:\\\/\\\/billaresrar.es\\\/\"},{\"@type\":\"ListItem\",\"position\":2,\"name\":\"Tienda\",\"item\":\"https:\\\/\\\/billaresrar.es\\\/tienda-billares-rar\\\/\"},{\"@type\":\"ListItem\",\"position\":3,\"name\":\"BOLAS DYNASPHERES PALLADIUM TV\"}]},{\"@type\":\"WebSite\",\"@id\":\"https:\\\/\\\/billaresrar.es\\\/#website\",\"url\":\"https:\\\/\\\/billaresrar.es\\\/\",\"name\":\"RAR Billares\",\"description\":\"Nos dedicamos a la restauraci\u00f3n, personalizaci\u00f3n, compraventa e instalaci\u00f3n de mesas de billar.\",\"publisher\":{\"@id\":\"https:\\\/\\\/billaresrar.es\\\/#\\\/schema\\\/person\\\/58bf20f74847ad0e156049ad50e1cc19\"},\"potentialAction\":[{\"@type\":\"SearchAction\",\"target\":{\"@type\":\"EntryPoint\",\"urlTemplate\":\"https:\\\/\\\/billaresrar.es\\\/?s={search_term_string}\"},\"query-input\":{\"@type\":\"PropertyValueSpecification\",\"valueRequired\":true,\"valueName\":\"search_term_string\"}}],\"inLanguage\":\"en-US\"},{\"@type\":[\"Person\",\"Organization\"],\"@id\":\"https:\\\/\\\/billaresrar.es\\\/#\\\/schema\\\/person\\\/58bf20f74847ad0e156049ad50e1cc19\",\"name\":\"Ren\u00e9\",\"image\":{\"@type\":\"ImageObject\",\"inLanguage\":\"en-US\",\"@id\":\"https:\\\/\\\/i0.wp.com\\\/billaresrar.es\\\/wp-content\\\/uploads\\\/2024\\\/12\\\/definitivo-RAR.webp?fit=1920%2C1147&ssl=1\",\"url\":\"https:\\\/\\\/i0.wp.com\\\/billaresrar.es\\\/wp-content\\\/uploads\\\/2024\\\/12\\\/definitivo-RAR.webp?fit=1920%2C1147&ssl=1\",\"contentUrl\":\"https:\\\/\\\/i0.wp.com\\\/billaresrar.es\\\/wp-content\\\/uploads\\\/2024\\\/12\\\/definitivo-RAR.webp?fit=1920%2C1147&ssl=1\",\"width\":1920,\"height\":1147,\"caption\":\"Ren\u00e9\"},\"logo\":{\"@id\":\"https:\\\/\\\/i0.wp.com\\\/billaresrar.es\\\/wp-content\\\/uploads\\\/2024\\\/12\\\/definitivo-RAR.webp?fit=1920%2C1147&ssl=1\"}}]}<\/script>\n<meta property=\"product:price:amount\" content=\"295.00\" \/>\n<meta property=\"product:price:currency\" content=\"EUR\" \/>\n<meta property=\"og:availability\" content=\"instock\" \/>\n<meta property=\"product:availability\" content=\"instock\" \/>\n<meta property=\"product:condition\" content=\"new\" \/>\n<!-- \/ Yoast SEO plugin. -->","yoast_head_json":{"title":"BOLAS DYNASPHERES PALLADIUM TV - RAR Billares online shop","description":"Los requisitos m\u00ednimos de calidad que Dynaspheres ha establecido para sus juegos de bolas son, con diferencia, los m\u00e1s estrictos del sector.","robots":{"index":"index","follow":"follow","max-snippet":"max-snippet:-1","max-image-preview":"max-image-preview:large","max-video-preview":"max-video-preview:-1"},"canonical":"https:\/\/billaresrar.es\/en\/product\/bolas-dynaspheres-palladium-tv\/","og_locale":"en_US","og_type":"article","og_title":"BOLAS DYNASPHERES PALLADIUM TV - RAR Billares online shop","og_description":"Los requisitos m\u00ednimos de calidad que Dynaspheres ha establecido para sus juegos de bolas son, con diferencia, los m\u00e1s estrictos del sector.","og_url":"https:\/\/billaresrar.es\/en\/product\/bolas-dynaspheres-palladium-tv\/","og_site_name":"RAR Billares online shop","article_modified_time":"2026-04-11T21:21:16+00:00","og_image":[{"width":1200,"height":800,"url":"https:\/\/billaresrar.es\/wp-content\/uploads\/2026\/03\/sada-poolovych-kouli-dynaspheres-palladium-tv-572mm.jpg","type":"image\/jpeg"}],"twitter_card":"summary_large_image","twitter_misc":{"Price":"295,00&nbsp;&euro;","Availability":"In stock"},"schema":{"@context":"https:\/\/schema.org","@graph":[{"@type":"WebPage","@id":"https:\/\/billaresrar.es\/producto\/bolas-dynaspheres-palladium-tv\/","url":"https:\/\/billaresrar.es\/producto\/bolas-dynaspheres-palladium-tv\/","name":"BOLAS DYNASPHERES PALLADIUM TV - RAR Billares online shop","isPartOf":{"@id":"https:\/\/billaresrar.es\/#website"},"primaryImageOfPage":{"@id":"https:\/\/billaresrar.es\/producto\/bolas-dynaspheres-palladium-tv\/#primaryimage"},"image":{"@id":"https:\/\/billaresrar.es\/producto\/bolas-dynaspheres-palladium-tv\/#primaryimage"},"thumbnailUrl":"https:\/\/i0.wp.com\/billaresrar.es\/wp-content\/uploads\/2026\/03\/sada-poolovych-kouli-dynaspheres-palladium-tv-572mm.jpg?fit=1200%2C800&ssl=1","datePublished":"2026-03-13T19:53:32+00:00","dateModified":"2026-04-11T21:21:16+00:00","description":"Los requisitos m\u00ednimos de calidad que Dynaspheres ha establecido para sus juegos de bolas son, con diferencia, los m\u00e1s estrictos del sector.","breadcrumb":{"@id":"https:\/\/billaresrar.es\/producto\/bolas-dynaspheres-palladium-tv\/#breadcrumb"},"inLanguage":"en-US","potentialAction":[{"@type":"ReadAction","target":["https:\/\/billaresrar.es\/producto\/bolas-dynaspheres-palladium-tv\/"]}]},{"@type":"ImageObject","inLanguage":"en-US","@id":"https:\/\/billaresrar.es\/producto\/bolas-dynaspheres-palladium-tv\/#primaryimage","url":"https:\/\/i0.wp.com\/billaresrar.es\/wp-content\/uploads\/2026\/03\/sada-poolovych-kouli-dynaspheres-palladium-tv-572mm.jpg?fit=1200%2C800&ssl=1","contentUrl":"https:\/\/i0.wp.com\/billaresrar.es\/wp-content\/uploads\/2026\/03\/sada-poolovych-kouli-dynaspheres-palladium-tv-572mm.jpg?fit=1200%2C800&ssl=1","width":1200,"height":800,"caption":"BOLAS DYNASPHERES PALLADIUM TV"},{"@type":"BreadcrumbList","@id":"https:\/\/billaresrar.es\/producto\/bolas-dynaspheres-palladium-tv\/#breadcrumb","itemListElement":[{"@type":"ListItem","position":1,"name":"Portada","item":"https:\/\/billaresrar.es\/"},{"@type":"ListItem","position":2,"name":"Tienda","item":"https:\/\/billaresrar.es\/tienda-billares-rar\/"},{"@type":"ListItem","position":3,"name":"BOLAS DYNASPHERES PALLADIUM TV"}]},{"@type":"WebSite","@id":"https:\/\/billaresrar.es\/#website","url":"https:\/\/billaresrar.es\/","name":"RAR Billares","description":"Nos dedicamos a la restauraci\u00f3n, personalizaci\u00f3n, compraventa e instalaci\u00f3n de mesas de billar.","publisher":{"@id":"https:\/\/billaresrar.es\/#\/schema\/person\/58bf20f74847ad0e156049ad50e1cc19"},"potentialAction":[{"@type":"SearchAction","target":{"@type":"EntryPoint","urlTemplate":"https:\/\/billaresrar.es\/?s={search_term_string}"},"query-input":{"@type":"PropertyValueSpecification","valueRequired":true,"valueName":"search_term_string"}}],"inLanguage":"en-US"},{"@type":["Person","Organization"],"@id":"https:\/\/billaresrar.es\/#\/schema\/person\/58bf20f74847ad0e156049ad50e1cc19","name":"Ren\u00e9","image":{"@type":"ImageObject","inLanguage":"en-US","@id":"https:\/\/i0.wp.com\/billaresrar.es\/wp-content\/uploads\/2024\/12\/definitivo-RAR.webp?fit=1920%2C1147&ssl=1","url":"https:\/\/i0.wp.com\/billaresrar.es\/wp-content\/uploads\/2024\/12\/definitivo-RAR.webp?fit=1920%2C1147&ssl=1","contentUrl":"https:\/\/i0.wp.com\/billaresrar.es\/wp-content\/uploads\/2024\/12\/definitivo-RAR.webp?fit=1920%2C1147&ssl=1","width":1920,"height":1147,"caption":"Ren\u00e9"},"logo":{"@id":"https:\/\/i0.wp.com\/billaresrar.es\/wp-content\/uploads\/2024\/12\/definitivo-RAR.webp?fit=1920%2C1147&ssl=1"}}]},"product_price_amount":"295.00","product_price_currency":"EUR","og_availability":"instock","product_availability":"instock","product_condition":"new"},"jetpack_publicize_connections":[],"jetpack_sharing_enabled":true,"jetpack_likes_enabled":true,"jetpack-related-posts":[],"_links":{"self":[{"href":"https:\/\/billaresrar.es\/en\/wp-json\/wp\/v2\/product\/3714","targetHints":{"allow":["GET"]}}],"collection":[{"href":"https:\/\/billaresrar.es\/en\/wp-json\/wp\/v2\/product"}],"about":[{"href":"https:\/\/billaresrar.es\/en\/wp-json\/wp\/v2\/types\/product"}],"version-history":[{"count":1,"href":"https:\/\/billaresrar.es\/en\/wp-json\/wp\/v2\/product\/3714\/revisions"}],"predecessor-version":[{"id":3716,"href":"https:\/\/billaresrar.es\/en\/wp-json\/wp\/v2\/product\/3714\/revisions\/3716"}],"wp:featuredmedia":[{"embeddable":true,"href":"https:\/\/billaresrar.es\/en\/wp-json\/wp\/v2\/media\/3715"}],"wp:attachment":[{"href":"https:\/\/billaresrar.es\/en\/wp-json\/wp\/v2\/media?parent=3714"}],"wp:term":[{"taxonomy":"product_brand","embeddable":true,"href":"https:\/\/billaresrar.es\/en\/wp-json\/wp\/v2\/product_brand?post=3714"},{"taxonomy":"product_cat","embeddable":true,"href":"https:\/\/billaresrar.es\/en\/wp-json\/wp\/v2\/product_cat?post=3714"},{"taxonomy":"product_tag","embeddable":true,"href":"https:\/\/billaresrar.es\/en\/wp-json\/wp\/v2\/product_tag?post=3714"}],"curies":[{"name":"wp","href":"https:\/\/api.w.org\/{rel}","templated":true}]}}