{"id":3697,"date":"2026-03-10T18:37:42","date_gmt":"2026-03-10T17:37:42","guid":{"rendered":"https:\/\/billaresrar.es\/?post_type=product&#038;p=3697"},"modified":"2026-03-12T00:22:24","modified_gmt":"2026-03-11T23:22:24","slug":"mesa-rasson-victory-iii","status":"publish","type":"product","link":"https:\/\/billaresrar.es\/en\/product\/mesa-rasson-victory-iii\/","title":{"rendered":"Mesa Rasson Victory III"},"content":{"rendered":"<p>Mesa Rasson Victory III<\/p>\n<h2><span data-contrast=\"auto\">Precisi\u00f3n y rendimiento en perfecci\u00f3n<\/span><span data-ccp-props=\"{}\">\u00a0<\/span><\/h2>\n<p><span data-contrast=\"auto\">La\u00a0Rasson\u00a0Victory III establece un nuevo est\u00e1ndar en dise\u00f1o, precisi\u00f3n y estabilidad. Su impactante base de pedestal en forma de V no solo crea una\u00a0apariencia arquitect\u00f3nica audaz, sino\u00a0que tambi\u00e9n garantiza un equilibrio y una resistencia excepcionales. Equipada con los sistemas\u00a0patentados<\/span><span data-contrast=\"auto\">\u00a0SLS (Sistema de Nivelaci\u00f3n de Pizarra)\u00a0<\/span><span data-contrast=\"auto\">y\u00a0<\/span><span data-contrast=\"auto\">LLS (Sistema de Nivelaci\u00f3n de Patas)\u00a0<\/span><span data-contrast=\"auto\">de Rasson\u00a0<\/span><span data-contrast=\"auto\">,\u00a0la Victory\u00a0III permite una alineaci\u00f3n perfecta tanto de la pizarra como del marco para una superficie de juego perfectamente nivelada.<\/span><span data-ccp-props=\"{}\">\u00a0<\/span><\/p>\n<p><span data-contrast=\"auto\">Una combinaci\u00f3n de pizarra\u00a0Rasson\u00a0premium de 30 mm (\u00a01,18\u2033)\u00a0, viga de soporte de aluminio, esquinas s\u00f3lidas de zinc-aluminio y\u00a0<\/span><span data-contrast=\"auto\">almohadillas de goma<\/span><span data-contrast=\"auto\">\u00a0RASSON MAX (K55)\u00a0<\/span><span data-contrast=\"auto\">garantiza\u00a0<\/span><span data-contrast=\"auto\">una jugabilidad excepcional y una rigidez estructural absoluta. Los faldones de aluminio de alta calidad y el revestimiento de fluorocarbono proporcionan un acabado elegante y duradero que resiste el uso intensivo,\u00a0<\/span><span data-contrast=\"auto\">conservando\u00a0<\/span><span data-contrast=\"auto\">su aspecto refinado.<\/span><span data-ccp-props=\"{}\">\u00a0<\/span><\/p>\n<p><span data-contrast=\"auto\">Las cavidades\u00a0<\/span><span data-contrast=\"auto\">de TPE (\u00a0elast\u00f3mero\u00a0termopl\u00e1stico<\/span><span data-contrast=\"auto\">\u00a0) son excepcionalmente silenciosas, indeformables y altamente resistentes al desgaste. El sistema\u00a0<\/span><span data-contrast=\"auto\">LevelBox\u00a0II , dise\u00f1ado con precisi\u00f3n\u00a0<\/span><span data-contrast=\"auto\">, permite ajustes precisos de la pizarra,\u00a0manteniendo\u00a0una superficie perfectamente plana durante toda su vida \u00fatil.<\/span><span data-ccp-props=\"{}\">\u00a0<\/span><\/p>\n<p>Pa\u00f1o CPBA Competition incluido.<\/p>\n<p>&nbsp;<\/p>\n<p><b><strong><span data-contrast=\"auto\">9 pies (ft)<\/span><span data-ccp-props=\"{}\">\u00a0<\/span><\/strong><\/b><\/p>\n<ul>\n<li><span data-contrast=\"auto\">Superficie de juego: 9 pies 254 cm \u00d7 127 cm<\/span><\/li>\n<li><span data-contrast=\"auto\">Dimensiones totales: 291 cm \u00d7 164 cm<\/span><\/li>\n<li><span data-contrast=\"auto\">Ancho del coj\u00edn: 17,5 cm<\/span><\/li>\n<li><span data-contrast=\"auto\">Peso total: aprox. 680 kg<\/span><\/li>\n<li><span data-contrast=\"auto\">Distancia del suelo a la plataforma: aprox. 60 cm<\/span><\/li>\n<li><span data-contrast=\"auto\">Altura del delantal: 18,5 cm<\/span><\/li>\n<li><span data-contrast=\"auto\">Altura de la superficie de juego: aprox. 78 cm<\/span><\/li>\n<li><span data-contrast=\"auto\">Altura de la mesa (incl. cojines): aprox. 82 \u2013 83 cm<\/span><\/li>\n<li><span data-contrast=\"auto\">Altura hasta la parte inferior del coj\u00edn: aprox. 61 cm<\/span><\/li>\n<li><span data-contrast=\"auto\">Dimensiones de la base: 131,5 \u00d7 92 cm<\/span><\/li>\n<li><span data-contrast=\"auto\">Embalado en 5 cajas, peso total aproximado\u00a0<\/span><span data-contrast=\"auto\">695 kg.<\/span><span data-ccp-props=\"{}\">\u00a0<\/span><\/li>\n<\/ul>\n<p><span data-ccp-props=\"{}\">\u00a0<\/span><\/p>\n<p><b><strong><span data-contrast=\"auto\">Informaci\u00f3n\u00a0importante<\/span><\/strong><\/b><span data-ccp-props=\"{}\">\u00a0<\/span><\/p>\n<ul>\n<li><span data-contrast=\"auto\">La pizarra enmarcada permite el grapado de la tela.<\/span><\/li>\n<li><span data-contrast=\"auto\">Incluye pa\u00f1o Simonis a elecci\u00f3n<\/span><\/li>\n<li><span data-contrast=\"auto\">El marco de aleaci\u00f3n de aluminio garantiza la m\u00e1xima estabilidad y planitud.<\/span><\/li>\n<li><span data-contrast=\"auto\">LevelBox\u00a0II y sistema de nivelaci\u00f3n de patas para un ajuste preciso<\/span><\/li>\n<li><span data-contrast=\"auto\">Incluye tri\u00e1ngulo del M\u00e9todo\u00a0Rasson\u00a0y mantel.<\/span><\/li>\n<li><span data-contrast=\"auto\">Los bolsillos contienen aproximadamente 12 bolas.<\/span><span data-ccp-props=\"{}\">\u00a0<\/span><\/li>\n<li><b><strong>Tama\u00f1os de bolsillo del CLUB:<\/strong><\/b>\n<ul>\n<li>Bolsillos de esquina: 4,5 pulgadas<\/li>\n<li>Bolsillos centrales: 5 pulgadas<\/li>\n<\/ul>\n<\/li>\n<\/ul>","protected":false},"excerpt":{"rendered":"<p>Mesa Rasson Victory III<\/p>\n<h2><span data-contrast=\"auto\">Precisi\u00f3n y rendimiento en perfecci\u00f3n<\/span><span data-ccp-props=\"{}\">\u00a0<\/span><\/h2>\n<p><span data-contrast=\"auto\">La\u00a0Rasson\u00a0Victory III establece un nuevo est\u00e1ndar en dise\u00f1o, precisi\u00f3n y estabilidad. Su impactante base de pedestal en forma de V no solo crea una\u00a0apariencia arquitect\u00f3nica audaz, sino\u00a0que tambi\u00e9n garantiza un equilibrio y una resistencia excepcionales. Equipada con los sistemas\u00a0patentados<\/span><span data-contrast=\"auto\">\u00a0SLS (Sistema de Nivelaci\u00f3n de Pizarra)\u00a0<\/span><span data-contrast=\"auto\">y\u00a0<\/span><span data-contrast=\"auto\">LLS (Sistema de Nivelaci\u00f3n de Patas)\u00a0<\/span><span data-contrast=\"auto\">de Rasson\u00a0<\/span><span data-contrast=\"auto\">,\u00a0la Victory\u00a0III permite una alineaci\u00f3n perfecta tanto de la pizarra como del marco para una superficie de juego perfectamente nivelada.<\/span><span data-ccp-props=\"{}\">\u00a0<\/span><\/p>\n<p><span data-contrast=\"auto\">Una combinaci\u00f3n de pizarra\u00a0Rasson\u00a0premium de 30 mm (\u00a01,18\u2033)\u00a0, viga de soporte de aluminio, esquinas s\u00f3lidas de zinc-aluminio y\u00a0<\/span><span data-contrast=\"auto\">almohadillas de goma<\/span><span data-contrast=\"auto\">\u00a0RASSON MAX (K55)\u00a0<\/span><span data-contrast=\"auto\">garantiza\u00a0<\/span><span data-contrast=\"auto\">una jugabilidad excepcional y una rigidez estructural absoluta. <\/span><\/p>\n<p><span data-contrast=\"auto\">Los faldones de aluminio de alta calidad y el revestimiento de fluorocarbono proporcionan un acabado elegante y duradero que resiste el uso intensivo,\u00a0<\/span><span data-contrast=\"auto\">conservando\u00a0<\/span><span data-contrast=\"auto\">su aspecto refinado.<\/span><span data-ccp-props=\"{}\">\u00a0<\/span><\/p>\n<p><span data-contrast=\"auto\">Las cavidades\u00a0<\/span><span data-contrast=\"auto\">de TPE (\u00a0elast\u00f3mero\u00a0termopl\u00e1stico<\/span><span data-contrast=\"auto\">\u00a0) son excepcionalmente silenciosas, indeformables y altamente resistentes al desgaste. El sistema\u00a0<\/span><span data-contrast=\"auto\">LevelBox\u00a0II , dise\u00f1ado con precisi\u00f3n\u00a0<\/span><span data-contrast=\"auto\">, permite ajustes precisos de la pizarra,\u00a0manteniendo\u00a0una superficie perfectamente plana durante toda su vida \u00fatil.<\/span><span data-ccp-props=\"{}\">\u00a0<\/span><\/p>\n<p>Pa\u00f1o CPBA Competition incluido.<\/p>\n<p>&nbsp;<\/p>\n<p><b><strong><span data-contrast=\"auto\">9 pies (ft)<\/span><span data-ccp-props=\"{}\">\u00a0<\/span><\/strong><\/b><\/p>\n<ul>\n<li><span data-contrast=\"auto\">Superficie de juego: 9 pies 254 cm \u00d7 127 cm<\/span><\/li>\n<li><span data-contrast=\"auto\">Dimensiones totales: 291 cm \u00d7 164 cm<\/span><\/li>\n<li><span data-contrast=\"auto\">Ancho del coj\u00edn: 17,5 cm<\/span><\/li>\n<li><span data-contrast=\"auto\">Peso total: aprox. 680 kg<\/span><\/li>\n<li><span data-contrast=\"auto\">Distancia del suelo a la plataforma: aprox. 60 cm<\/span><\/li>\n<li><span data-contrast=\"auto\">Altura del delantal: 18,5 cm<\/span><\/li>\n<li><span data-contrast=\"auto\">Altura de la superficie de juego: aprox. 78 cm<\/span><\/li>\n<li><span data-contrast=\"auto\">Altura de la mesa (incl. cojines): aprox. 82 \u2013 83 cm<\/span><\/li>\n<li><span data-contrast=\"auto\">Altura hasta la parte inferior del coj\u00edn: aprox. 61 cm<\/span><\/li>\n<li><span data-contrast=\"auto\">Dimensiones de la base: 131,5 \u00d7 92 cm<\/span><\/li>\n<li><span data-contrast=\"auto\">Embalado en 5 cajas, peso total aproximado\u00a0<\/span><span data-contrast=\"auto\">695 kg.<\/span><span data-ccp-props=\"{}\">\u00a0<\/span><\/li>\n<\/ul>\n<p><span data-ccp-props=\"{}\">\u00a0<\/span><\/p>\n<p><b><strong><span data-contrast=\"auto\">Informaci\u00f3n\u00a0importante<\/span><\/strong><\/b><span data-ccp-props=\"{}\">\u00a0<\/span><\/p>\n<ul>\n<li><span data-contrast=\"auto\">La pizarra enmarcada permite el grapado de la tela.<\/span><\/li>\n<li><span data-contrast=\"auto\">Incluye pa\u00f1o Simonis a elecci\u00f3n<\/span><\/li>\n<li><span data-contrast=\"auto\">El marco de aleaci\u00f3n de aluminio garantiza la m\u00e1xima estabilidad y planitud.<\/span><\/li>\n<li><span data-contrast=\"auto\">LevelBox\u00a0II y sistema de nivelaci\u00f3n de patas para un ajuste preciso<\/span><\/li>\n<li><span data-contrast=\"auto\">Incluye tri\u00e1ngulo del M\u00e9todo\u00a0Rasson\u00a0y mantel.<\/span><\/li>\n<li><span data-contrast=\"auto\">Los bolsillos contienen aproximadamente 12 bolas.<\/span><span data-ccp-props=\"{}\">\u00a0<\/span><\/li>\n<li><b><strong>Tama\u00f1os de bolsillo del CLUB:<\/strong><\/b>\n<ul>\n<li>Bolsillos de esquina: 4,5 pulgadas<\/li>\n<li>Bolsillos centrales: 5 pulgadas<\/li>\n<\/ul>\n<\/li>\n<\/ul>","protected":false},"featured_media":3698,"template":"","meta":{"jetpack_post_was_ever_published":false,"jetpack_publicize_message":"","jetpack_publicize_feature_enabled":true,"jetpack_social_post_already_shared":true,"jetpack_social_options":{"image_generator_settings":{"template":"highway","default_image_id":0,"font":"","enabled":false},"version":2}},"product_brand":[],"product_cat":[408,25,24,37],"product_tag":[524,169,521,522,523],"class_list":{"0":"post-3697","1":"product","2":"type-product","3":"status-publish","4":"has-post-thumbnail","6":"product_cat-mesas-de-billar","7":"product_cat-mesas-de-billar-americano","8":"product_cat-mesas-de-juego","9":"product_cat-mundo-billar","10":"product_tag-victory","11":"product_tag-mesa-de-9-pies","12":"product_tag-mesa-rasson","13":"product_tag-mesa-rasson-victory","14":"product_tag-rasson","16":"first","17":"onbackorder","18":"taxable","19":"shipping-taxable","20":"purchasable","21":"product-type-simple"},"yoast_head":"<!-- This site is optimized with the Yoast SEO plugin v27.4 - https:\/\/yoast.com\/product\/yoast-seo-wordpress\/ -->\n<title>Mesa Rasson Victory III - RAR Billares online shop<\/title>\n<meta name=\"robots\" content=\"index, follow, max-snippet:-1, max-image-preview:large, max-video-preview:-1\" \/>\n<link rel=\"canonical\" href=\"https:\/\/billaresrar.es\/en\/product\/mesa-rasson-victory-iii\/\" \/>\n<meta property=\"og:locale\" content=\"en_US\" \/>\n<meta property=\"og:type\" content=\"article\" \/>\n<meta property=\"og:title\" content=\"Mesa Rasson Victory III - RAR Billares online shop\" \/>\n<meta property=\"og:description\" content=\"Mesa Rasson Victory III Precisi\u00f3n y rendimiento en perfecci\u00f3n\u00a0 La\u00a0Rasson\u00a0Victory III establece un nuevo est\u00e1ndar en dise\u00f1o, precisi\u00f3n y estabilidad. Su impactante base de pedestal en forma de V no solo crea una\u00a0apariencia arquitect\u00f3nica audaz, sino\u00a0que tambi\u00e9n garantiza un equilibrio y una resistencia excepcionales. Equipada con los sistemas\u00a0patentados\u00a0SLS (Sistema de Nivelaci\u00f3n de Pizarra)\u00a0y\u00a0LLS (Sistema de Nivelaci\u00f3n de Patas)\u00a0de Rasson\u00a0,\u00a0la Victory\u00a0III permite una alineaci\u00f3n perfecta tanto de la pizarra como del marco para una superficie de juego perfectamente nivelada.\u00a0  Una combinaci\u00f3n de pizarra\u00a0Rasson\u00a0premium de 30 mm (\u00a01,18\u2033)\u00a0, viga de soporte de aluminio, esquinas s\u00f3lidas de zinc-aluminio y\u00a0almohadillas de goma\u00a0RASSON MAX (K55)\u00a0garantiza\u00a0una jugabilidad excepcional y una rigidez estructural absoluta.   Los faldones de aluminio de alta calidad y el revestimiento de fluorocarbono proporcionan un acabado elegante y duradero que resiste el uso intensivo,\u00a0conservando\u00a0su aspecto refinado.\u00a0  Las cavidades\u00a0de TPE (\u00a0elast\u00f3mero\u00a0termopl\u00e1stico\u00a0) son excepcionalmente silenciosas, indeformables y altamente resistentes al desgaste. El sistema\u00a0LevelBox\u00a0II , dise\u00f1ado con precisi\u00f3n\u00a0, permite ajustes precisos de la pizarra,\u00a0manteniendo\u00a0una superficie perfectamente plana durante toda su vida \u00fatil.\u00a0  Pa\u00f1o CPBA Competition incluido.  &nbsp;  9 pies (ft)\u00a0   Superficie de juego: 9 pies 254 cm \u00d7 127 cm  Dimensiones totales: 291 cm \u00d7 164 cm  Ancho del coj\u00edn: 17,5 cm  Peso total: aprox. 680 kg  Distancia del suelo a la plataforma: aprox. 60 cm  Altura del delantal: 18,5 cm  Altura de la superficie de juego: aprox. 78 cm  Altura de la mesa (incl. cojines): aprox. 82 \u2013 83 cm  Altura hasta la parte inferior del coj\u00edn: aprox. 61 cm  Dimensiones de la base: 131,5 \u00d7 92 cm  Embalado en 5 cajas, peso total aproximado\u00a0695 kg.\u00a0  \u00a0  Informaci\u00f3n\u00a0importante\u00a0   La pizarra enmarcada permite el grapado de la tela.  Incluye pa\u00f1o Simonis a elecci\u00f3n  El marco de aleaci\u00f3n de aluminio garantiza la m\u00e1xima estabilidad y planitud.  LevelBox\u00a0II y sistema de nivelaci\u00f3n de patas para un ajuste preciso  Incluye tri\u00e1ngulo del M\u00e9todo\u00a0Rasson\u00a0y mantel.  Los bolsillos contienen aproximadamente 12 bolas.\u00a0  Tama\u00f1os de bolsillo del CLUB:   Bolsillos de esquina: 4,5 pulgadas  Bolsillos centrales: 5 pulgadas\" \/>\n<meta property=\"og:url\" content=\"https:\/\/billaresrar.es\/en\/product\/mesa-rasson-victory-iii\/\" \/>\n<meta property=\"og:site_name\" content=\"RAR Billares online shop\" \/>\n<meta property=\"article:modified_time\" content=\"2026-03-11T23:22:24+00:00\" \/>\n<meta property=\"og:image\" content=\"https:\/\/billaresrar.es\/wp-content\/uploads\/2026\/03\/Pool-Rasson-Victory-III-.jpg\" \/>\n\t<meta property=\"og:image:width\" content=\"1200\" \/>\n\t<meta property=\"og:image:height\" content=\"800\" \/>\n\t<meta property=\"og:image:type\" content=\"image\/jpeg\" \/>\n<meta name=\"twitter:card\" content=\"summary_large_image\" \/>\n<meta name=\"twitter:label1\" content=\"Price\" \/>\n\t<meta name=\"twitter:data1\" content=\"7.950,00&nbsp;&euro;\" \/>\n\t<meta name=\"twitter:label2\" content=\"Availability\" \/>\n\t<meta name=\"twitter:data2\" content=\"On backorder\" \/>\n<script type=\"application\/ld+json\" class=\"yoast-schema-graph\">{\"@context\":\"https:\\\/\\\/schema.org\",\"@graph\":[{\"@type\":\"WebPage\",\"@id\":\"https:\\\/\\\/billaresrar.es\\\/producto\\\/mesa-rasson-victory-iii\\\/\",\"url\":\"https:\\\/\\\/billaresrar.es\\\/producto\\\/mesa-rasson-victory-iii\\\/\",\"name\":\"Mesa Rasson Victory III - RAR Billares online shop\",\"isPartOf\":{\"@id\":\"https:\\\/\\\/billaresrar.es\\\/#website\"},\"primaryImageOfPage\":{\"@id\":\"https:\\\/\\\/billaresrar.es\\\/producto\\\/mesa-rasson-victory-iii\\\/#primaryimage\"},\"image\":{\"@id\":\"https:\\\/\\\/billaresrar.es\\\/producto\\\/mesa-rasson-victory-iii\\\/#primaryimage\"},\"thumbnailUrl\":\"https:\\\/\\\/i0.wp.com\\\/billaresrar.es\\\/wp-content\\\/uploads\\\/2026\\\/03\\\/Pool-Rasson-Victory-III-.jpg?fit=1200%2C800&ssl=1\",\"datePublished\":\"2026-03-10T17:37:42+00:00\",\"dateModified\":\"2026-03-11T23:22:24+00:00\",\"breadcrumb\":{\"@id\":\"https:\\\/\\\/billaresrar.es\\\/producto\\\/mesa-rasson-victory-iii\\\/#breadcrumb\"},\"inLanguage\":\"en-US\",\"potentialAction\":[{\"@type\":\"ReadAction\",\"target\":[\"https:\\\/\\\/billaresrar.es\\\/producto\\\/mesa-rasson-victory-iii\\\/\"]}]},{\"@type\":\"ImageObject\",\"inLanguage\":\"en-US\",\"@id\":\"https:\\\/\\\/billaresrar.es\\\/producto\\\/mesa-rasson-victory-iii\\\/#primaryimage\",\"url\":\"https:\\\/\\\/i0.wp.com\\\/billaresrar.es\\\/wp-content\\\/uploads\\\/2026\\\/03\\\/Pool-Rasson-Victory-III-.jpg?fit=1200%2C800&ssl=1\",\"contentUrl\":\"https:\\\/\\\/i0.wp.com\\\/billaresrar.es\\\/wp-content\\\/uploads\\\/2026\\\/03\\\/Pool-Rasson-Victory-III-.jpg?fit=1200%2C800&ssl=1\",\"width\":1200,\"height\":800,\"caption\":\"Pool-Rasson-Victory-III-\"},{\"@type\":\"BreadcrumbList\",\"@id\":\"https:\\\/\\\/billaresrar.es\\\/producto\\\/mesa-rasson-victory-iii\\\/#breadcrumb\",\"itemListElement\":[{\"@type\":\"ListItem\",\"position\":1,\"name\":\"Portada\",\"item\":\"https:\\\/\\\/billaresrar.es\\\/\"},{\"@type\":\"ListItem\",\"position\":2,\"name\":\"Tienda\",\"item\":\"https:\\\/\\\/billaresrar.es\\\/tienda-billares-rar\\\/\"},{\"@type\":\"ListItem\",\"position\":3,\"name\":\"Mesa Rasson Victory III\"}]},{\"@type\":\"WebSite\",\"@id\":\"https:\\\/\\\/billaresrar.es\\\/#website\",\"url\":\"https:\\\/\\\/billaresrar.es\\\/\",\"name\":\"RAR Billares\",\"description\":\"Nos dedicamos a la restauraci\u00f3n, personalizaci\u00f3n, compraventa e instalaci\u00f3n de mesas de billar.\",\"publisher\":{\"@id\":\"https:\\\/\\\/billaresrar.es\\\/#\\\/schema\\\/person\\\/58bf20f74847ad0e156049ad50e1cc19\"},\"potentialAction\":[{\"@type\":\"SearchAction\",\"target\":{\"@type\":\"EntryPoint\",\"urlTemplate\":\"https:\\\/\\\/billaresrar.es\\\/?s={search_term_string}\"},\"query-input\":{\"@type\":\"PropertyValueSpecification\",\"valueRequired\":true,\"valueName\":\"search_term_string\"}}],\"inLanguage\":\"en-US\"},{\"@type\":[\"Person\",\"Organization\"],\"@id\":\"https:\\\/\\\/billaresrar.es\\\/#\\\/schema\\\/person\\\/58bf20f74847ad0e156049ad50e1cc19\",\"name\":\"Ren\u00e9\",\"image\":{\"@type\":\"ImageObject\",\"inLanguage\":\"en-US\",\"@id\":\"https:\\\/\\\/i0.wp.com\\\/billaresrar.es\\\/wp-content\\\/uploads\\\/2024\\\/12\\\/definitivo-RAR.webp?fit=1920%2C1147&ssl=1\",\"url\":\"https:\\\/\\\/i0.wp.com\\\/billaresrar.es\\\/wp-content\\\/uploads\\\/2024\\\/12\\\/definitivo-RAR.webp?fit=1920%2C1147&ssl=1\",\"contentUrl\":\"https:\\\/\\\/i0.wp.com\\\/billaresrar.es\\\/wp-content\\\/uploads\\\/2024\\\/12\\\/definitivo-RAR.webp?fit=1920%2C1147&ssl=1\",\"width\":1920,\"height\":1147,\"caption\":\"Ren\u00e9\"},\"logo\":{\"@id\":\"https:\\\/\\\/i0.wp.com\\\/billaresrar.es\\\/wp-content\\\/uploads\\\/2024\\\/12\\\/definitivo-RAR.webp?fit=1920%2C1147&ssl=1\"}}]}<\/script>\n<meta property=\"product:price:amount\" content=\"7950.00\" \/>\n<meta property=\"product:price:currency\" content=\"EUR\" \/>\n<meta property=\"og:availability\" content=\"backorder\" \/>\n<meta property=\"product:availability\" content=\"available for order\" \/>\n<meta property=\"product:condition\" content=\"new\" \/>\n<!-- \/ Yoast SEO plugin. -->","yoast_head_json":{"title":"Mesa Rasson Victory III - RAR Billares online shop","robots":{"index":"index","follow":"follow","max-snippet":"max-snippet:-1","max-image-preview":"max-image-preview:large","max-video-preview":"max-video-preview:-1"},"canonical":"https:\/\/billaresrar.es\/en\/product\/mesa-rasson-victory-iii\/","og_locale":"en_US","og_type":"article","og_title":"Mesa Rasson Victory III - RAR Billares online shop","og_description":"Mesa Rasson Victory III Precisi\u00f3n y rendimiento en perfecci\u00f3n\u00a0 La\u00a0Rasson\u00a0Victory III establece un nuevo est\u00e1ndar en dise\u00f1o, precisi\u00f3n y estabilidad. Su impactante base de pedestal en forma de V no solo crea una\u00a0apariencia arquitect\u00f3nica audaz, sino\u00a0que tambi\u00e9n garantiza un equilibrio y una resistencia excepcionales. Equipada con los sistemas\u00a0patentados\u00a0SLS (Sistema de Nivelaci\u00f3n de Pizarra)\u00a0y\u00a0LLS (Sistema de Nivelaci\u00f3n de Patas)\u00a0de Rasson\u00a0,\u00a0la Victory\u00a0III permite una alineaci\u00f3n perfecta tanto de la pizarra como del marco para una superficie de juego perfectamente nivelada.\u00a0  Una combinaci\u00f3n de pizarra\u00a0Rasson\u00a0premium de 30 mm (\u00a01,18\u2033)\u00a0, viga de soporte de aluminio, esquinas s\u00f3lidas de zinc-aluminio y\u00a0almohadillas de goma\u00a0RASSON MAX (K55)\u00a0garantiza\u00a0una jugabilidad excepcional y una rigidez estructural absoluta.   Los faldones de aluminio de alta calidad y el revestimiento de fluorocarbono proporcionan un acabado elegante y duradero que resiste el uso intensivo,\u00a0conservando\u00a0su aspecto refinado.\u00a0  Las cavidades\u00a0de TPE (\u00a0elast\u00f3mero\u00a0termopl\u00e1stico\u00a0) son excepcionalmente silenciosas, indeformables y altamente resistentes al desgaste. El sistema\u00a0LevelBox\u00a0II , dise\u00f1ado con precisi\u00f3n\u00a0, permite ajustes precisos de la pizarra,\u00a0manteniendo\u00a0una superficie perfectamente plana durante toda su vida \u00fatil.\u00a0  Pa\u00f1o CPBA Competition incluido.  &nbsp;  9 pies (ft)\u00a0   Superficie de juego: 9 pies 254 cm \u00d7 127 cm  Dimensiones totales: 291 cm \u00d7 164 cm  Ancho del coj\u00edn: 17,5 cm  Peso total: aprox. 680 kg  Distancia del suelo a la plataforma: aprox. 60 cm  Altura del delantal: 18,5 cm  Altura de la superficie de juego: aprox. 78 cm  Altura de la mesa (incl. cojines): aprox. 82 \u2013 83 cm  Altura hasta la parte inferior del coj\u00edn: aprox. 61 cm  Dimensiones de la base: 131,5 \u00d7 92 cm  Embalado en 5 cajas, peso total aproximado\u00a0695 kg.\u00a0  \u00a0  Informaci\u00f3n\u00a0importante\u00a0   La pizarra enmarcada permite el grapado de la tela.  Incluye pa\u00f1o Simonis a elecci\u00f3n  El marco de aleaci\u00f3n de aluminio garantiza la m\u00e1xima estabilidad y planitud.  LevelBox\u00a0II y sistema de nivelaci\u00f3n de patas para un ajuste preciso  Incluye tri\u00e1ngulo del M\u00e9todo\u00a0Rasson\u00a0y mantel.  Los bolsillos contienen aproximadamente 12 bolas.\u00a0  Tama\u00f1os de bolsillo del CLUB:   Bolsillos de esquina: 4,5 pulgadas  Bolsillos centrales: 5 pulgadas","og_url":"https:\/\/billaresrar.es\/en\/product\/mesa-rasson-victory-iii\/","og_site_name":"RAR Billares online shop","article_modified_time":"2026-03-11T23:22:24+00:00","og_image":[{"width":1200,"height":800,"url":"https:\/\/billaresrar.es\/wp-content\/uploads\/2026\/03\/Pool-Rasson-Victory-III-.jpg","type":"image\/jpeg"}],"twitter_card":"summary_large_image","twitter_misc":{"Price":"7.950,00&nbsp;&euro;","Availability":"On backorder"},"schema":{"@context":"https:\/\/schema.org","@graph":[{"@type":"WebPage","@id":"https:\/\/billaresrar.es\/producto\/mesa-rasson-victory-iii\/","url":"https:\/\/billaresrar.es\/producto\/mesa-rasson-victory-iii\/","name":"Mesa Rasson Victory III - RAR Billares online shop","isPartOf":{"@id":"https:\/\/billaresrar.es\/#website"},"primaryImageOfPage":{"@id":"https:\/\/billaresrar.es\/producto\/mesa-rasson-victory-iii\/#primaryimage"},"image":{"@id":"https:\/\/billaresrar.es\/producto\/mesa-rasson-victory-iii\/#primaryimage"},"thumbnailUrl":"https:\/\/i0.wp.com\/billaresrar.es\/wp-content\/uploads\/2026\/03\/Pool-Rasson-Victory-III-.jpg?fit=1200%2C800&ssl=1","datePublished":"2026-03-10T17:37:42+00:00","dateModified":"2026-03-11T23:22:24+00:00","breadcrumb":{"@id":"https:\/\/billaresrar.es\/producto\/mesa-rasson-victory-iii\/#breadcrumb"},"inLanguage":"en-US","potentialAction":[{"@type":"ReadAction","target":["https:\/\/billaresrar.es\/producto\/mesa-rasson-victory-iii\/"]}]},{"@type":"ImageObject","inLanguage":"en-US","@id":"https:\/\/billaresrar.es\/producto\/mesa-rasson-victory-iii\/#primaryimage","url":"https:\/\/i0.wp.com\/billaresrar.es\/wp-content\/uploads\/2026\/03\/Pool-Rasson-Victory-III-.jpg?fit=1200%2C800&ssl=1","contentUrl":"https:\/\/i0.wp.com\/billaresrar.es\/wp-content\/uploads\/2026\/03\/Pool-Rasson-Victory-III-.jpg?fit=1200%2C800&ssl=1","width":1200,"height":800,"caption":"Pool-Rasson-Victory-III-"},{"@type":"BreadcrumbList","@id":"https:\/\/billaresrar.es\/producto\/mesa-rasson-victory-iii\/#breadcrumb","itemListElement":[{"@type":"ListItem","position":1,"name":"Portada","item":"https:\/\/billaresrar.es\/"},{"@type":"ListItem","position":2,"name":"Tienda","item":"https:\/\/billaresrar.es\/tienda-billares-rar\/"},{"@type":"ListItem","position":3,"name":"Mesa Rasson Victory III"}]},{"@type":"WebSite","@id":"https:\/\/billaresrar.es\/#website","url":"https:\/\/billaresrar.es\/","name":"RAR Billares","description":"Nos dedicamos a la restauraci\u00f3n, personalizaci\u00f3n, compraventa e instalaci\u00f3n de mesas de billar.","publisher":{"@id":"https:\/\/billaresrar.es\/#\/schema\/person\/58bf20f74847ad0e156049ad50e1cc19"},"potentialAction":[{"@type":"SearchAction","target":{"@type":"EntryPoint","urlTemplate":"https:\/\/billaresrar.es\/?s={search_term_string}"},"query-input":{"@type":"PropertyValueSpecification","valueRequired":true,"valueName":"search_term_string"}}],"inLanguage":"en-US"},{"@type":["Person","Organization"],"@id":"https:\/\/billaresrar.es\/#\/schema\/person\/58bf20f74847ad0e156049ad50e1cc19","name":"Ren\u00e9","image":{"@type":"ImageObject","inLanguage":"en-US","@id":"https:\/\/i0.wp.com\/billaresrar.es\/wp-content\/uploads\/2024\/12\/definitivo-RAR.webp?fit=1920%2C1147&ssl=1","url":"https:\/\/i0.wp.com\/billaresrar.es\/wp-content\/uploads\/2024\/12\/definitivo-RAR.webp?fit=1920%2C1147&ssl=1","contentUrl":"https:\/\/i0.wp.com\/billaresrar.es\/wp-content\/uploads\/2024\/12\/definitivo-RAR.webp?fit=1920%2C1147&ssl=1","width":1920,"height":1147,"caption":"Ren\u00e9"},"logo":{"@id":"https:\/\/i0.wp.com\/billaresrar.es\/wp-content\/uploads\/2024\/12\/definitivo-RAR.webp?fit=1920%2C1147&ssl=1"}}]},"product_price_amount":"7950.00","product_price_currency":"EUR","og_availability":"backorder","product_availability":"available for order","product_condition":"new"},"jetpack_publicize_connections":[],"jetpack_sharing_enabled":true,"jetpack_likes_enabled":true,"jetpack-related-posts":[],"_links":{"self":[{"href":"https:\/\/billaresrar.es\/en\/wp-json\/wp\/v2\/product\/3697","targetHints":{"allow":["GET"]}}],"collection":[{"href":"https:\/\/billaresrar.es\/en\/wp-json\/wp\/v2\/product"}],"about":[{"href":"https:\/\/billaresrar.es\/en\/wp-json\/wp\/v2\/types\/product"}],"version-history":[{"count":1,"href":"https:\/\/billaresrar.es\/en\/wp-json\/wp\/v2\/product\/3697\/revisions"}],"predecessor-version":[{"id":3701,"href":"https:\/\/billaresrar.es\/en\/wp-json\/wp\/v2\/product\/3697\/revisions\/3701"}],"wp:featuredmedia":[{"embeddable":true,"href":"https:\/\/billaresrar.es\/en\/wp-json\/wp\/v2\/media\/3698"}],"wp:attachment":[{"href":"https:\/\/billaresrar.es\/en\/wp-json\/wp\/v2\/media?parent=3697"}],"wp:term":[{"taxonomy":"product_brand","embeddable":true,"href":"https:\/\/billaresrar.es\/en\/wp-json\/wp\/v2\/product_brand?post=3697"},{"taxonomy":"product_cat","embeddable":true,"href":"https:\/\/billaresrar.es\/en\/wp-json\/wp\/v2\/product_cat?post=3697"},{"taxonomy":"product_tag","embeddable":true,"href":"https:\/\/billaresrar.es\/en\/wp-json\/wp\/v2\/product_tag?post=3697"}],"curies":[{"name":"wp","href":"https:\/\/api.w.org\/{rel}","templated":true}]}}