{"id":3536,"date":"2026-02-21T00:43:32","date_gmt":"2026-02-20T23:43:32","guid":{"rendered":"https:\/\/billaresrar.es\/?post_type=product&#038;p=3536"},"modified":"2026-02-21T00:43:32","modified_gmt":"2026-02-20T23:43:32","slug":"bolas-pool-dynaspheres-palladium","status":"publish","type":"product","link":"https:\/\/billaresrar.es\/en\/product\/bolas-pool-dynaspheres-palladium\/","title":{"rendered":"BOLAS POOL DYNASPHERES PALLADIUM"},"content":{"rendered":"<h1>BOLAS POOL DYNASPHERES PALLADIUM<\/h1>\n<p>Las bolas para billar Dynaspheres son el resultado de una asociaci\u00f3n entre HCSB (Gabriels, Molinari, Vector) y Shanghai XINZHAN Rubber Co., Ltd. (Cyclop), estas bolas de resina fen\u00f3lica se colocan como desafiantes contra las famosas bolas belgas Aramith, presentes en todas las grandes competiciones.<\/p>\n<p>Dynaspheres ha trabajado con grandes nombres como Semih Sayginer o Shane van Boening para promover su calidad. En t\u00e9rminos de flexibilidad y resistencia, nuestras primeras pruebas son muy interesantes.<\/p>\n<p><b>La caja contiene:<\/b><\/p>\n<ul>\n<li><b>2 bolas blancas <\/b><b>marcadas con 6 puntos\u00a0\u00a0negros<\/b><\/li>\n<li><b>7 bolas rayadas<\/b><\/li>\n<li><b>8 bolas lisas<\/b><\/li>\n<li><b>Pa\u00f1o de limpieza<\/b><\/li>\n<li><b>2 plantillas (bola 9 y bola 8)<\/b><\/li>\n<\/ul>\n<p>&nbsp;<\/p>\n<p><b>Especificaciones:<\/b><\/p>\n<ul>\n<li><b>Peso: 169 gramos +\/- 1,0g<\/b><\/li>\n<li><b>Tama\u00f1o: 57,2 mm<\/b><\/li>\n<li><b>Densidad: 1,73<\/b><\/li>\n<li><b>Redondez: \u2264 0,03mm<\/b><\/li>\n<li><b>Dureza: \u2265 59 Rockwell<\/b><\/li>\n<li><b>Composici\u00f3n: Resina fen\u00f3lica<\/b><\/li>\n<\/ul>","protected":false},"excerpt":{"rendered":"<h1>BOLAS POOL DYNASPHERES PALLADIUM<\/h1>\n<p>Las bolas para billar Dynaspheres son el resultado de una asociaci\u00f3n entre HCSB (Gabriels, Molinari, Vector) y Shanghai XINZHAN Rubber Co., Ltd. (Cyclop), estas bolas de resina fen\u00f3lica se colocan como desafiantes contra las famosas bolas belgas Aramith, presentes en todas las grandes competiciones.<\/p>\n<p>Dynaspheres ha trabajado con grandes nombres como Semih Sayginer o Shane van Boening para promover su calidad. En t\u00e9rminos de flexibilidad y resistencia, nuestras primeras pruebas son muy interesantes.<\/p>\n<p><b>La caja contiene:<\/b><\/p>\n<ul>\n<li><b>2 bolas blancas <\/b><b>marcadas con 6 puntos\u00a0\u00a0negros<\/b><\/li>\n<li><b>7 bolas rayadas<\/b><\/li>\n<li><b>8 bolas lisas<\/b><\/li>\n<li><b>Pa\u00f1o de limpieza<\/b><\/li>\n<li><b>2 plantillas (bola 9 y bola 8)<\/b><\/li>\n<\/ul>\n<p>&nbsp;<\/p>\n<p><b>Especificaciones:<\/b><\/p>\n<ul>\n<li><b>Peso: 169 gramos +\/- 1,0g<\/b><\/li>\n<li><b>Tama\u00f1o: 57,2 mm<\/b><\/li>\n<li><b>Densidad: 1,73<\/b><\/li>\n<li><b>Redondez: \u2264 0,03mm<\/b><\/li>\n<li><b>Dureza: \u2265 59 Rockwell<\/b><\/li>\n<li><b>Composici\u00f3n: Resina fen\u00f3lica<\/b><\/li>\n<\/ul>","protected":false},"featured_media":3537,"template":"","meta":{"jetpack_post_was_ever_published":false,"jetpack_publicize_message":"","jetpack_publicize_feature_enabled":true,"jetpack_social_post_already_shared":true,"jetpack_social_options":{"image_generator_settings":{"template":"highway","default_image_id":0,"font":"","enabled":false},"version":2}},"product_brand":[],"product_cat":[410,41,37],"product_tag":[454,516,509,517],"class_list":{"0":"post-3536","1":"product","2":"type-product","3":"status-publish","4":"has-post-thumbnail","6":"product_cat-bolas-de-billar","7":"product_cat-bolas-de-billar-americano","8":"product_cat-mundo-billar","9":"product_tag-bolas-de-billar-americano","10":"product_tag-bolas-pool-dynaspheres-palladium","11":"product_tag-dynaspheres","12":"product_tag-juego-de-bolas-dce-billar","14":"first","15":"instock","16":"taxable","17":"shipping-taxable","18":"purchasable","19":"product-type-simple"},"yoast_head":"<!-- This site is optimized with the Yoast SEO plugin v27.3 - https:\/\/yoast.com\/product\/yoast-seo-wordpress\/ -->\n<title>BOLAS POOL DYNASPHERES PALLADIUM - RAR Billares online shop<\/title>\n<meta name=\"description\" content=\"Con un dise\u00f1o innovador Dynaspheres ha trabajado con grandes nombres como Semih Sayginer o Shane van Boening para promover su calidad.\" \/>\n<meta name=\"robots\" content=\"index, follow, max-snippet:-1, max-image-preview:large, max-video-preview:-1\" \/>\n<link rel=\"canonical\" href=\"https:\/\/billaresrar.es\/en\/product\/bolas-pool-dynaspheres-palladium\/\" \/>\n<meta property=\"og:locale\" content=\"en_US\" \/>\n<meta property=\"og:type\" content=\"article\" \/>\n<meta property=\"og:title\" content=\"BOLAS POOL DYNASPHERES PALLADIUM - RAR Billares online shop\" \/>\n<meta property=\"og:description\" content=\"Con un dise\u00f1o innovador Dynaspheres ha trabajado con grandes nombres como Semih Sayginer o Shane van Boening para promover su calidad.\" \/>\n<meta property=\"og:url\" content=\"https:\/\/billaresrar.es\/en\/product\/bolas-pool-dynaspheres-palladium\/\" \/>\n<meta property=\"og:site_name\" content=\"RAR Billares online shop\" \/>\n<meta property=\"og:image\" content=\"https:\/\/billaresrar.es\/wp-content\/uploads\/2026\/02\/bolas-pool-dynaspheres-palladium.png\" \/>\n\t<meta property=\"og:image:width\" content=\"800\" \/>\n\t<meta property=\"og:image:height\" content=\"800\" \/>\n\t<meta property=\"og:image:type\" content=\"image\/png\" \/>\n<meta name=\"twitter:card\" content=\"summary_large_image\" \/>\n<meta name=\"twitter:label1\" content=\"Price\" \/>\n\t<meta name=\"twitter:data1\" content=\"280,00&nbsp;&euro;\" \/>\n\t<meta name=\"twitter:label2\" content=\"Availability\" \/>\n\t<meta name=\"twitter:data2\" content=\"In stock\" \/>\n<script type=\"application\/ld+json\" class=\"yoast-schema-graph\">{\"@context\":\"https:\\\/\\\/schema.org\",\"@graph\":[{\"@type\":\"WebPage\",\"@id\":\"https:\\\/\\\/billaresrar.es\\\/producto\\\/bolas-pool-dynaspheres-palladium\\\/\",\"url\":\"https:\\\/\\\/billaresrar.es\\\/producto\\\/bolas-pool-dynaspheres-palladium\\\/\",\"name\":\"BOLAS POOL DYNASPHERES PALLADIUM - RAR Billares online shop\",\"isPartOf\":{\"@id\":\"https:\\\/\\\/billaresrar.es\\\/#website\"},\"primaryImageOfPage\":{\"@id\":\"https:\\\/\\\/billaresrar.es\\\/producto\\\/bolas-pool-dynaspheres-palladium\\\/#primaryimage\"},\"image\":{\"@id\":\"https:\\\/\\\/billaresrar.es\\\/producto\\\/bolas-pool-dynaspheres-palladium\\\/#primaryimage\"},\"thumbnailUrl\":\"https:\\\/\\\/i0.wp.com\\\/billaresrar.es\\\/wp-content\\\/uploads\\\/2026\\\/02\\\/bolas-pool-dynaspheres-palladium.png?fit=800%2C800&ssl=1\",\"datePublished\":\"2026-02-20T23:43:32+00:00\",\"description\":\"Con un dise\u00f1o innovador Dynaspheres ha trabajado con grandes nombres como Semih Sayginer o Shane van Boening para promover su calidad.\",\"breadcrumb\":{\"@id\":\"https:\\\/\\\/billaresrar.es\\\/producto\\\/bolas-pool-dynaspheres-palladium\\\/#breadcrumb\"},\"inLanguage\":\"en-US\",\"potentialAction\":[{\"@type\":\"ReadAction\",\"target\":[\"https:\\\/\\\/billaresrar.es\\\/producto\\\/bolas-pool-dynaspheres-palladium\\\/\"]}]},{\"@type\":\"ImageObject\",\"inLanguage\":\"en-US\",\"@id\":\"https:\\\/\\\/billaresrar.es\\\/producto\\\/bolas-pool-dynaspheres-palladium\\\/#primaryimage\",\"url\":\"https:\\\/\\\/i0.wp.com\\\/billaresrar.es\\\/wp-content\\\/uploads\\\/2026\\\/02\\\/bolas-pool-dynaspheres-palladium.png?fit=800%2C800&ssl=1\",\"contentUrl\":\"https:\\\/\\\/i0.wp.com\\\/billaresrar.es\\\/wp-content\\\/uploads\\\/2026\\\/02\\\/bolas-pool-dynaspheres-palladium.png?fit=800%2C800&ssl=1\",\"width\":800,\"height\":800,\"caption\":\"bolas-pool-dynaspheres-palladium\"},{\"@type\":\"BreadcrumbList\",\"@id\":\"https:\\\/\\\/billaresrar.es\\\/producto\\\/bolas-pool-dynaspheres-palladium\\\/#breadcrumb\",\"itemListElement\":[{\"@type\":\"ListItem\",\"position\":1,\"name\":\"Portada\",\"item\":\"https:\\\/\\\/billaresrar.es\\\/\"},{\"@type\":\"ListItem\",\"position\":2,\"name\":\"Tienda\",\"item\":\"https:\\\/\\\/billaresrar.es\\\/tienda-billares-rar\\\/\"},{\"@type\":\"ListItem\",\"position\":3,\"name\":\"BOLAS POOL DYNASPHERES PALLADIUM\"}]},{\"@type\":\"WebSite\",\"@id\":\"https:\\\/\\\/billaresrar.es\\\/#website\",\"url\":\"https:\\\/\\\/billaresrar.es\\\/\",\"name\":\"RAR Billares\",\"description\":\"Nos dedicamos a la restauraci\u00f3n, personalizaci\u00f3n, compraventa e instalaci\u00f3n de mesas de billar.\",\"publisher\":{\"@id\":\"https:\\\/\\\/billaresrar.es\\\/#\\\/schema\\\/person\\\/58bf20f74847ad0e156049ad50e1cc19\"},\"potentialAction\":[{\"@type\":\"SearchAction\",\"target\":{\"@type\":\"EntryPoint\",\"urlTemplate\":\"https:\\\/\\\/billaresrar.es\\\/?s={search_term_string}\"},\"query-input\":{\"@type\":\"PropertyValueSpecification\",\"valueRequired\":true,\"valueName\":\"search_term_string\"}}],\"inLanguage\":\"en-US\"},{\"@type\":[\"Person\",\"Organization\"],\"@id\":\"https:\\\/\\\/billaresrar.es\\\/#\\\/schema\\\/person\\\/58bf20f74847ad0e156049ad50e1cc19\",\"name\":\"Ren\u00e9\",\"image\":{\"@type\":\"ImageObject\",\"inLanguage\":\"en-US\",\"@id\":\"https:\\\/\\\/i0.wp.com\\\/billaresrar.es\\\/wp-content\\\/uploads\\\/2024\\\/12\\\/definitivo-RAR.webp?fit=1920%2C1147&ssl=1\",\"url\":\"https:\\\/\\\/i0.wp.com\\\/billaresrar.es\\\/wp-content\\\/uploads\\\/2024\\\/12\\\/definitivo-RAR.webp?fit=1920%2C1147&ssl=1\",\"contentUrl\":\"https:\\\/\\\/i0.wp.com\\\/billaresrar.es\\\/wp-content\\\/uploads\\\/2024\\\/12\\\/definitivo-RAR.webp?fit=1920%2C1147&ssl=1\",\"width\":1920,\"height\":1147,\"caption\":\"Ren\u00e9\"},\"logo\":{\"@id\":\"https:\\\/\\\/i0.wp.com\\\/billaresrar.es\\\/wp-content\\\/uploads\\\/2024\\\/12\\\/definitivo-RAR.webp?fit=1920%2C1147&ssl=1\"}}]}<\/script>\n<meta property=\"product:price:amount\" content=\"280.00\" \/>\n<meta property=\"product:price:currency\" content=\"EUR\" \/>\n<meta property=\"og:availability\" content=\"instock\" \/>\n<meta property=\"product:availability\" content=\"instock\" \/>\n<meta property=\"product:condition\" content=\"new\" \/>\n<!-- \/ Yoast SEO plugin. -->","yoast_head_json":{"title":"BOLAS POOL DYNASPHERES PALLADIUM - RAR Billares online shop","description":"Con un dise\u00f1o innovador Dynaspheres ha trabajado con grandes nombres como Semih Sayginer o Shane van Boening para promover su calidad.","robots":{"index":"index","follow":"follow","max-snippet":"max-snippet:-1","max-image-preview":"max-image-preview:large","max-video-preview":"max-video-preview:-1"},"canonical":"https:\/\/billaresrar.es\/en\/product\/bolas-pool-dynaspheres-palladium\/","og_locale":"en_US","og_type":"article","og_title":"BOLAS POOL DYNASPHERES PALLADIUM - RAR Billares online shop","og_description":"Con un dise\u00f1o innovador Dynaspheres ha trabajado con grandes nombres como Semih Sayginer o Shane van Boening para promover su calidad.","og_url":"https:\/\/billaresrar.es\/en\/product\/bolas-pool-dynaspheres-palladium\/","og_site_name":"RAR Billares online shop","og_image":[{"width":800,"height":800,"url":"https:\/\/billaresrar.es\/wp-content\/uploads\/2026\/02\/bolas-pool-dynaspheres-palladium.png","type":"image\/png"}],"twitter_card":"summary_large_image","twitter_misc":{"Price":"280,00&nbsp;&euro;","Availability":"In stock"},"schema":{"@context":"https:\/\/schema.org","@graph":[{"@type":"WebPage","@id":"https:\/\/billaresrar.es\/producto\/bolas-pool-dynaspheres-palladium\/","url":"https:\/\/billaresrar.es\/producto\/bolas-pool-dynaspheres-palladium\/","name":"BOLAS POOL DYNASPHERES PALLADIUM - RAR Billares online shop","isPartOf":{"@id":"https:\/\/billaresrar.es\/#website"},"primaryImageOfPage":{"@id":"https:\/\/billaresrar.es\/producto\/bolas-pool-dynaspheres-palladium\/#primaryimage"},"image":{"@id":"https:\/\/billaresrar.es\/producto\/bolas-pool-dynaspheres-palladium\/#primaryimage"},"thumbnailUrl":"https:\/\/i0.wp.com\/billaresrar.es\/wp-content\/uploads\/2026\/02\/bolas-pool-dynaspheres-palladium.png?fit=800%2C800&ssl=1","datePublished":"2026-02-20T23:43:32+00:00","description":"Con un dise\u00f1o innovador Dynaspheres ha trabajado con grandes nombres como Semih Sayginer o Shane van Boening para promover su calidad.","breadcrumb":{"@id":"https:\/\/billaresrar.es\/producto\/bolas-pool-dynaspheres-palladium\/#breadcrumb"},"inLanguage":"en-US","potentialAction":[{"@type":"ReadAction","target":["https:\/\/billaresrar.es\/producto\/bolas-pool-dynaspheres-palladium\/"]}]},{"@type":"ImageObject","inLanguage":"en-US","@id":"https:\/\/billaresrar.es\/producto\/bolas-pool-dynaspheres-palladium\/#primaryimage","url":"https:\/\/i0.wp.com\/billaresrar.es\/wp-content\/uploads\/2026\/02\/bolas-pool-dynaspheres-palladium.png?fit=800%2C800&ssl=1","contentUrl":"https:\/\/i0.wp.com\/billaresrar.es\/wp-content\/uploads\/2026\/02\/bolas-pool-dynaspheres-palladium.png?fit=800%2C800&ssl=1","width":800,"height":800,"caption":"bolas-pool-dynaspheres-palladium"},{"@type":"BreadcrumbList","@id":"https:\/\/billaresrar.es\/producto\/bolas-pool-dynaspheres-palladium\/#breadcrumb","itemListElement":[{"@type":"ListItem","position":1,"name":"Portada","item":"https:\/\/billaresrar.es\/"},{"@type":"ListItem","position":2,"name":"Tienda","item":"https:\/\/billaresrar.es\/tienda-billares-rar\/"},{"@type":"ListItem","position":3,"name":"BOLAS POOL DYNASPHERES PALLADIUM"}]},{"@type":"WebSite","@id":"https:\/\/billaresrar.es\/#website","url":"https:\/\/billaresrar.es\/","name":"RAR Billares","description":"Nos dedicamos a la restauraci\u00f3n, personalizaci\u00f3n, compraventa e instalaci\u00f3n de mesas de billar.","publisher":{"@id":"https:\/\/billaresrar.es\/#\/schema\/person\/58bf20f74847ad0e156049ad50e1cc19"},"potentialAction":[{"@type":"SearchAction","target":{"@type":"EntryPoint","urlTemplate":"https:\/\/billaresrar.es\/?s={search_term_string}"},"query-input":{"@type":"PropertyValueSpecification","valueRequired":true,"valueName":"search_term_string"}}],"inLanguage":"en-US"},{"@type":["Person","Organization"],"@id":"https:\/\/billaresrar.es\/#\/schema\/person\/58bf20f74847ad0e156049ad50e1cc19","name":"Ren\u00e9","image":{"@type":"ImageObject","inLanguage":"en-US","@id":"https:\/\/i0.wp.com\/billaresrar.es\/wp-content\/uploads\/2024\/12\/definitivo-RAR.webp?fit=1920%2C1147&ssl=1","url":"https:\/\/i0.wp.com\/billaresrar.es\/wp-content\/uploads\/2024\/12\/definitivo-RAR.webp?fit=1920%2C1147&ssl=1","contentUrl":"https:\/\/i0.wp.com\/billaresrar.es\/wp-content\/uploads\/2024\/12\/definitivo-RAR.webp?fit=1920%2C1147&ssl=1","width":1920,"height":1147,"caption":"Ren\u00e9"},"logo":{"@id":"https:\/\/i0.wp.com\/billaresrar.es\/wp-content\/uploads\/2024\/12\/definitivo-RAR.webp?fit=1920%2C1147&ssl=1"}}]},"product_price_amount":"280.00","product_price_currency":"EUR","og_availability":"instock","product_availability":"instock","product_condition":"new"},"jetpack_publicize_connections":[],"jetpack_sharing_enabled":true,"jetpack_likes_enabled":true,"jetpack-related-posts":[],"_links":{"self":[{"href":"https:\/\/billaresrar.es\/en\/wp-json\/wp\/v2\/product\/3536","targetHints":{"allow":["GET"]}}],"collection":[{"href":"https:\/\/billaresrar.es\/en\/wp-json\/wp\/v2\/product"}],"about":[{"href":"https:\/\/billaresrar.es\/en\/wp-json\/wp\/v2\/types\/product"}],"version-history":[{"count":1,"href":"https:\/\/billaresrar.es\/en\/wp-json\/wp\/v2\/product\/3536\/revisions"}],"predecessor-version":[{"id":3538,"href":"https:\/\/billaresrar.es\/en\/wp-json\/wp\/v2\/product\/3536\/revisions\/3538"}],"wp:featuredmedia":[{"embeddable":true,"href":"https:\/\/billaresrar.es\/en\/wp-json\/wp\/v2\/media\/3537"}],"wp:attachment":[{"href":"https:\/\/billaresrar.es\/en\/wp-json\/wp\/v2\/media?parent=3536"}],"wp:term":[{"taxonomy":"product_brand","embeddable":true,"href":"https:\/\/billaresrar.es\/en\/wp-json\/wp\/v2\/product_brand?post=3536"},{"taxonomy":"product_cat","embeddable":true,"href":"https:\/\/billaresrar.es\/en\/wp-json\/wp\/v2\/product_cat?post=3536"},{"taxonomy":"product_tag","embeddable":true,"href":"https:\/\/billaresrar.es\/en\/wp-json\/wp\/v2\/product_tag?post=3536"}],"curies":[{"name":"wp","href":"https:\/\/api.w.org\/{rel}","templated":true}]}}