{"id":3500,"date":"2026-02-15T23:24:26","date_gmt":"2026-02-15T22:24:26","guid":{"rendered":"https:\/\/billaresrar.es\/?post_type=product&#038;p=3500"},"modified":"2026-02-15T23:24:26","modified_gmt":"2026-02-15T22:24:26","slug":"lampara-perimetral-rb","status":"publish","type":"product","link":"https:\/\/billaresrar.es\/en\/product\/lampara-perimetral-rb\/","title":{"rendered":"Lampara Perimetral RB"},"content":{"rendered":"<p><strong>Lampara Perimetral RB<\/strong><\/p>\n<p><span dir=\"auto\">La l\u00e1mpara perimetral RB ofrece importantes ventajas a jugadores y propietarios de salas de billar en general. Su dise\u00f1o combina a la perfecci\u00f3n forma y funci\u00f3n, mejorando la atm\u00f3sfera de cualquier espacio al solucionar muchos de los problemas asociados con la iluminaci\u00f3n tradicional. Crea un ambiente acogedor y confortable para que sus clientes disfruten y se queden. Las luces son energ\u00e9ticamente eficientes y f\u00e1ciles de instalar y operar.<\/span><\/p>\n<p><span dir=\"auto\">La l\u00e1mpara de billar Perimetral RB, fabricada en aluminio ligero proyecta una luz uniforme, sin parpadeos y de bajo consumo sobre tu mesa, ampliando tu espacio de juego. Aprovecha al m\u00e1ximo el espacio vertical sobre la mesa, incluso en entornos con techos bajos. Dise\u00f1ada para mejorar tu experiencia y rendimiento de juego. Ampl\u00eda tu espacio vertical y elimina los obst\u00e1culos que dificultan tu concentraci\u00f3n.<\/span><\/p>\n<ul>\n<li>L\u00e1mpara perimetral de led rectangular.<\/li>\n<li>Medidas: 220&#215;100 cm.<\/li>\n<li>Paneles led (280W).<\/li>\n<li>Material: aluminio en color negro.<\/li>\n<li>Cuatro puntos de anclaje.<\/li>\n<li>Kit de instalaci\u00f3n (opcional)<\/li>\n<\/ul>","protected":false},"excerpt":{"rendered":"<p><strong>Lampara Perimetral RB<\/strong><\/p>\n<p><span dir=\"auto\">La l\u00e1mpara perimetral RB ofrece importantes ventajas a jugadores y propietarios de salas de billar en general. Su dise\u00f1o combina a la perfecci\u00f3n forma y funci\u00f3n, mejorando la atm\u00f3sfera de cualquier espacio al solucionar muchos de los problemas asociados con la iluminaci\u00f3n tradicional. Crea un ambiente acogedor y confortable para que sus clientes disfruten y se queden. Las luces son energ\u00e9ticamente eficientes y f\u00e1ciles de instalar y operar.<\/span><\/p>\n<p><span dir=\"auto\">La l\u00e1mpara de billar Perimetral RB, fabricada en aluminio ligero proyecta una luz uniforme, sin parpadeos y de bajo consumo sobre tu mesa, ampliando tu espacio de juego. Aprovecha al m\u00e1ximo el espacio vertical sobre la mesa, incluso en entornos con techos bajos. Dise\u00f1ada para mejorar tu experiencia y rendimiento de juego. Ampl\u00eda tu espacio vertical y elimina los obst\u00e1culos que dificultan tu concentraci\u00f3n.<\/span><\/p>\n<p>Caracter\u00edsticas:<\/p>\n<ul>\n<li>L\u00e1mpara perimetral de led rectangular.<\/li>\n<li>Medidas: 220&#215;100 cm.<\/li>\n<li>Paneles led (280W).<\/li>\n<li>Material: aluminio en color negro.<\/li>\n<li>Cuatro puntos de anclaje.<\/li>\n<li>Kit de instalaci\u00f3n (opcional)<\/li>\n<\/ul>","protected":false},"featured_media":3502,"template":"","meta":{"jetpack_post_was_ever_published":false,"jetpack_publicize_message":"","jetpack_publicize_feature_enabled":true,"jetpack_social_post_already_shared":true,"jetpack_social_options":{"image_generator_settings":{"template":"highway","default_image_id":0,"font":"","enabled":false},"version":2}},"product_brand":[],"product_cat":[420,37],"product_tag":[505,507,439,506],"class_list":{"0":"post-3500","1":"product","2":"type-product","3":"status-publish","4":"has-post-thumbnail","6":"product_cat-lamparas","7":"product_cat-mundo-billar","8":"product_tag-lamnpara-perimetral","9":"product_tag-lampara-cuadrara","10":"product_tag-lampara-de-billar","11":"product_tag-lampara-rb","13":"first","14":"instock","15":"taxable","16":"shipping-taxable","17":"purchasable","18":"product-type-simple"},"yoast_head":"<!-- This site is optimized with the Yoast SEO plugin v27.3 - https:\/\/yoast.com\/product\/yoast-seo-wordpress\/ -->\n<title>Lampara Perimetral RB - RAR Billares online shop<\/title>\n<meta name=\"description\" content=\"La l\u00e1mpara de billar Perimetral RB, fabricada en aluminio ligero proyecta una luz uniforme, sin parpadeos y de bajo consumo sobre tu mesa, ampliando tu espacio de juego, incluso en entornos con techos bajos\" \/>\n<meta name=\"robots\" content=\"index, follow, max-snippet:-1, max-image-preview:large, max-video-preview:-1\" \/>\n<link rel=\"canonical\" href=\"https:\/\/billaresrar.es\/en\/product\/lampara-perimetral-rb\/\" \/>\n<meta property=\"og:locale\" content=\"en_US\" \/>\n<meta property=\"og:type\" content=\"article\" \/>\n<meta property=\"og:title\" content=\"Lampara Perimetral RB - RAR Billares online shop\" \/>\n<meta property=\"og:description\" content=\"La l\u00e1mpara de billar Perimetral RB, fabricada en aluminio ligero proyecta una luz uniforme, sin parpadeos y de bajo consumo sobre tu mesa, ampliando tu espacio de juego, incluso en entornos con techos bajos\" \/>\n<meta property=\"og:url\" content=\"https:\/\/billaresrar.es\/en\/product\/lampara-perimetral-rb\/\" \/>\n<meta property=\"og:site_name\" content=\"RAR Billares online shop\" \/>\n<meta property=\"og:image\" content=\"https:\/\/billaresrar.es\/wp-content\/uploads\/2026\/02\/lampara-perimetral.jpg\" \/>\n\t<meta property=\"og:image:width\" content=\"1200\" \/>\n\t<meta property=\"og:image:height\" content=\"800\" \/>\n\t<meta property=\"og:image:type\" content=\"image\/jpeg\" \/>\n<meta name=\"twitter:card\" content=\"summary_large_image\" \/>\n<meta name=\"twitter:label1\" content=\"Price\" \/>\n\t<meta name=\"twitter:data1\" content=\"299,00&nbsp;&euro;\" \/>\n\t<meta name=\"twitter:label2\" content=\"Availability\" \/>\n\t<meta name=\"twitter:data2\" content=\"In stock\" \/>\n<script type=\"application\/ld+json\" class=\"yoast-schema-graph\">{\"@context\":\"https:\\\/\\\/schema.org\",\"@graph\":[{\"@type\":\"WebPage\",\"@id\":\"https:\\\/\\\/billaresrar.es\\\/producto\\\/lampara-perimetral-rb\\\/\",\"url\":\"https:\\\/\\\/billaresrar.es\\\/producto\\\/lampara-perimetral-rb\\\/\",\"name\":\"Lampara Perimetral RB - RAR Billares online shop\",\"isPartOf\":{\"@id\":\"https:\\\/\\\/billaresrar.es\\\/#website\"},\"primaryImageOfPage\":{\"@id\":\"https:\\\/\\\/billaresrar.es\\\/producto\\\/lampara-perimetral-rb\\\/#primaryimage\"},\"image\":{\"@id\":\"https:\\\/\\\/billaresrar.es\\\/producto\\\/lampara-perimetral-rb\\\/#primaryimage\"},\"thumbnailUrl\":\"https:\\\/\\\/i0.wp.com\\\/billaresrar.es\\\/wp-content\\\/uploads\\\/2026\\\/02\\\/lampara-perimetral.jpg?fit=1200%2C800&ssl=1\",\"datePublished\":\"2026-02-15T22:24:26+00:00\",\"description\":\"La l\u00e1mpara de billar Perimetral RB, fabricada en aluminio ligero proyecta una luz uniforme, sin parpadeos y de bajo consumo sobre tu mesa, ampliando tu espacio de juego, incluso en entornos con techos bajos\",\"breadcrumb\":{\"@id\":\"https:\\\/\\\/billaresrar.es\\\/producto\\\/lampara-perimetral-rb\\\/#breadcrumb\"},\"inLanguage\":\"en-US\",\"potentialAction\":[{\"@type\":\"ReadAction\",\"target\":[\"https:\\\/\\\/billaresrar.es\\\/producto\\\/lampara-perimetral-rb\\\/\"]}]},{\"@type\":\"ImageObject\",\"inLanguage\":\"en-US\",\"@id\":\"https:\\\/\\\/billaresrar.es\\\/producto\\\/lampara-perimetral-rb\\\/#primaryimage\",\"url\":\"https:\\\/\\\/i0.wp.com\\\/billaresrar.es\\\/wp-content\\\/uploads\\\/2026\\\/02\\\/lampara-perimetral.jpg?fit=1200%2C800&ssl=1\",\"contentUrl\":\"https:\\\/\\\/i0.wp.com\\\/billaresrar.es\\\/wp-content\\\/uploads\\\/2026\\\/02\\\/lampara-perimetral.jpg?fit=1200%2C800&ssl=1\",\"width\":1200,\"height\":800,\"caption\":\"lampara perimetral\"},{\"@type\":\"BreadcrumbList\",\"@id\":\"https:\\\/\\\/billaresrar.es\\\/producto\\\/lampara-perimetral-rb\\\/#breadcrumb\",\"itemListElement\":[{\"@type\":\"ListItem\",\"position\":1,\"name\":\"Portada\",\"item\":\"https:\\\/\\\/billaresrar.es\\\/\"},{\"@type\":\"ListItem\",\"position\":2,\"name\":\"Tienda\",\"item\":\"https:\\\/\\\/billaresrar.es\\\/tienda-billares-rar\\\/\"},{\"@type\":\"ListItem\",\"position\":3,\"name\":\"Lampara Perimetral RB\"}]},{\"@type\":\"WebSite\",\"@id\":\"https:\\\/\\\/billaresrar.es\\\/#website\",\"url\":\"https:\\\/\\\/billaresrar.es\\\/\",\"name\":\"RAR Billares\",\"description\":\"Nos dedicamos a la restauraci\u00f3n, personalizaci\u00f3n, compraventa e instalaci\u00f3n de mesas de billar.\",\"publisher\":{\"@id\":\"https:\\\/\\\/billaresrar.es\\\/#\\\/schema\\\/person\\\/58bf20f74847ad0e156049ad50e1cc19\"},\"potentialAction\":[{\"@type\":\"SearchAction\",\"target\":{\"@type\":\"EntryPoint\",\"urlTemplate\":\"https:\\\/\\\/billaresrar.es\\\/?s={search_term_string}\"},\"query-input\":{\"@type\":\"PropertyValueSpecification\",\"valueRequired\":true,\"valueName\":\"search_term_string\"}}],\"inLanguage\":\"en-US\"},{\"@type\":[\"Person\",\"Organization\"],\"@id\":\"https:\\\/\\\/billaresrar.es\\\/#\\\/schema\\\/person\\\/58bf20f74847ad0e156049ad50e1cc19\",\"name\":\"Ren\u00e9\",\"image\":{\"@type\":\"ImageObject\",\"inLanguage\":\"en-US\",\"@id\":\"https:\\\/\\\/i0.wp.com\\\/billaresrar.es\\\/wp-content\\\/uploads\\\/2024\\\/12\\\/definitivo-RAR.webp?fit=1920%2C1147&ssl=1\",\"url\":\"https:\\\/\\\/i0.wp.com\\\/billaresrar.es\\\/wp-content\\\/uploads\\\/2024\\\/12\\\/definitivo-RAR.webp?fit=1920%2C1147&ssl=1\",\"contentUrl\":\"https:\\\/\\\/i0.wp.com\\\/billaresrar.es\\\/wp-content\\\/uploads\\\/2024\\\/12\\\/definitivo-RAR.webp?fit=1920%2C1147&ssl=1\",\"width\":1920,\"height\":1147,\"caption\":\"Ren\u00e9\"},\"logo\":{\"@id\":\"https:\\\/\\\/i0.wp.com\\\/billaresrar.es\\\/wp-content\\\/uploads\\\/2024\\\/12\\\/definitivo-RAR.webp?fit=1920%2C1147&ssl=1\"}}]}<\/script>\n<meta property=\"product:price:amount\" content=\"299.00\" \/>\n<meta property=\"product:price:currency\" content=\"EUR\" \/>\n<meta property=\"og:availability\" content=\"instock\" \/>\n<meta property=\"product:availability\" content=\"instock\" \/>\n<meta property=\"product:condition\" content=\"new\" \/>\n<!-- \/ Yoast SEO plugin. -->","yoast_head_json":{"title":"Lampara Perimetral RB - RAR Billares online shop","description":"La l\u00e1mpara de billar Perimetral RB, fabricada en aluminio ligero proyecta una luz uniforme, sin parpadeos y de bajo consumo sobre tu mesa, ampliando tu espacio de juego, incluso en entornos con techos bajos","robots":{"index":"index","follow":"follow","max-snippet":"max-snippet:-1","max-image-preview":"max-image-preview:large","max-video-preview":"max-video-preview:-1"},"canonical":"https:\/\/billaresrar.es\/en\/product\/lampara-perimetral-rb\/","og_locale":"en_US","og_type":"article","og_title":"Lampara Perimetral RB - RAR Billares online shop","og_description":"La l\u00e1mpara de billar Perimetral RB, fabricada en aluminio ligero proyecta una luz uniforme, sin parpadeos y de bajo consumo sobre tu mesa, ampliando tu espacio de juego, incluso en entornos con techos bajos","og_url":"https:\/\/billaresrar.es\/en\/product\/lampara-perimetral-rb\/","og_site_name":"RAR Billares online shop","og_image":[{"width":1200,"height":800,"url":"https:\/\/billaresrar.es\/wp-content\/uploads\/2026\/02\/lampara-perimetral.jpg","type":"image\/jpeg"}],"twitter_card":"summary_large_image","twitter_misc":{"Price":"299,00&nbsp;&euro;","Availability":"In stock"},"schema":{"@context":"https:\/\/schema.org","@graph":[{"@type":"WebPage","@id":"https:\/\/billaresrar.es\/producto\/lampara-perimetral-rb\/","url":"https:\/\/billaresrar.es\/producto\/lampara-perimetral-rb\/","name":"Lampara Perimetral RB - RAR Billares online shop","isPartOf":{"@id":"https:\/\/billaresrar.es\/#website"},"primaryImageOfPage":{"@id":"https:\/\/billaresrar.es\/producto\/lampara-perimetral-rb\/#primaryimage"},"image":{"@id":"https:\/\/billaresrar.es\/producto\/lampara-perimetral-rb\/#primaryimage"},"thumbnailUrl":"https:\/\/i0.wp.com\/billaresrar.es\/wp-content\/uploads\/2026\/02\/lampara-perimetral.jpg?fit=1200%2C800&ssl=1","datePublished":"2026-02-15T22:24:26+00:00","description":"La l\u00e1mpara de billar Perimetral RB, fabricada en aluminio ligero proyecta una luz uniforme, sin parpadeos y de bajo consumo sobre tu mesa, ampliando tu espacio de juego, incluso en entornos con techos bajos","breadcrumb":{"@id":"https:\/\/billaresrar.es\/producto\/lampara-perimetral-rb\/#breadcrumb"},"inLanguage":"en-US","potentialAction":[{"@type":"ReadAction","target":["https:\/\/billaresrar.es\/producto\/lampara-perimetral-rb\/"]}]},{"@type":"ImageObject","inLanguage":"en-US","@id":"https:\/\/billaresrar.es\/producto\/lampara-perimetral-rb\/#primaryimage","url":"https:\/\/i0.wp.com\/billaresrar.es\/wp-content\/uploads\/2026\/02\/lampara-perimetral.jpg?fit=1200%2C800&ssl=1","contentUrl":"https:\/\/i0.wp.com\/billaresrar.es\/wp-content\/uploads\/2026\/02\/lampara-perimetral.jpg?fit=1200%2C800&ssl=1","width":1200,"height":800,"caption":"lampara perimetral"},{"@type":"BreadcrumbList","@id":"https:\/\/billaresrar.es\/producto\/lampara-perimetral-rb\/#breadcrumb","itemListElement":[{"@type":"ListItem","position":1,"name":"Portada","item":"https:\/\/billaresrar.es\/"},{"@type":"ListItem","position":2,"name":"Tienda","item":"https:\/\/billaresrar.es\/tienda-billares-rar\/"},{"@type":"ListItem","position":3,"name":"Lampara Perimetral RB"}]},{"@type":"WebSite","@id":"https:\/\/billaresrar.es\/#website","url":"https:\/\/billaresrar.es\/","name":"RAR Billares","description":"Nos dedicamos a la restauraci\u00f3n, personalizaci\u00f3n, compraventa e instalaci\u00f3n de mesas de billar.","publisher":{"@id":"https:\/\/billaresrar.es\/#\/schema\/person\/58bf20f74847ad0e156049ad50e1cc19"},"potentialAction":[{"@type":"SearchAction","target":{"@type":"EntryPoint","urlTemplate":"https:\/\/billaresrar.es\/?s={search_term_string}"},"query-input":{"@type":"PropertyValueSpecification","valueRequired":true,"valueName":"search_term_string"}}],"inLanguage":"en-US"},{"@type":["Person","Organization"],"@id":"https:\/\/billaresrar.es\/#\/schema\/person\/58bf20f74847ad0e156049ad50e1cc19","name":"Ren\u00e9","image":{"@type":"ImageObject","inLanguage":"en-US","@id":"https:\/\/i0.wp.com\/billaresrar.es\/wp-content\/uploads\/2024\/12\/definitivo-RAR.webp?fit=1920%2C1147&ssl=1","url":"https:\/\/i0.wp.com\/billaresrar.es\/wp-content\/uploads\/2024\/12\/definitivo-RAR.webp?fit=1920%2C1147&ssl=1","contentUrl":"https:\/\/i0.wp.com\/billaresrar.es\/wp-content\/uploads\/2024\/12\/definitivo-RAR.webp?fit=1920%2C1147&ssl=1","width":1920,"height":1147,"caption":"Ren\u00e9"},"logo":{"@id":"https:\/\/i0.wp.com\/billaresrar.es\/wp-content\/uploads\/2024\/12\/definitivo-RAR.webp?fit=1920%2C1147&ssl=1"}}]},"product_price_amount":"299.00","product_price_currency":"EUR","og_availability":"instock","product_availability":"instock","product_condition":"new"},"jetpack_publicize_connections":[],"jetpack_sharing_enabled":true,"jetpack_likes_enabled":true,"jetpack-related-posts":[],"_links":{"self":[{"href":"https:\/\/billaresrar.es\/en\/wp-json\/wp\/v2\/product\/3500","targetHints":{"allow":["GET"]}}],"collection":[{"href":"https:\/\/billaresrar.es\/en\/wp-json\/wp\/v2\/product"}],"about":[{"href":"https:\/\/billaresrar.es\/en\/wp-json\/wp\/v2\/types\/product"}],"version-history":[{"count":2,"href":"https:\/\/billaresrar.es\/en\/wp-json\/wp\/v2\/product\/3500\/revisions"}],"predecessor-version":[{"id":3505,"href":"https:\/\/billaresrar.es\/en\/wp-json\/wp\/v2\/product\/3500\/revisions\/3505"}],"wp:featuredmedia":[{"embeddable":true,"href":"https:\/\/billaresrar.es\/en\/wp-json\/wp\/v2\/media\/3502"}],"wp:attachment":[{"href":"https:\/\/billaresrar.es\/en\/wp-json\/wp\/v2\/media?parent=3500"}],"wp:term":[{"taxonomy":"product_brand","embeddable":true,"href":"https:\/\/billaresrar.es\/en\/wp-json\/wp\/v2\/product_brand?post=3500"},{"taxonomy":"product_cat","embeddable":true,"href":"https:\/\/billaresrar.es\/en\/wp-json\/wp\/v2\/product_cat?post=3500"},{"taxonomy":"product_tag","embeddable":true,"href":"https:\/\/billaresrar.es\/en\/wp-json\/wp\/v2\/product_tag?post=3500"}],"curies":[{"name":"wp","href":"https:\/\/api.w.org\/{rel}","templated":true}]}}