{"id":3420,"date":"2025-12-20T01:26:08","date_gmt":"2025-12-20T00:26:08","guid":{"rendered":"https:\/\/billaresrar.es\/?post_type=product&#038;p=3420"},"modified":"2025-12-20T01:26:08","modified_gmt":"2025-12-20T00:26:08","slug":"portatizas-smildon","status":"publish","type":"product","link":"https:\/\/billaresrar.es\/en\/product\/portatizas-smildon\/","title":{"rendered":"PORTATIZAS SMILDON"},"content":{"rendered":"<p>El portatizas SMILDON est\u00e1 dise\u00f1ado para jugadores que buscan comodidad y protecci\u00f3n para sus tizas de billar redondas. Fabricado en metal de alta resistencia, ofrece una estructura robusta y duradera que mantiene la tiza siempre segura.<\/p>\n<p>Tapa enroscable con textura antideslizante proporciona un agarre c\u00f3modo y r\u00e1pido, permitiendo abrir y cerrar el portatizas con facilidad.<\/p>\n<p>El dise\u00f1o elegante en color negro, junto al logotipo SMILDON grabado en la superficie, le otorga un aspecto profesional que combina perfectamente con cualquier equipo de billar. Incluye tambi\u00e9n una llave, ideal para realizar peque\u00f1os ajustes o montaje seg\u00fan sea necesario.<\/p>\n<p>Caracter\u00edsticas principales<\/p>\n<p>Apto para tizas redondas de tama\u00f1o est\u00e1ndar.<\/p>\n<p>Imantado para un agarre seguro y se puede utilizar en cualquier soporte magn\u00e9tico.<\/p>\n<p>Construcci\u00f3n met\u00e1lica resistente y de larga duraci\u00f3n.<\/p>\n<p>Tapa enroscable con superficie rugosa para un mejor agarre.<\/p>\n<p>Dise\u00f1o elegante y compacto.<\/p>\n<p>Incluye llave para ajustes pr\u00e1cticos.<\/p>","protected":false},"excerpt":{"rendered":"<p>El portatizas SMILDON est\u00e1 dise\u00f1ado para jugadores que buscan comodidad y protecci\u00f3n para sus tizas de billar redondas. Fabricado en metal de alta resistencia, ofrece una estructura robusta y duradera que mantiene la tiza siempre segura.<\/p>\n<p>Tapa enroscable con textura antideslizante proporciona un agarre c\u00f3modo y r\u00e1pido, permitiendo abrir y cerrar el portatizas con facilidad.<\/p>\n<p>El dise\u00f1o elegante en color negro, junto al logotipo SMILDON grabado en la superficie, le otorga un aspecto profesional que combina perfectamente con cualquier equipo de billar. Incluye tambi\u00e9n una llave, ideal para realizar peque\u00f1os ajustes o montaje seg\u00fan sea necesario.<\/p>\n<p>Caracter\u00edsticas principales:<\/p>\n<ul>\n<li>Apto para tizas redondas de tama\u00f1o est\u00e1ndar.<\/li>\n<li>Imantado para un agarre seguro y se puede utilizar en cualquier soporte magn\u00e9tico.<\/li>\n<li>Construcci\u00f3n met\u00e1lica resistente y de larga duraci\u00f3n.<\/li>\n<li>Tapa enroscable con superficie rugosa para un mejor agarre.<\/li>\n<li>Dise\u00f1o elegante y compacto.<\/li>\n<li>Incluye llave para ajustes pr\u00e1cticos.<\/li>\n<\/ul>","protected":false},"featured_media":3421,"template":"","meta":{"jetpack_publicize_message":"","jetpack_publicize_feature_enabled":true,"jetpack_social_post_already_shared":true,"jetpack_social_options":{"image_generator_settings":{"template":"highway","default_image_id":0,"font":"","enabled":false},"version":2}},"product_brand":[487],"product_cat":[35,37,52,414],"product_tag":[493,495,497,496,494],"class_list":{"0":"post-3420","1":"product","2":"type-product","3":"status-publish","4":"has-post-thumbnail","6":"product_brand-smildon","7":"product_cat-accesorios-de-billar","8":"product_cat-mundo-billar","9":"product_cat-tizas","10":"product_cat-tizas-y-portatizas","11":"product_tag-portatizas","12":"product_tag-portatizas-metalico","13":"product_tag-portatizas-redondas","14":"product_tag-portatizas-redondo","15":"product_tag-portatizas-smildon","17":"first","18":"instock","19":"taxable","20":"shipping-taxable","21":"purchasable","22":"product-type-simple"},"yoast_head":"<!-- This site is optimized with the Yoast SEO plugin v27.5 - https:\/\/yoast.com\/product\/yoast-seo-wordpress\/ -->\n<title>PORTATIZAS SMILDON - RAR Billares online shop<\/title>\n<meta name=\"description\" content=\"El portatizas Smildon tiene una tapa enroscable con textura antideslizante proporciona un agarre c\u00f3modo y r\u00e1pido. Disponible en varios colores met\u00e1licos.\" \/>\n<meta name=\"robots\" content=\"index, follow, max-snippet:-1, max-image-preview:large, max-video-preview:-1\" \/>\n<link rel=\"canonical\" href=\"https:\/\/billaresrar.es\/en\/product\/portatizas-smildon\/\" \/>\n<meta property=\"og:locale\" content=\"en_US\" \/>\n<meta property=\"og:type\" content=\"article\" \/>\n<meta property=\"og:title\" content=\"PORTATIZAS SMILDON - RAR Billares online shop\" \/>\n<meta property=\"og:description\" content=\"El portatizas Smildon tiene una tapa enroscable con textura antideslizante proporciona un agarre c\u00f3modo y r\u00e1pido. Disponible en varios colores met\u00e1licos.\" \/>\n<meta property=\"og:url\" content=\"https:\/\/billaresrar.es\/en\/product\/portatizas-smildon\/\" \/>\n<meta property=\"og:site_name\" content=\"RAR Billares online shop\" \/>\n<meta property=\"og:image\" content=\"https:\/\/billaresrar.es\/wp-content\/uploads\/2025\/12\/WhatsApp-Image-2025-12-13-at-00.36.29.jpeg\" \/>\n\t<meta property=\"og:image:width\" content=\"864\" \/>\n\t<meta property=\"og:image:height\" content=\"1097\" \/>\n\t<meta property=\"og:image:type\" content=\"image\/jpeg\" \/>\n<meta name=\"twitter:card\" content=\"summary_large_image\" \/>\n<meta name=\"twitter:label1\" content=\"Price\" \/>\n\t<meta name=\"twitter:data1\" content=\"12,00&nbsp;&euro;\" \/>\n\t<meta name=\"twitter:label2\" content=\"Availability\" \/>\n\t<meta name=\"twitter:data2\" content=\"In stock\" \/>\n<script type=\"application\/ld+json\" class=\"yoast-schema-graph\">{\"@context\":\"https:\\\/\\\/schema.org\",\"@graph\":[{\"@type\":\"WebPage\",\"@id\":\"https:\\\/\\\/billaresrar.es\\\/producto\\\/portatizas-smildon\\\/\",\"url\":\"https:\\\/\\\/billaresrar.es\\\/producto\\\/portatizas-smildon\\\/\",\"name\":\"PORTATIZAS SMILDON - RAR Billares online shop\",\"isPartOf\":{\"@id\":\"https:\\\/\\\/billaresrar.es\\\/#website\"},\"primaryImageOfPage\":{\"@id\":\"https:\\\/\\\/billaresrar.es\\\/producto\\\/portatizas-smildon\\\/#primaryimage\"},\"image\":{\"@id\":\"https:\\\/\\\/billaresrar.es\\\/producto\\\/portatizas-smildon\\\/#primaryimage\"},\"thumbnailUrl\":\"https:\\\/\\\/i0.wp.com\\\/billaresrar.es\\\/wp-content\\\/uploads\\\/2025\\\/12\\\/WhatsApp-Image-2025-12-13-at-00.36.29.jpeg?fit=864%2C1097&ssl=1\",\"datePublished\":\"2025-12-20T00:26:08+00:00\",\"description\":\"El portatizas Smildon tiene una tapa enroscable con textura antideslizante proporciona un agarre c\u00f3modo y r\u00e1pido. Disponible en varios colores met\u00e1licos.\",\"breadcrumb\":{\"@id\":\"https:\\\/\\\/billaresrar.es\\\/producto\\\/portatizas-smildon\\\/#breadcrumb\"},\"inLanguage\":\"en-US\",\"potentialAction\":[{\"@type\":\"ReadAction\",\"target\":[\"https:\\\/\\\/billaresrar.es\\\/producto\\\/portatizas-smildon\\\/\"]}]},{\"@type\":\"ImageObject\",\"inLanguage\":\"en-US\",\"@id\":\"https:\\\/\\\/billaresrar.es\\\/producto\\\/portatizas-smildon\\\/#primaryimage\",\"url\":\"https:\\\/\\\/i0.wp.com\\\/billaresrar.es\\\/wp-content\\\/uploads\\\/2025\\\/12\\\/WhatsApp-Image-2025-12-13-at-00.36.29.jpeg?fit=864%2C1097&ssl=1\",\"contentUrl\":\"https:\\\/\\\/i0.wp.com\\\/billaresrar.es\\\/wp-content\\\/uploads\\\/2025\\\/12\\\/WhatsApp-Image-2025-12-13-at-00.36.29.jpeg?fit=864%2C1097&ssl=1\",\"width\":864,\"height\":1097,\"caption\":\"Portatizas Smildon\"},{\"@type\":\"BreadcrumbList\",\"@id\":\"https:\\\/\\\/billaresrar.es\\\/producto\\\/portatizas-smildon\\\/#breadcrumb\",\"itemListElement\":[{\"@type\":\"ListItem\",\"position\":1,\"name\":\"Portada\",\"item\":\"https:\\\/\\\/billaresrar.es\\\/\"},{\"@type\":\"ListItem\",\"position\":2,\"name\":\"Tienda\",\"item\":\"https:\\\/\\\/billaresrar.es\\\/tienda-billares-rar\\\/\"},{\"@type\":\"ListItem\",\"position\":3,\"name\":\"PORTATIZAS SMILDON\"}]},{\"@type\":\"WebSite\",\"@id\":\"https:\\\/\\\/billaresrar.es\\\/#website\",\"url\":\"https:\\\/\\\/billaresrar.es\\\/\",\"name\":\"RAR Billares\",\"description\":\"Nos dedicamos a la restauraci\u00f3n, personalizaci\u00f3n, compraventa e instalaci\u00f3n de mesas de billar.\",\"publisher\":{\"@id\":\"https:\\\/\\\/billaresrar.es\\\/#\\\/schema\\\/person\\\/58bf20f74847ad0e156049ad50e1cc19\"},\"potentialAction\":[{\"@type\":\"SearchAction\",\"target\":{\"@type\":\"EntryPoint\",\"urlTemplate\":\"https:\\\/\\\/billaresrar.es\\\/?s={search_term_string}\"},\"query-input\":{\"@type\":\"PropertyValueSpecification\",\"valueRequired\":true,\"valueName\":\"search_term_string\"}}],\"inLanguage\":\"en-US\"},{\"@type\":[\"Person\",\"Organization\"],\"@id\":\"https:\\\/\\\/billaresrar.es\\\/#\\\/schema\\\/person\\\/58bf20f74847ad0e156049ad50e1cc19\",\"name\":\"Ren\u00e9\",\"image\":{\"@type\":\"ImageObject\",\"inLanguage\":\"en-US\",\"@id\":\"https:\\\/\\\/i0.wp.com\\\/billaresrar.es\\\/wp-content\\\/uploads\\\/2024\\\/12\\\/definitivo-RAR.webp?fit=1920%2C1147&ssl=1\",\"url\":\"https:\\\/\\\/i0.wp.com\\\/billaresrar.es\\\/wp-content\\\/uploads\\\/2024\\\/12\\\/definitivo-RAR.webp?fit=1920%2C1147&ssl=1\",\"contentUrl\":\"https:\\\/\\\/i0.wp.com\\\/billaresrar.es\\\/wp-content\\\/uploads\\\/2024\\\/12\\\/definitivo-RAR.webp?fit=1920%2C1147&ssl=1\",\"width\":1920,\"height\":1147,\"caption\":\"Ren\u00e9\"},\"logo\":{\"@id\":\"https:\\\/\\\/i0.wp.com\\\/billaresrar.es\\\/wp-content\\\/uploads\\\/2024\\\/12\\\/definitivo-RAR.webp?fit=1920%2C1147&ssl=1\"}}]}<\/script>\n<meta property=\"product:price:amount\" content=\"12.00\" \/>\n<meta property=\"product:price:currency\" content=\"EUR\" \/>\n<meta property=\"og:availability\" content=\"instock\" \/>\n<meta property=\"product:availability\" content=\"instock\" \/>\n<meta property=\"product:condition\" content=\"new\" \/>\n<!-- \/ Yoast SEO plugin. -->","yoast_head_json":{"title":"PORTATIZAS SMILDON - RAR Billares online shop","description":"El portatizas Smildon tiene una tapa enroscable con textura antideslizante proporciona un agarre c\u00f3modo y r\u00e1pido. Disponible en varios colores met\u00e1licos.","robots":{"index":"index","follow":"follow","max-snippet":"max-snippet:-1","max-image-preview":"max-image-preview:large","max-video-preview":"max-video-preview:-1"},"canonical":"https:\/\/billaresrar.es\/en\/product\/portatizas-smildon\/","og_locale":"en_US","og_type":"article","og_title":"PORTATIZAS SMILDON - RAR Billares online shop","og_description":"El portatizas Smildon tiene una tapa enroscable con textura antideslizante proporciona un agarre c\u00f3modo y r\u00e1pido. Disponible en varios colores met\u00e1licos.","og_url":"https:\/\/billaresrar.es\/en\/product\/portatizas-smildon\/","og_site_name":"RAR Billares online shop","og_image":[{"width":864,"height":1097,"url":"https:\/\/billaresrar.es\/wp-content\/uploads\/2025\/12\/WhatsApp-Image-2025-12-13-at-00.36.29.jpeg","type":"image\/jpeg"}],"twitter_card":"summary_large_image","twitter_misc":{"Price":"12,00&nbsp;&euro;","Availability":"In stock"},"schema":{"@context":"https:\/\/schema.org","@graph":[{"@type":"WebPage","@id":"https:\/\/billaresrar.es\/producto\/portatizas-smildon\/","url":"https:\/\/billaresrar.es\/producto\/portatizas-smildon\/","name":"PORTATIZAS SMILDON - RAR Billares online shop","isPartOf":{"@id":"https:\/\/billaresrar.es\/#website"},"primaryImageOfPage":{"@id":"https:\/\/billaresrar.es\/producto\/portatizas-smildon\/#primaryimage"},"image":{"@id":"https:\/\/billaresrar.es\/producto\/portatizas-smildon\/#primaryimage"},"thumbnailUrl":"https:\/\/i0.wp.com\/billaresrar.es\/wp-content\/uploads\/2025\/12\/WhatsApp-Image-2025-12-13-at-00.36.29.jpeg?fit=864%2C1097&ssl=1","datePublished":"2025-12-20T00:26:08+00:00","description":"El portatizas Smildon tiene una tapa enroscable con textura antideslizante proporciona un agarre c\u00f3modo y r\u00e1pido. Disponible en varios colores met\u00e1licos.","breadcrumb":{"@id":"https:\/\/billaresrar.es\/producto\/portatizas-smildon\/#breadcrumb"},"inLanguage":"en-US","potentialAction":[{"@type":"ReadAction","target":["https:\/\/billaresrar.es\/producto\/portatizas-smildon\/"]}]},{"@type":"ImageObject","inLanguage":"en-US","@id":"https:\/\/billaresrar.es\/producto\/portatizas-smildon\/#primaryimage","url":"https:\/\/i0.wp.com\/billaresrar.es\/wp-content\/uploads\/2025\/12\/WhatsApp-Image-2025-12-13-at-00.36.29.jpeg?fit=864%2C1097&ssl=1","contentUrl":"https:\/\/i0.wp.com\/billaresrar.es\/wp-content\/uploads\/2025\/12\/WhatsApp-Image-2025-12-13-at-00.36.29.jpeg?fit=864%2C1097&ssl=1","width":864,"height":1097,"caption":"Portatizas Smildon"},{"@type":"BreadcrumbList","@id":"https:\/\/billaresrar.es\/producto\/portatizas-smildon\/#breadcrumb","itemListElement":[{"@type":"ListItem","position":1,"name":"Portada","item":"https:\/\/billaresrar.es\/"},{"@type":"ListItem","position":2,"name":"Tienda","item":"https:\/\/billaresrar.es\/tienda-billares-rar\/"},{"@type":"ListItem","position":3,"name":"PORTATIZAS SMILDON"}]},{"@type":"WebSite","@id":"https:\/\/billaresrar.es\/#website","url":"https:\/\/billaresrar.es\/","name":"RAR Billares","description":"Nos dedicamos a la restauraci\u00f3n, personalizaci\u00f3n, compraventa e instalaci\u00f3n de mesas de billar.","publisher":{"@id":"https:\/\/billaresrar.es\/#\/schema\/person\/58bf20f74847ad0e156049ad50e1cc19"},"potentialAction":[{"@type":"SearchAction","target":{"@type":"EntryPoint","urlTemplate":"https:\/\/billaresrar.es\/?s={search_term_string}"},"query-input":{"@type":"PropertyValueSpecification","valueRequired":true,"valueName":"search_term_string"}}],"inLanguage":"en-US"},{"@type":["Person","Organization"],"@id":"https:\/\/billaresrar.es\/#\/schema\/person\/58bf20f74847ad0e156049ad50e1cc19","name":"Ren\u00e9","image":{"@type":"ImageObject","inLanguage":"en-US","@id":"https:\/\/i0.wp.com\/billaresrar.es\/wp-content\/uploads\/2024\/12\/definitivo-RAR.webp?fit=1920%2C1147&ssl=1","url":"https:\/\/i0.wp.com\/billaresrar.es\/wp-content\/uploads\/2024\/12\/definitivo-RAR.webp?fit=1920%2C1147&ssl=1","contentUrl":"https:\/\/i0.wp.com\/billaresrar.es\/wp-content\/uploads\/2024\/12\/definitivo-RAR.webp?fit=1920%2C1147&ssl=1","width":1920,"height":1147,"caption":"Ren\u00e9"},"logo":{"@id":"https:\/\/i0.wp.com\/billaresrar.es\/wp-content\/uploads\/2024\/12\/definitivo-RAR.webp?fit=1920%2C1147&ssl=1"}}]},"product_price_amount":"12.00","product_price_currency":"EUR","og_availability":"instock","product_availability":"instock","product_condition":"new"},"jetpack_publicize_connections":[],"jetpack_sharing_enabled":true,"jetpack_likes_enabled":true,"jetpack-related-posts":[],"_links":{"self":[{"href":"https:\/\/billaresrar.es\/en\/wp-json\/wp\/v2\/product\/3420","targetHints":{"allow":["GET"]}}],"collection":[{"href":"https:\/\/billaresrar.es\/en\/wp-json\/wp\/v2\/product"}],"about":[{"href":"https:\/\/billaresrar.es\/en\/wp-json\/wp\/v2\/types\/product"}],"version-history":[{"count":2,"href":"https:\/\/billaresrar.es\/en\/wp-json\/wp\/v2\/product\/3420\/revisions"}],"predecessor-version":[{"id":3433,"href":"https:\/\/billaresrar.es\/en\/wp-json\/wp\/v2\/product\/3420\/revisions\/3433"}],"wp:featuredmedia":[{"embeddable":true,"href":"https:\/\/billaresrar.es\/en\/wp-json\/wp\/v2\/media\/3421"}],"wp:attachment":[{"href":"https:\/\/billaresrar.es\/en\/wp-json\/wp\/v2\/media?parent=3420"}],"wp:term":[{"taxonomy":"product_brand","embeddable":true,"href":"https:\/\/billaresrar.es\/en\/wp-json\/wp\/v2\/product_brand?post=3420"},{"taxonomy":"product_cat","embeddable":true,"href":"https:\/\/billaresrar.es\/en\/wp-json\/wp\/v2\/product_cat?post=3420"},{"taxonomy":"product_tag","embeddable":true,"href":"https:\/\/billaresrar.es\/en\/wp-json\/wp\/v2\/product_tag?post=3420"}],"curies":[{"name":"wp","href":"https:\/\/api.w.org\/{rel}","templated":true}]}}