{"id":3288,"date":"2025-10-26T11:54:31","date_gmt":"2025-10-26T10:54:31","guid":{"rendered":"https:\/\/billaresrar.es\/?post_type=product&#038;p=3288"},"modified":"2026-02-24T19:06:26","modified_gmt":"2026-02-24T18:06:26","slug":"mesa-m3-superpower","status":"publish","type":"product","link":"https:\/\/billaresrar.es\/en\/product\/mesa-m3-superpower\/","title":{"rendered":"Mesa M3 Superpower"},"content":{"rendered":"<p>Mesa M3 Superpower<\/p>\n<h1>MESA DE BILLAR SUPER-POWER M3 9 PIES GRIS<\/h1>\n<p>Mesa de billar de 9 pies, con las mejores caracter\u00edsticas t\u00e9cnicas, dedicada a la competici\u00f3n, y un dise\u00f1o muy atractivo.<\/p>\n<p>La mesa de pool Super Power M-3 es una mesa de billar americano, que se caracteriza por un car\u00e1cter deportivo y de competici\u00f3n, pero con un dise\u00f1o mas actual, lo que la hace un mueble de decoraci\u00f3n en si mismo. Est\u00e1 disponible en 9 pies, pero bajo petici\u00f3n podr\u00eda construirse en otros tama\u00f1os. Pizarra de 2,5cm de grosor, que garantiza la mejor jugabilidad, con una superficie rectificada que asegura estar completamente plana.<\/p>\n<p>Con su caracter\u00edstico dise\u00f1o de patas en forma de \u00abA\u00bb ofrece una estructura robusta combinada con un aspecto moderno y estilizado. La mesa M-3 cuenta con panelado ign\u00edfugo, de alta densidad, lo que la otorga una gran resistencia al uso intensivo. Esquineras met\u00e1licas y niveladores de patas, la M-3 est\u00e1 hecha para un uso deportivo intenso ofreciendo una experiencia de juego excelente, y\u00a0 caracter\u00edsticas dif\u00edciles de superar en relaci\u00f3n calidad precio.<\/p>\n<p>Esquinas de metal cromado: Esta mesa trae esquinas de metal cromado que protegen la mesa y le dan un aspecto incomparable<\/p>\n<p>Pies cromados: El uso del metal en estas piezas garantiza una durabilidad mas larga que otras del mercado.<\/p>\n<p>Goma de alta calidad con perfil K-55.<\/p>\n<p>Pa\u00f1o de competici\u00f3n incluido.<\/p>\n<p>Retorno de bolas no incluido. OPCIONAL<\/p>\n<p>Campo de juego: 9 pies 254 cm x 126 cm<\/p>\n<p>Dimensiones exteriores: 288 cm x 162 cm<\/p>\n<p>Ancho de banda: 17,5 cm<\/p>\n<p>Peso total: 580 kg<\/p>\n<p>Altura del campo de juego aprox. 78cm<\/p>","protected":false},"excerpt":{"rendered":"<p>Mesa M3 Superpower<\/p>\n<p>MESA DE BILLAR SUPER-POWER M3 9 PIES GRIS<\/p>\n<h4><strong>Disponible proximamente, puedes hacer tu pedido <span style=\"color: #333333;\"><a style=\"color: #333333;\" href=\"https:\/\/billaresrar.es\/contacto-rar-billares-conocenos\/\">aqu\u00ed<\/a><\/span><\/strong><\/h4>\n<p>Mesa de billar de 9 pies, con las mejores caracter\u00edsticas t\u00e9cnicas, dedicada a la competici\u00f3n, y un dise\u00f1o muy atractivo.<\/p>\n<p>La mesa de pool Super Power M-3 es una mesa de billar americano, que se caracteriza por un car\u00e1cter deportivo y de competici\u00f3n, pero con un dise\u00f1o mas actual.<\/p>\n<p>Est\u00e1 disponible en 9 pies, pero bajo petici\u00f3n podr\u00eda construirse en otros tama\u00f1os. Pizarra de 2,5cm de grosor, que garantiza la mejor jugabilidad, con una superficie rectificada que asegura estar completamente plana.<\/p>\n<p>Con su caracter\u00edstico dise\u00f1o de patas en forma de \u00abA\u00bb ofrece una estructura robusta combinada con un aspecto moderno y estilizado. La mesa M-3 cuenta con panelado ign\u00edfugo, de alta densidad, lo que la otorga una gran resistencia al uso intensivo. Esquineras met\u00e1licas y niveladores de patas, la M-3 est\u00e1 hecha para un uso deportivo intenso ofreciendo una experiencia de juego excelente, y\u00a0 caracter\u00edsticas dif\u00edciles de superar en relaci\u00f3n calidad precio.<\/p>\n<ul>\n<li>Esquinas de metal cromado: Esta mesa trae esquinas de metal cromado que protegen la mesa y le dan un aspecto incomparable<\/li>\n<li>Pies cromados: El uso del metal en estas piezas garantiza una durabilidad mas larga que otras del mercado.<\/li>\n<li>Goma de alta calidad con perfil K-55.<\/li>\n<li>Pa\u00f1o de competici\u00f3n incluido.<\/li>\n<li>Retorno de bolas no incluido. OPCIONAL<\/li>\n<li>Campo de juego: 9 pies 254 cm x 126 cm<\/li>\n<li>Dimensiones exteriores: 288 cm x 162 cm<\/li>\n<li>Ancho de banda: 17,5 cm<\/li>\n<li>Peso total: 580 kg<\/li>\n<li>Altura del campo de juego aprox. 78cm<\/li>\n<\/ul>","protected":false},"featured_media":3289,"template":"","meta":{"jetpack_publicize_message":"","jetpack_publicize_feature_enabled":true,"jetpack_social_post_already_shared":true,"jetpack_social_options":{"image_generator_settings":{"template":"highway","default_image_id":0,"font":"","enabled":false},"version":2}},"product_brand":[],"product_cat":[408,25,24,37],"product_tag":[470,471,472,473,474],"class_list":{"0":"post-3288","1":"product","2":"type-product","3":"status-publish","4":"has-post-thumbnail","6":"product_cat-mesas-de-billar","7":"product_cat-mesas-de-billar-americano","8":"product_cat-mesas-de-juego","9":"product_cat-mundo-billar","10":"product_tag-mesa-de-9-pies-superpower","11":"product_tag-mesa-m3-superpower","12":"product_tag-rb-billares-superpower","13":"product_tag-superpower","14":"product_tag-superpower-9-pies","16":"first","17":"onbackorder","18":"taxable","19":"shipping-taxable","20":"purchasable","21":"product-type-simple"},"yoast_head":"<!-- This site is optimized with the Yoast SEO plugin v27.5 - https:\/\/yoast.com\/product\/yoast-seo-wordpress\/ -->\n<title>Mesa M3 Superpower - RAR Billares online shop<\/title>\n<meta name=\"description\" content=\"Mesa de billar de 9 pies, con las mejores caracter\u00edsticas t\u00e9cnicas, dedicada a la competici\u00f3n, y un dise\u00f1o muy atractivo.\" \/>\n<meta name=\"robots\" content=\"index, follow, max-snippet:-1, max-image-preview:large, max-video-preview:-1\" \/>\n<link rel=\"canonical\" href=\"https:\/\/billaresrar.es\/en\/product\/mesa-m3-superpower\/\" \/>\n<meta property=\"og:locale\" content=\"en_US\" \/>\n<meta property=\"og:type\" content=\"article\" \/>\n<meta property=\"og:title\" content=\"Mesa M3 Superpower - RAR Billares online shop\" \/>\n<meta property=\"og:description\" content=\"Mesa de billar de 9 pies, con las mejores caracter\u00edsticas t\u00e9cnicas, dedicada a la competici\u00f3n, y un dise\u00f1o muy atractivo.\" \/>\n<meta property=\"og:url\" content=\"https:\/\/billaresrar.es\/en\/product\/mesa-m3-superpower\/\" \/>\n<meta property=\"og:site_name\" content=\"RAR Billares online shop\" \/>\n<meta property=\"article:modified_time\" content=\"2026-02-24T18:06:26+00:00\" \/>\n<meta property=\"og:image\" content=\"https:\/\/billaresrar.es\/wp-content\/uploads\/2025\/10\/mesa-de-billar-super-power-m3-9-pies-gris.jpg\" \/>\n\t<meta property=\"og:image:width\" content=\"800\" \/>\n\t<meta property=\"og:image:height\" content=\"800\" \/>\n\t<meta property=\"og:image:type\" content=\"image\/jpeg\" \/>\n<meta name=\"twitter:card\" content=\"summary_large_image\" \/>\n<meta name=\"twitter:label1\" content=\"Price\" \/>\n\t<meta name=\"twitter:data1\" content=\"3.050,00&nbsp;&euro;\" \/>\n\t<meta name=\"twitter:label2\" content=\"Availability\" \/>\n\t<meta name=\"twitter:data2\" content=\"On backorder\" \/>\n<script type=\"application\/ld+json\" class=\"yoast-schema-graph\">{\"@context\":\"https:\\\/\\\/schema.org\",\"@graph\":[{\"@type\":\"WebPage\",\"@id\":\"https:\\\/\\\/billaresrar.es\\\/producto\\\/mesa-m3-superpower\\\/\",\"url\":\"https:\\\/\\\/billaresrar.es\\\/producto\\\/mesa-m3-superpower\\\/\",\"name\":\"Mesa M3 Superpower - RAR Billares online shop\",\"isPartOf\":{\"@id\":\"https:\\\/\\\/billaresrar.es\\\/#website\"},\"primaryImageOfPage\":{\"@id\":\"https:\\\/\\\/billaresrar.es\\\/producto\\\/mesa-m3-superpower\\\/#primaryimage\"},\"image\":{\"@id\":\"https:\\\/\\\/billaresrar.es\\\/producto\\\/mesa-m3-superpower\\\/#primaryimage\"},\"thumbnailUrl\":\"https:\\\/\\\/i0.wp.com\\\/billaresrar.es\\\/wp-content\\\/uploads\\\/2025\\\/10\\\/mesa-de-billar-super-power-m3-9-pies-gris.jpg?fit=800%2C800&ssl=1\",\"datePublished\":\"2025-10-26T10:54:31+00:00\",\"dateModified\":\"2026-02-24T18:06:26+00:00\",\"description\":\"Mesa de billar de 9 pies, con las mejores caracter\u00edsticas t\u00e9cnicas, dedicada a la competici\u00f3n, y un dise\u00f1o muy atractivo.\",\"breadcrumb\":{\"@id\":\"https:\\\/\\\/billaresrar.es\\\/producto\\\/mesa-m3-superpower\\\/#breadcrumb\"},\"inLanguage\":\"en-US\",\"potentialAction\":[{\"@type\":\"ReadAction\",\"target\":[\"https:\\\/\\\/billaresrar.es\\\/producto\\\/mesa-m3-superpower\\\/\"]}]},{\"@type\":\"ImageObject\",\"inLanguage\":\"en-US\",\"@id\":\"https:\\\/\\\/billaresrar.es\\\/producto\\\/mesa-m3-superpower\\\/#primaryimage\",\"url\":\"https:\\\/\\\/i0.wp.com\\\/billaresrar.es\\\/wp-content\\\/uploads\\\/2025\\\/10\\\/mesa-de-billar-super-power-m3-9-pies-gris.jpg?fit=800%2C800&ssl=1\",\"contentUrl\":\"https:\\\/\\\/i0.wp.com\\\/billaresrar.es\\\/wp-content\\\/uploads\\\/2025\\\/10\\\/mesa-de-billar-super-power-m3-9-pies-gris.jpg?fit=800%2C800&ssl=1\",\"width\":800,\"height\":800,\"caption\":\"M3 superower gris\"},{\"@type\":\"BreadcrumbList\",\"@id\":\"https:\\\/\\\/billaresrar.es\\\/producto\\\/mesa-m3-superpower\\\/#breadcrumb\",\"itemListElement\":[{\"@type\":\"ListItem\",\"position\":1,\"name\":\"Portada\",\"item\":\"https:\\\/\\\/billaresrar.es\\\/\"},{\"@type\":\"ListItem\",\"position\":2,\"name\":\"Tienda\",\"item\":\"https:\\\/\\\/billaresrar.es\\\/tienda-billares-rar\\\/\"},{\"@type\":\"ListItem\",\"position\":3,\"name\":\"Mesa M3 Superpower\"}]},{\"@type\":\"WebSite\",\"@id\":\"https:\\\/\\\/billaresrar.es\\\/#website\",\"url\":\"https:\\\/\\\/billaresrar.es\\\/\",\"name\":\"RAR Billares\",\"description\":\"Nos dedicamos a la restauraci\u00f3n, personalizaci\u00f3n, compraventa e instalaci\u00f3n de mesas de billar.\",\"publisher\":{\"@id\":\"https:\\\/\\\/billaresrar.es\\\/#\\\/schema\\\/person\\\/58bf20f74847ad0e156049ad50e1cc19\"},\"potentialAction\":[{\"@type\":\"SearchAction\",\"target\":{\"@type\":\"EntryPoint\",\"urlTemplate\":\"https:\\\/\\\/billaresrar.es\\\/?s={search_term_string}\"},\"query-input\":{\"@type\":\"PropertyValueSpecification\",\"valueRequired\":true,\"valueName\":\"search_term_string\"}}],\"inLanguage\":\"en-US\"},{\"@type\":[\"Person\",\"Organization\"],\"@id\":\"https:\\\/\\\/billaresrar.es\\\/#\\\/schema\\\/person\\\/58bf20f74847ad0e156049ad50e1cc19\",\"name\":\"Ren\u00e9\",\"image\":{\"@type\":\"ImageObject\",\"inLanguage\":\"en-US\",\"@id\":\"https:\\\/\\\/i0.wp.com\\\/billaresrar.es\\\/wp-content\\\/uploads\\\/2024\\\/12\\\/definitivo-RAR.webp?fit=1920%2C1147&ssl=1\",\"url\":\"https:\\\/\\\/i0.wp.com\\\/billaresrar.es\\\/wp-content\\\/uploads\\\/2024\\\/12\\\/definitivo-RAR.webp?fit=1920%2C1147&ssl=1\",\"contentUrl\":\"https:\\\/\\\/i0.wp.com\\\/billaresrar.es\\\/wp-content\\\/uploads\\\/2024\\\/12\\\/definitivo-RAR.webp?fit=1920%2C1147&ssl=1\",\"width\":1920,\"height\":1147,\"caption\":\"Ren\u00e9\"},\"logo\":{\"@id\":\"https:\\\/\\\/i0.wp.com\\\/billaresrar.es\\\/wp-content\\\/uploads\\\/2024\\\/12\\\/definitivo-RAR.webp?fit=1920%2C1147&ssl=1\"}}]}<\/script>\n<meta property=\"product:price:amount\" content=\"3050.00\" \/>\n<meta property=\"product:price:currency\" content=\"EUR\" \/>\n<meta property=\"og:availability\" content=\"backorder\" \/>\n<meta property=\"product:availability\" content=\"available for order\" \/>\n<meta property=\"product:condition\" content=\"new\" \/>\n<!-- \/ Yoast SEO plugin. -->","yoast_head_json":{"title":"Mesa M3 Superpower - RAR Billares online shop","description":"Mesa de billar de 9 pies, con las mejores caracter\u00edsticas t\u00e9cnicas, dedicada a la competici\u00f3n, y un dise\u00f1o muy atractivo.","robots":{"index":"index","follow":"follow","max-snippet":"max-snippet:-1","max-image-preview":"max-image-preview:large","max-video-preview":"max-video-preview:-1"},"canonical":"https:\/\/billaresrar.es\/en\/product\/mesa-m3-superpower\/","og_locale":"en_US","og_type":"article","og_title":"Mesa M3 Superpower - RAR Billares online shop","og_description":"Mesa de billar de 9 pies, con las mejores caracter\u00edsticas t\u00e9cnicas, dedicada a la competici\u00f3n, y un dise\u00f1o muy atractivo.","og_url":"https:\/\/billaresrar.es\/en\/product\/mesa-m3-superpower\/","og_site_name":"RAR Billares online shop","article_modified_time":"2026-02-24T18:06:26+00:00","og_image":[{"width":800,"height":800,"url":"https:\/\/billaresrar.es\/wp-content\/uploads\/2025\/10\/mesa-de-billar-super-power-m3-9-pies-gris.jpg","type":"image\/jpeg"}],"twitter_card":"summary_large_image","twitter_misc":{"Price":"3.050,00&nbsp;&euro;","Availability":"On backorder"},"schema":{"@context":"https:\/\/schema.org","@graph":[{"@type":"WebPage","@id":"https:\/\/billaresrar.es\/producto\/mesa-m3-superpower\/","url":"https:\/\/billaresrar.es\/producto\/mesa-m3-superpower\/","name":"Mesa M3 Superpower - RAR Billares online shop","isPartOf":{"@id":"https:\/\/billaresrar.es\/#website"},"primaryImageOfPage":{"@id":"https:\/\/billaresrar.es\/producto\/mesa-m3-superpower\/#primaryimage"},"image":{"@id":"https:\/\/billaresrar.es\/producto\/mesa-m3-superpower\/#primaryimage"},"thumbnailUrl":"https:\/\/i0.wp.com\/billaresrar.es\/wp-content\/uploads\/2025\/10\/mesa-de-billar-super-power-m3-9-pies-gris.jpg?fit=800%2C800&ssl=1","datePublished":"2025-10-26T10:54:31+00:00","dateModified":"2026-02-24T18:06:26+00:00","description":"Mesa de billar de 9 pies, con las mejores caracter\u00edsticas t\u00e9cnicas, dedicada a la competici\u00f3n, y un dise\u00f1o muy atractivo.","breadcrumb":{"@id":"https:\/\/billaresrar.es\/producto\/mesa-m3-superpower\/#breadcrumb"},"inLanguage":"en-US","potentialAction":[{"@type":"ReadAction","target":["https:\/\/billaresrar.es\/producto\/mesa-m3-superpower\/"]}]},{"@type":"ImageObject","inLanguage":"en-US","@id":"https:\/\/billaresrar.es\/producto\/mesa-m3-superpower\/#primaryimage","url":"https:\/\/i0.wp.com\/billaresrar.es\/wp-content\/uploads\/2025\/10\/mesa-de-billar-super-power-m3-9-pies-gris.jpg?fit=800%2C800&ssl=1","contentUrl":"https:\/\/i0.wp.com\/billaresrar.es\/wp-content\/uploads\/2025\/10\/mesa-de-billar-super-power-m3-9-pies-gris.jpg?fit=800%2C800&ssl=1","width":800,"height":800,"caption":"M3 superower gris"},{"@type":"BreadcrumbList","@id":"https:\/\/billaresrar.es\/producto\/mesa-m3-superpower\/#breadcrumb","itemListElement":[{"@type":"ListItem","position":1,"name":"Portada","item":"https:\/\/billaresrar.es\/"},{"@type":"ListItem","position":2,"name":"Tienda","item":"https:\/\/billaresrar.es\/tienda-billares-rar\/"},{"@type":"ListItem","position":3,"name":"Mesa M3 Superpower"}]},{"@type":"WebSite","@id":"https:\/\/billaresrar.es\/#website","url":"https:\/\/billaresrar.es\/","name":"RAR Billares","description":"Nos dedicamos a la restauraci\u00f3n, personalizaci\u00f3n, compraventa e instalaci\u00f3n de mesas de billar.","publisher":{"@id":"https:\/\/billaresrar.es\/#\/schema\/person\/58bf20f74847ad0e156049ad50e1cc19"},"potentialAction":[{"@type":"SearchAction","target":{"@type":"EntryPoint","urlTemplate":"https:\/\/billaresrar.es\/?s={search_term_string}"},"query-input":{"@type":"PropertyValueSpecification","valueRequired":true,"valueName":"search_term_string"}}],"inLanguage":"en-US"},{"@type":["Person","Organization"],"@id":"https:\/\/billaresrar.es\/#\/schema\/person\/58bf20f74847ad0e156049ad50e1cc19","name":"Ren\u00e9","image":{"@type":"ImageObject","inLanguage":"en-US","@id":"https:\/\/i0.wp.com\/billaresrar.es\/wp-content\/uploads\/2024\/12\/definitivo-RAR.webp?fit=1920%2C1147&ssl=1","url":"https:\/\/i0.wp.com\/billaresrar.es\/wp-content\/uploads\/2024\/12\/definitivo-RAR.webp?fit=1920%2C1147&ssl=1","contentUrl":"https:\/\/i0.wp.com\/billaresrar.es\/wp-content\/uploads\/2024\/12\/definitivo-RAR.webp?fit=1920%2C1147&ssl=1","width":1920,"height":1147,"caption":"Ren\u00e9"},"logo":{"@id":"https:\/\/i0.wp.com\/billaresrar.es\/wp-content\/uploads\/2024\/12\/definitivo-RAR.webp?fit=1920%2C1147&ssl=1"}}]},"product_price_amount":"3050.00","product_price_currency":"EUR","og_availability":"backorder","product_availability":"available for order","product_condition":"new"},"jetpack_publicize_connections":[],"jetpack_sharing_enabled":true,"jetpack_likes_enabled":true,"jetpack-related-posts":[],"_links":{"self":[{"href":"https:\/\/billaresrar.es\/en\/wp-json\/wp\/v2\/product\/3288","targetHints":{"allow":["GET"]}}],"collection":[{"href":"https:\/\/billaresrar.es\/en\/wp-json\/wp\/v2\/product"}],"about":[{"href":"https:\/\/billaresrar.es\/en\/wp-json\/wp\/v2\/types\/product"}],"version-history":[{"count":7,"href":"https:\/\/billaresrar.es\/en\/wp-json\/wp\/v2\/product\/3288\/revisions"}],"predecessor-version":[{"id":3651,"href":"https:\/\/billaresrar.es\/en\/wp-json\/wp\/v2\/product\/3288\/revisions\/3651"}],"wp:featuredmedia":[{"embeddable":true,"href":"https:\/\/billaresrar.es\/en\/wp-json\/wp\/v2\/media\/3289"}],"wp:attachment":[{"href":"https:\/\/billaresrar.es\/en\/wp-json\/wp\/v2\/media?parent=3288"}],"wp:term":[{"taxonomy":"product_brand","embeddable":true,"href":"https:\/\/billaresrar.es\/en\/wp-json\/wp\/v2\/product_brand?post=3288"},{"taxonomy":"product_cat","embeddable":true,"href":"https:\/\/billaresrar.es\/en\/wp-json\/wp\/v2\/product_cat?post=3288"},{"taxonomy":"product_tag","embeddable":true,"href":"https:\/\/billaresrar.es\/en\/wp-json\/wp\/v2\/product_tag?post=3288"}],"curies":[{"name":"wp","href":"https:\/\/api.w.org\/{rel}","templated":true}]}}