{"id":3268,"date":"2025-10-25T14:41:01","date_gmt":"2025-10-25T12:41:01","guid":{"rendered":"https:\/\/billaresrar.es\/?post_type=product&#038;p=3268"},"modified":"2025-10-25T15:03:42","modified_gmt":"2025-10-25T13:03:42","slug":"mesa-phantom-9-pies","status":"publish","type":"product","link":"https:\/\/billaresrar.es\/en\/product\/mesa-phantom-9-pies\/","title":{"rendered":"Mesa Phantom 9 pies"},"content":{"rendered":"<h1>MESA DE BILLAR SUPER-POWER PHANTOM 9 PIES<\/h1>\n<p>Mesa de billar de 9 pies, con las mejores caracter\u00edsticas t\u00e9cnicas, dedicada a la competici\u00f3n y un dise\u00f1o muy impactante y moderno.<\/p>\n<p>La mesa de pool Super Power Phantom es una mesa de billar americano, que se caracteriza por un car\u00e1cter deportivo y de competici\u00f3n, pero con un dise\u00f1o mas actual, lo que la convierte en un mueble de decoraci\u00f3n en si mismo. Pizarra de 2,5cm de grosor, que garantiza la mejor jugabilidad, con una superficie rectificada que asegura estar completamente plana.<\/p>\n<p>&nbsp;<\/p>\n<p>Con su caracter\u00edstico con patas anchas y rectas, ofrece una estructura robusta combinada con un aspecto moderno y estilizado. La mesa Phantom cuenta con panelado ign\u00edfugo, de alta densidad, lo que la otorga una gran resistencia al uso intensivo. Esquineras met\u00e1licas y niveladores de patas, la Phantom est\u00e1 dise\u00f1ada para un uso deportivo intenso ofreciendo una experiencia de juego excelente, y caracter\u00edsticas dif\u00edciles de superar en relaci\u00f3n calidad precio. Y todo combinado con un aspecto super llamativo.<\/p>\n<p>&nbsp;<\/p>\n<p>Estructura interna met\u00e1lica que le confiere gran robustez y una estabilidad inigualable. Gran precisi\u00f3n a la hora de nivelar.<\/p>\n<p>&nbsp;<\/p>\n<p>Esquinas de metal cromado: Esta mesa trae esquinas de metal cromado que protegen la mesa y le dan un aspecto incomparable<\/p>\n<p>Pies cromados: El uso del metal en estas piezas garantiza una durabilidad mas larga que otras del mercado.<\/p>\n<p>Goma de alta calidad con perfil K-55.<\/p>\n<p>Pa\u00f1o de competici\u00f3n incluido.<\/p>\n<p>Retorno de bolas no incluido. OPCIONAL<\/p>\n<p>Campo de juego: 9 pies 254 cm x 127 cm<\/p>\n<p>Dimensiones exteriores: 292 cm x 165 cm<\/p>\n<p>Peso total: 580 kg<\/p>\n<p>Altura del campo de juego aprox. 78cm<\/p>","protected":false},"excerpt":{"rendered":"<h1>MESA DE BILLAR SUPER-POWER PHANTOM 9 PIES<\/h1>\n<h3>Disponible proximamente, puedes hacer tu pedido:\u00a0<a href=\"https:\/\/billaresrar.es\/contacto-rar-billares-conocenos\/\">https:\/\/billaresrar.es\/contacto-rar-billares-conocenos\/<\/a><\/h3>\n<p>Mesa de billar Phantom 9 pies, con las mejores caracter\u00edsticas t\u00e9cnicas, dedicada a la competici\u00f3n y un dise\u00f1o muy impactante y moderno.<\/p>\n<p>La mesa de pool Phantom 9 pies es una mesa de billar americano quee se caracteriza por un car\u00e1cter deportivo y de competici\u00f3n pero con un dise\u00f1o mas actual. Lo que la convierte en un mueble de decoraci\u00f3n en si mismo. Pizarra de 2,5cm de grosor, que garantiza la mejor jugabilidad, con una superficie rectificada que asegura estar completamente plana.<\/p>\n<p>&nbsp;<\/p>\n<p>Con su caracter\u00edstico con patas anchas y rectas, ofrece una estructura robusta combinada con un aspecto moderno y estilizado. La mesa Phantom cuenta con panelado ign\u00edfugo, de alta densidad, lo que la otorga una gran resistencia al uso intensivo. Esquineras met\u00e1licas y niveladores de patas, la Phantom est\u00e1 dise\u00f1ada para un uso deportivo intenso ofreciendo una experiencia de juego excelente, y caracter\u00edsticas dif\u00edciles de superar en relaci\u00f3n calidad precio. Y todo combinado con un aspecto super llamativo.<\/p>\n<p>&nbsp;<\/p>\n<p>Estructura interna met\u00e1lica que le confiere gran robustez y una estabilidad inigualable. Gran precisi\u00f3n a la hora de nivelar.<\/p>\n<p>&nbsp;<\/p>\n<p>Esquinas de metal cromado: Esta mesa trae esquinas de metal cromado que protegen la mesa y le dan un aspecto incomparable<\/p>\n<p>Pies cromados: El uso del metal en estas piezas garantiza una durabilidad mas larga que otras del mercado.<\/p>\n<ul>\n<li>Goma de alta calidad con perfil K-55.<\/li>\n<li>Pa\u00f1o de competici\u00f3n incluido.<\/li>\n<li>Retorno de bolas no incluido. OPCIONAL<\/li>\n<li>Campo de juego: 9 pies 254 cm x 127 cm<\/li>\n<li>Dimensiones exteriores: 292 cm x 165 cm<\/li>\n<li>Peso total: 580 kg<\/li>\n<li>Altura del campo de juego aprox. 78cm<\/li>\n<\/ul>\n<p><strong>Transporte y montaje no incluidos<\/strong><\/p>","protected":false},"featured_media":3269,"template":"","meta":{"jetpack_publicize_message":"","jetpack_publicize_feature_enabled":true,"jetpack_social_post_already_shared":true,"jetpack_social_options":{"image_generator_settings":{"template":"highway","default_image_id":0,"font":"","enabled":false},"version":2}},"product_brand":[],"product_cat":[408,25,24,37],"product_tag":[169,168,468,469],"class_list":{"0":"post-3268","1":"product","2":"type-product","3":"status-publish","4":"has-post-thumbnail","6":"product_cat-mesas-de-billar","7":"product_cat-mesas-de-billar-americano","8":"product_cat-mesas-de-juego","9":"product_cat-mundo-billar","10":"product_tag-mesa-de-9-pies","11":"product_tag-mesa-de-billar-americano","12":"product_tag-mesa-phantom-9-pies","13":"product_tag-rb-billares-mesa-de-9-pies","15":"first","16":"instock","17":"taxable","18":"shipping-taxable","19":"purchasable","20":"product-type-simple"},"yoast_head":"<!-- This site is optimized with the Yoast SEO plugin v27.5 - https:\/\/yoast.com\/product\/yoast-seo-wordpress\/ -->\n<title>Mesa Phantom 9 pies - RAR Billares online shop<\/title>\n<meta name=\"description\" content=\"La mesa de pool Phantom 9 pies es una mesa de billar americano, que se caracteriza por un car\u00e1cter deportivo y de competici\u00f3n con un dise\u00f1o innovador.\" \/>\n<meta name=\"robots\" content=\"index, follow, max-snippet:-1, max-image-preview:large, max-video-preview:-1\" \/>\n<link rel=\"canonical\" href=\"https:\/\/billaresrar.es\/en\/product\/mesa-phantom-9-pies\/\" \/>\n<meta property=\"og:locale\" content=\"en_US\" \/>\n<meta property=\"og:type\" content=\"article\" \/>\n<meta property=\"og:title\" content=\"Mesa Phantom 9 pies - RAR Billares online shop\" \/>\n<meta property=\"og:description\" content=\"La mesa de pool Phantom 9 pies es una mesa de billar americano, que se caracteriza por un car\u00e1cter deportivo y de competici\u00f3n con un dise\u00f1o innovador.\" \/>\n<meta property=\"og:url\" content=\"https:\/\/billaresrar.es\/en\/product\/mesa-phantom-9-pies\/\" \/>\n<meta property=\"og:site_name\" content=\"RAR Billares online shop\" \/>\n<meta property=\"article:modified_time\" content=\"2025-10-25T13:03:42+00:00\" \/>\n<meta property=\"og:image\" content=\"https:\/\/billaresrar.es\/wp-content\/uploads\/2025\/10\/mesa-de-billar-super-power-phantom-9-pies.jpg\" \/>\n\t<meta property=\"og:image:width\" content=\"800\" \/>\n\t<meta property=\"og:image:height\" content=\"800\" \/>\n\t<meta property=\"og:image:type\" content=\"image\/jpeg\" \/>\n<meta name=\"twitter:card\" content=\"summary_large_image\" \/>\n<meta name=\"twitter:label1\" content=\"Price\" \/>\n\t<meta name=\"twitter:data1\" content=\"3.950,00&nbsp;&euro;\" \/>\n\t<meta name=\"twitter:label2\" content=\"Availability\" \/>\n\t<meta name=\"twitter:data2\" content=\"In stock\" \/>\n<script type=\"application\/ld+json\" class=\"yoast-schema-graph\">{\"@context\":\"https:\\\/\\\/schema.org\",\"@graph\":[{\"@type\":\"WebPage\",\"@id\":\"https:\\\/\\\/billaresrar.es\\\/producto\\\/mesa-phantom-9-pies\\\/\",\"url\":\"https:\\\/\\\/billaresrar.es\\\/producto\\\/mesa-phantom-9-pies\\\/\",\"name\":\"Mesa Phantom 9 pies - RAR Billares online shop\",\"isPartOf\":{\"@id\":\"https:\\\/\\\/billaresrar.es\\\/#website\"},\"primaryImageOfPage\":{\"@id\":\"https:\\\/\\\/billaresrar.es\\\/producto\\\/mesa-phantom-9-pies\\\/#primaryimage\"},\"image\":{\"@id\":\"https:\\\/\\\/billaresrar.es\\\/producto\\\/mesa-phantom-9-pies\\\/#primaryimage\"},\"thumbnailUrl\":\"https:\\\/\\\/i0.wp.com\\\/billaresrar.es\\\/wp-content\\\/uploads\\\/2025\\\/10\\\/mesa-de-billar-super-power-phantom-9-pies.jpg?fit=800%2C800&ssl=1\",\"datePublished\":\"2025-10-25T12:41:01+00:00\",\"dateModified\":\"2025-10-25T13:03:42+00:00\",\"description\":\"La mesa de pool Phantom 9 pies es una mesa de billar americano, que se caracteriza por un car\u00e1cter deportivo y de competici\u00f3n con un dise\u00f1o innovador.\",\"breadcrumb\":{\"@id\":\"https:\\\/\\\/billaresrar.es\\\/producto\\\/mesa-phantom-9-pies\\\/#breadcrumb\"},\"inLanguage\":\"en-US\",\"potentialAction\":[{\"@type\":\"ReadAction\",\"target\":[\"https:\\\/\\\/billaresrar.es\\\/producto\\\/mesa-phantom-9-pies\\\/\"]}]},{\"@type\":\"ImageObject\",\"inLanguage\":\"en-US\",\"@id\":\"https:\\\/\\\/billaresrar.es\\\/producto\\\/mesa-phantom-9-pies\\\/#primaryimage\",\"url\":\"https:\\\/\\\/i0.wp.com\\\/billaresrar.es\\\/wp-content\\\/uploads\\\/2025\\\/10\\\/mesa-de-billar-super-power-phantom-9-pies.jpg?fit=800%2C800&ssl=1\",\"contentUrl\":\"https:\\\/\\\/i0.wp.com\\\/billaresrar.es\\\/wp-content\\\/uploads\\\/2025\\\/10\\\/mesa-de-billar-super-power-phantom-9-pies.jpg?fit=800%2C800&ssl=1\",\"width\":800,\"height\":800,\"caption\":\"Mesa Phantom 9 pies\"},{\"@type\":\"BreadcrumbList\",\"@id\":\"https:\\\/\\\/billaresrar.es\\\/producto\\\/mesa-phantom-9-pies\\\/#breadcrumb\",\"itemListElement\":[{\"@type\":\"ListItem\",\"position\":1,\"name\":\"Portada\",\"item\":\"https:\\\/\\\/billaresrar.es\\\/\"},{\"@type\":\"ListItem\",\"position\":2,\"name\":\"Tienda\",\"item\":\"https:\\\/\\\/billaresrar.es\\\/tienda-billares-rar\\\/\"},{\"@type\":\"ListItem\",\"position\":3,\"name\":\"mesa de 9 pies\"}]},{\"@type\":\"WebSite\",\"@id\":\"https:\\\/\\\/billaresrar.es\\\/#website\",\"url\":\"https:\\\/\\\/billaresrar.es\\\/\",\"name\":\"RAR Billares\",\"description\":\"Nos dedicamos a la restauraci\u00f3n, personalizaci\u00f3n, compraventa e instalaci\u00f3n de mesas de billar.\",\"publisher\":{\"@id\":\"https:\\\/\\\/billaresrar.es\\\/#\\\/schema\\\/person\\\/58bf20f74847ad0e156049ad50e1cc19\"},\"potentialAction\":[{\"@type\":\"SearchAction\",\"target\":{\"@type\":\"EntryPoint\",\"urlTemplate\":\"https:\\\/\\\/billaresrar.es\\\/?s={search_term_string}\"},\"query-input\":{\"@type\":\"PropertyValueSpecification\",\"valueRequired\":true,\"valueName\":\"search_term_string\"}}],\"inLanguage\":\"en-US\"},{\"@type\":[\"Person\",\"Organization\"],\"@id\":\"https:\\\/\\\/billaresrar.es\\\/#\\\/schema\\\/person\\\/58bf20f74847ad0e156049ad50e1cc19\",\"name\":\"Ren\u00e9\",\"image\":{\"@type\":\"ImageObject\",\"inLanguage\":\"en-US\",\"@id\":\"https:\\\/\\\/i0.wp.com\\\/billaresrar.es\\\/wp-content\\\/uploads\\\/2024\\\/12\\\/definitivo-RAR.webp?fit=1920%2C1147&ssl=1\",\"url\":\"https:\\\/\\\/i0.wp.com\\\/billaresrar.es\\\/wp-content\\\/uploads\\\/2024\\\/12\\\/definitivo-RAR.webp?fit=1920%2C1147&ssl=1\",\"contentUrl\":\"https:\\\/\\\/i0.wp.com\\\/billaresrar.es\\\/wp-content\\\/uploads\\\/2024\\\/12\\\/definitivo-RAR.webp?fit=1920%2C1147&ssl=1\",\"width\":1920,\"height\":1147,\"caption\":\"Ren\u00e9\"},\"logo\":{\"@id\":\"https:\\\/\\\/i0.wp.com\\\/billaresrar.es\\\/wp-content\\\/uploads\\\/2024\\\/12\\\/definitivo-RAR.webp?fit=1920%2C1147&ssl=1\"}}]}<\/script>\n<meta property=\"product:price:amount\" content=\"3950.00\" \/>\n<meta property=\"product:price:currency\" content=\"EUR\" \/>\n<meta property=\"og:availability\" content=\"instock\" \/>\n<meta property=\"product:availability\" content=\"instock\" \/>\n<meta property=\"product:condition\" content=\"new\" \/>\n<!-- \/ Yoast SEO plugin. -->","yoast_head_json":{"title":"Mesa Phantom 9 pies - RAR Billares online shop","description":"La mesa de pool Phantom 9 pies es una mesa de billar americano, que se caracteriza por un car\u00e1cter deportivo y de competici\u00f3n con un dise\u00f1o innovador.","robots":{"index":"index","follow":"follow","max-snippet":"max-snippet:-1","max-image-preview":"max-image-preview:large","max-video-preview":"max-video-preview:-1"},"canonical":"https:\/\/billaresrar.es\/en\/product\/mesa-phantom-9-pies\/","og_locale":"en_US","og_type":"article","og_title":"Mesa Phantom 9 pies - RAR Billares online shop","og_description":"La mesa de pool Phantom 9 pies es una mesa de billar americano, que se caracteriza por un car\u00e1cter deportivo y de competici\u00f3n con un dise\u00f1o innovador.","og_url":"https:\/\/billaresrar.es\/en\/product\/mesa-phantom-9-pies\/","og_site_name":"RAR Billares online shop","article_modified_time":"2025-10-25T13:03:42+00:00","og_image":[{"width":800,"height":800,"url":"https:\/\/billaresrar.es\/wp-content\/uploads\/2025\/10\/mesa-de-billar-super-power-phantom-9-pies.jpg","type":"image\/jpeg"}],"twitter_card":"summary_large_image","twitter_misc":{"Price":"3.950,00&nbsp;&euro;","Availability":"In stock"},"schema":{"@context":"https:\/\/schema.org","@graph":[{"@type":"WebPage","@id":"https:\/\/billaresrar.es\/producto\/mesa-phantom-9-pies\/","url":"https:\/\/billaresrar.es\/producto\/mesa-phantom-9-pies\/","name":"Mesa Phantom 9 pies - RAR Billares online shop","isPartOf":{"@id":"https:\/\/billaresrar.es\/#website"},"primaryImageOfPage":{"@id":"https:\/\/billaresrar.es\/producto\/mesa-phantom-9-pies\/#primaryimage"},"image":{"@id":"https:\/\/billaresrar.es\/producto\/mesa-phantom-9-pies\/#primaryimage"},"thumbnailUrl":"https:\/\/i0.wp.com\/billaresrar.es\/wp-content\/uploads\/2025\/10\/mesa-de-billar-super-power-phantom-9-pies.jpg?fit=800%2C800&ssl=1","datePublished":"2025-10-25T12:41:01+00:00","dateModified":"2025-10-25T13:03:42+00:00","description":"La mesa de pool Phantom 9 pies es una mesa de billar americano, que se caracteriza por un car\u00e1cter deportivo y de competici\u00f3n con un dise\u00f1o innovador.","breadcrumb":{"@id":"https:\/\/billaresrar.es\/producto\/mesa-phantom-9-pies\/#breadcrumb"},"inLanguage":"en-US","potentialAction":[{"@type":"ReadAction","target":["https:\/\/billaresrar.es\/producto\/mesa-phantom-9-pies\/"]}]},{"@type":"ImageObject","inLanguage":"en-US","@id":"https:\/\/billaresrar.es\/producto\/mesa-phantom-9-pies\/#primaryimage","url":"https:\/\/i0.wp.com\/billaresrar.es\/wp-content\/uploads\/2025\/10\/mesa-de-billar-super-power-phantom-9-pies.jpg?fit=800%2C800&ssl=1","contentUrl":"https:\/\/i0.wp.com\/billaresrar.es\/wp-content\/uploads\/2025\/10\/mesa-de-billar-super-power-phantom-9-pies.jpg?fit=800%2C800&ssl=1","width":800,"height":800,"caption":"Mesa Phantom 9 pies"},{"@type":"BreadcrumbList","@id":"https:\/\/billaresrar.es\/producto\/mesa-phantom-9-pies\/#breadcrumb","itemListElement":[{"@type":"ListItem","position":1,"name":"Portada","item":"https:\/\/billaresrar.es\/"},{"@type":"ListItem","position":2,"name":"Tienda","item":"https:\/\/billaresrar.es\/tienda-billares-rar\/"},{"@type":"ListItem","position":3,"name":"mesa de 9 pies"}]},{"@type":"WebSite","@id":"https:\/\/billaresrar.es\/#website","url":"https:\/\/billaresrar.es\/","name":"RAR Billares","description":"Nos dedicamos a la restauraci\u00f3n, personalizaci\u00f3n, compraventa e instalaci\u00f3n de mesas de billar.","publisher":{"@id":"https:\/\/billaresrar.es\/#\/schema\/person\/58bf20f74847ad0e156049ad50e1cc19"},"potentialAction":[{"@type":"SearchAction","target":{"@type":"EntryPoint","urlTemplate":"https:\/\/billaresrar.es\/?s={search_term_string}"},"query-input":{"@type":"PropertyValueSpecification","valueRequired":true,"valueName":"search_term_string"}}],"inLanguage":"en-US"},{"@type":["Person","Organization"],"@id":"https:\/\/billaresrar.es\/#\/schema\/person\/58bf20f74847ad0e156049ad50e1cc19","name":"Ren\u00e9","image":{"@type":"ImageObject","inLanguage":"en-US","@id":"https:\/\/i0.wp.com\/billaresrar.es\/wp-content\/uploads\/2024\/12\/definitivo-RAR.webp?fit=1920%2C1147&ssl=1","url":"https:\/\/i0.wp.com\/billaresrar.es\/wp-content\/uploads\/2024\/12\/definitivo-RAR.webp?fit=1920%2C1147&ssl=1","contentUrl":"https:\/\/i0.wp.com\/billaresrar.es\/wp-content\/uploads\/2024\/12\/definitivo-RAR.webp?fit=1920%2C1147&ssl=1","width":1920,"height":1147,"caption":"Ren\u00e9"},"logo":{"@id":"https:\/\/i0.wp.com\/billaresrar.es\/wp-content\/uploads\/2024\/12\/definitivo-RAR.webp?fit=1920%2C1147&ssl=1"}}]},"product_price_amount":"3950.00","product_price_currency":"EUR","og_availability":"instock","product_availability":"instock","product_condition":"new"},"jetpack_publicize_connections":[],"jetpack_sharing_enabled":true,"jetpack_likes_enabled":true,"jetpack-related-posts":[],"_links":{"self":[{"href":"https:\/\/billaresrar.es\/en\/wp-json\/wp\/v2\/product\/3268","targetHints":{"allow":["GET"]}}],"collection":[{"href":"https:\/\/billaresrar.es\/en\/wp-json\/wp\/v2\/product"}],"about":[{"href":"https:\/\/billaresrar.es\/en\/wp-json\/wp\/v2\/types\/product"}],"version-history":[{"count":4,"href":"https:\/\/billaresrar.es\/en\/wp-json\/wp\/v2\/product\/3268\/revisions"}],"predecessor-version":[{"id":3277,"href":"https:\/\/billaresrar.es\/en\/wp-json\/wp\/v2\/product\/3268\/revisions\/3277"}],"wp:featuredmedia":[{"embeddable":true,"href":"https:\/\/billaresrar.es\/en\/wp-json\/wp\/v2\/media\/3269"}],"wp:attachment":[{"href":"https:\/\/billaresrar.es\/en\/wp-json\/wp\/v2\/media?parent=3268"}],"wp:term":[{"taxonomy":"product_brand","embeddable":true,"href":"https:\/\/billaresrar.es\/en\/wp-json\/wp\/v2\/product_brand?post=3268"},{"taxonomy":"product_cat","embeddable":true,"href":"https:\/\/billaresrar.es\/en\/wp-json\/wp\/v2\/product_cat?post=3268"},{"taxonomy":"product_tag","embeddable":true,"href":"https:\/\/billaresrar.es\/en\/wp-json\/wp\/v2\/product_tag?post=3268"}],"curies":[{"name":"wp","href":"https:\/\/api.w.org\/{rel}","templated":true}]}}