{"id":3140,"date":"2025-09-15T16:39:22","date_gmt":"2025-09-15T14:39:22","guid":{"rendered":"https:\/\/billaresrar.es\/?post_type=product&#038;p=3140"},"modified":"2025-09-15T16:39:23","modified_gmt":"2025-09-15T14:39:23","slug":"bolas-snooker-aramith-tournament","status":"publish","type":"product","link":"https:\/\/billaresrar.es\/en\/product\/bolas-snooker-aramith-tournament\/","title":{"rendered":"Bolas Snooker Aramith Tournament"},"content":{"rendered":"<p>Bolas Snooker Aramith Tournament<\/p>\n<p>El juego Aramith Tournament Champion est\u00e1 hecho de resina fen\u00f3lica avanzada con tecnolog\u00eda Vitrotech que endurece y vitrifica la superficie para un brillo y una longevidad duraderos.<\/p>\n<p>Las bolas de Aramith son una inversi\u00f3n para ahorrar dinero; duran 5 veces m\u00e1s que las bolas de poli\u00e9ster; mientras que su estructura molecular \u00fanica crea menos manchas de quemaduras, alarga la vida de tu pa\u00f1o!<\/p>","protected":false},"excerpt":{"rendered":"<p>Bolas Snooker Aramith Tournament<\/p>\n<p>El juego Aramith Tournament Champion est\u00e1 hecho de resina fen\u00f3lica avanzada con tecnolog\u00eda Vitrotech que endurece y vitrifica la superficie para un brillo y una longevidad duraderos.<\/p>\n<p>Las bolas de Aramith son una inversi\u00f3n para ahorrar dinero; duran 5 veces m\u00e1s que las bolas de poli\u00e9ster; mientras que su estructura molecular \u00fanica crea menos manchas de quemaduras, alarga la vida de tu pa\u00f1o!<\/p>","protected":false},"featured_media":3141,"template":"","meta":{"jetpack_publicize_message":"","jetpack_publicize_feature_enabled":true,"jetpack_social_post_already_shared":true,"jetpack_social_options":{"image_generator_settings":{"template":"highway","default_image_id":0,"font":"","enabled":false},"version":2}},"product_brand":[],"product_cat":[410,45,37],"product_tag":[457,455,456,458],"class_list":{"0":"post-3140","1":"product","2":"type-product","3":"status-publish","4":"has-post-thumbnail","6":"product_cat-bolas-de-billar","7":"product_cat-bolas-de-snooker","8":"product_cat-mundo-billar","9":"product_tag-aramith-tournament","10":"product_tag-bolas-de-snooker","11":"product_tag-bolas-snooker","12":"product_tag-snooker-aramith","14":"first","15":"instock","16":"sale","17":"taxable","18":"shipping-taxable","19":"purchasable","20":"product-type-simple"},"yoast_head":"<!-- This site is optimized with the Yoast SEO plugin v27.5 - https:\/\/yoast.com\/product\/yoast-seo-wordpress\/ -->\n<title>Bolas Snooker Aramith Tournament - RAR Billares online shop<\/title>\n<meta name=\"description\" content=\"Set de bolas hecho de resina fen\u00f3lica avanzada con tecnolog\u00eda Vitrotech que endurece y vitrifica la superficie para un brillo y una longevidad duraderos.\" \/>\n<meta name=\"robots\" content=\"index, follow, max-snippet:-1, max-image-preview:large, max-video-preview:-1\" \/>\n<link rel=\"canonical\" href=\"https:\/\/billaresrar.es\/en\/product\/bolas-snooker-aramith-tournament\/\" \/>\n<meta property=\"og:locale\" content=\"en_US\" \/>\n<meta property=\"og:type\" content=\"article\" \/>\n<meta property=\"og:title\" content=\"Bolas Snooker Aramith Tournament - RAR Billares online shop\" \/>\n<meta property=\"og:description\" content=\"Set de bolas hecho de resina fen\u00f3lica avanzada con tecnolog\u00eda Vitrotech que endurece y vitrifica la superficie para un brillo y una longevidad duraderos.\" \/>\n<meta property=\"og:url\" content=\"https:\/\/billaresrar.es\/en\/product\/bolas-snooker-aramith-tournament\/\" \/>\n<meta property=\"og:site_name\" content=\"RAR Billares online shop\" \/>\n<meta property=\"article:modified_time\" content=\"2025-09-15T14:39:23+00:00\" \/>\n<meta property=\"og:image\" content=\"https:\/\/billaresrar.es\/wp-content\/uploads\/2025\/09\/bolas-snooker-aramith-tournament-.png\" \/>\n\t<meta property=\"og:image:width\" content=\"800\" \/>\n\t<meta property=\"og:image:height\" content=\"800\" \/>\n\t<meta property=\"og:image:type\" content=\"image\/png\" \/>\n<meta name=\"twitter:card\" content=\"summary_large_image\" \/>\n<meta name=\"twitter:label1\" content=\"Price\" \/>\n\t<meta name=\"twitter:data1\" content=\"215,00&nbsp;&euro;\" \/>\n\t<meta name=\"twitter:label2\" content=\"Availability\" \/>\n\t<meta name=\"twitter:data2\" content=\"In stock\" \/>\n<script type=\"application\/ld+json\" class=\"yoast-schema-graph\">{\"@context\":\"https:\\\/\\\/schema.org\",\"@graph\":[{\"@type\":\"WebPage\",\"@id\":\"https:\\\/\\\/billaresrar.es\\\/producto\\\/bolas-snooker-aramith-tournament\\\/\",\"url\":\"https:\\\/\\\/billaresrar.es\\\/producto\\\/bolas-snooker-aramith-tournament\\\/\",\"name\":\"Bolas Snooker Aramith Tournament - RAR Billares online shop\",\"isPartOf\":{\"@id\":\"https:\\\/\\\/billaresrar.es\\\/#website\"},\"primaryImageOfPage\":{\"@id\":\"https:\\\/\\\/billaresrar.es\\\/producto\\\/bolas-snooker-aramith-tournament\\\/#primaryimage\"},\"image\":{\"@id\":\"https:\\\/\\\/billaresrar.es\\\/producto\\\/bolas-snooker-aramith-tournament\\\/#primaryimage\"},\"thumbnailUrl\":\"https:\\\/\\\/i0.wp.com\\\/billaresrar.es\\\/wp-content\\\/uploads\\\/2025\\\/09\\\/bolas-snooker-aramith-tournament-.png?fit=800%2C800&ssl=1\",\"datePublished\":\"2025-09-15T14:39:22+00:00\",\"dateModified\":\"2025-09-15T14:39:23+00:00\",\"description\":\"Set de bolas hecho de resina fen\u00f3lica avanzada con tecnolog\u00eda Vitrotech que endurece y vitrifica la superficie para un brillo y una longevidad duraderos.\",\"breadcrumb\":{\"@id\":\"https:\\\/\\\/billaresrar.es\\\/producto\\\/bolas-snooker-aramith-tournament\\\/#breadcrumb\"},\"inLanguage\":\"en-US\",\"potentialAction\":[{\"@type\":\"ReadAction\",\"target\":[\"https:\\\/\\\/billaresrar.es\\\/producto\\\/bolas-snooker-aramith-tournament\\\/\"]}]},{\"@type\":\"ImageObject\",\"inLanguage\":\"en-US\",\"@id\":\"https:\\\/\\\/billaresrar.es\\\/producto\\\/bolas-snooker-aramith-tournament\\\/#primaryimage\",\"url\":\"https:\\\/\\\/i0.wp.com\\\/billaresrar.es\\\/wp-content\\\/uploads\\\/2025\\\/09\\\/bolas-snooker-aramith-tournament-.png?fit=800%2C800&ssl=1\",\"contentUrl\":\"https:\\\/\\\/i0.wp.com\\\/billaresrar.es\\\/wp-content\\\/uploads\\\/2025\\\/09\\\/bolas-snooker-aramith-tournament-.png?fit=800%2C800&ssl=1\",\"width\":800,\"height\":800,\"caption\":\"El juego Aramith Tournament Champion est\u00e1 hecho de resina fen\u00f3lica avanzada con tecnolog\u00eda Vitrotech que endurece y vitrifica la superficie para un brillo y una longevidad duraderos.\"},{\"@type\":\"BreadcrumbList\",\"@id\":\"https:\\\/\\\/billaresrar.es\\\/producto\\\/bolas-snooker-aramith-tournament\\\/#breadcrumb\",\"itemListElement\":[{\"@type\":\"ListItem\",\"position\":1,\"name\":\"Portada\",\"item\":\"https:\\\/\\\/billaresrar.es\\\/\"},{\"@type\":\"ListItem\",\"position\":2,\"name\":\"Tienda\",\"item\":\"https:\\\/\\\/billaresrar.es\\\/tienda-billares-rar\\\/\"},{\"@type\":\"ListItem\",\"position\":3,\"name\":\"Bolas Snooker Aramith Tournament\"}]},{\"@type\":\"WebSite\",\"@id\":\"https:\\\/\\\/billaresrar.es\\\/#website\",\"url\":\"https:\\\/\\\/billaresrar.es\\\/\",\"name\":\"RAR Billares\",\"description\":\"Nos dedicamos a la restauraci\u00f3n, personalizaci\u00f3n, compraventa e instalaci\u00f3n de mesas de billar.\",\"publisher\":{\"@id\":\"https:\\\/\\\/billaresrar.es\\\/#\\\/schema\\\/person\\\/58bf20f74847ad0e156049ad50e1cc19\"},\"potentialAction\":[{\"@type\":\"SearchAction\",\"target\":{\"@type\":\"EntryPoint\",\"urlTemplate\":\"https:\\\/\\\/billaresrar.es\\\/?s={search_term_string}\"},\"query-input\":{\"@type\":\"PropertyValueSpecification\",\"valueRequired\":true,\"valueName\":\"search_term_string\"}}],\"inLanguage\":\"en-US\"},{\"@type\":[\"Person\",\"Organization\"],\"@id\":\"https:\\\/\\\/billaresrar.es\\\/#\\\/schema\\\/person\\\/58bf20f74847ad0e156049ad50e1cc19\",\"name\":\"Ren\u00e9\",\"image\":{\"@type\":\"ImageObject\",\"inLanguage\":\"en-US\",\"@id\":\"https:\\\/\\\/i0.wp.com\\\/billaresrar.es\\\/wp-content\\\/uploads\\\/2024\\\/12\\\/definitivo-RAR.webp?fit=1920%2C1147&ssl=1\",\"url\":\"https:\\\/\\\/i0.wp.com\\\/billaresrar.es\\\/wp-content\\\/uploads\\\/2024\\\/12\\\/definitivo-RAR.webp?fit=1920%2C1147&ssl=1\",\"contentUrl\":\"https:\\\/\\\/i0.wp.com\\\/billaresrar.es\\\/wp-content\\\/uploads\\\/2024\\\/12\\\/definitivo-RAR.webp?fit=1920%2C1147&ssl=1\",\"width\":1920,\"height\":1147,\"caption\":\"Ren\u00e9\"},\"logo\":{\"@id\":\"https:\\\/\\\/i0.wp.com\\\/billaresrar.es\\\/wp-content\\\/uploads\\\/2024\\\/12\\\/definitivo-RAR.webp?fit=1920%2C1147&ssl=1\"}}]}<\/script>\n<meta property=\"product:price:amount\" content=\"215.00\" \/>\n<meta property=\"product:price:currency\" content=\"EUR\" \/>\n<meta property=\"og:availability\" content=\"instock\" \/>\n<meta property=\"product:availability\" content=\"instock\" \/>\n<meta property=\"product:condition\" content=\"new\" \/>\n<!-- \/ Yoast SEO plugin. -->","yoast_head_json":{"title":"Bolas Snooker Aramith Tournament - RAR Billares online shop","description":"Set de bolas hecho de resina fen\u00f3lica avanzada con tecnolog\u00eda Vitrotech que endurece y vitrifica la superficie para un brillo y una longevidad duraderos.","robots":{"index":"index","follow":"follow","max-snippet":"max-snippet:-1","max-image-preview":"max-image-preview:large","max-video-preview":"max-video-preview:-1"},"canonical":"https:\/\/billaresrar.es\/en\/product\/bolas-snooker-aramith-tournament\/","og_locale":"en_US","og_type":"article","og_title":"Bolas Snooker Aramith Tournament - RAR Billares online shop","og_description":"Set de bolas hecho de resina fen\u00f3lica avanzada con tecnolog\u00eda Vitrotech que endurece y vitrifica la superficie para un brillo y una longevidad duraderos.","og_url":"https:\/\/billaresrar.es\/en\/product\/bolas-snooker-aramith-tournament\/","og_site_name":"RAR Billares online shop","article_modified_time":"2025-09-15T14:39:23+00:00","og_image":[{"width":800,"height":800,"url":"https:\/\/billaresrar.es\/wp-content\/uploads\/2025\/09\/bolas-snooker-aramith-tournament-.png","type":"image\/png"}],"twitter_card":"summary_large_image","twitter_misc":{"Price":"215,00&nbsp;&euro;","Availability":"In stock"},"schema":{"@context":"https:\/\/schema.org","@graph":[{"@type":"WebPage","@id":"https:\/\/billaresrar.es\/producto\/bolas-snooker-aramith-tournament\/","url":"https:\/\/billaresrar.es\/producto\/bolas-snooker-aramith-tournament\/","name":"Bolas Snooker Aramith Tournament - RAR Billares online shop","isPartOf":{"@id":"https:\/\/billaresrar.es\/#website"},"primaryImageOfPage":{"@id":"https:\/\/billaresrar.es\/producto\/bolas-snooker-aramith-tournament\/#primaryimage"},"image":{"@id":"https:\/\/billaresrar.es\/producto\/bolas-snooker-aramith-tournament\/#primaryimage"},"thumbnailUrl":"https:\/\/i0.wp.com\/billaresrar.es\/wp-content\/uploads\/2025\/09\/bolas-snooker-aramith-tournament-.png?fit=800%2C800&ssl=1","datePublished":"2025-09-15T14:39:22+00:00","dateModified":"2025-09-15T14:39:23+00:00","description":"Set de bolas hecho de resina fen\u00f3lica avanzada con tecnolog\u00eda Vitrotech que endurece y vitrifica la superficie para un brillo y una longevidad duraderos.","breadcrumb":{"@id":"https:\/\/billaresrar.es\/producto\/bolas-snooker-aramith-tournament\/#breadcrumb"},"inLanguage":"en-US","potentialAction":[{"@type":"ReadAction","target":["https:\/\/billaresrar.es\/producto\/bolas-snooker-aramith-tournament\/"]}]},{"@type":"ImageObject","inLanguage":"en-US","@id":"https:\/\/billaresrar.es\/producto\/bolas-snooker-aramith-tournament\/#primaryimage","url":"https:\/\/i0.wp.com\/billaresrar.es\/wp-content\/uploads\/2025\/09\/bolas-snooker-aramith-tournament-.png?fit=800%2C800&ssl=1","contentUrl":"https:\/\/i0.wp.com\/billaresrar.es\/wp-content\/uploads\/2025\/09\/bolas-snooker-aramith-tournament-.png?fit=800%2C800&ssl=1","width":800,"height":800,"caption":"El juego Aramith Tournament Champion est\u00e1 hecho de resina fen\u00f3lica avanzada con tecnolog\u00eda Vitrotech que endurece y vitrifica la superficie para un brillo y una longevidad duraderos."},{"@type":"BreadcrumbList","@id":"https:\/\/billaresrar.es\/producto\/bolas-snooker-aramith-tournament\/#breadcrumb","itemListElement":[{"@type":"ListItem","position":1,"name":"Portada","item":"https:\/\/billaresrar.es\/"},{"@type":"ListItem","position":2,"name":"Tienda","item":"https:\/\/billaresrar.es\/tienda-billares-rar\/"},{"@type":"ListItem","position":3,"name":"Bolas Snooker Aramith Tournament"}]},{"@type":"WebSite","@id":"https:\/\/billaresrar.es\/#website","url":"https:\/\/billaresrar.es\/","name":"RAR Billares","description":"Nos dedicamos a la restauraci\u00f3n, personalizaci\u00f3n, compraventa e instalaci\u00f3n de mesas de billar.","publisher":{"@id":"https:\/\/billaresrar.es\/#\/schema\/person\/58bf20f74847ad0e156049ad50e1cc19"},"potentialAction":[{"@type":"SearchAction","target":{"@type":"EntryPoint","urlTemplate":"https:\/\/billaresrar.es\/?s={search_term_string}"},"query-input":{"@type":"PropertyValueSpecification","valueRequired":true,"valueName":"search_term_string"}}],"inLanguage":"en-US"},{"@type":["Person","Organization"],"@id":"https:\/\/billaresrar.es\/#\/schema\/person\/58bf20f74847ad0e156049ad50e1cc19","name":"Ren\u00e9","image":{"@type":"ImageObject","inLanguage":"en-US","@id":"https:\/\/i0.wp.com\/billaresrar.es\/wp-content\/uploads\/2024\/12\/definitivo-RAR.webp?fit=1920%2C1147&ssl=1","url":"https:\/\/i0.wp.com\/billaresrar.es\/wp-content\/uploads\/2024\/12\/definitivo-RAR.webp?fit=1920%2C1147&ssl=1","contentUrl":"https:\/\/i0.wp.com\/billaresrar.es\/wp-content\/uploads\/2024\/12\/definitivo-RAR.webp?fit=1920%2C1147&ssl=1","width":1920,"height":1147,"caption":"Ren\u00e9"},"logo":{"@id":"https:\/\/i0.wp.com\/billaresrar.es\/wp-content\/uploads\/2024\/12\/definitivo-RAR.webp?fit=1920%2C1147&ssl=1"}}]},"product_price_amount":"215.00","product_price_currency":"EUR","og_availability":"instock","product_availability":"instock","product_condition":"new"},"jetpack_publicize_connections":[],"jetpack_sharing_enabled":true,"jetpack_likes_enabled":true,"jetpack-related-posts":[],"_links":{"self":[{"href":"https:\/\/billaresrar.es\/en\/wp-json\/wp\/v2\/product\/3140","targetHints":{"allow":["GET"]}}],"collection":[{"href":"https:\/\/billaresrar.es\/en\/wp-json\/wp\/v2\/product"}],"about":[{"href":"https:\/\/billaresrar.es\/en\/wp-json\/wp\/v2\/types\/product"}],"version-history":[{"count":1,"href":"https:\/\/billaresrar.es\/en\/wp-json\/wp\/v2\/product\/3140\/revisions"}],"predecessor-version":[{"id":3142,"href":"https:\/\/billaresrar.es\/en\/wp-json\/wp\/v2\/product\/3140\/revisions\/3142"}],"wp:featuredmedia":[{"embeddable":true,"href":"https:\/\/billaresrar.es\/en\/wp-json\/wp\/v2\/media\/3141"}],"wp:attachment":[{"href":"https:\/\/billaresrar.es\/en\/wp-json\/wp\/v2\/media?parent=3140"}],"wp:term":[{"taxonomy":"product_brand","embeddable":true,"href":"https:\/\/billaresrar.es\/en\/wp-json\/wp\/v2\/product_brand?post=3140"},{"taxonomy":"product_cat","embeddable":true,"href":"https:\/\/billaresrar.es\/en\/wp-json\/wp\/v2\/product_cat?post=3140"},{"taxonomy":"product_tag","embeddable":true,"href":"https:\/\/billaresrar.es\/en\/wp-json\/wp\/v2\/product_tag?post=3140"}],"curies":[{"name":"wp","href":"https:\/\/api.w.org\/{rel}","templated":true}]}}