{"id":2943,"date":"2025-08-20T19:04:59","date_gmt":"2025-08-20T17:04:59","guid":{"rendered":"https:\/\/darkslateblue-salmon-136783.hostingersite.com\/?post_type=product&#038;p=2943"},"modified":"2025-08-20T19:05:07","modified_gmt":"2025-08-20T17:05:07","slug":"pano-buffalo-royal-plus","status":"publish","type":"product","link":"https:\/\/billaresrar.es\/en\/product\/pano-buffalo-royal-plus\/","title":{"rendered":"Pa\u00f1o Buffalo Royal Plus"},"content":{"rendered":"<p>Pa\u00f1o Buffalo Royal Plus<\/p>\n<p>Buffalo introduce una innovaci\u00f3n en el billar con el pa\u00f1o Royal Plus, elaborado con una mezcla de fibras de poli\u00e9ster y viscosa. Una verdadera\u00a0tela para carambola, muy adecuada para tres bandas, a un precio competitivo.\u00a0El\u00a0Royal Plus ha sido sometido a varias pruebas, realizadas por varios expertos en billar. Su conclusi\u00f3n: en t\u00e9rminos de vida \u00fatil y rendimiento,\u00a0el pa\u00f1o puede competir con cualquier marca del mercado<\/p>\n<p>La investigaci\u00f3n no ocurri\u00f3 de la noche a la ma\u00f1ana. El Buffalo Royal Plus se ha puesto a prueba para obtener m\u00e1s informaci\u00f3n sobre la fricci\u00f3n de arrastre y deslizamiento y su vida \u00fatil. Tambi\u00e9n se registr\u00f3 el rendimiento de la pelota con una C\u00e1mara de Alta Velocidad, con el fin de poder realizar una comparativa con\u00a0pa\u00f1os convencionales. El resultado es positivo. El Royal Plus Cloth tiene una serie de propiedades que son muy apreciadas por los jugadores. Como una mayor retenci\u00f3n de giro y un lanzamiento m\u00e1s prolongado. La fina tela corre muy r\u00e1pido y no atrae la humedad como lo hacen las de lana. Las pruebas demuestran que ya no es necesario calentar el billar, lo que a su vez se traduce en un agradable ahorro en la factura energ\u00e9tica. La composici\u00f3n de las fibras y el m\u00e9todo de tejido utilizado (\u00e1ngulo de 90 grados, en lugar de 60 grados) confieren al tejido una resistencia, flexibilidad y brillo extra. La\u00a0tela tambi\u00e9n se ti\u00f1e y se somete a un proceso qu\u00edmico especial, que le da una estructura lisa y resistente al desgaste. Esto tambi\u00e9n es muy beneficioso para la velocidad de la pelota durante el juego.<\/p>\n<p>Pa\u00f1o de billar innovador<\/p>\n<p>170cm de ancho<\/p>\n<p>No requiere calefacci\u00f3n<\/p>\n<p>100% sint\u00e9tico<\/p>\n<p>Lanzamiento m\u00e1s largo y mejor retenci\u00f3n de giro<\/p>\n<p>Mezcla de poli\u00e9ster y fibras viscosas<\/p>\n<p>M\u00e9todo de tejido \u00fanico<\/p>\n<p>Precio por metro<\/p>","protected":false},"excerpt":{"rendered":"<p><strong> Pa\u00f1o Buffalo Royal Plus.<\/strong><\/p>\n<p>Buffalo introduce una innovaci\u00f3n en el billar con el pa\u00f1o Royal Plus, elaborado con una mezcla de fibras de poli\u00e9ster y viscosa. Una verdadera\u00a0tela para carambola, muy adecuada para tres bandas, a un precio competitivo.\u00a0El\u00a0Royal Plus ha sido sometido a varias pruebas, realizadas por varios expertos en billar. Su conclusi\u00f3n: en t\u00e9rminos de vida \u00fatil y rendimiento,\u00a0el pa\u00f1o puede competir con cualquier marca del mercado<\/p>\n<p>La investigaci\u00f3n no ocurri\u00f3 de la noche a la ma\u00f1ana. El Buffalo Royal Plus se ha puesto a prueba para obtener m\u00e1s informaci\u00f3n sobre la fricci\u00f3n de arrastre y deslizamiento y su vida \u00fatil. Tambi\u00e9n se registr\u00f3 el rendimiento de la pelota con una C\u00e1mara de Alta Velocidad, con el fin de poder realizar una comparativa con\u00a0pa\u00f1os convencionales. El resultado es positivo. El Royal Plus Cloth tiene una serie de propiedades que son muy apreciadas por los jugadores. Como una mayor retenci\u00f3n de giro y un lanzamiento m\u00e1s prolongado. La fina tela corre muy r\u00e1pido y no atrae la humedad como lo hacen las de lana. Las pruebas demuestran que ya no es necesario calentar el billar, lo que a su vez se traduce en un agradable ahorro en la factura energ\u00e9tica. La composici\u00f3n de las fibras y el m\u00e9todo de tejido utilizado (\u00e1ngulo de 90 grados, en lugar de 60 grados) confieren al tejido una resistencia, flexibilidad y brillo extra. La\u00a0tela tambi\u00e9n se ti\u00f1e y se somete a un proceso qu\u00edmico especial, que le da una estructura lisa y resistente al desgaste. Esto tambi\u00e9n es muy beneficioso para la velocidad de la pelota durante el juego.<\/p>\n<p>Pa\u00f1o de billar innovador<\/p>\n<p>No requiere calefacci\u00f3n<\/p>\n<p>100% sint\u00e9tico<\/p>\n<p>Lanzamiento m\u00e1s largo y mejor retenci\u00f3n de giro<\/p>\n<p>Mezcla de poli\u00e9ster y fibras viscosas<\/p>\n<p>M\u00e9todo de tejido \u00fanico<\/p>\n<p><span style=\"color: #ffcc00;\"><strong>Precio por metro<\/strong><\/span><\/p>","protected":false},"featured_media":2944,"template":"","meta":{"jetpack_publicize_message":"","jetpack_publicize_feature_enabled":true,"jetpack_social_post_already_shared":true,"jetpack_social_options":{"image_generator_settings":{"template":"highway","default_image_id":0,"font":"","enabled":false},"version":2}},"product_brand":[],"product_cat":[37,409,151],"product_tag":[437,438,435,436],"class_list":{"0":"post-2943","1":"product","2":"type-product","3":"status-publish","4":"has-post-thumbnail","6":"product_cat-mundo-billar","7":"product_cat-panos-billar","8":"product_cat-carambola-panos","9":"product_tag-buffalo-royal-plus","10":"product_tag-pano-de-carambola","11":"product_tag-pano-de-carambolas","12":"product_tag-pano-royal-plus","14":"first","15":"instock","16":"taxable","17":"shipping-taxable","18":"purchasable","19":"product-type-simple"},"yoast_head":"<!-- This site is optimized with the Yoast SEO plugin v27.5 - https:\/\/yoast.com\/product\/yoast-seo-wordpress\/ -->\n<title>Pa\u00f1o Buffalo Royal Plus - RAR Billares online shop<\/title>\n<meta name=\"description\" content=\"Buffalo Royal Plus, elaborado con una mezcla de fibras de poli\u00e9ster y viscosa. Una verdadera\u00a0tela para carambola, muy adecuada para tres bandas\" \/>\n<meta name=\"robots\" content=\"index, follow, max-snippet:-1, max-image-preview:large, max-video-preview:-1\" \/>\n<link rel=\"canonical\" href=\"https:\/\/billaresrar.es\/en\/product\/pano-buffalo-royal-plus\/\" \/>\n<meta property=\"og:locale\" content=\"en_US\" \/>\n<meta property=\"og:type\" content=\"article\" \/>\n<meta property=\"og:title\" content=\"Pa\u00f1o Buffalo Royal Plus - RAR Billares online shop\" \/>\n<meta property=\"og:description\" content=\"Buffalo Royal Plus, elaborado con una mezcla de fibras de poli\u00e9ster y viscosa. Una verdadera\u00a0tela para carambola, muy adecuada para tres bandas\" \/>\n<meta property=\"og:url\" content=\"https:\/\/billaresrar.es\/en\/product\/pano-buffalo-royal-plus\/\" \/>\n<meta property=\"og:site_name\" content=\"RAR Billares online shop\" \/>\n<meta property=\"article:modified_time\" content=\"2025-08-20T17:05:07+00:00\" \/>\n<meta property=\"og:image\" content=\"https:\/\/i0.wp.com\/billaresrar.es\/wp-content\/uploads\/2025\/08\/pano-carambola-buffalo-royal-plus-170cm.jpg?fit=800%2C800&ssl=1\" \/>\n\t<meta property=\"og:image:width\" content=\"800\" \/>\n\t<meta property=\"og:image:height\" content=\"800\" \/>\n\t<meta property=\"og:image:type\" content=\"image\/jpeg\" \/>\n<meta name=\"twitter:card\" content=\"summary_large_image\" \/>\n<meta name=\"twitter:label1\" content=\"Price\" \/>\n\t<meta name=\"twitter:data1\" content=\"50,00&nbsp;&euro;\" \/>\n\t<meta name=\"twitter:label2\" content=\"Availability\" \/>\n\t<meta name=\"twitter:data2\" content=\"In stock\" \/>\n<script type=\"application\/ld+json\" class=\"yoast-schema-graph\">{\"@context\":\"https:\\\/\\\/schema.org\",\"@graph\":[{\"@type\":\"WebPage\",\"@id\":\"https:\\\/\\\/billaresrar.es\\\/producto\\\/pano-buffalo-royal-plus\\\/\",\"url\":\"https:\\\/\\\/billaresrar.es\\\/producto\\\/pano-buffalo-royal-plus\\\/\",\"name\":\"Pa\u00f1o Buffalo Royal Plus - RAR Billares online shop\",\"isPartOf\":{\"@id\":\"https:\\\/\\\/billaresrar.es\\\/#website\"},\"primaryImageOfPage\":{\"@id\":\"https:\\\/\\\/billaresrar.es\\\/producto\\\/pano-buffalo-royal-plus\\\/#primaryimage\"},\"image\":{\"@id\":\"https:\\\/\\\/billaresrar.es\\\/producto\\\/pano-buffalo-royal-plus\\\/#primaryimage\"},\"thumbnailUrl\":\"https:\\\/\\\/i0.wp.com\\\/billaresrar.es\\\/wp-content\\\/uploads\\\/2025\\\/08\\\/pano-carambola-buffalo-royal-plus-170cm.jpg?fit=800%2C800&ssl=1\",\"datePublished\":\"2025-08-20T17:04:59+00:00\",\"dateModified\":\"2025-08-20T17:05:07+00:00\",\"description\":\"Buffalo Royal Plus, elaborado con una mezcla de fibras de poli\u00e9ster y viscosa. Una verdadera\u00a0tela para carambola, muy adecuada para tres bandas\",\"breadcrumb\":{\"@id\":\"https:\\\/\\\/billaresrar.es\\\/producto\\\/pano-buffalo-royal-plus\\\/#breadcrumb\"},\"inLanguage\":\"en-US\",\"potentialAction\":[{\"@type\":\"ReadAction\",\"target\":[\"https:\\\/\\\/billaresrar.es\\\/producto\\\/pano-buffalo-royal-plus\\\/\"]}]},{\"@type\":\"ImageObject\",\"inLanguage\":\"en-US\",\"@id\":\"https:\\\/\\\/billaresrar.es\\\/producto\\\/pano-buffalo-royal-plus\\\/#primaryimage\",\"url\":\"https:\\\/\\\/i0.wp.com\\\/billaresrar.es\\\/wp-content\\\/uploads\\\/2025\\\/08\\\/pano-carambola-buffalo-royal-plus-170cm.jpg?fit=800%2C800&ssl=1\",\"contentUrl\":\"https:\\\/\\\/i0.wp.com\\\/billaresrar.es\\\/wp-content\\\/uploads\\\/2025\\\/08\\\/pano-carambola-buffalo-royal-plus-170cm.jpg?fit=800%2C800&ssl=1\",\"width\":800,\"height\":800,\"caption\":\"Pa\u00f1o buffalo Royal plus\"},{\"@type\":\"BreadcrumbList\",\"@id\":\"https:\\\/\\\/billaresrar.es\\\/producto\\\/pano-buffalo-royal-plus\\\/#breadcrumb\",\"itemListElement\":[{\"@type\":\"ListItem\",\"position\":1,\"name\":\"Portada\",\"item\":\"https:\\\/\\\/billaresrar.es\\\/\"},{\"@type\":\"ListItem\",\"position\":2,\"name\":\"Tienda\",\"item\":\"https:\\\/\\\/billaresrar.es\\\/tienda-billares-rar\\\/\"},{\"@type\":\"ListItem\",\"position\":3,\"name\":\"Pa\u00f1o Buffalo Royal Plus\"}]},{\"@type\":\"WebSite\",\"@id\":\"https:\\\/\\\/billaresrar.es\\\/#website\",\"url\":\"https:\\\/\\\/billaresrar.es\\\/\",\"name\":\"RAR Billares\",\"description\":\"Nos dedicamos a la restauraci\u00f3n, personalizaci\u00f3n, compraventa e instalaci\u00f3n de mesas de billar.\",\"publisher\":{\"@id\":\"https:\\\/\\\/billaresrar.es\\\/#\\\/schema\\\/person\\\/58bf20f74847ad0e156049ad50e1cc19\"},\"potentialAction\":[{\"@type\":\"SearchAction\",\"target\":{\"@type\":\"EntryPoint\",\"urlTemplate\":\"https:\\\/\\\/billaresrar.es\\\/?s={search_term_string}\"},\"query-input\":{\"@type\":\"PropertyValueSpecification\",\"valueRequired\":true,\"valueName\":\"search_term_string\"}}],\"inLanguage\":\"en-US\"},{\"@type\":[\"Person\",\"Organization\"],\"@id\":\"https:\\\/\\\/billaresrar.es\\\/#\\\/schema\\\/person\\\/58bf20f74847ad0e156049ad50e1cc19\",\"name\":\"Ren\u00e9\",\"image\":{\"@type\":\"ImageObject\",\"inLanguage\":\"en-US\",\"@id\":\"https:\\\/\\\/i0.wp.com\\\/billaresrar.es\\\/wp-content\\\/uploads\\\/2024\\\/12\\\/definitivo-RAR.webp?fit=1920%2C1147&ssl=1\",\"url\":\"https:\\\/\\\/i0.wp.com\\\/billaresrar.es\\\/wp-content\\\/uploads\\\/2024\\\/12\\\/definitivo-RAR.webp?fit=1920%2C1147&ssl=1\",\"contentUrl\":\"https:\\\/\\\/i0.wp.com\\\/billaresrar.es\\\/wp-content\\\/uploads\\\/2024\\\/12\\\/definitivo-RAR.webp?fit=1920%2C1147&ssl=1\",\"width\":1920,\"height\":1147,\"caption\":\"Ren\u00e9\"},\"logo\":{\"@id\":\"https:\\\/\\\/i0.wp.com\\\/billaresrar.es\\\/wp-content\\\/uploads\\\/2024\\\/12\\\/definitivo-RAR.webp?fit=1920%2C1147&ssl=1\"}}]}<\/script>\n<meta property=\"product:price:amount\" content=\"50.00\" \/>\n<meta property=\"product:price:currency\" content=\"EUR\" \/>\n<meta property=\"og:availability\" content=\"instock\" \/>\n<meta property=\"product:availability\" content=\"instock\" \/>\n<meta property=\"product:condition\" content=\"new\" \/>\n<!-- \/ Yoast SEO plugin. -->","yoast_head_json":{"title":"Pa\u00f1o Buffalo Royal Plus - RAR Billares online shop","description":"Buffalo Royal Plus, elaborado con una mezcla de fibras de poli\u00e9ster y viscosa. Una verdadera\u00a0tela para carambola, muy adecuada para tres bandas","robots":{"index":"index","follow":"follow","max-snippet":"max-snippet:-1","max-image-preview":"max-image-preview:large","max-video-preview":"max-video-preview:-1"},"canonical":"https:\/\/billaresrar.es\/en\/product\/pano-buffalo-royal-plus\/","og_locale":"en_US","og_type":"article","og_title":"Pa\u00f1o Buffalo Royal Plus - RAR Billares online shop","og_description":"Buffalo Royal Plus, elaborado con una mezcla de fibras de poli\u00e9ster y viscosa. Una verdadera\u00a0tela para carambola, muy adecuada para tres bandas","og_url":"https:\/\/billaresrar.es\/en\/product\/pano-buffalo-royal-plus\/","og_site_name":"RAR Billares online shop","article_modified_time":"2025-08-20T17:05:07+00:00","og_image":[{"width":800,"height":800,"url":"https:\/\/i0.wp.com\/billaresrar.es\/wp-content\/uploads\/2025\/08\/pano-carambola-buffalo-royal-plus-170cm.jpg?fit=800%2C800&ssl=1","type":"image\/jpeg"}],"twitter_card":"summary_large_image","twitter_misc":{"Price":"50,00&nbsp;&euro;","Availability":"In stock"},"schema":{"@context":"https:\/\/schema.org","@graph":[{"@type":"WebPage","@id":"https:\/\/billaresrar.es\/producto\/pano-buffalo-royal-plus\/","url":"https:\/\/billaresrar.es\/producto\/pano-buffalo-royal-plus\/","name":"Pa\u00f1o Buffalo Royal Plus - RAR Billares online shop","isPartOf":{"@id":"https:\/\/billaresrar.es\/#website"},"primaryImageOfPage":{"@id":"https:\/\/billaresrar.es\/producto\/pano-buffalo-royal-plus\/#primaryimage"},"image":{"@id":"https:\/\/billaresrar.es\/producto\/pano-buffalo-royal-plus\/#primaryimage"},"thumbnailUrl":"https:\/\/i0.wp.com\/billaresrar.es\/wp-content\/uploads\/2025\/08\/pano-carambola-buffalo-royal-plus-170cm.jpg?fit=800%2C800&ssl=1","datePublished":"2025-08-20T17:04:59+00:00","dateModified":"2025-08-20T17:05:07+00:00","description":"Buffalo Royal Plus, elaborado con una mezcla de fibras de poli\u00e9ster y viscosa. Una verdadera\u00a0tela para carambola, muy adecuada para tres bandas","breadcrumb":{"@id":"https:\/\/billaresrar.es\/producto\/pano-buffalo-royal-plus\/#breadcrumb"},"inLanguage":"en-US","potentialAction":[{"@type":"ReadAction","target":["https:\/\/billaresrar.es\/producto\/pano-buffalo-royal-plus\/"]}]},{"@type":"ImageObject","inLanguage":"en-US","@id":"https:\/\/billaresrar.es\/producto\/pano-buffalo-royal-plus\/#primaryimage","url":"https:\/\/i0.wp.com\/billaresrar.es\/wp-content\/uploads\/2025\/08\/pano-carambola-buffalo-royal-plus-170cm.jpg?fit=800%2C800&ssl=1","contentUrl":"https:\/\/i0.wp.com\/billaresrar.es\/wp-content\/uploads\/2025\/08\/pano-carambola-buffalo-royal-plus-170cm.jpg?fit=800%2C800&ssl=1","width":800,"height":800,"caption":"Pa\u00f1o buffalo Royal plus"},{"@type":"BreadcrumbList","@id":"https:\/\/billaresrar.es\/producto\/pano-buffalo-royal-plus\/#breadcrumb","itemListElement":[{"@type":"ListItem","position":1,"name":"Portada","item":"https:\/\/billaresrar.es\/"},{"@type":"ListItem","position":2,"name":"Tienda","item":"https:\/\/billaresrar.es\/tienda-billares-rar\/"},{"@type":"ListItem","position":3,"name":"Pa\u00f1o Buffalo Royal Plus"}]},{"@type":"WebSite","@id":"https:\/\/billaresrar.es\/#website","url":"https:\/\/billaresrar.es\/","name":"RAR Billares","description":"Nos dedicamos a la restauraci\u00f3n, personalizaci\u00f3n, compraventa e instalaci\u00f3n de mesas de billar.","publisher":{"@id":"https:\/\/billaresrar.es\/#\/schema\/person\/58bf20f74847ad0e156049ad50e1cc19"},"potentialAction":[{"@type":"SearchAction","target":{"@type":"EntryPoint","urlTemplate":"https:\/\/billaresrar.es\/?s={search_term_string}"},"query-input":{"@type":"PropertyValueSpecification","valueRequired":true,"valueName":"search_term_string"}}],"inLanguage":"en-US"},{"@type":["Person","Organization"],"@id":"https:\/\/billaresrar.es\/#\/schema\/person\/58bf20f74847ad0e156049ad50e1cc19","name":"Ren\u00e9","image":{"@type":"ImageObject","inLanguage":"en-US","@id":"https:\/\/i0.wp.com\/billaresrar.es\/wp-content\/uploads\/2024\/12\/definitivo-RAR.webp?fit=1920%2C1147&ssl=1","url":"https:\/\/i0.wp.com\/billaresrar.es\/wp-content\/uploads\/2024\/12\/definitivo-RAR.webp?fit=1920%2C1147&ssl=1","contentUrl":"https:\/\/i0.wp.com\/billaresrar.es\/wp-content\/uploads\/2024\/12\/definitivo-RAR.webp?fit=1920%2C1147&ssl=1","width":1920,"height":1147,"caption":"Ren\u00e9"},"logo":{"@id":"https:\/\/i0.wp.com\/billaresrar.es\/wp-content\/uploads\/2024\/12\/definitivo-RAR.webp?fit=1920%2C1147&ssl=1"}}]},"product_price_amount":"50.00","product_price_currency":"EUR","og_availability":"instock","product_availability":"instock","product_condition":"new"},"jetpack_publicize_connections":[],"jetpack_sharing_enabled":true,"jetpack_likes_enabled":true,"jetpack-related-posts":[],"_links":{"self":[{"href":"https:\/\/billaresrar.es\/en\/wp-json\/wp\/v2\/product\/2943","targetHints":{"allow":["GET"]}}],"collection":[{"href":"https:\/\/billaresrar.es\/en\/wp-json\/wp\/v2\/product"}],"about":[{"href":"https:\/\/billaresrar.es\/en\/wp-json\/wp\/v2\/types\/product"}],"version-history":[{"count":2,"href":"https:\/\/billaresrar.es\/en\/wp-json\/wp\/v2\/product\/2943\/revisions"}],"predecessor-version":[{"id":2948,"href":"https:\/\/billaresrar.es\/en\/wp-json\/wp\/v2\/product\/2943\/revisions\/2948"}],"wp:featuredmedia":[{"embeddable":true,"href":"https:\/\/billaresrar.es\/en\/wp-json\/wp\/v2\/media\/2944"}],"wp:attachment":[{"href":"https:\/\/billaresrar.es\/en\/wp-json\/wp\/v2\/media?parent=2943"}],"wp:term":[{"taxonomy":"product_brand","embeddable":true,"href":"https:\/\/billaresrar.es\/en\/wp-json\/wp\/v2\/product_brand?post=2943"},{"taxonomy":"product_cat","embeddable":true,"href":"https:\/\/billaresrar.es\/en\/wp-json\/wp\/v2\/product_cat?post=2943"},{"taxonomy":"product_tag","embeddable":true,"href":"https:\/\/billaresrar.es\/en\/wp-json\/wp\/v2\/product_tag?post=2943"}],"curies":[{"name":"wp","href":"https:\/\/api.w.org\/{rel}","templated":true}]}}