{"id":2131,"date":"2025-08-03T19:36:18","date_gmt":"2025-08-03T17:36:18","guid":{"rendered":"https:\/\/darkslateblue-salmon-136783.hostingersite.com\/?post_type=product&#038;p=2131"},"modified":"2025-09-23T23:11:51","modified_gmt":"2025-09-23T21:11:51","slug":"mesa-de-billar-buffalo-dominator-ii","status":"publish","type":"product","link":"https:\/\/billaresrar.es\/en\/product\/mesa-de-billar-buffalo-dominator-ii\/","title":{"rendered":"Mesa de billar Buffalo Dominator II"},"content":{"rendered":"<p>Mesa de billar Buffalo Dominator II<\/p>\n<p>La mesa de billar Buffalo Dominator II es la elecci\u00f3n perfecta tanto para jugadores profesionales como recreativos que buscan la m\u00e1xima calidad y estilo. Esta mesa de billar cuenta con niveladores de patas hundidos en la base, esquinas de metal anodizado y riel de protecci\u00f3n, lo que le da un dise\u00f1o a\u00fan m\u00e1s elegante y moderno.<\/p>\n<p>&nbsp;<\/p>\n<p>El marco de la base tiene una construcci\u00f3n mejorada para soportar la superficie de juego. Junto con el conector de las patas, esto garantiza que la mesa de billar Dominator sea robusta y s\u00f3lida. El campo de juego de pizarra de tres piezas y 25 mm de grosor mide aproximadamente 254 x 127 cm.<\/p>\n<p>Los rieles superiores son de madera maciza, acabados con laminado y equipados con un riel embellecedor protector. Est\u00e1n unidos por espigas de acero, lo que garantiza una resistencia adicional. Las troneras integradas encajan a la perfecci\u00f3n y son de goma, lo que proporciona un sonido m\u00e1s suave durante el juego.<\/p>\n<p>&nbsp;<\/p>\n<p>La Dominator II est\u00e1 dise\u00f1ada con especificaciones de torneo, lo que significa que cumple con los m\u00e1s altos est\u00e1ndares para una experiencia de juego profesional. Elija la Buffalo Dominator II y experimente la combinaci\u00f3n perfecta de calidad, dise\u00f1o y rendimiento.<\/p>\n<p>&nbsp;<\/p>\n<ul>\n<li>Mesa de billar de 9 pies con un dise\u00f1o elegante<\/li>\n<li>Modelo: Dominator II<\/li>\n<li>Color: Negro<\/li>\n<li>Pa\u00f1o: No incluido<\/li>\n<li>Construido seg\u00fan especificaciones de torneo<\/li>\n<li>Campo de juego: pizarra de 3 piezas, 25 mm de grosor<\/li>\n<li>Dimensiones del campo de juego: +\/- 254 x 127 cm<\/li>\n<li>Dimensiones de la mesa de billar: +\/- 290 x 164 cm<\/li>\n<li>Patas de nivelaci\u00f3n ajustables integradas<\/li>\n<li>Patas MDF laminado<\/li>\n<li>Barandilla superior: Madera maciza, acabado laminado y metal anodizado<\/li>\n<li>Perfil protector integrado (360 grados)<\/li>\n<li>Uni\u00f3n del travesa\u00f1o superior: Tacos de acero<\/li>\n<li>andas de\u00a0goma K66<\/li>\n<li>Esquinas de metal anodizado<\/li>\n<li>Bolsillos integrados con acabado pulcro<\/li>\n<li>Material de los bolsillos: Goma<\/li>\n<li>Marco de base s\u00f3lido y resistente<\/li>\n<li>Conector de patas<\/li>\n<\/ul>\n<h2><strong>TRANSPORTE Y MONTAJE NO INCLUIDO.<\/strong><\/h2>","protected":false},"excerpt":{"rendered":"<p>Mesa de billar Buffalo Dominator II<\/p>\n<p>La mesa de billar Buffalo Dominator II es la elecci\u00f3n perfecta tanto para jugadores profesionales como recreativos que buscan la m\u00e1xima calidad y estilo. Esta mesa de billar cuenta con niveladores de patas hundidos en la base, esquinas de metal anodizado y riel de protecci\u00f3n, lo que le da un dise\u00f1o a\u00fan m\u00e1s elegante y moderno.<\/p>\n<p>&nbsp;<\/p>\n<p>El marco de la base tiene una construcci\u00f3n mejorada para soportar la superficie de juego. Junto con el conector de las patas, esto garantiza que la mesa de billar Dominator sea robusta y s\u00f3lida. El campo de juego de pizarra de tres piezas y 25 mm de grosor mide aproximadamente 254 x 127 cm.<\/p>\n<p>Los rieles superiores son de madera maciza, acabados con laminado y equipados con un riel embellecedor protector. Est\u00e1n unidos por espigas de acero, lo que garantiza una resistencia adicional. Las troneras integradas encajan a la perfecci\u00f3n y son de goma, lo que proporciona un sonido m\u00e1s suave durante el juego.<\/p>\n<p>&nbsp;<\/p>\n<p>La Dominator II est\u00e1 dise\u00f1ada con especificaciones de torneo, lo que significa que cumple con los m\u00e1s altos est\u00e1ndares para una experiencia de juego profesional. Elija la Buffalo Dominator II y experimente la combinaci\u00f3n perfecta de calidad, dise\u00f1o y rendimiento.<\/p>\n<p>&nbsp;<\/p>\n<ul>\n<li>Mesa de billar de 9 pies con un dise\u00f1o elegante<\/li>\n<li>Modelo: Dominator II<\/li>\n<li>Color: Negro<\/li>\n<li>Pa\u00f1o: No incluido<\/li>\n<li>Construido seg\u00fan especificaciones de torneo<\/li>\n<li>Campo de juego: pizarra de 3 piezas, 25 mm de grosor<\/li>\n<li>Dimensiones del campo de juego: +\/- 254 x 127 cm<\/li>\n<li>Dimensiones de la mesa de billar: +\/- 290 x 164 cm<\/li>\n<li>Patas de nivelaci\u00f3n ajustables integradas<\/li>\n<li>Patas MDF laminado<\/li>\n<li>Barandilla superior: Madera maciza, acabado laminado y metal anodizado<\/li>\n<li>Perfil protector integrado (360 grados)<\/li>\n<li>Uni\u00f3n del travesa\u00f1o superior: Tacos de acero<\/li>\n<li>andas de\u00a0goma K66<\/li>\n<li>Esquinas de metal anodizado<\/li>\n<li>Bolsillos integrados con acabado pulcro<\/li>\n<li>Material de los bolsillos: Goma<\/li>\n<li>Marco de base s\u00f3lido y resistente<\/li>\n<li>Conector de patas<\/li>\n<\/ul>\n<h2><strong>TRANSPORTE Y MONTAJE NO INCLUIDO.<\/strong><\/h2>","protected":false},"featured_media":2132,"template":"","meta":{"jetpack_publicize_message":"","jetpack_publicize_feature_enabled":true,"jetpack_social_post_already_shared":true,"jetpack_social_options":{"image_generator_settings":{"template":"highway","default_image_id":0,"font":"","enabled":false},"version":2}},"product_brand":[],"product_cat":[408,24,37],"product_tag":[169,263,264],"class_list":{"0":"post-2131","1":"product","2":"type-product","3":"status-publish","4":"has-post-thumbnail","6":"product_cat-mesas-de-billar","7":"product_cat-mesas-de-juego","8":"product_cat-mundo-billar","9":"product_tag-mesa-de-9-pies","10":"product_tag-mesa-de-billar-buffalo-de-9-pies","11":"product_tag-mesa-de-competicion","13":"first","14":"onbackorder","15":"taxable","16":"shipping-taxable","17":"purchasable","18":"product-type-simple"},"yoast_head":"<!-- This site is optimized with the Yoast SEO plugin v27.5 - https:\/\/yoast.com\/product\/yoast-seo-wordpress\/ -->\n<title>Mesa de billar Buffalo Dominator II - RAR Billares online shop<\/title>\n<meta name=\"description\" content=\"La Dominator II est\u00e1 dise\u00f1ada con especificaciones de torneo asi que cumple con los m\u00e1s altos est\u00e1ndares para una experiencia de juego profesional\" \/>\n<meta name=\"robots\" content=\"index, follow, max-snippet:-1, max-image-preview:large, max-video-preview:-1\" \/>\n<link rel=\"canonical\" href=\"https:\/\/billaresrar.es\/en\/product\/mesa-de-billar-buffalo-dominator-ii\/\" \/>\n<meta property=\"og:locale\" content=\"en_US\" \/>\n<meta property=\"og:type\" content=\"article\" \/>\n<meta property=\"og:title\" content=\"Mesa de billar Buffalo Dominator II - RAR Billares online shop\" \/>\n<meta property=\"og:description\" content=\"La Dominator II est\u00e1 dise\u00f1ada con especificaciones de torneo asi que cumple con los m\u00e1s altos est\u00e1ndares para una experiencia de juego profesional\" \/>\n<meta property=\"og:url\" content=\"https:\/\/billaresrar.es\/en\/product\/mesa-de-billar-buffalo-dominator-ii\/\" \/>\n<meta property=\"og:site_name\" content=\"RAR Billares online shop\" \/>\n<meta property=\"article:modified_time\" content=\"2025-09-23T21:11:51+00:00\" \/>\n<meta property=\"og:image\" content=\"https:\/\/billaresrar.es\/wp-content\/uploads\/2025\/08\/mesa-de-billar-buffalo-dominator-ii-negra-9-pies.webp\" \/>\n\t<meta property=\"og:image:width\" content=\"800\" \/>\n\t<meta property=\"og:image:height\" content=\"800\" \/>\n\t<meta property=\"og:image:type\" content=\"image\/webp\" \/>\n<meta name=\"twitter:card\" content=\"summary_large_image\" \/>\n<meta name=\"twitter:label1\" content=\"Price\" \/>\n\t<meta name=\"twitter:data1\" content=\"3.125,00&nbsp;&euro;\" \/>\n\t<meta name=\"twitter:label2\" content=\"Availability\" \/>\n\t<meta name=\"twitter:data2\" content=\"On backorder\" \/>\n<script type=\"application\/ld+json\" class=\"yoast-schema-graph\">{\"@context\":\"https:\\\/\\\/schema.org\",\"@graph\":[{\"@type\":\"WebPage\",\"@id\":\"https:\\\/\\\/billaresrar.es\\\/producto\\\/mesa-de-billar-buffalo-dominator-ii\\\/\",\"url\":\"https:\\\/\\\/billaresrar.es\\\/producto\\\/mesa-de-billar-buffalo-dominator-ii\\\/\",\"name\":\"Mesa de billar Buffalo Dominator II - RAR Billares online shop\",\"isPartOf\":{\"@id\":\"https:\\\/\\\/billaresrar.es\\\/#website\"},\"primaryImageOfPage\":{\"@id\":\"https:\\\/\\\/billaresrar.es\\\/producto\\\/mesa-de-billar-buffalo-dominator-ii\\\/#primaryimage\"},\"image\":{\"@id\":\"https:\\\/\\\/billaresrar.es\\\/producto\\\/mesa-de-billar-buffalo-dominator-ii\\\/#primaryimage\"},\"thumbnailUrl\":\"https:\\\/\\\/i0.wp.com\\\/billaresrar.es\\\/wp-content\\\/uploads\\\/2025\\\/08\\\/mesa-de-billar-buffalo-dominator-ii-negra-9-pies.webp?fit=800%2C800&ssl=1\",\"datePublished\":\"2025-08-03T17:36:18+00:00\",\"dateModified\":\"2025-09-23T21:11:51+00:00\",\"description\":\"La Dominator II est\u00e1 dise\u00f1ada con especificaciones de torneo asi que cumple con los m\u00e1s altos est\u00e1ndares para una experiencia de juego profesional\",\"breadcrumb\":{\"@id\":\"https:\\\/\\\/billaresrar.es\\\/producto\\\/mesa-de-billar-buffalo-dominator-ii\\\/#breadcrumb\"},\"inLanguage\":\"en-US\",\"potentialAction\":[{\"@type\":\"ReadAction\",\"target\":[\"https:\\\/\\\/billaresrar.es\\\/producto\\\/mesa-de-billar-buffalo-dominator-ii\\\/\"]}]},{\"@type\":\"ImageObject\",\"inLanguage\":\"en-US\",\"@id\":\"https:\\\/\\\/billaresrar.es\\\/producto\\\/mesa-de-billar-buffalo-dominator-ii\\\/#primaryimage\",\"url\":\"https:\\\/\\\/i0.wp.com\\\/billaresrar.es\\\/wp-content\\\/uploads\\\/2025\\\/08\\\/mesa-de-billar-buffalo-dominator-ii-negra-9-pies.webp?fit=800%2C800&ssl=1\",\"contentUrl\":\"https:\\\/\\\/i0.wp.com\\\/billaresrar.es\\\/wp-content\\\/uploads\\\/2025\\\/08\\\/mesa-de-billar-buffalo-dominator-ii-negra-9-pies.webp?fit=800%2C800&ssl=1\",\"width\":800,\"height\":800,\"caption\":\"mesa de 9 pies Buffalo dominator II\"},{\"@type\":\"BreadcrumbList\",\"@id\":\"https:\\\/\\\/billaresrar.es\\\/producto\\\/mesa-de-billar-buffalo-dominator-ii\\\/#breadcrumb\",\"itemListElement\":[{\"@type\":\"ListItem\",\"position\":1,\"name\":\"Portada\",\"item\":\"https:\\\/\\\/billaresrar.es\\\/\"},{\"@type\":\"ListItem\",\"position\":2,\"name\":\"Tienda\",\"item\":\"https:\\\/\\\/billaresrar.es\\\/tienda-billares-rar\\\/\"},{\"@type\":\"ListItem\",\"position\":3,\"name\":\"Mesa de billar Buffalo Dominator II\"}]},{\"@type\":\"WebSite\",\"@id\":\"https:\\\/\\\/billaresrar.es\\\/#website\",\"url\":\"https:\\\/\\\/billaresrar.es\\\/\",\"name\":\"RAR Billares\",\"description\":\"Nos dedicamos a la restauraci\u00f3n, personalizaci\u00f3n, compraventa e instalaci\u00f3n de mesas de billar.\",\"publisher\":{\"@id\":\"https:\\\/\\\/billaresrar.es\\\/#\\\/schema\\\/person\\\/58bf20f74847ad0e156049ad50e1cc19\"},\"potentialAction\":[{\"@type\":\"SearchAction\",\"target\":{\"@type\":\"EntryPoint\",\"urlTemplate\":\"https:\\\/\\\/billaresrar.es\\\/?s={search_term_string}\"},\"query-input\":{\"@type\":\"PropertyValueSpecification\",\"valueRequired\":true,\"valueName\":\"search_term_string\"}}],\"inLanguage\":\"en-US\"},{\"@type\":[\"Person\",\"Organization\"],\"@id\":\"https:\\\/\\\/billaresrar.es\\\/#\\\/schema\\\/person\\\/58bf20f74847ad0e156049ad50e1cc19\",\"name\":\"Ren\u00e9\",\"image\":{\"@type\":\"ImageObject\",\"inLanguage\":\"en-US\",\"@id\":\"https:\\\/\\\/i0.wp.com\\\/billaresrar.es\\\/wp-content\\\/uploads\\\/2024\\\/12\\\/definitivo-RAR.webp?fit=1920%2C1147&ssl=1\",\"url\":\"https:\\\/\\\/i0.wp.com\\\/billaresrar.es\\\/wp-content\\\/uploads\\\/2024\\\/12\\\/definitivo-RAR.webp?fit=1920%2C1147&ssl=1\",\"contentUrl\":\"https:\\\/\\\/i0.wp.com\\\/billaresrar.es\\\/wp-content\\\/uploads\\\/2024\\\/12\\\/definitivo-RAR.webp?fit=1920%2C1147&ssl=1\",\"width\":1920,\"height\":1147,\"caption\":\"Ren\u00e9\"},\"logo\":{\"@id\":\"https:\\\/\\\/i0.wp.com\\\/billaresrar.es\\\/wp-content\\\/uploads\\\/2024\\\/12\\\/definitivo-RAR.webp?fit=1920%2C1147&ssl=1\"}}]}<\/script>\n<meta property=\"product:price:amount\" content=\"3125.00\" \/>\n<meta property=\"product:price:currency\" content=\"EUR\" \/>\n<meta property=\"og:availability\" content=\"backorder\" \/>\n<meta property=\"product:availability\" content=\"available for order\" \/>\n<meta property=\"product:condition\" content=\"new\" \/>\n<!-- \/ Yoast SEO plugin. -->","yoast_head_json":{"title":"Mesa de billar Buffalo Dominator II - RAR Billares online shop","description":"La Dominator II est\u00e1 dise\u00f1ada con especificaciones de torneo asi que cumple con los m\u00e1s altos est\u00e1ndares para una experiencia de juego profesional","robots":{"index":"index","follow":"follow","max-snippet":"max-snippet:-1","max-image-preview":"max-image-preview:large","max-video-preview":"max-video-preview:-1"},"canonical":"https:\/\/billaresrar.es\/en\/product\/mesa-de-billar-buffalo-dominator-ii\/","og_locale":"en_US","og_type":"article","og_title":"Mesa de billar Buffalo Dominator II - RAR Billares online shop","og_description":"La Dominator II est\u00e1 dise\u00f1ada con especificaciones de torneo asi que cumple con los m\u00e1s altos est\u00e1ndares para una experiencia de juego profesional","og_url":"https:\/\/billaresrar.es\/en\/product\/mesa-de-billar-buffalo-dominator-ii\/","og_site_name":"RAR Billares online shop","article_modified_time":"2025-09-23T21:11:51+00:00","og_image":[{"width":800,"height":800,"url":"https:\/\/billaresrar.es\/wp-content\/uploads\/2025\/08\/mesa-de-billar-buffalo-dominator-ii-negra-9-pies.webp","type":"image\/webp"}],"twitter_card":"summary_large_image","twitter_misc":{"Price":"3.125,00&nbsp;&euro;","Availability":"On backorder"},"schema":{"@context":"https:\/\/schema.org","@graph":[{"@type":"WebPage","@id":"https:\/\/billaresrar.es\/producto\/mesa-de-billar-buffalo-dominator-ii\/","url":"https:\/\/billaresrar.es\/producto\/mesa-de-billar-buffalo-dominator-ii\/","name":"Mesa de billar Buffalo Dominator II - RAR Billares online shop","isPartOf":{"@id":"https:\/\/billaresrar.es\/#website"},"primaryImageOfPage":{"@id":"https:\/\/billaresrar.es\/producto\/mesa-de-billar-buffalo-dominator-ii\/#primaryimage"},"image":{"@id":"https:\/\/billaresrar.es\/producto\/mesa-de-billar-buffalo-dominator-ii\/#primaryimage"},"thumbnailUrl":"https:\/\/i0.wp.com\/billaresrar.es\/wp-content\/uploads\/2025\/08\/mesa-de-billar-buffalo-dominator-ii-negra-9-pies.webp?fit=800%2C800&ssl=1","datePublished":"2025-08-03T17:36:18+00:00","dateModified":"2025-09-23T21:11:51+00:00","description":"La Dominator II est\u00e1 dise\u00f1ada con especificaciones de torneo asi que cumple con los m\u00e1s altos est\u00e1ndares para una experiencia de juego profesional","breadcrumb":{"@id":"https:\/\/billaresrar.es\/producto\/mesa-de-billar-buffalo-dominator-ii\/#breadcrumb"},"inLanguage":"en-US","potentialAction":[{"@type":"ReadAction","target":["https:\/\/billaresrar.es\/producto\/mesa-de-billar-buffalo-dominator-ii\/"]}]},{"@type":"ImageObject","inLanguage":"en-US","@id":"https:\/\/billaresrar.es\/producto\/mesa-de-billar-buffalo-dominator-ii\/#primaryimage","url":"https:\/\/i0.wp.com\/billaresrar.es\/wp-content\/uploads\/2025\/08\/mesa-de-billar-buffalo-dominator-ii-negra-9-pies.webp?fit=800%2C800&ssl=1","contentUrl":"https:\/\/i0.wp.com\/billaresrar.es\/wp-content\/uploads\/2025\/08\/mesa-de-billar-buffalo-dominator-ii-negra-9-pies.webp?fit=800%2C800&ssl=1","width":800,"height":800,"caption":"mesa de 9 pies Buffalo dominator II"},{"@type":"BreadcrumbList","@id":"https:\/\/billaresrar.es\/producto\/mesa-de-billar-buffalo-dominator-ii\/#breadcrumb","itemListElement":[{"@type":"ListItem","position":1,"name":"Portada","item":"https:\/\/billaresrar.es\/"},{"@type":"ListItem","position":2,"name":"Tienda","item":"https:\/\/billaresrar.es\/tienda-billares-rar\/"},{"@type":"ListItem","position":3,"name":"Mesa de billar Buffalo Dominator II"}]},{"@type":"WebSite","@id":"https:\/\/billaresrar.es\/#website","url":"https:\/\/billaresrar.es\/","name":"RAR Billares","description":"Nos dedicamos a la restauraci\u00f3n, personalizaci\u00f3n, compraventa e instalaci\u00f3n de mesas de billar.","publisher":{"@id":"https:\/\/billaresrar.es\/#\/schema\/person\/58bf20f74847ad0e156049ad50e1cc19"},"potentialAction":[{"@type":"SearchAction","target":{"@type":"EntryPoint","urlTemplate":"https:\/\/billaresrar.es\/?s={search_term_string}"},"query-input":{"@type":"PropertyValueSpecification","valueRequired":true,"valueName":"search_term_string"}}],"inLanguage":"en-US"},{"@type":["Person","Organization"],"@id":"https:\/\/billaresrar.es\/#\/schema\/person\/58bf20f74847ad0e156049ad50e1cc19","name":"Ren\u00e9","image":{"@type":"ImageObject","inLanguage":"en-US","@id":"https:\/\/i0.wp.com\/billaresrar.es\/wp-content\/uploads\/2024\/12\/definitivo-RAR.webp?fit=1920%2C1147&ssl=1","url":"https:\/\/i0.wp.com\/billaresrar.es\/wp-content\/uploads\/2024\/12\/definitivo-RAR.webp?fit=1920%2C1147&ssl=1","contentUrl":"https:\/\/i0.wp.com\/billaresrar.es\/wp-content\/uploads\/2024\/12\/definitivo-RAR.webp?fit=1920%2C1147&ssl=1","width":1920,"height":1147,"caption":"Ren\u00e9"},"logo":{"@id":"https:\/\/i0.wp.com\/billaresrar.es\/wp-content\/uploads\/2024\/12\/definitivo-RAR.webp?fit=1920%2C1147&ssl=1"}}]},"product_price_amount":"3125.00","product_price_currency":"EUR","og_availability":"backorder","product_availability":"available for order","product_condition":"new"},"jetpack_publicize_connections":[],"jetpack_sharing_enabled":true,"jetpack_likes_enabled":true,"jetpack-related-posts":[],"_links":{"self":[{"href":"https:\/\/billaresrar.es\/en\/wp-json\/wp\/v2\/product\/2131","targetHints":{"allow":["GET"]}}],"collection":[{"href":"https:\/\/billaresrar.es\/en\/wp-json\/wp\/v2\/product"}],"about":[{"href":"https:\/\/billaresrar.es\/en\/wp-json\/wp\/v2\/types\/product"}],"version-history":[{"count":2,"href":"https:\/\/billaresrar.es\/en\/wp-json\/wp\/v2\/product\/2131\/revisions"}],"predecessor-version":[{"id":3222,"href":"https:\/\/billaresrar.es\/en\/wp-json\/wp\/v2\/product\/2131\/revisions\/3222"}],"wp:featuredmedia":[{"embeddable":true,"href":"https:\/\/billaresrar.es\/en\/wp-json\/wp\/v2\/media\/2132"}],"wp:attachment":[{"href":"https:\/\/billaresrar.es\/en\/wp-json\/wp\/v2\/media?parent=2131"}],"wp:term":[{"taxonomy":"product_brand","embeddable":true,"href":"https:\/\/billaresrar.es\/en\/wp-json\/wp\/v2\/product_brand?post=2131"},{"taxonomy":"product_cat","embeddable":true,"href":"https:\/\/billaresrar.es\/en\/wp-json\/wp\/v2\/product_cat?post=2131"},{"taxonomy":"product_tag","embeddable":true,"href":"https:\/\/billaresrar.es\/en\/wp-json\/wp\/v2\/product_tag?post=2131"}],"curies":[{"name":"wp","href":"https:\/\/api.w.org\/{rel}","templated":true}]}}