{"id":2118,"date":"2025-07-24T21:56:57","date_gmt":"2025-07-24T19:56:57","guid":{"rendered":"https:\/\/darkslateblue-salmon-136783.hostingersite.com\/?post_type=product&#038;p=2118"},"modified":"2025-09-23T23:11:26","modified_gmt":"2025-09-23T21:11:26","slug":"mesa-de-billar-dynamic-iv","status":"publish","type":"product","link":"https:\/\/billaresrar.es\/en\/product\/mesa-de-billar-dynamic-iv\/","title":{"rendered":"Mesa de billar Dynamic IV"},"content":{"rendered":"<p>La mesa de billar Dynamic IV es la mesa de mayor calidad jam\u00e1s producida por Dynamic y establece nuevos est\u00e1ndares de calidad, precisi\u00f3n y dise\u00f1o. Basada en d\u00e9cadas de experiencia en torneos, se ha desarrollado especialmente para uso profesional. El dise\u00f1o probado se ha optimizado, mejorado con caracter\u00edsticas t\u00e9cnicas innovadoras y fabricado con materiales cuidadosamente procesados y duraderos.<\/p>\n<p>Elementos modernos como la impresi\u00f3n hidrogr\u00e1fica en los pies met\u00e1licos y la camilla, el sistema mejorado de nivelaci\u00f3n de las patas y las pr\u00e1cticas bolsas Click-In con una impresionante capacidad de 12 bolas cada una convierten a la Dynamic IV en una aut\u00e9ntica referencia en su clase. El dise\u00f1o se completa con un armaz\u00f3n de acero extremadamente robusto que garantiza la m\u00e1xima estabilidad.<\/p>\n<p>Ya sea en torneos, clubes de billar o entornos recreativos de alto nivel, la mesa de billar Dynamic IV impresiona a todos los niveles.<\/p>\n<p>Pizarra natural brasile\u00f1a certificada de 3 piezas (9 pies: 30 mm, 8 pies: 20 mm): Diamantada con una tolerancia &lt; 0,2 mm &#8211; m\u00e1s dura y estable que la pizarra convencional. Aprobada por organizadores de torneos profesionales. La placa de pizarra con marco de soporte permite el grapado del pa\u00f1o.<\/p>\n<p>Bandas de goma Master Pro K55 (s\u00f3lo mesa de 9 pies): Hechos de caucho natural con una f\u00f3rmula especial Dynamic (DIN53512: rebote 75 % \u00b1 5, dureza A: 43 \u00b1 3). Probado en m\u00e1s de 300 torneos profesionales, incluyendo muchos Campeonatos Mundiales y Europeos, Euro Tours, y m\u00e1s.<\/p>\n<p>Nuevas toneras de encaje. Instalables con precisi\u00f3n, borde superior ligeramente inclinado para un comportamiento \u00f3ptimo de la bola. En cada uno caben hasta 12 bolas.<\/p>\n<p>Ra\u00edles de madera dura con laminado de alta presi\u00f3n Formica\u00ae de 1,2 mm: Laminado extremadamente duradero, resistente al agua, los ara\u00f1azos, las huellas dactilares y el calor.<\/p>\n<p>Incluye pa\u00f1o Simonis a elegir<\/p>\n<p>Subestructura maciza de acero con perfiles de 4,5 mm: Protegida contra la corrosi\u00f3n y rellena de madera para el aislamiento ac\u00fastico.<\/p>\n<p>Cuatro s\u00f3lidas patas de acero, firmemente unidas al bastidor y a la camilla: Para una estabilidad m\u00e1xima.<\/p>\n<p>Niveladores de patas anchos y regulables en altura (15,24 cm): Firmemente unidos a la pata, ajustables sin levantar la mesa.<\/p>\n<p>22 tornillos niveladores: 18 tornillos principales y 4 adicionales integrados en el bastidor para una alineaci\u00f3n milim\u00e9trica de la pizarra, el bastidor y la base.<\/p>\n<p>Paneles laterales de MDF con Formica\u00ae HPL de 0,8 mm: Acabado de alta calidad, robusto y dimensionalmente estable.<\/p>\n<p>Impresi\u00f3n hidrogr\u00e1fica (impresi\u00f3n por transferencia de agua): En patas y bastidor: Crea un acabado de aspecto de madera aut\u00e9ntica que es pr\u00e1cticamente indistinguible de la madera real.<\/p>\n<p>Dynamic Billiard es el primer fabricante del mundo en aplicar esta t\u00e9cnica a las mesas de billar.<\/p>\n<p>Piezas de fundici\u00f3n de aleaci\u00f3n de zinc de aspecto deportivo: Nuevos pasadores gu\u00eda para un montaje m\u00e1s f\u00e1cil y preciso, grabados con el logotipo de Dynamic Billiard: elegantes y distintivos.<\/p>\n<p>&nbsp;<\/p>\n<h2><span style=\"color: #ffcc00;\"><strong>NO INCLUYE TRANSPORTE NI MONTAJE.<\/strong><\/span><\/h2>","protected":false},"excerpt":{"rendered":"<p>Mesa de billar Dynamic IV<\/p>\n<p>La mesa de billar Dynamic IV es la mesa de mayor calidad jam\u00e1s producida por Dynamic y establece nuevos est\u00e1ndares de calidad, precisi\u00f3n y dise\u00f1o. Basada en d\u00e9cadas de experiencia en torneos, se ha desarrollado especialmente para uso profesional. El dise\u00f1o probado se ha optimizado, mejorado con caracter\u00edsticas t\u00e9cnicas innovadoras y fabricado con materiales cuidadosamente procesados y duraderos.<\/p>\n<p>Elementos modernos como la impresi\u00f3n hidrogr\u00e1fica en los pies met\u00e1licos y la camilla, el sistema mejorado de nivelaci\u00f3n de las patas y las pr\u00e1cticas bolsas Click-In con una impresionante capacidad de 12 bolas cada una convierten a la Dynamic IV en una aut\u00e9ntica referencia en su clase. El dise\u00f1o se completa con un armaz\u00f3n de acero extremadamente robusto que garantiza la m\u00e1xima estabilidad.<\/p>\n<p>Pizarra natural brasile\u00f1a certificada de 3 piezas (9 pies: 30 mm, 8 pies: 20 mm): Diamantada con una tolerancia &lt; 0,2 mm &#8211; m\u00e1s dura y estable que la pizarra convencional. Aprobada por organizadores de torneos profesionales. La placa de pizarra con marco de soporte permite el grapado del pa\u00f1o.<\/p>\n<p>Bandas de goma Master Pro K55 (s\u00f3lo mesa de 9 pies): Hechos de caucho natural con una f\u00f3rmula especial Dynamic (DIN53512: rebote 75 % \u00b1 5, dureza A: 43 \u00b1 3). Probado en m\u00e1s de 300 torneos profesionales, incluyendo muchos Campeonatos Mundiales y Europeos, Euro Tours, y m\u00e1s.<\/p>\n<p>Nuevas toneras de encaje. Instalables con precisi\u00f3n, borde superior ligeramente inclinado para un comportamiento \u00f3ptimo de la bola.<\/p>\n<p>Subestructura maciza de acero con perfiles de 4,5 mm: Protegida contra la corrosi\u00f3n y rellena de madera para el aislamiento ac\u00fastico.<\/p>\n<p>Niveladores de patas anchos y regulables en altura (15,24 cm): Firmemente unidos a la pata, ajustables sin levantar la mesa.<\/p>\n<p>Paneles laterales de MDF con Formica\u00ae HPL de 0,8 mm: Acabado de alta calidad, robusto y dimensionalmente estable.<\/p>\n<p>Impresi\u00f3n hidrogr\u00e1fica (impresi\u00f3n por transferencia de agua): En patas y bastidor: Crea un acabado de aspecto de madera aut\u00e9ntica que es pr\u00e1cticamente indistinguible de la madera real.<\/p>\n<p>Dynamic Billiard es el primer fabricante del mundo en aplicar esta t\u00e9cnica a las mesas de billar.<\/p>\n<p>Piezas de fundici\u00f3n de aleaci\u00f3n de zinc de aspecto deportivo: Nuevos pasadores gu\u00eda para un montaje m\u00e1s f\u00e1cil y preciso, grabados con el logotipo de Dynamic Billiard: elegantes y distintivos.<\/p>\n<p>&nbsp;<\/p>\n<h2><span style=\"color: #ffcc00;\"><strong>NO INCLUYE TRANSPORTE NI MONTAJE.<\/strong><\/span><\/h2>","protected":false},"featured_media":2119,"template":"","meta":{"jetpack_publicize_message":"","jetpack_publicize_feature_enabled":true,"jetpack_social_post_already_shared":true,"jetpack_social_options":{"image_generator_settings":{"template":"highway","default_image_id":0,"font":"","enabled":false},"version":2}},"product_brand":[],"product_cat":[408,25,24,37],"product_tag":[259,258,261,260],"class_list":{"0":"post-2118","1":"product","2":"type-product","3":"status-publish","4":"has-post-thumbnail","6":"product_cat-mesas-de-billar","7":"product_cat-mesas-de-billar-americano","8":"product_cat-mesas-de-juego","9":"product_cat-mundo-billar","10":"product_tag-dynamic-4","11":"product_tag-dynamic-iv","12":"product_tag-mesa-dynamic","13":"product_tag-mesas-de-billar-americano","15":"first","16":"outofstock","17":"taxable","18":"shipping-taxable","19":"purchasable","20":"product-type-simple"},"yoast_head":"<!-- This site is optimized with the Yoast SEO plugin v27.5 - https:\/\/yoast.com\/product\/yoast-seo-wordpress\/ -->\n<title>Mesa de billar Dynamic IV - RAR Billares online shop<\/title>\n<meta name=\"description\" content=\"Es la mesa de mayor calidad jam\u00e1s producida por Dynamic, establece nuevos est\u00e1ndares de calidad, precisi\u00f3n y dise\u00f1o desarrollada para uso rpofesional.\" \/>\n<meta name=\"robots\" content=\"index, follow, max-snippet:-1, max-image-preview:large, max-video-preview:-1\" \/>\n<link rel=\"canonical\" href=\"https:\/\/billaresrar.es\/en\/product\/mesa-de-billar-dynamic-iv\/\" \/>\n<meta property=\"og:locale\" content=\"en_US\" \/>\n<meta property=\"og:type\" content=\"article\" \/>\n<meta property=\"og:title\" content=\"Mesa de billar Dynamic IV - RAR Billares online shop\" \/>\n<meta property=\"og:description\" content=\"Es la mesa de mayor calidad jam\u00e1s producida por Dynamic, establece nuevos est\u00e1ndares de calidad, precisi\u00f3n y dise\u00f1o desarrollada para uso rpofesional.\" \/>\n<meta property=\"og:url\" content=\"https:\/\/billaresrar.es\/en\/product\/mesa-de-billar-dynamic-iv\/\" \/>\n<meta property=\"og:site_name\" content=\"RAR Billares online shop\" \/>\n<meta property=\"article:modified_time\" content=\"2025-09-23T21:11:26+00:00\" \/>\n<meta property=\"og:image\" content=\"https:\/\/billaresrar.es\/wp-content\/uploads\/2025\/07\/mesa-de-billar-dynamic-iv-negra-9-pies.webp\" \/>\n\t<meta property=\"og:image:width\" content=\"800\" \/>\n\t<meta property=\"og:image:height\" content=\"800\" \/>\n\t<meta property=\"og:image:type\" content=\"image\/webp\" \/>\n<meta name=\"twitter:card\" content=\"summary_large_image\" \/>\n<meta name=\"twitter:label1\" content=\"Price\" \/>\n\t<meta name=\"twitter:data1\" content=\"4.600,00&nbsp;&euro;\" \/>\n\t<meta name=\"twitter:label2\" content=\"Availability\" \/>\n\t<meta name=\"twitter:data2\" content=\"Out of stock\" \/>\n<script type=\"application\/ld+json\" class=\"yoast-schema-graph\">{\"@context\":\"https:\\\/\\\/schema.org\",\"@graph\":[{\"@type\":\"WebPage\",\"@id\":\"https:\\\/\\\/billaresrar.es\\\/producto\\\/mesa-de-billar-dynamic-iv\\\/\",\"url\":\"https:\\\/\\\/billaresrar.es\\\/producto\\\/mesa-de-billar-dynamic-iv\\\/\",\"name\":\"Mesa de billar Dynamic IV - RAR Billares online shop\",\"isPartOf\":{\"@id\":\"https:\\\/\\\/billaresrar.es\\\/#website\"},\"primaryImageOfPage\":{\"@id\":\"https:\\\/\\\/billaresrar.es\\\/producto\\\/mesa-de-billar-dynamic-iv\\\/#primaryimage\"},\"image\":{\"@id\":\"https:\\\/\\\/billaresrar.es\\\/producto\\\/mesa-de-billar-dynamic-iv\\\/#primaryimage\"},\"thumbnailUrl\":\"https:\\\/\\\/i0.wp.com\\\/billaresrar.es\\\/wp-content\\\/uploads\\\/2025\\\/07\\\/mesa-de-billar-dynamic-iv-negra-9-pies.webp?fit=800%2C800&ssl=1\",\"datePublished\":\"2025-07-24T19:56:57+00:00\",\"dateModified\":\"2025-09-23T21:11:26+00:00\",\"description\":\"Es la mesa de mayor calidad jam\u00e1s producida por Dynamic, establece nuevos est\u00e1ndares de calidad, precisi\u00f3n y dise\u00f1o desarrollada para uso rpofesional.\",\"breadcrumb\":{\"@id\":\"https:\\\/\\\/billaresrar.es\\\/producto\\\/mesa-de-billar-dynamic-iv\\\/#breadcrumb\"},\"inLanguage\":\"en-US\",\"potentialAction\":[{\"@type\":\"ReadAction\",\"target\":[\"https:\\\/\\\/billaresrar.es\\\/producto\\\/mesa-de-billar-dynamic-iv\\\/\"]}]},{\"@type\":\"ImageObject\",\"inLanguage\":\"en-US\",\"@id\":\"https:\\\/\\\/billaresrar.es\\\/producto\\\/mesa-de-billar-dynamic-iv\\\/#primaryimage\",\"url\":\"https:\\\/\\\/i0.wp.com\\\/billaresrar.es\\\/wp-content\\\/uploads\\\/2025\\\/07\\\/mesa-de-billar-dynamic-iv-negra-9-pies.webp?fit=800%2C800&ssl=1\",\"contentUrl\":\"https:\\\/\\\/i0.wp.com\\\/billaresrar.es\\\/wp-content\\\/uploads\\\/2025\\\/07\\\/mesa-de-billar-dynamic-iv-negra-9-pies.webp?fit=800%2C800&ssl=1\",\"width\":800,\"height\":800,\"caption\":\"mesa-de-billar-dynamic-iv-negra-9-pies\"},{\"@type\":\"BreadcrumbList\",\"@id\":\"https:\\\/\\\/billaresrar.es\\\/producto\\\/mesa-de-billar-dynamic-iv\\\/#breadcrumb\",\"itemListElement\":[{\"@type\":\"ListItem\",\"position\":1,\"name\":\"Portada\",\"item\":\"https:\\\/\\\/billaresrar.es\\\/\"},{\"@type\":\"ListItem\",\"position\":2,\"name\":\"Tienda\",\"item\":\"https:\\\/\\\/billaresrar.es\\\/tienda-billares-rar\\\/\"},{\"@type\":\"ListItem\",\"position\":3,\"name\":\"Mesa de billar Dynamic IV\"}]},{\"@type\":\"WebSite\",\"@id\":\"https:\\\/\\\/billaresrar.es\\\/#website\",\"url\":\"https:\\\/\\\/billaresrar.es\\\/\",\"name\":\"RAR Billares\",\"description\":\"Nos dedicamos a la restauraci\u00f3n, personalizaci\u00f3n, compraventa e instalaci\u00f3n de mesas de billar.\",\"publisher\":{\"@id\":\"https:\\\/\\\/billaresrar.es\\\/#\\\/schema\\\/person\\\/58bf20f74847ad0e156049ad50e1cc19\"},\"potentialAction\":[{\"@type\":\"SearchAction\",\"target\":{\"@type\":\"EntryPoint\",\"urlTemplate\":\"https:\\\/\\\/billaresrar.es\\\/?s={search_term_string}\"},\"query-input\":{\"@type\":\"PropertyValueSpecification\",\"valueRequired\":true,\"valueName\":\"search_term_string\"}}],\"inLanguage\":\"en-US\"},{\"@type\":[\"Person\",\"Organization\"],\"@id\":\"https:\\\/\\\/billaresrar.es\\\/#\\\/schema\\\/person\\\/58bf20f74847ad0e156049ad50e1cc19\",\"name\":\"Ren\u00e9\",\"image\":{\"@type\":\"ImageObject\",\"inLanguage\":\"en-US\",\"@id\":\"https:\\\/\\\/i0.wp.com\\\/billaresrar.es\\\/wp-content\\\/uploads\\\/2024\\\/12\\\/definitivo-RAR.webp?fit=1920%2C1147&ssl=1\",\"url\":\"https:\\\/\\\/i0.wp.com\\\/billaresrar.es\\\/wp-content\\\/uploads\\\/2024\\\/12\\\/definitivo-RAR.webp?fit=1920%2C1147&ssl=1\",\"contentUrl\":\"https:\\\/\\\/i0.wp.com\\\/billaresrar.es\\\/wp-content\\\/uploads\\\/2024\\\/12\\\/definitivo-RAR.webp?fit=1920%2C1147&ssl=1\",\"width\":1920,\"height\":1147,\"caption\":\"Ren\u00e9\"},\"logo\":{\"@id\":\"https:\\\/\\\/i0.wp.com\\\/billaresrar.es\\\/wp-content\\\/uploads\\\/2024\\\/12\\\/definitivo-RAR.webp?fit=1920%2C1147&ssl=1\"}}]}<\/script>\n<meta property=\"product:price:amount\" content=\"4600.00\" \/>\n<meta property=\"product:price:currency\" content=\"EUR\" \/>\n<meta property=\"og:availability\" content=\"out of stock\" \/>\n<meta property=\"product:availability\" content=\"out of stock\" \/>\n<meta property=\"product:condition\" content=\"new\" \/>\n<!-- \/ Yoast SEO plugin. -->","yoast_head_json":{"title":"Mesa de billar Dynamic IV - RAR Billares online shop","description":"Es la mesa de mayor calidad jam\u00e1s producida por Dynamic, establece nuevos est\u00e1ndares de calidad, precisi\u00f3n y dise\u00f1o desarrollada para uso rpofesional.","robots":{"index":"index","follow":"follow","max-snippet":"max-snippet:-1","max-image-preview":"max-image-preview:large","max-video-preview":"max-video-preview:-1"},"canonical":"https:\/\/billaresrar.es\/en\/product\/mesa-de-billar-dynamic-iv\/","og_locale":"en_US","og_type":"article","og_title":"Mesa de billar Dynamic IV - RAR Billares online shop","og_description":"Es la mesa de mayor calidad jam\u00e1s producida por Dynamic, establece nuevos est\u00e1ndares de calidad, precisi\u00f3n y dise\u00f1o desarrollada para uso rpofesional.","og_url":"https:\/\/billaresrar.es\/en\/product\/mesa-de-billar-dynamic-iv\/","og_site_name":"RAR Billares online shop","article_modified_time":"2025-09-23T21:11:26+00:00","og_image":[{"width":800,"height":800,"url":"https:\/\/billaresrar.es\/wp-content\/uploads\/2025\/07\/mesa-de-billar-dynamic-iv-negra-9-pies.webp","type":"image\/webp"}],"twitter_card":"summary_large_image","twitter_misc":{"Price":"4.600,00&nbsp;&euro;","Availability":"Out of stock"},"schema":{"@context":"https:\/\/schema.org","@graph":[{"@type":"WebPage","@id":"https:\/\/billaresrar.es\/producto\/mesa-de-billar-dynamic-iv\/","url":"https:\/\/billaresrar.es\/producto\/mesa-de-billar-dynamic-iv\/","name":"Mesa de billar Dynamic IV - RAR Billares online shop","isPartOf":{"@id":"https:\/\/billaresrar.es\/#website"},"primaryImageOfPage":{"@id":"https:\/\/billaresrar.es\/producto\/mesa-de-billar-dynamic-iv\/#primaryimage"},"image":{"@id":"https:\/\/billaresrar.es\/producto\/mesa-de-billar-dynamic-iv\/#primaryimage"},"thumbnailUrl":"https:\/\/i0.wp.com\/billaresrar.es\/wp-content\/uploads\/2025\/07\/mesa-de-billar-dynamic-iv-negra-9-pies.webp?fit=800%2C800&ssl=1","datePublished":"2025-07-24T19:56:57+00:00","dateModified":"2025-09-23T21:11:26+00:00","description":"Es la mesa de mayor calidad jam\u00e1s producida por Dynamic, establece nuevos est\u00e1ndares de calidad, precisi\u00f3n y dise\u00f1o desarrollada para uso rpofesional.","breadcrumb":{"@id":"https:\/\/billaresrar.es\/producto\/mesa-de-billar-dynamic-iv\/#breadcrumb"},"inLanguage":"en-US","potentialAction":[{"@type":"ReadAction","target":["https:\/\/billaresrar.es\/producto\/mesa-de-billar-dynamic-iv\/"]}]},{"@type":"ImageObject","inLanguage":"en-US","@id":"https:\/\/billaresrar.es\/producto\/mesa-de-billar-dynamic-iv\/#primaryimage","url":"https:\/\/i0.wp.com\/billaresrar.es\/wp-content\/uploads\/2025\/07\/mesa-de-billar-dynamic-iv-negra-9-pies.webp?fit=800%2C800&ssl=1","contentUrl":"https:\/\/i0.wp.com\/billaresrar.es\/wp-content\/uploads\/2025\/07\/mesa-de-billar-dynamic-iv-negra-9-pies.webp?fit=800%2C800&ssl=1","width":800,"height":800,"caption":"mesa-de-billar-dynamic-iv-negra-9-pies"},{"@type":"BreadcrumbList","@id":"https:\/\/billaresrar.es\/producto\/mesa-de-billar-dynamic-iv\/#breadcrumb","itemListElement":[{"@type":"ListItem","position":1,"name":"Portada","item":"https:\/\/billaresrar.es\/"},{"@type":"ListItem","position":2,"name":"Tienda","item":"https:\/\/billaresrar.es\/tienda-billares-rar\/"},{"@type":"ListItem","position":3,"name":"Mesa de billar Dynamic IV"}]},{"@type":"WebSite","@id":"https:\/\/billaresrar.es\/#website","url":"https:\/\/billaresrar.es\/","name":"RAR Billares","description":"Nos dedicamos a la restauraci\u00f3n, personalizaci\u00f3n, compraventa e instalaci\u00f3n de mesas de billar.","publisher":{"@id":"https:\/\/billaresrar.es\/#\/schema\/person\/58bf20f74847ad0e156049ad50e1cc19"},"potentialAction":[{"@type":"SearchAction","target":{"@type":"EntryPoint","urlTemplate":"https:\/\/billaresrar.es\/?s={search_term_string}"},"query-input":{"@type":"PropertyValueSpecification","valueRequired":true,"valueName":"search_term_string"}}],"inLanguage":"en-US"},{"@type":["Person","Organization"],"@id":"https:\/\/billaresrar.es\/#\/schema\/person\/58bf20f74847ad0e156049ad50e1cc19","name":"Ren\u00e9","image":{"@type":"ImageObject","inLanguage":"en-US","@id":"https:\/\/i0.wp.com\/billaresrar.es\/wp-content\/uploads\/2024\/12\/definitivo-RAR.webp?fit=1920%2C1147&ssl=1","url":"https:\/\/i0.wp.com\/billaresrar.es\/wp-content\/uploads\/2024\/12\/definitivo-RAR.webp?fit=1920%2C1147&ssl=1","contentUrl":"https:\/\/i0.wp.com\/billaresrar.es\/wp-content\/uploads\/2024\/12\/definitivo-RAR.webp?fit=1920%2C1147&ssl=1","width":1920,"height":1147,"caption":"Ren\u00e9"},"logo":{"@id":"https:\/\/i0.wp.com\/billaresrar.es\/wp-content\/uploads\/2024\/12\/definitivo-RAR.webp?fit=1920%2C1147&ssl=1"}}]},"product_price_amount":"4600.00","product_price_currency":"EUR","og_availability":"out of stock","product_availability":"out of stock","product_condition":"new"},"jetpack_publicize_connections":[],"jetpack_sharing_enabled":true,"jetpack_likes_enabled":true,"jetpack-related-posts":[],"_links":{"self":[{"href":"https:\/\/billaresrar.es\/en\/wp-json\/wp\/v2\/product\/2118","targetHints":{"allow":["GET"]}}],"collection":[{"href":"https:\/\/billaresrar.es\/en\/wp-json\/wp\/v2\/product"}],"about":[{"href":"https:\/\/billaresrar.es\/en\/wp-json\/wp\/v2\/types\/product"}],"version-history":[{"count":1,"href":"https:\/\/billaresrar.es\/en\/wp-json\/wp\/v2\/product\/2118\/revisions"}],"predecessor-version":[{"id":3221,"href":"https:\/\/billaresrar.es\/en\/wp-json\/wp\/v2\/product\/2118\/revisions\/3221"}],"wp:featuredmedia":[{"embeddable":true,"href":"https:\/\/billaresrar.es\/en\/wp-json\/wp\/v2\/media\/2119"}],"wp:attachment":[{"href":"https:\/\/billaresrar.es\/en\/wp-json\/wp\/v2\/media?parent=2118"}],"wp:term":[{"taxonomy":"product_brand","embeddable":true,"href":"https:\/\/billaresrar.es\/en\/wp-json\/wp\/v2\/product_brand?post=2118"},{"taxonomy":"product_cat","embeddable":true,"href":"https:\/\/billaresrar.es\/en\/wp-json\/wp\/v2\/product_cat?post=2118"},{"taxonomy":"product_tag","embeddable":true,"href":"https:\/\/billaresrar.es\/en\/wp-json\/wp\/v2\/product_tag?post=2118"}],"curies":[{"name":"wp","href":"https:\/\/api.w.org\/{rel}","templated":true}]}}