{"id":2082,"date":"2025-07-22T11:21:17","date_gmt":"2025-07-22T09:21:17","guid":{"rendered":"https:\/\/darkslateblue-salmon-136783.hostingersite.com\/?post_type=product&#038;p=2082"},"modified":"2025-08-08T13:51:23","modified_gmt":"2025-08-08T11:51:23","slug":"mesa-rb-de-pool-ingles","status":"publish","type":"product","link":"https:\/\/billaresrar.es\/en\/product\/mesa-rb-de-pool-ingles\/","title":{"rendered":"Mesa RB de Pool Ingl\u00e9s"},"content":{"rendered":"<p>Mesa RB de Pool ingles.<\/p>\n<p>Mesa de Pool 51 de caj\u00f3n entero con retorno interior.<\/p>\n<p>La mesa RB tiene unas medidas exteriores\u00a0 de 212x121cm siendo las del campo de juego de 200&#215;100 cm. mesa de 7 pies. Con una pizarra natural de 2 cm de grosor.<\/p>\n<p>Con varios acabados la mesa RB puede permite un alto grado de personalizaci\u00f3n.<\/p>\n<p>La mesa incluye pa\u00f1o de pool ingles color \u00abEnglish Green\u00bb, juego de bolas pool 51, tacos de sala y triangulo.<\/p>\n<p>Tambi\u00e9n disponible con acabado para exteriores ofreciendo una garant\u00eda de 10 a\u00f1os.<\/p>\n<p>&nbsp;<\/p>","protected":false},"excerpt":{"rendered":"<p>Mesa RB de Pool Ingl\u00e9s<\/p>\n<p>Mesa de Pool 51 de caj\u00f3n entero con retorno interior.<\/p>\n<p>La mesa RB tiene unas medidas exteriores\u00a0 de 212x121cm siendo las del campo de juego de 200&#215;100 cm. mesa de 7 pies. Con una pizarra natural de 2 cm de grosor.<\/p>\n<p>La mesa incluye pa\u00f1o de pool ingles color \u00abEnglish Green\u00bb, juego de bolas pool 51, tacos de sala y triangulo.<\/p>\n<p>Precio mesa para interior acabado en un color.<\/p>","protected":false},"featured_media":2084,"template":"","meta":{"jetpack_publicize_message":"","jetpack_publicize_feature_enabled":true,"jetpack_social_post_already_shared":true,"jetpack_social_options":{"image_generator_settings":{"template":"highway","default_image_id":0,"font":"","enabled":false},"version":2}},"product_brand":[],"product_cat":[408,24,37],"product_tag":[254,257,255,256],"class_list":{"0":"post-2082","1":"product","2":"type-product","3":"status-publish","4":"has-post-thumbnail","6":"product_cat-mesas-de-billar","7":"product_cat-mesas-de-juego","8":"product_cat-mundo-billar","9":"product_tag-mesa-de-7-pies","10":"product_tag-mesa-de-billar","11":"product_tag-mesa-de-pool-51","12":"product_tag-mesa-rb-de-pool-51","14":"first","15":"instock","16":"taxable","17":"shipping-taxable","18":"purchasable","19":"product-type-simple"},"yoast_head":"<!-- This site is optimized with the Yoast SEO plugin v27.5 - https:\/\/yoast.com\/product\/yoast-seo-wordpress\/ -->\n<title>Mesa RB de Pool Ingl\u00e9s - RAR Billares online shop<\/title>\n<meta name=\"description\" content=\"La mesa RB tiene unas medidas exteriores\u00a0 de 212x121cm siendo las del campo de juego de 200x100 cm. mesa de 7 pies. Con una pizarra natural de 2 cm de grosor\" \/>\n<meta name=\"robots\" content=\"index, follow, max-snippet:-1, max-image-preview:large, max-video-preview:-1\" \/>\n<link rel=\"canonical\" href=\"https:\/\/billaresrar.es\/en\/product\/mesa-rb-de-pool-ingles\/\" \/>\n<meta property=\"og:locale\" content=\"en_US\" \/>\n<meta property=\"og:type\" content=\"article\" \/>\n<meta property=\"og:title\" content=\"Mesa RB de Pool Ingl\u00e9s - RAR Billares online shop\" \/>\n<meta property=\"og:description\" content=\"La mesa RB tiene unas medidas exteriores\u00a0 de 212x121cm siendo las del campo de juego de 200x100 cm. mesa de 7 pies. Con una pizarra natural de 2 cm de grosor\" \/>\n<meta property=\"og:url\" content=\"https:\/\/billaresrar.es\/en\/product\/mesa-rb-de-pool-ingles\/\" \/>\n<meta property=\"og:site_name\" content=\"RAR Billares online shop\" \/>\n<meta property=\"article:modified_time\" content=\"2025-08-08T11:51:23+00:00\" \/>\n<meta property=\"og:image\" content=\"https:\/\/i0.wp.com\/billaresrar.es\/wp-content\/uploads\/2025\/07\/WhatsApp-Image-2025-06-25-at-10.13.55.webp?fit=1920%2C1440&ssl=1\" \/>\n\t<meta property=\"og:image:width\" content=\"1920\" \/>\n\t<meta property=\"og:image:height\" content=\"1440\" \/>\n\t<meta property=\"og:image:type\" content=\"image\/webp\" \/>\n<meta name=\"twitter:card\" content=\"summary_large_image\" \/>\n<meta name=\"twitter:label1\" content=\"Price\" \/>\n\t<meta name=\"twitter:data1\" content=\"2.750,00&nbsp;&euro;\" \/>\n\t<meta name=\"twitter:label2\" content=\"Availability\" \/>\n\t<meta name=\"twitter:data2\" content=\"In stock\" \/>\n<script type=\"application\/ld+json\" class=\"yoast-schema-graph\">{\"@context\":\"https:\\\/\\\/schema.org\",\"@graph\":[{\"@type\":\"WebPage\",\"@id\":\"https:\\\/\\\/billaresrar.es\\\/producto\\\/mesa-rb-de-pool-ingles\\\/\",\"url\":\"https:\\\/\\\/billaresrar.es\\\/producto\\\/mesa-rb-de-pool-ingles\\\/\",\"name\":\"Mesa RB de Pool Ingl\u00e9s - RAR Billares online shop\",\"isPartOf\":{\"@id\":\"https:\\\/\\\/billaresrar.es\\\/#website\"},\"primaryImageOfPage\":{\"@id\":\"https:\\\/\\\/billaresrar.es\\\/producto\\\/mesa-rb-de-pool-ingles\\\/#primaryimage\"},\"image\":{\"@id\":\"https:\\\/\\\/billaresrar.es\\\/producto\\\/mesa-rb-de-pool-ingles\\\/#primaryimage\"},\"thumbnailUrl\":\"https:\\\/\\\/i0.wp.com\\\/billaresrar.es\\\/wp-content\\\/uploads\\\/2025\\\/07\\\/WhatsApp-Image-2025-06-25-at-10.13.55.webp?fit=1920%2C1440&ssl=1\",\"datePublished\":\"2025-07-22T09:21:17+00:00\",\"dateModified\":\"2025-08-08T11:51:23+00:00\",\"description\":\"La mesa RB tiene unas medidas exteriores\u00a0 de 212x121cm siendo las del campo de juego de 200x100 cm. mesa de 7 pies. Con una pizarra natural de 2 cm de grosor\",\"breadcrumb\":{\"@id\":\"https:\\\/\\\/billaresrar.es\\\/producto\\\/mesa-rb-de-pool-ingles\\\/#breadcrumb\"},\"inLanguage\":\"en-US\",\"potentialAction\":[{\"@type\":\"ReadAction\",\"target\":[\"https:\\\/\\\/billaresrar.es\\\/producto\\\/mesa-rb-de-pool-ingles\\\/\"]}]},{\"@type\":\"ImageObject\",\"inLanguage\":\"en-US\",\"@id\":\"https:\\\/\\\/billaresrar.es\\\/producto\\\/mesa-rb-de-pool-ingles\\\/#primaryimage\",\"url\":\"https:\\\/\\\/i0.wp.com\\\/billaresrar.es\\\/wp-content\\\/uploads\\\/2025\\\/07\\\/WhatsApp-Image-2025-06-25-at-10.13.55.webp?fit=1920%2C1440&ssl=1\",\"contentUrl\":\"https:\\\/\\\/i0.wp.com\\\/billaresrar.es\\\/wp-content\\\/uploads\\\/2025\\\/07\\\/WhatsApp-Image-2025-06-25-at-10.13.55.webp?fit=1920%2C1440&ssl=1\",\"width\":1920,\"height\":1440,\"caption\":\"Mesa RB pool 51 RB\"},{\"@type\":\"BreadcrumbList\",\"@id\":\"https:\\\/\\\/billaresrar.es\\\/producto\\\/mesa-rb-de-pool-ingles\\\/#breadcrumb\",\"itemListElement\":[{\"@type\":\"ListItem\",\"position\":1,\"name\":\"Portada\",\"item\":\"https:\\\/\\\/billaresrar.es\\\/\"},{\"@type\":\"ListItem\",\"position\":2,\"name\":\"Tienda\",\"item\":\"https:\\\/\\\/billaresrar.es\\\/tienda-billares-rar\\\/\"},{\"@type\":\"ListItem\",\"position\":3,\"name\":\"Mesa RB de Pool Ingl\u00e9s\"}]},{\"@type\":\"WebSite\",\"@id\":\"https:\\\/\\\/billaresrar.es\\\/#website\",\"url\":\"https:\\\/\\\/billaresrar.es\\\/\",\"name\":\"RAR Billares\",\"description\":\"Nos dedicamos a la restauraci\u00f3n, personalizaci\u00f3n, compraventa e instalaci\u00f3n de mesas de billar.\",\"publisher\":{\"@id\":\"https:\\\/\\\/billaresrar.es\\\/#\\\/schema\\\/person\\\/58bf20f74847ad0e156049ad50e1cc19\"},\"potentialAction\":[{\"@type\":\"SearchAction\",\"target\":{\"@type\":\"EntryPoint\",\"urlTemplate\":\"https:\\\/\\\/billaresrar.es\\\/?s={search_term_string}\"},\"query-input\":{\"@type\":\"PropertyValueSpecification\",\"valueRequired\":true,\"valueName\":\"search_term_string\"}}],\"inLanguage\":\"en-US\"},{\"@type\":[\"Person\",\"Organization\"],\"@id\":\"https:\\\/\\\/billaresrar.es\\\/#\\\/schema\\\/person\\\/58bf20f74847ad0e156049ad50e1cc19\",\"name\":\"Ren\u00e9\",\"image\":{\"@type\":\"ImageObject\",\"inLanguage\":\"en-US\",\"@id\":\"https:\\\/\\\/i0.wp.com\\\/billaresrar.es\\\/wp-content\\\/uploads\\\/2024\\\/12\\\/definitivo-RAR.webp?fit=1920%2C1147&ssl=1\",\"url\":\"https:\\\/\\\/i0.wp.com\\\/billaresrar.es\\\/wp-content\\\/uploads\\\/2024\\\/12\\\/definitivo-RAR.webp?fit=1920%2C1147&ssl=1\",\"contentUrl\":\"https:\\\/\\\/i0.wp.com\\\/billaresrar.es\\\/wp-content\\\/uploads\\\/2024\\\/12\\\/definitivo-RAR.webp?fit=1920%2C1147&ssl=1\",\"width\":1920,\"height\":1147,\"caption\":\"Ren\u00e9\"},\"logo\":{\"@id\":\"https:\\\/\\\/i0.wp.com\\\/billaresrar.es\\\/wp-content\\\/uploads\\\/2024\\\/12\\\/definitivo-RAR.webp?fit=1920%2C1147&ssl=1\"}}]}<\/script>\n<meta property=\"product:price:amount\" content=\"2750.00\" \/>\n<meta property=\"product:price:currency\" content=\"EUR\" \/>\n<meta property=\"og:availability\" content=\"instock\" \/>\n<meta property=\"product:availability\" content=\"instock\" \/>\n<meta property=\"product:condition\" content=\"new\" \/>\n<!-- \/ Yoast SEO plugin. -->","yoast_head_json":{"title":"Mesa RB de Pool Ingl\u00e9s - RAR Billares online shop","description":"La mesa RB tiene unas medidas exteriores\u00a0 de 212x121cm siendo las del campo de juego de 200x100 cm. mesa de 7 pies. Con una pizarra natural de 2 cm de grosor","robots":{"index":"index","follow":"follow","max-snippet":"max-snippet:-1","max-image-preview":"max-image-preview:large","max-video-preview":"max-video-preview:-1"},"canonical":"https:\/\/billaresrar.es\/en\/product\/mesa-rb-de-pool-ingles\/","og_locale":"en_US","og_type":"article","og_title":"Mesa RB de Pool Ingl\u00e9s - RAR Billares online shop","og_description":"La mesa RB tiene unas medidas exteriores\u00a0 de 212x121cm siendo las del campo de juego de 200x100 cm. mesa de 7 pies. Con una pizarra natural de 2 cm de grosor","og_url":"https:\/\/billaresrar.es\/en\/product\/mesa-rb-de-pool-ingles\/","og_site_name":"RAR Billares online shop","article_modified_time":"2025-08-08T11:51:23+00:00","og_image":[{"width":1920,"height":1440,"url":"https:\/\/i0.wp.com\/billaresrar.es\/wp-content\/uploads\/2025\/07\/WhatsApp-Image-2025-06-25-at-10.13.55.webp?fit=1920%2C1440&ssl=1","type":"image\/webp"}],"twitter_card":"summary_large_image","twitter_misc":{"Price":"2.750,00&nbsp;&euro;","Availability":"In stock"},"schema":{"@context":"https:\/\/schema.org","@graph":[{"@type":"WebPage","@id":"https:\/\/billaresrar.es\/producto\/mesa-rb-de-pool-ingles\/","url":"https:\/\/billaresrar.es\/producto\/mesa-rb-de-pool-ingles\/","name":"Mesa RB de Pool Ingl\u00e9s - RAR Billares online shop","isPartOf":{"@id":"https:\/\/billaresrar.es\/#website"},"primaryImageOfPage":{"@id":"https:\/\/billaresrar.es\/producto\/mesa-rb-de-pool-ingles\/#primaryimage"},"image":{"@id":"https:\/\/billaresrar.es\/producto\/mesa-rb-de-pool-ingles\/#primaryimage"},"thumbnailUrl":"https:\/\/i0.wp.com\/billaresrar.es\/wp-content\/uploads\/2025\/07\/WhatsApp-Image-2025-06-25-at-10.13.55.webp?fit=1920%2C1440&ssl=1","datePublished":"2025-07-22T09:21:17+00:00","dateModified":"2025-08-08T11:51:23+00:00","description":"La mesa RB tiene unas medidas exteriores\u00a0 de 212x121cm siendo las del campo de juego de 200x100 cm. mesa de 7 pies. Con una pizarra natural de 2 cm de grosor","breadcrumb":{"@id":"https:\/\/billaresrar.es\/producto\/mesa-rb-de-pool-ingles\/#breadcrumb"},"inLanguage":"en-US","potentialAction":[{"@type":"ReadAction","target":["https:\/\/billaresrar.es\/producto\/mesa-rb-de-pool-ingles\/"]}]},{"@type":"ImageObject","inLanguage":"en-US","@id":"https:\/\/billaresrar.es\/producto\/mesa-rb-de-pool-ingles\/#primaryimage","url":"https:\/\/i0.wp.com\/billaresrar.es\/wp-content\/uploads\/2025\/07\/WhatsApp-Image-2025-06-25-at-10.13.55.webp?fit=1920%2C1440&ssl=1","contentUrl":"https:\/\/i0.wp.com\/billaresrar.es\/wp-content\/uploads\/2025\/07\/WhatsApp-Image-2025-06-25-at-10.13.55.webp?fit=1920%2C1440&ssl=1","width":1920,"height":1440,"caption":"Mesa RB pool 51 RB"},{"@type":"BreadcrumbList","@id":"https:\/\/billaresrar.es\/producto\/mesa-rb-de-pool-ingles\/#breadcrumb","itemListElement":[{"@type":"ListItem","position":1,"name":"Portada","item":"https:\/\/billaresrar.es\/"},{"@type":"ListItem","position":2,"name":"Tienda","item":"https:\/\/billaresrar.es\/tienda-billares-rar\/"},{"@type":"ListItem","position":3,"name":"Mesa RB de Pool Ingl\u00e9s"}]},{"@type":"WebSite","@id":"https:\/\/billaresrar.es\/#website","url":"https:\/\/billaresrar.es\/","name":"RAR Billares","description":"Nos dedicamos a la restauraci\u00f3n, personalizaci\u00f3n, compraventa e instalaci\u00f3n de mesas de billar.","publisher":{"@id":"https:\/\/billaresrar.es\/#\/schema\/person\/58bf20f74847ad0e156049ad50e1cc19"},"potentialAction":[{"@type":"SearchAction","target":{"@type":"EntryPoint","urlTemplate":"https:\/\/billaresrar.es\/?s={search_term_string}"},"query-input":{"@type":"PropertyValueSpecification","valueRequired":true,"valueName":"search_term_string"}}],"inLanguage":"en-US"},{"@type":["Person","Organization"],"@id":"https:\/\/billaresrar.es\/#\/schema\/person\/58bf20f74847ad0e156049ad50e1cc19","name":"Ren\u00e9","image":{"@type":"ImageObject","inLanguage":"en-US","@id":"https:\/\/i0.wp.com\/billaresrar.es\/wp-content\/uploads\/2024\/12\/definitivo-RAR.webp?fit=1920%2C1147&ssl=1","url":"https:\/\/i0.wp.com\/billaresrar.es\/wp-content\/uploads\/2024\/12\/definitivo-RAR.webp?fit=1920%2C1147&ssl=1","contentUrl":"https:\/\/i0.wp.com\/billaresrar.es\/wp-content\/uploads\/2024\/12\/definitivo-RAR.webp?fit=1920%2C1147&ssl=1","width":1920,"height":1147,"caption":"Ren\u00e9"},"logo":{"@id":"https:\/\/i0.wp.com\/billaresrar.es\/wp-content\/uploads\/2024\/12\/definitivo-RAR.webp?fit=1920%2C1147&ssl=1"}}]},"product_price_amount":"2750.00","product_price_currency":"EUR","og_availability":"instock","product_availability":"instock","product_condition":"new"},"jetpack_publicize_connections":[],"jetpack_sharing_enabled":true,"jetpack_likes_enabled":true,"jetpack-related-posts":[],"_links":{"self":[{"href":"https:\/\/billaresrar.es\/en\/wp-json\/wp\/v2\/product\/2082","targetHints":{"allow":["GET"]}}],"collection":[{"href":"https:\/\/billaresrar.es\/en\/wp-json\/wp\/v2\/product"}],"about":[{"href":"https:\/\/billaresrar.es\/en\/wp-json\/wp\/v2\/types\/product"}],"version-history":[{"count":0,"href":"https:\/\/billaresrar.es\/en\/wp-json\/wp\/v2\/product\/2082\/revisions"}],"wp:featuredmedia":[{"embeddable":true,"href":"https:\/\/billaresrar.es\/en\/wp-json\/wp\/v2\/media\/2084"}],"wp:attachment":[{"href":"https:\/\/billaresrar.es\/en\/wp-json\/wp\/v2\/media?parent=2082"}],"wp:term":[{"taxonomy":"product_brand","embeddable":true,"href":"https:\/\/billaresrar.es\/en\/wp-json\/wp\/v2\/product_brand?post=2082"},{"taxonomy":"product_cat","embeddable":true,"href":"https:\/\/billaresrar.es\/en\/wp-json\/wp\/v2\/product_cat?post=2082"},{"taxonomy":"product_tag","embeddable":true,"href":"https:\/\/billaresrar.es\/en\/wp-json\/wp\/v2\/product_tag?post=2082"}],"curies":[{"name":"wp","href":"https:\/\/api.w.org\/{rel}","templated":true}]}}