{"id":1807,"date":"2025-06-15T00:37:44","date_gmt":"2025-06-14T22:37:44","guid":{"rendered":"https:\/\/darkslateblue-salmon-136783.hostingersite.com\/?post_type=product&#038;p=1807"},"modified":"2025-08-10T12:31:44","modified_gmt":"2025-08-10T10:31:44","slug":"extension-telescopica-ty-billiards","status":"publish","type":"product","link":"https:\/\/billaresrar.es\/en\/product\/extension-telescopica-ty-billiards\/","title":{"rendered":"Extension telesc\u00f3pica TY Billiards"},"content":{"rendered":"<p>Extension telesc\u00f3pica TY Billiards<\/p>\n<p>No cabe duda que hoy en dia la extensi\u00f3n de taco es un accesorio imprescindible. TY Billiards nos trae esta extensi\u00f3n telesc\u00f3pica que con 22 cm. puede extenderse hasta los 30 cm.<\/p>\n<p>La extensi\u00f3n telesc\u00f3pica TY Billiards permite mantener el tacto y la sensibilidad de sostener el taco de forma natural evitando usar el rest.<\/p>\n<p>Con un acabado negro y carbono adem\u00e1s de pr\u00e1ctica es elegante. Viene con dos roscas: Radial y uni-lock.<\/p>","protected":false},"excerpt":{"rendered":"<p>Extension telesc\u00f3pica TY Billiards.<\/p>\n<p>No cabe duda que hoy en dia la extensi\u00f3n de taco es un accesorio imprescindible. TY Billiards nos trae esta extensi\u00f3n telesc\u00f3pica que con 22 cm. puede extenderse hasta los 30 cm.<\/p>\n<p>La extensi\u00f3n telesc\u00f3pica TY Billiards permite mantener el tacto y la sensibilidad de sostener el taco de forma natural evitando usar el rest.<\/p>\n<p>Con un acabado negro y carbono adem\u00e1s de pr\u00e1ctica es elegante. Viene con dos roscas: Radial y uni-lock.<\/p>","protected":false},"featured_media":1808,"template":"","meta":{"jetpack_publicize_message":"","jetpack_publicize_feature_enabled":true,"jetpack_social_post_already_shared":true,"jetpack_social_options":{"image_generator_settings":{"template":"highway","default_image_id":0,"font":"","enabled":false},"version":2}},"product_brand":[209],"product_cat":[35,412,37,422],"product_tag":[202,204,203],"class_list":{"0":"post-1807","1":"product","2":"type-product","3":"status-publish","4":"has-post-thumbnail","6":"product_brand-ty-billiards-tacos-de-pool","7":"product_cat-accesorios-de-billar","8":"product_cat-extensores","9":"product_cat-mundo-billar","10":"product_cat-ty-billiards","11":"product_tag-extension-taco-de-billar","12":"product_tag-extension-taco-de-billar-americano","13":"product_tag-extension-ty-billiards","15":"first","16":"instock","17":"taxable","18":"shipping-taxable","19":"purchasable","20":"product-type-simple"},"yoast_head":"<!-- This site is optimized with the Yoast SEO plugin v27.5 - https:\/\/yoast.com\/product\/yoast-seo-wordpress\/ -->\n<title>Extension telesc\u00f3pica TY Billiards - RAR Billares online shop<\/title>\n<meta name=\"description\" content=\"Extension telesc\u00f3pica, este accesorio es una pieza imprescindible en la taquera de todo jugador de billar. Acabado de carbono y rosca radial o uni-lock.\" \/>\n<meta name=\"robots\" content=\"index, follow, max-snippet:-1, max-image-preview:large, max-video-preview:-1\" \/>\n<link rel=\"canonical\" href=\"https:\/\/billaresrar.es\/en\/product\/extension-telescopica-ty-billiards\/\" \/>\n<meta property=\"og:locale\" content=\"en_US\" \/>\n<meta property=\"og:type\" content=\"article\" \/>\n<meta property=\"og:title\" content=\"Extension telesc\u00f3pica TY Billiards - RAR Billares online shop\" \/>\n<meta property=\"og:description\" content=\"Extension telesc\u00f3pica, este accesorio es una pieza imprescindible en la taquera de todo jugador de billar. Acabado de carbono y rosca radial o uni-lock.\" \/>\n<meta property=\"og:url\" content=\"https:\/\/billaresrar.es\/en\/product\/extension-telescopica-ty-billiards\/\" \/>\n<meta property=\"og:site_name\" content=\"RAR Billares online shop\" \/>\n<meta property=\"article:modified_time\" content=\"2025-08-10T10:31:44+00:00\" \/>\n<meta property=\"og:image\" content=\"https:\/\/i0.wp.com\/billaresrar.es\/wp-content\/uploads\/2025\/06\/fury%E7%90%83%E6%9D%86%E5%8E%BB%E6%8E%89%EF%BC%8C%E6%84%9F%E5%8F%B9%E5%8F%B7.webp?fit=790%2C800&ssl=1\" \/>\n\t<meta property=\"og:image:width\" content=\"790\" \/>\n\t<meta property=\"og:image:height\" content=\"800\" \/>\n\t<meta property=\"og:image:type\" content=\"image\/webp\" \/>\n<meta name=\"twitter:card\" content=\"summary_large_image\" \/>\n<meta name=\"twitter:label1\" content=\"Price\" \/>\n\t<meta name=\"twitter:data1\" content=\"36,00&nbsp;&euro;\" \/>\n\t<meta name=\"twitter:label2\" content=\"Availability\" \/>\n\t<meta name=\"twitter:data2\" content=\"In stock\" \/>\n<script type=\"application\/ld+json\" class=\"yoast-schema-graph\">{\"@context\":\"https:\\\/\\\/schema.org\",\"@graph\":[{\"@type\":\"WebPage\",\"@id\":\"https:\\\/\\\/billaresrar.es\\\/producto\\\/extension-telescopica-ty-billiards\\\/\",\"url\":\"https:\\\/\\\/billaresrar.es\\\/producto\\\/extension-telescopica-ty-billiards\\\/\",\"name\":\"Extension telesc\u00f3pica TY Billiards - RAR Billares online shop\",\"isPartOf\":{\"@id\":\"https:\\\/\\\/billaresrar.es\\\/#website\"},\"primaryImageOfPage\":{\"@id\":\"https:\\\/\\\/billaresrar.es\\\/producto\\\/extension-telescopica-ty-billiards\\\/#primaryimage\"},\"image\":{\"@id\":\"https:\\\/\\\/billaresrar.es\\\/producto\\\/extension-telescopica-ty-billiards\\\/#primaryimage\"},\"thumbnailUrl\":\"https:\\\/\\\/i0.wp.com\\\/billaresrar.es\\\/wp-content\\\/uploads\\\/2025\\\/06\\\/fury%E7%90%83%E6%9D%86%E5%8E%BB%E6%8E%89%EF%BC%8C%E6%84%9F%E5%8F%B9%E5%8F%B7.webp?fit=790%2C800&ssl=1\",\"datePublished\":\"2025-06-14T22:37:44+00:00\",\"dateModified\":\"2025-08-10T10:31:44+00:00\",\"description\":\"Extension telesc\u00f3pica, este accesorio es una pieza imprescindible en la taquera de todo jugador de billar. Acabado de carbono y rosca radial o uni-lock.\",\"breadcrumb\":{\"@id\":\"https:\\\/\\\/billaresrar.es\\\/producto\\\/extension-telescopica-ty-billiards\\\/#breadcrumb\"},\"inLanguage\":\"en-US\",\"potentialAction\":[{\"@type\":\"ReadAction\",\"target\":[\"https:\\\/\\\/billaresrar.es\\\/producto\\\/extension-telescopica-ty-billiards\\\/\"]}]},{\"@type\":\"ImageObject\",\"inLanguage\":\"en-US\",\"@id\":\"https:\\\/\\\/billaresrar.es\\\/producto\\\/extension-telescopica-ty-billiards\\\/#primaryimage\",\"url\":\"https:\\\/\\\/i0.wp.com\\\/billaresrar.es\\\/wp-content\\\/uploads\\\/2025\\\/06\\\/fury%E7%90%83%E6%9D%86%E5%8E%BB%E6%8E%89%EF%BC%8C%E6%84%9F%E5%8F%B9%E5%8F%B7.webp?fit=790%2C800&ssl=1\",\"contentUrl\":\"https:\\\/\\\/i0.wp.com\\\/billaresrar.es\\\/wp-content\\\/uploads\\\/2025\\\/06\\\/fury%E7%90%83%E6%9D%86%E5%8E%BB%E6%8E%89%EF%BC%8C%E6%84%9F%E5%8F%B9%E5%8F%B7.webp?fit=790%2C800&ssl=1\",\"width\":790,\"height\":800,\"caption\":\"Extension telescopica taco de billar\"},{\"@type\":\"BreadcrumbList\",\"@id\":\"https:\\\/\\\/billaresrar.es\\\/producto\\\/extension-telescopica-ty-billiards\\\/#breadcrumb\",\"itemListElement\":[{\"@type\":\"ListItem\",\"position\":1,\"name\":\"Portada\",\"item\":\"https:\\\/\\\/billaresrar.es\\\/\"},{\"@type\":\"ListItem\",\"position\":2,\"name\":\"Tienda\",\"item\":\"https:\\\/\\\/billaresrar.es\\\/tienda-billares-rar\\\/\"},{\"@type\":\"ListItem\",\"position\":3,\"name\":\"Extension telesc\u00f3pica TY Billiards\"}]},{\"@type\":\"WebSite\",\"@id\":\"https:\\\/\\\/billaresrar.es\\\/#website\",\"url\":\"https:\\\/\\\/billaresrar.es\\\/\",\"name\":\"RAR Billares\",\"description\":\"Nos dedicamos a la restauraci\u00f3n, personalizaci\u00f3n, compraventa e instalaci\u00f3n de mesas de billar.\",\"publisher\":{\"@id\":\"https:\\\/\\\/billaresrar.es\\\/#\\\/schema\\\/person\\\/58bf20f74847ad0e156049ad50e1cc19\"},\"potentialAction\":[{\"@type\":\"SearchAction\",\"target\":{\"@type\":\"EntryPoint\",\"urlTemplate\":\"https:\\\/\\\/billaresrar.es\\\/?s={search_term_string}\"},\"query-input\":{\"@type\":\"PropertyValueSpecification\",\"valueRequired\":true,\"valueName\":\"search_term_string\"}}],\"inLanguage\":\"en-US\"},{\"@type\":[\"Person\",\"Organization\"],\"@id\":\"https:\\\/\\\/billaresrar.es\\\/#\\\/schema\\\/person\\\/58bf20f74847ad0e156049ad50e1cc19\",\"name\":\"Ren\u00e9\",\"image\":{\"@type\":\"ImageObject\",\"inLanguage\":\"en-US\",\"@id\":\"https:\\\/\\\/i0.wp.com\\\/billaresrar.es\\\/wp-content\\\/uploads\\\/2024\\\/12\\\/definitivo-RAR.webp?fit=1920%2C1147&ssl=1\",\"url\":\"https:\\\/\\\/i0.wp.com\\\/billaresrar.es\\\/wp-content\\\/uploads\\\/2024\\\/12\\\/definitivo-RAR.webp?fit=1920%2C1147&ssl=1\",\"contentUrl\":\"https:\\\/\\\/i0.wp.com\\\/billaresrar.es\\\/wp-content\\\/uploads\\\/2024\\\/12\\\/definitivo-RAR.webp?fit=1920%2C1147&ssl=1\",\"width\":1920,\"height\":1147,\"caption\":\"Ren\u00e9\"},\"logo\":{\"@id\":\"https:\\\/\\\/i0.wp.com\\\/billaresrar.es\\\/wp-content\\\/uploads\\\/2024\\\/12\\\/definitivo-RAR.webp?fit=1920%2C1147&ssl=1\"}}]}<\/script>\n<meta property=\"product:price:amount\" content=\"36.00\" \/>\n<meta property=\"product:price:currency\" content=\"EUR\" \/>\n<meta property=\"og:availability\" content=\"instock\" \/>\n<meta property=\"product:availability\" content=\"instock\" \/>\n<meta property=\"product:condition\" content=\"new\" \/>\n<!-- \/ Yoast SEO plugin. -->","yoast_head_json":{"title":"Extension telesc\u00f3pica TY Billiards - RAR Billares online shop","description":"Extension telesc\u00f3pica, este accesorio es una pieza imprescindible en la taquera de todo jugador de billar. Acabado de carbono y rosca radial o uni-lock.","robots":{"index":"index","follow":"follow","max-snippet":"max-snippet:-1","max-image-preview":"max-image-preview:large","max-video-preview":"max-video-preview:-1"},"canonical":"https:\/\/billaresrar.es\/en\/product\/extension-telescopica-ty-billiards\/","og_locale":"en_US","og_type":"article","og_title":"Extension telesc\u00f3pica TY Billiards - RAR Billares online shop","og_description":"Extension telesc\u00f3pica, este accesorio es una pieza imprescindible en la taquera de todo jugador de billar. Acabado de carbono y rosca radial o uni-lock.","og_url":"https:\/\/billaresrar.es\/en\/product\/extension-telescopica-ty-billiards\/","og_site_name":"RAR Billares online shop","article_modified_time":"2025-08-10T10:31:44+00:00","og_image":[{"width":790,"height":800,"url":"https:\/\/i0.wp.com\/billaresrar.es\/wp-content\/uploads\/2025\/06\/fury%E7%90%83%E6%9D%86%E5%8E%BB%E6%8E%89%EF%BC%8C%E6%84%9F%E5%8F%B9%E5%8F%B7.webp?fit=790%2C800&ssl=1","type":"image\/webp"}],"twitter_card":"summary_large_image","twitter_misc":{"Price":"36,00&nbsp;&euro;","Availability":"In stock"},"schema":{"@context":"https:\/\/schema.org","@graph":[{"@type":"WebPage","@id":"https:\/\/billaresrar.es\/producto\/extension-telescopica-ty-billiards\/","url":"https:\/\/billaresrar.es\/producto\/extension-telescopica-ty-billiards\/","name":"Extension telesc\u00f3pica TY Billiards - RAR Billares online shop","isPartOf":{"@id":"https:\/\/billaresrar.es\/#website"},"primaryImageOfPage":{"@id":"https:\/\/billaresrar.es\/producto\/extension-telescopica-ty-billiards\/#primaryimage"},"image":{"@id":"https:\/\/billaresrar.es\/producto\/extension-telescopica-ty-billiards\/#primaryimage"},"thumbnailUrl":"https:\/\/i0.wp.com\/billaresrar.es\/wp-content\/uploads\/2025\/06\/fury%E7%90%83%E6%9D%86%E5%8E%BB%E6%8E%89%EF%BC%8C%E6%84%9F%E5%8F%B9%E5%8F%B7.webp?fit=790%2C800&ssl=1","datePublished":"2025-06-14T22:37:44+00:00","dateModified":"2025-08-10T10:31:44+00:00","description":"Extension telesc\u00f3pica, este accesorio es una pieza imprescindible en la taquera de todo jugador de billar. Acabado de carbono y rosca radial o uni-lock.","breadcrumb":{"@id":"https:\/\/billaresrar.es\/producto\/extension-telescopica-ty-billiards\/#breadcrumb"},"inLanguage":"en-US","potentialAction":[{"@type":"ReadAction","target":["https:\/\/billaresrar.es\/producto\/extension-telescopica-ty-billiards\/"]}]},{"@type":"ImageObject","inLanguage":"en-US","@id":"https:\/\/billaresrar.es\/producto\/extension-telescopica-ty-billiards\/#primaryimage","url":"https:\/\/i0.wp.com\/billaresrar.es\/wp-content\/uploads\/2025\/06\/fury%E7%90%83%E6%9D%86%E5%8E%BB%E6%8E%89%EF%BC%8C%E6%84%9F%E5%8F%B9%E5%8F%B7.webp?fit=790%2C800&ssl=1","contentUrl":"https:\/\/i0.wp.com\/billaresrar.es\/wp-content\/uploads\/2025\/06\/fury%E7%90%83%E6%9D%86%E5%8E%BB%E6%8E%89%EF%BC%8C%E6%84%9F%E5%8F%B9%E5%8F%B7.webp?fit=790%2C800&ssl=1","width":790,"height":800,"caption":"Extension telescopica taco de billar"},{"@type":"BreadcrumbList","@id":"https:\/\/billaresrar.es\/producto\/extension-telescopica-ty-billiards\/#breadcrumb","itemListElement":[{"@type":"ListItem","position":1,"name":"Portada","item":"https:\/\/billaresrar.es\/"},{"@type":"ListItem","position":2,"name":"Tienda","item":"https:\/\/billaresrar.es\/tienda-billares-rar\/"},{"@type":"ListItem","position":3,"name":"Extension telesc\u00f3pica TY Billiards"}]},{"@type":"WebSite","@id":"https:\/\/billaresrar.es\/#website","url":"https:\/\/billaresrar.es\/","name":"RAR Billares","description":"Nos dedicamos a la restauraci\u00f3n, personalizaci\u00f3n, compraventa e instalaci\u00f3n de mesas de billar.","publisher":{"@id":"https:\/\/billaresrar.es\/#\/schema\/person\/58bf20f74847ad0e156049ad50e1cc19"},"potentialAction":[{"@type":"SearchAction","target":{"@type":"EntryPoint","urlTemplate":"https:\/\/billaresrar.es\/?s={search_term_string}"},"query-input":{"@type":"PropertyValueSpecification","valueRequired":true,"valueName":"search_term_string"}}],"inLanguage":"en-US"},{"@type":["Person","Organization"],"@id":"https:\/\/billaresrar.es\/#\/schema\/person\/58bf20f74847ad0e156049ad50e1cc19","name":"Ren\u00e9","image":{"@type":"ImageObject","inLanguage":"en-US","@id":"https:\/\/i0.wp.com\/billaresrar.es\/wp-content\/uploads\/2024\/12\/definitivo-RAR.webp?fit=1920%2C1147&ssl=1","url":"https:\/\/i0.wp.com\/billaresrar.es\/wp-content\/uploads\/2024\/12\/definitivo-RAR.webp?fit=1920%2C1147&ssl=1","contentUrl":"https:\/\/i0.wp.com\/billaresrar.es\/wp-content\/uploads\/2024\/12\/definitivo-RAR.webp?fit=1920%2C1147&ssl=1","width":1920,"height":1147,"caption":"Ren\u00e9"},"logo":{"@id":"https:\/\/i0.wp.com\/billaresrar.es\/wp-content\/uploads\/2024\/12\/definitivo-RAR.webp?fit=1920%2C1147&ssl=1"}}]},"product_price_amount":"36.00","product_price_currency":"EUR","og_availability":"instock","product_availability":"instock","product_condition":"new"},"jetpack_publicize_connections":[],"jetpack_sharing_enabled":true,"jetpack_likes_enabled":true,"jetpack-related-posts":[],"_links":{"self":[{"href":"https:\/\/billaresrar.es\/en\/wp-json\/wp\/v2\/product\/1807","targetHints":{"allow":["GET"]}}],"collection":[{"href":"https:\/\/billaresrar.es\/en\/wp-json\/wp\/v2\/product"}],"about":[{"href":"https:\/\/billaresrar.es\/en\/wp-json\/wp\/v2\/types\/product"}],"version-history":[{"count":1,"href":"https:\/\/billaresrar.es\/en\/wp-json\/wp\/v2\/product\/1807\/revisions"}],"predecessor-version":[{"id":1811,"href":"https:\/\/billaresrar.es\/en\/wp-json\/wp\/v2\/product\/1807\/revisions\/1811"}],"wp:featuredmedia":[{"embeddable":true,"href":"https:\/\/billaresrar.es\/en\/wp-json\/wp\/v2\/media\/1808"}],"wp:attachment":[{"href":"https:\/\/billaresrar.es\/en\/wp-json\/wp\/v2\/media?parent=1807"}],"wp:term":[{"taxonomy":"product_brand","embeddable":true,"href":"https:\/\/billaresrar.es\/en\/wp-json\/wp\/v2\/product_brand?post=1807"},{"taxonomy":"product_cat","embeddable":true,"href":"https:\/\/billaresrar.es\/en\/wp-json\/wp\/v2\/product_cat?post=1807"},{"taxonomy":"product_tag","embeddable":true,"href":"https:\/\/billaresrar.es\/en\/wp-json\/wp\/v2\/product_tag?post=1807"}],"curies":[{"name":"wp","href":"https:\/\/api.w.org\/{rel}","templated":true}]}}