{"id":1709,"date":"2025-05-20T20:24:21","date_gmt":"2025-05-20T18:24:21","guid":{"rendered":"https:\/\/darkslateblue-salmon-136783.hostingersite.com\/?post_type=product&#038;p=1709"},"modified":"2026-04-19T23:15:48","modified_gmt":"2026-04-19T21:15:48","slug":"taquera-ty-billiards-2-4","status":"publish","type":"product","link":"https:\/\/billaresrar.es\/en\/product\/taquera-ty-billiards-2-4\/","title":{"rendered":"Taquera TY  Billiards 2\/4"},"content":{"rendered":"<p><strong>TAQUERA TY BILLIARDS 2\/4<\/strong><\/p>\n<p>Llega a Espa\u00f1a de la mano de TY Billiards esta taquera con capacidad para dos mazas y cuatro flechas fabricada en lino y materiales de alta resistencia que sin duda ser\u00e1 tu mejor complemento para tu equipo de billar.<\/p>\n<p>Esta elegante taquera TY Billiards negra es adecuada para 2 mazas y 4 flechas. Tiene un forro interior para una protecci\u00f3n adicional de su taco. La bolsa tiene una cremallera y es f\u00e1cil de llevar con la correa para el hombro o el asa.<\/p>\n<p>Dos compartimentos separados para accesorios<\/p>","protected":false},"excerpt":{"rendered":"<p>Llega a Espa\u00f1a de la mano de TY Billiards 2\/4 esta taquera con capacidad para dos mazas y cuatro flechas fabricada en lino y materiales de alta resistencia que sin duda ser\u00e1 tu mejor complemento para tu equipo de billar.<\/p>\n<p>Esta elegante taquera TY Billiards negra es adecuada para 2 mazas y 4 flechas. Tiene un forro interior para una protecci\u00f3n adicional de su taco. La bolsa tiene una cremallera y es f\u00e1cil de llevar con la correa para el hombro o el asa.<\/p>\n<p>Dos compartimentos separados para accesorios y un asa reforzada asi como la base de la\u00a0 taquera con cuatro puntos de apoyo. Sin duda esta taquera TY Billiards 2\/4 te acompa\u00f1ara a donde quiera que vayas.<\/p>","protected":false},"featured_media":1710,"template":"","meta":{"jetpack_publicize_message":"","jetpack_publicize_feature_enabled":true,"jetpack_social_post_already_shared":true,"jetpack_social_options":{"image_generator_settings":{"template":"highway","default_image_id":0,"font":"","enabled":false},"version":2}},"product_brand":[209],"product_cat":[35,37,85,411,422],"product_tag":[183,184,182,185],"class_list":{"0":"post-1709","1":"product","2":"type-product","3":"status-publish","4":"has-post-thumbnail","6":"product_brand-ty-billiards-tacos-de-pool","7":"product_cat-accesorios-de-billar","8":"product_cat-mundo-billar","9":"product_cat-taquera-de-billar","10":"product_cat-taqueras","11":"product_cat-ty-billiards","12":"product_tag-rar-billares-taquera-ty-billiards","13":"product_tag-taquera-para-dos-mazas-y-cuatro-flechas","14":"product_tag-taquera-ty-billiards-2-4","15":"product_tag-taquiera-para-dos-tacos","17":"first","18":"instock","19":"featured","20":"taxable","21":"shipping-taxable","22":"purchasable","23":"product-type-simple"},"yoast_head":"<!-- This site is optimized with the Yoast SEO plugin v27.5 - https:\/\/yoast.com\/product\/yoast-seo-wordpress\/ -->\n<title>Taquera TY Billiards 2-4 Tacos - Versatilidad Total | RAR Billares<\/title>\n<meta name=\"description\" content=\"Taquera TY Billiards 2-4 tacos, vers\u00e1til y pr\u00e1ctica para transportar hasta cuatro cues. \u00a1Maximiza ahora tu organizaci\u00f3n con estilo y seguridad!\" \/>\n<meta name=\"robots\" content=\"index, follow, max-snippet:-1, max-image-preview:large, max-video-preview:-1\" \/>\n<link rel=\"canonical\" href=\"https:\/\/billaresrar.es\/en\/product\/taquera-ty-billiards-2-4\/\" \/>\n<meta property=\"og:locale\" content=\"en_US\" \/>\n<meta property=\"og:type\" content=\"article\" \/>\n<meta property=\"og:title\" content=\"Taquera TY Billiards 2-4 Tacos - Versatilidad Total | RAR Billares\" \/>\n<meta property=\"og:description\" content=\"Taquera TY Billiards 2-4 tacos, vers\u00e1til y pr\u00e1ctica para transportar hasta cuatro cues. \u00a1Maximiza ahora tu organizaci\u00f3n con estilo y seguridad!\" \/>\n<meta property=\"og:url\" content=\"https:\/\/billaresrar.es\/en\/product\/taquera-ty-billiards-2-4\/\" \/>\n<meta property=\"og:site_name\" content=\"RAR Billares online shop\" \/>\n<meta property=\"article:modified_time\" content=\"2026-04-19T21:15:48+00:00\" \/>\n<meta property=\"og:image\" content=\"https:\/\/billaresrar.es\/wp-content\/uploads\/2025\/05\/\u516d\u5b54\u6876e_01.webp\" \/>\n\t<meta property=\"og:image:width\" content=\"790\" \/>\n\t<meta property=\"og:image:height\" content=\"1095\" \/>\n\t<meta property=\"og:image:type\" content=\"image\/webp\" \/>\n<meta name=\"twitter:card\" content=\"summary_large_image\" \/>\n<meta name=\"twitter:label1\" content=\"Price\" \/>\n\t<meta name=\"twitter:data1\" content=\"115,00&nbsp;&euro;\" \/>\n\t<meta name=\"twitter:label2\" content=\"Availability\" \/>\n\t<meta name=\"twitter:data2\" content=\"In stock\" \/>\n<script type=\"application\/ld+json\" class=\"yoast-schema-graph\">{\"@context\":\"https:\\\/\\\/schema.org\",\"@graph\":[{\"@type\":\"WebPage\",\"@id\":\"https:\\\/\\\/billaresrar.es\\\/producto\\\/taquera-ty-billiards-2-4\\\/\",\"url\":\"https:\\\/\\\/billaresrar.es\\\/producto\\\/taquera-ty-billiards-2-4\\\/\",\"name\":\"Taquera TY Billiards 2-4 Tacos - Versatilidad Total | RAR Billares\",\"isPartOf\":{\"@id\":\"https:\\\/\\\/billaresrar.es\\\/#website\"},\"primaryImageOfPage\":{\"@id\":\"https:\\\/\\\/billaresrar.es\\\/producto\\\/taquera-ty-billiards-2-4\\\/#primaryimage\"},\"image\":{\"@id\":\"https:\\\/\\\/billaresrar.es\\\/producto\\\/taquera-ty-billiards-2-4\\\/#primaryimage\"},\"thumbnailUrl\":\"https:\\\/\\\/i0.wp.com\\\/billaresrar.es\\\/wp-content\\\/uploads\\\/2025\\\/05\\\/%E5%85%AD%E5%AD%94%E6%A1%B6e_01.webp?fit=790%2C1095&ssl=1\",\"datePublished\":\"2025-05-20T18:24:21+00:00\",\"dateModified\":\"2026-04-19T21:15:48+00:00\",\"description\":\"Taquera TY Billiards 2-4 tacos, vers\u00e1til y pr\u00e1ctica para transportar hasta cuatro cues. \u00a1Maximiza ahora tu organizaci\u00f3n con estilo y seguridad!\",\"breadcrumb\":{\"@id\":\"https:\\\/\\\/billaresrar.es\\\/producto\\\/taquera-ty-billiards-2-4\\\/#breadcrumb\"},\"inLanguage\":\"en-US\",\"potentialAction\":[{\"@type\":\"ReadAction\",\"target\":[\"https:\\\/\\\/billaresrar.es\\\/producto\\\/taquera-ty-billiards-2-4\\\/\"]}]},{\"@type\":\"ImageObject\",\"inLanguage\":\"en-US\",\"@id\":\"https:\\\/\\\/billaresrar.es\\\/producto\\\/taquera-ty-billiards-2-4\\\/#primaryimage\",\"url\":\"https:\\\/\\\/i0.wp.com\\\/billaresrar.es\\\/wp-content\\\/uploads\\\/2025\\\/05\\\/%E5%85%AD%E5%AD%94%E6%A1%B6e_01.webp?fit=790%2C1095&ssl=1\",\"contentUrl\":\"https:\\\/\\\/i0.wp.com\\\/billaresrar.es\\\/wp-content\\\/uploads\\\/2025\\\/05\\\/%E5%85%AD%E5%AD%94%E6%A1%B6e_01.webp?fit=790%2C1095&ssl=1\",\"width\":790,\"height\":1095,\"caption\":\"Taquera de billar para dos mazas y cuatro flechas\"},{\"@type\":\"BreadcrumbList\",\"@id\":\"https:\\\/\\\/billaresrar.es\\\/producto\\\/taquera-ty-billiards-2-4\\\/#breadcrumb\",\"itemListElement\":[{\"@type\":\"ListItem\",\"position\":1,\"name\":\"Portada\",\"item\":\"https:\\\/\\\/billaresrar.es\\\/\"},{\"@type\":\"ListItem\",\"position\":2,\"name\":\"Tienda\",\"item\":\"https:\\\/\\\/billaresrar.es\\\/tienda-billares-rar\\\/\"},{\"@type\":\"ListItem\",\"position\":3,\"name\":\"Taquera TY Billiards 2\\\/4\"}]},{\"@type\":\"WebSite\",\"@id\":\"https:\\\/\\\/billaresrar.es\\\/#website\",\"url\":\"https:\\\/\\\/billaresrar.es\\\/\",\"name\":\"RAR Billares\",\"description\":\"Nos dedicamos a la restauraci\u00f3n, personalizaci\u00f3n, compraventa e instalaci\u00f3n de mesas de billar.\",\"publisher\":{\"@id\":\"https:\\\/\\\/billaresrar.es\\\/#\\\/schema\\\/person\\\/58bf20f74847ad0e156049ad50e1cc19\"},\"potentialAction\":[{\"@type\":\"SearchAction\",\"target\":{\"@type\":\"EntryPoint\",\"urlTemplate\":\"https:\\\/\\\/billaresrar.es\\\/?s={search_term_string}\"},\"query-input\":{\"@type\":\"PropertyValueSpecification\",\"valueRequired\":true,\"valueName\":\"search_term_string\"}}],\"inLanguage\":\"en-US\"},{\"@type\":[\"Person\",\"Organization\"],\"@id\":\"https:\\\/\\\/billaresrar.es\\\/#\\\/schema\\\/person\\\/58bf20f74847ad0e156049ad50e1cc19\",\"name\":\"Ren\u00e9\",\"image\":{\"@type\":\"ImageObject\",\"inLanguage\":\"en-US\",\"@id\":\"https:\\\/\\\/i0.wp.com\\\/billaresrar.es\\\/wp-content\\\/uploads\\\/2024\\\/12\\\/definitivo-RAR.webp?fit=1920%2C1147&ssl=1\",\"url\":\"https:\\\/\\\/i0.wp.com\\\/billaresrar.es\\\/wp-content\\\/uploads\\\/2024\\\/12\\\/definitivo-RAR.webp?fit=1920%2C1147&ssl=1\",\"contentUrl\":\"https:\\\/\\\/i0.wp.com\\\/billaresrar.es\\\/wp-content\\\/uploads\\\/2024\\\/12\\\/definitivo-RAR.webp?fit=1920%2C1147&ssl=1\",\"width\":1920,\"height\":1147,\"caption\":\"Ren\u00e9\"},\"logo\":{\"@id\":\"https:\\\/\\\/i0.wp.com\\\/billaresrar.es\\\/wp-content\\\/uploads\\\/2024\\\/12\\\/definitivo-RAR.webp?fit=1920%2C1147&ssl=1\"}}]}<\/script>\n<meta property=\"product:price:amount\" content=\"115.00\" \/>\n<meta property=\"product:price:currency\" content=\"EUR\" \/>\n<meta property=\"og:availability\" content=\"instock\" \/>\n<meta property=\"product:availability\" content=\"instock\" \/>\n<meta property=\"product:condition\" content=\"new\" \/>\n<!-- \/ Yoast SEO plugin. -->","yoast_head_json":{"title":"Taquera TY Billiards 2-4 Tacos - Versatilidad Total | RAR Billares","description":"Taquera TY Billiards 2-4 tacos, vers\u00e1til y pr\u00e1ctica para transportar hasta cuatro cues. \u00a1Maximiza ahora tu organizaci\u00f3n con estilo y seguridad!","robots":{"index":"index","follow":"follow","max-snippet":"max-snippet:-1","max-image-preview":"max-image-preview:large","max-video-preview":"max-video-preview:-1"},"canonical":"https:\/\/billaresrar.es\/en\/product\/taquera-ty-billiards-2-4\/","og_locale":"en_US","og_type":"article","og_title":"Taquera TY Billiards 2-4 Tacos - Versatilidad Total | RAR Billares","og_description":"Taquera TY Billiards 2-4 tacos, vers\u00e1til y pr\u00e1ctica para transportar hasta cuatro cues. \u00a1Maximiza ahora tu organizaci\u00f3n con estilo y seguridad!","og_url":"https:\/\/billaresrar.es\/en\/product\/taquera-ty-billiards-2-4\/","og_site_name":"RAR Billares online shop","article_modified_time":"2026-04-19T21:15:48+00:00","og_image":[{"width":790,"height":1095,"url":"https:\/\/billaresrar.es\/wp-content\/uploads\/2025\/05\/\u516d\u5b54\u6876e_01.webp","type":"image\/webp"}],"twitter_card":"summary_large_image","twitter_misc":{"Price":"115,00&nbsp;&euro;","Availability":"In stock"},"schema":{"@context":"https:\/\/schema.org","@graph":[{"@type":"WebPage","@id":"https:\/\/billaresrar.es\/producto\/taquera-ty-billiards-2-4\/","url":"https:\/\/billaresrar.es\/producto\/taquera-ty-billiards-2-4\/","name":"Taquera TY Billiards 2-4 Tacos - Versatilidad Total | RAR Billares","isPartOf":{"@id":"https:\/\/billaresrar.es\/#website"},"primaryImageOfPage":{"@id":"https:\/\/billaresrar.es\/producto\/taquera-ty-billiards-2-4\/#primaryimage"},"image":{"@id":"https:\/\/billaresrar.es\/producto\/taquera-ty-billiards-2-4\/#primaryimage"},"thumbnailUrl":"https:\/\/i0.wp.com\/billaresrar.es\/wp-content\/uploads\/2025\/05\/%E5%85%AD%E5%AD%94%E6%A1%B6e_01.webp?fit=790%2C1095&ssl=1","datePublished":"2025-05-20T18:24:21+00:00","dateModified":"2026-04-19T21:15:48+00:00","description":"Taquera TY Billiards 2-4 tacos, vers\u00e1til y pr\u00e1ctica para transportar hasta cuatro cues. \u00a1Maximiza ahora tu organizaci\u00f3n con estilo y seguridad!","breadcrumb":{"@id":"https:\/\/billaresrar.es\/producto\/taquera-ty-billiards-2-4\/#breadcrumb"},"inLanguage":"en-US","potentialAction":[{"@type":"ReadAction","target":["https:\/\/billaresrar.es\/producto\/taquera-ty-billiards-2-4\/"]}]},{"@type":"ImageObject","inLanguage":"en-US","@id":"https:\/\/billaresrar.es\/producto\/taquera-ty-billiards-2-4\/#primaryimage","url":"https:\/\/i0.wp.com\/billaresrar.es\/wp-content\/uploads\/2025\/05\/%E5%85%AD%E5%AD%94%E6%A1%B6e_01.webp?fit=790%2C1095&ssl=1","contentUrl":"https:\/\/i0.wp.com\/billaresrar.es\/wp-content\/uploads\/2025\/05\/%E5%85%AD%E5%AD%94%E6%A1%B6e_01.webp?fit=790%2C1095&ssl=1","width":790,"height":1095,"caption":"Taquera de billar para dos mazas y cuatro flechas"},{"@type":"BreadcrumbList","@id":"https:\/\/billaresrar.es\/producto\/taquera-ty-billiards-2-4\/#breadcrumb","itemListElement":[{"@type":"ListItem","position":1,"name":"Portada","item":"https:\/\/billaresrar.es\/"},{"@type":"ListItem","position":2,"name":"Tienda","item":"https:\/\/billaresrar.es\/tienda-billares-rar\/"},{"@type":"ListItem","position":3,"name":"Taquera TY Billiards 2\/4"}]},{"@type":"WebSite","@id":"https:\/\/billaresrar.es\/#website","url":"https:\/\/billaresrar.es\/","name":"RAR Billares","description":"Nos dedicamos a la restauraci\u00f3n, personalizaci\u00f3n, compraventa e instalaci\u00f3n de mesas de billar.","publisher":{"@id":"https:\/\/billaresrar.es\/#\/schema\/person\/58bf20f74847ad0e156049ad50e1cc19"},"potentialAction":[{"@type":"SearchAction","target":{"@type":"EntryPoint","urlTemplate":"https:\/\/billaresrar.es\/?s={search_term_string}"},"query-input":{"@type":"PropertyValueSpecification","valueRequired":true,"valueName":"search_term_string"}}],"inLanguage":"en-US"},{"@type":["Person","Organization"],"@id":"https:\/\/billaresrar.es\/#\/schema\/person\/58bf20f74847ad0e156049ad50e1cc19","name":"Ren\u00e9","image":{"@type":"ImageObject","inLanguage":"en-US","@id":"https:\/\/i0.wp.com\/billaresrar.es\/wp-content\/uploads\/2024\/12\/definitivo-RAR.webp?fit=1920%2C1147&ssl=1","url":"https:\/\/i0.wp.com\/billaresrar.es\/wp-content\/uploads\/2024\/12\/definitivo-RAR.webp?fit=1920%2C1147&ssl=1","contentUrl":"https:\/\/i0.wp.com\/billaresrar.es\/wp-content\/uploads\/2024\/12\/definitivo-RAR.webp?fit=1920%2C1147&ssl=1","width":1920,"height":1147,"caption":"Ren\u00e9"},"logo":{"@id":"https:\/\/i0.wp.com\/billaresrar.es\/wp-content\/uploads\/2024\/12\/definitivo-RAR.webp?fit=1920%2C1147&ssl=1"}}]},"product_price_amount":"115.00","product_price_currency":"EUR","og_availability":"instock","product_availability":"instock","product_condition":"new"},"jetpack_publicize_connections":[],"jetpack_sharing_enabled":true,"jetpack_likes_enabled":true,"jetpack-related-posts":[],"_links":{"self":[{"href":"https:\/\/billaresrar.es\/en\/wp-json\/wp\/v2\/product\/1709","targetHints":{"allow":["GET"]}}],"collection":[{"href":"https:\/\/billaresrar.es\/en\/wp-json\/wp\/v2\/product"}],"about":[{"href":"https:\/\/billaresrar.es\/en\/wp-json\/wp\/v2\/types\/product"}],"version-history":[{"count":1,"href":"https:\/\/billaresrar.es\/en\/wp-json\/wp\/v2\/product\/1709\/revisions"}],"predecessor-version":[{"id":3718,"href":"https:\/\/billaresrar.es\/en\/wp-json\/wp\/v2\/product\/1709\/revisions\/3718"}],"wp:featuredmedia":[{"embeddable":true,"href":"https:\/\/billaresrar.es\/en\/wp-json\/wp\/v2\/media\/1710"}],"wp:attachment":[{"href":"https:\/\/billaresrar.es\/en\/wp-json\/wp\/v2\/media?parent=1709"}],"wp:term":[{"taxonomy":"product_brand","embeddable":true,"href":"https:\/\/billaresrar.es\/en\/wp-json\/wp\/v2\/product_brand?post=1709"},{"taxonomy":"product_cat","embeddable":true,"href":"https:\/\/billaresrar.es\/en\/wp-json\/wp\/v2\/product_cat?post=1709"},{"taxonomy":"product_tag","embeddable":true,"href":"https:\/\/billaresrar.es\/en\/wp-json\/wp\/v2\/product_tag?post=1709"}],"curies":[{"name":"wp","href":"https:\/\/api.w.org\/{rel}","templated":true}]}}