{"id":1702,"date":"2025-05-20T18:05:44","date_gmt":"2025-05-20T16:05:44","guid":{"rendered":"https:\/\/darkslateblue-salmon-136783.hostingersite.com\/?post_type=product&#038;p=1702"},"modified":"2025-08-20T21:01:54","modified_gmt":"2025-08-20T19:01:54","slug":"marcador-electronico-de-billar","status":"publish","type":"product","link":"https:\/\/billaresrar.es\/en\/product\/marcador-electronico-de-billar\/","title":{"rendered":"Marcador electr\u00f3nico de billar"},"content":{"rendered":"<h2 align=\"justify\">DATOS T\u00c9CNICOS Marcador electr\u00f3nico Favero<\/h2>\n<ul>\n<li>\n<div align=\"justify\">Dise\u00f1o agradable que se adapta a todo tipo de ambiente.<\/div>\n<\/li>\n<li>\n<div align=\"justify\">Ultrachato: espesor 4cm &#8211; altura 19,5cm &#8211; ancho 56cm.<\/div>\n<\/li>\n<li>\n<div align=\"justify\">Altura de las cifras 60mm, rojas y verdes como los pulsantes correspondientes.<\/div>\n<\/li>\n<li>\n<div align=\"justify\"><a href=\"https:\/\/www.favero.com\/get_img_photogallery.php?id=358\" rel=\"prettyPhoto\">Teclado de membrana<\/a> y tacto con pulsantes grandes y letras bien visibles en los mismos, hacen que sea f\u00e1cil de usar y de buena est\u00e9tica. Es herm\u00e9tico a las suciedades y al humo, elimina los problemas de los contactos inciertos a trav\u00e9s del tiempo. Vida m\u00ednima de cada pulsante: 5 millones de contactos.<\/div>\n<\/li>\n<li>\n<div align=\"justify\">Cuando falta la corriente, ning\u00fan tanteo en la memoria se pierde, no tiene bater\u00edas.<\/div>\n<\/li>\n<li>\n<div align=\"justify\">Contenedor resistente de pl\u00e1stico completamente aislado que no necessita conexi\u00f3n a tierra. Se entrega con cable y enchufe, pero se abre f\u00e1cilmente la parte de atr\u00e1s en el caso que se desee conectarlo directamente.<\/div>\n<\/li>\n<li>\n<div align=\"justify\">Fijaci\u00f3n a la pared en forma sencilla, firme e inmediata por medio de dos tornillos frontales.<\/div>\n<\/li>\n<li>\n<div align=\"justify\">Consumo irrisorio: max 6VA a 230Vac (disponible la versi\u00f3n 115Vac).<\/div>\n<\/li>\n<\/ul>\n<h2>FUNCIONAMIENTO DE LAS TECLAS<\/h2>\n<ul>\n<li>\n<div align=\"justify\">Pulsante\u00a0<b>ON\/OFF<\/b>: enciende y apaga.<\/div>\n<\/li>\n<li>\n<div align=\"justify\">Pulsante\u00a0<b>START<\/b>: reduce a cero los tanteos para comenzar un nuevo partido.<\/div>\n<\/li>\n<li>\n<div align=\"justify\">Teclas de\u00a0<b>0<\/b>\u00a0a\u00a0<b>9<\/b>: para seleccionar el punto a sumar; transcurridos 3 segundos de la introducci\u00f3n la suma ser\u00e1 efectuada automaticamente.<\/div>\n<\/li>\n<li>\n<div align=\"justify\">Teclas\u00a0<b>(C)<\/b>\u00a0y\u00a0<b>(-)<\/b>: respectivamente para cancelar la \u00faltima introducci\u00f3n y para sustraer un punto.<\/div>\n<\/li>\n<li>\n<div align=\"justify\">Pulsante\u00a0<b>MEMORY<\/b>: visualiza los puntos asignados anteriormente (para controlar).<\/div>\n<\/li>\n<li>\n<div align=\"justify\">Pulsante\u00a0<b>MATCH COUNT<\/b>: si se desea calcular tambi\u00e9n el n\u00famero de partidos ganados, adem\u00e1s del puntaje.<\/div>\n<\/li>\n<li>Pulsante\u00a0<b>2 or 6 PLAYERS<\/b>: permite programar el marcador de puntos para 2 o 6 jugadores. Cuando est\u00e1 programado para 6 jugadores, en un lado se visualiza en nro. del jugador y en el otro el correspondiente puntaje.<\/li>\n<\/ul>\n<h3>\u00a0&#8211; PLAY6 &#8211; Hasta seis jugadores<\/h3>\n<p>Dimensiones: 56x19x4cm. &#8211; Peso: 1.28kg.<\/p>","protected":false},"excerpt":{"rendered":"<h2 align=\"justify\">DATOS T\u00c9CNICOS Marcador electr\u00f3nico Favero<\/h2>\n<h2><span style=\"color: #ffcc00;\"><strong>PLAY 8 y PLAY 6<\/strong><\/span><\/h2>\n<ul>\n<li>\n<div align=\"justify\">Dise\u00f1o agradable que se adapta a todo tipo de ambiente.<\/div>\n<\/li>\n<li>\n<div align=\"justify\">Ultrachato: espesor 4cm &#8211; altura 19,5cm &#8211; ancho 56cm.<\/div>\n<\/li>\n<li>\n<div align=\"justify\">Altura de las cifras 60mm, rojas y verdes como los pulsantes correspondientes.<\/div>\n<\/li>\n<li>\n<div align=\"justify\"><a href=\"https:\/\/www.favero.com\/get_img_photogallery.php?id=358\" rel=\"prettyPhoto\">Teclado de membrana<\/a>\u00a0y chato con pulsantes grandes y letras bien visibles en los mismos, hacen que sea f\u00e1cil de usar y de buena est\u00e9tica. Es herm\u00e9tico a las suciedades y al humo, elimina los problemas de los contactos inciertos a trav\u00e9s del tiempo. Vida m\u00ednima de cada pulsante: 5 millones de contactos.<\/div>\n<\/li>\n<li>\n<div align=\"justify\">Cuando falta la corriente, ning\u00fan tanteo en la memoria se pierde, no tiene bater\u00edas.<\/div>\n<\/li>\n<li>\n<div align=\"justify\">Contenedor resistente de pl\u00e1stico completamente aislado que no necessita conexi\u00f3n a tierra. Se entrega con cable y enchufe, pero se abre f\u00e1cilmente la parte de atr\u00e1s en el caso que se desee conectarlo directamente.<\/div>\n<\/li>\n<li>\n<div align=\"justify\">Fijaci\u00f3n a la pared en forma sencilla, firme e inmediata por medio de dos tornillos frontales.<\/div>\n<\/li>\n<li>\n<div align=\"justify\">Consumo irrisorio: max 6VA a 230Vac (disponible la versi\u00f3n 115Vac).<\/div>\n<\/li>\n<\/ul>\n<h2>FUNCIONAMIENTO DE LAS TECLAS<\/h2>\n<ul>\n<li>\n<div align=\"justify\">Pulsante\u00a0<b>ON\/OFF<\/b>: enciende y apaga.<\/div>\n<\/li>\n<li>\n<div align=\"justify\">Pulsante\u00a0<b>START<\/b>: reduce a cero los tanteos para comenzar un nuevo partido.<\/div>\n<\/li>\n<li>\n<div align=\"justify\">Teclas de\u00a0<b>0<\/b>\u00a0a\u00a0<b>9<\/b>: para seleccionar el punto a sumar; transcurridos 3 segundos de la introducci\u00f3n la suma ser\u00e1 efectuada automaticamente.<\/div>\n<\/li>\n<li>\n<div align=\"justify\">Teclas\u00a0<b>(C)<\/b>\u00a0y\u00a0<b>(-)<\/b>: respectivamente para cancelar la \u00faltima introducci\u00f3n y para sustraer un punto.<\/div>\n<\/li>\n<li>\n<div align=\"justify\">Pulsante\u00a0<b>MEMORY<\/b>: visualiza los puntos asignados anteriormente (para controlar).<\/div>\n<\/li>\n<li>\n<div align=\"justify\">Pulsante\u00a0<b>MATCH COUNT<\/b>: si se desea calcular tambi\u00e9n el n\u00famero de partidos ganados, adem\u00e1s del puntaje.<\/div>\n<\/li>\n<li>Pulsante\u00a0<b>2 or 6 PLAYERS<\/b>: permite programar el marcador de puntos para 2 o 6 jugadores. Cuando est\u00e1 programado para 6 jugadores, en un lado se visualiza en nro. del jugador y en el otro el correspondiente puntaje.<\/li>\n<\/ul>\n<p>Precio Play 8 sin control remoto.<\/p>","protected":false},"featured_media":2957,"template":"","meta":{"jetpack_publicize_message":"","jetpack_publicize_feature_enabled":true,"jetpack_social_post_already_shared":true,"jetpack_social_options":{"image_generator_settings":{"template":"highway","default_image_id":0,"font":"","enabled":false},"version":2}},"product_brand":[],"product_cat":[35,418],"product_tag":[450,448,449,452,451],"class_list":{"0":"post-1702","1":"product","2":"type-product","3":"status-publish","4":"has-post-thumbnail","6":"product_cat-accesorios-de-billar","7":"product_cat-marcadores-de-billar","8":"product_tag-favero-marcador","9":"product_tag-marcador-electronico","10":"product_tag-marcador-electronico-favero","11":"product_tag-play-8-favero","12":"product_tag-rar-billares-marcador-electronico","14":"first","15":"instock","16":"taxable","17":"shipping-taxable","18":"purchasable","19":"product-type-simple"},"yoast_head":"<!-- This site is optimized with the Yoast SEO plugin v27.5 - https:\/\/yoast.com\/product\/yoast-seo-wordpress\/ -->\n<title>Marcador electr\u00f3nico de billar | RAR Billares<\/title>\n<meta name=\"description\" content=\"Moderniza tu mesa con el marcador electr\u00f3nico RAR: pantalla LED, conteo autom\u00e1tico de puntos y dise\u00f1o resistente. \u00a1Adqui\u00e9relo ya en RAR Billares!\" \/>\n<meta name=\"robots\" content=\"index, follow, max-snippet:-1, max-image-preview:large, max-video-preview:-1\" \/>\n<link rel=\"canonical\" href=\"https:\/\/billaresrar.es\/en\/product\/marcador-electronico-de-billar\/\" \/>\n<meta property=\"og:locale\" content=\"en_US\" \/>\n<meta property=\"og:type\" content=\"article\" \/>\n<meta property=\"og:title\" content=\"Marcador electr\u00f3nico de billar | RAR Billares\" \/>\n<meta property=\"og:description\" content=\"Moderniza tu mesa con el marcador electr\u00f3nico RAR: pantalla LED, conteo autom\u00e1tico de puntos y dise\u00f1o resistente. \u00a1Adqui\u00e9relo ya en RAR Billares!\" \/>\n<meta property=\"og:url\" content=\"https:\/\/billaresrar.es\/en\/product\/marcador-electronico-de-billar\/\" \/>\n<meta property=\"og:site_name\" content=\"RAR Billares online shop\" \/>\n<meta property=\"article:modified_time\" content=\"2025-08-20T19:01:54+00:00\" \/>\n<meta property=\"og:image\" content=\"https:\/\/i0.wp.com\/billaresrar.es\/wp-content\/uploads\/2025\/05\/Marcador-electronico.jpg?fit=800%2C320&ssl=1\" \/>\n\t<meta property=\"og:image:width\" content=\"800\" \/>\n\t<meta property=\"og:image:height\" content=\"320\" \/>\n\t<meta property=\"og:image:type\" content=\"image\/jpeg\" \/>\n<meta name=\"twitter:card\" content=\"summary_large_image\" \/>\n<meta name=\"twitter:label1\" content=\"Price\" \/>\n\t<meta name=\"twitter:data1\" content=\"295,00&nbsp;&euro;\" \/>\n\t<meta name=\"twitter:label2\" content=\"Availability\" \/>\n\t<meta name=\"twitter:data2\" content=\"In stock\" \/>\n<script type=\"application\/ld+json\" class=\"yoast-schema-graph\">{\"@context\":\"https:\\\/\\\/schema.org\",\"@graph\":[{\"@type\":\"WebPage\",\"@id\":\"https:\\\/\\\/billaresrar.es\\\/producto\\\/marcador-electronico-de-billar\\\/\",\"url\":\"https:\\\/\\\/billaresrar.es\\\/producto\\\/marcador-electronico-de-billar\\\/\",\"name\":\"Marcador electr\u00f3nico de billar | RAR Billares\",\"isPartOf\":{\"@id\":\"https:\\\/\\\/billaresrar.es\\\/#website\"},\"primaryImageOfPage\":{\"@id\":\"https:\\\/\\\/billaresrar.es\\\/producto\\\/marcador-electronico-de-billar\\\/#primaryimage\"},\"image\":{\"@id\":\"https:\\\/\\\/billaresrar.es\\\/producto\\\/marcador-electronico-de-billar\\\/#primaryimage\"},\"thumbnailUrl\":\"https:\\\/\\\/i0.wp.com\\\/billaresrar.es\\\/wp-content\\\/uploads\\\/2025\\\/05\\\/Marcador-electronico.jpg?fit=800%2C320&ssl=1\",\"datePublished\":\"2025-05-20T16:05:44+00:00\",\"dateModified\":\"2025-08-20T19:01:54+00:00\",\"description\":\"Moderniza tu mesa con el marcador electr\u00f3nico RAR: pantalla LED, conteo autom\u00e1tico de puntos y dise\u00f1o resistente. \u00a1Adqui\u00e9relo ya en RAR Billares!\",\"breadcrumb\":{\"@id\":\"https:\\\/\\\/billaresrar.es\\\/producto\\\/marcador-electronico-de-billar\\\/#breadcrumb\"},\"inLanguage\":\"en-US\",\"potentialAction\":[{\"@type\":\"ReadAction\",\"target\":[\"https:\\\/\\\/billaresrar.es\\\/producto\\\/marcador-electronico-de-billar\\\/\"]}]},{\"@type\":\"ImageObject\",\"inLanguage\":\"en-US\",\"@id\":\"https:\\\/\\\/billaresrar.es\\\/producto\\\/marcador-electronico-de-billar\\\/#primaryimage\",\"url\":\"https:\\\/\\\/i0.wp.com\\\/billaresrar.es\\\/wp-content\\\/uploads\\\/2025\\\/05\\\/Marcador-electronico.jpg?fit=800%2C320&ssl=1\",\"contentUrl\":\"https:\\\/\\\/i0.wp.com\\\/billaresrar.es\\\/wp-content\\\/uploads\\\/2025\\\/05\\\/Marcador-electronico.jpg?fit=800%2C320&ssl=1\",\"width\":800,\"height\":320,\"caption\":\"marcador electr\u00f3nico favero\"},{\"@type\":\"BreadcrumbList\",\"@id\":\"https:\\\/\\\/billaresrar.es\\\/producto\\\/marcador-electronico-de-billar\\\/#breadcrumb\",\"itemListElement\":[{\"@type\":\"ListItem\",\"position\":1,\"name\":\"Portada\",\"item\":\"https:\\\/\\\/billaresrar.es\\\/\"},{\"@type\":\"ListItem\",\"position\":2,\"name\":\"Tienda\",\"item\":\"https:\\\/\\\/billaresrar.es\\\/tienda-billares-rar\\\/\"},{\"@type\":\"ListItem\",\"position\":3,\"name\":\"Marcador electr\u00f3nico de billar\"}]},{\"@type\":\"WebSite\",\"@id\":\"https:\\\/\\\/billaresrar.es\\\/#website\",\"url\":\"https:\\\/\\\/billaresrar.es\\\/\",\"name\":\"RAR Billares\",\"description\":\"Nos dedicamos a la restauraci\u00f3n, personalizaci\u00f3n, compraventa e instalaci\u00f3n de mesas de billar.\",\"publisher\":{\"@id\":\"https:\\\/\\\/billaresrar.es\\\/#\\\/schema\\\/person\\\/58bf20f74847ad0e156049ad50e1cc19\"},\"potentialAction\":[{\"@type\":\"SearchAction\",\"target\":{\"@type\":\"EntryPoint\",\"urlTemplate\":\"https:\\\/\\\/billaresrar.es\\\/?s={search_term_string}\"},\"query-input\":{\"@type\":\"PropertyValueSpecification\",\"valueRequired\":true,\"valueName\":\"search_term_string\"}}],\"inLanguage\":\"en-US\"},{\"@type\":[\"Person\",\"Organization\"],\"@id\":\"https:\\\/\\\/billaresrar.es\\\/#\\\/schema\\\/person\\\/58bf20f74847ad0e156049ad50e1cc19\",\"name\":\"Ren\u00e9\",\"image\":{\"@type\":\"ImageObject\",\"inLanguage\":\"en-US\",\"@id\":\"https:\\\/\\\/i0.wp.com\\\/billaresrar.es\\\/wp-content\\\/uploads\\\/2024\\\/12\\\/definitivo-RAR.webp?fit=1920%2C1147&ssl=1\",\"url\":\"https:\\\/\\\/i0.wp.com\\\/billaresrar.es\\\/wp-content\\\/uploads\\\/2024\\\/12\\\/definitivo-RAR.webp?fit=1920%2C1147&ssl=1\",\"contentUrl\":\"https:\\\/\\\/i0.wp.com\\\/billaresrar.es\\\/wp-content\\\/uploads\\\/2024\\\/12\\\/definitivo-RAR.webp?fit=1920%2C1147&ssl=1\",\"width\":1920,\"height\":1147,\"caption\":\"Ren\u00e9\"},\"logo\":{\"@id\":\"https:\\\/\\\/i0.wp.com\\\/billaresrar.es\\\/wp-content\\\/uploads\\\/2024\\\/12\\\/definitivo-RAR.webp?fit=1920%2C1147&ssl=1\"}}]}<\/script>\n<meta property=\"product:price:amount\" content=\"295.00\" \/>\n<meta property=\"product:price:currency\" content=\"EUR\" \/>\n<meta property=\"og:availability\" content=\"instock\" \/>\n<meta property=\"product:availability\" content=\"instock\" \/>\n<meta property=\"product:condition\" content=\"new\" \/>\n<!-- \/ Yoast SEO plugin. -->","yoast_head_json":{"title":"Marcador electr\u00f3nico de billar | RAR Billares","description":"Moderniza tu mesa con el marcador electr\u00f3nico RAR: pantalla LED, conteo autom\u00e1tico de puntos y dise\u00f1o resistente. \u00a1Adqui\u00e9relo ya en RAR Billares!","robots":{"index":"index","follow":"follow","max-snippet":"max-snippet:-1","max-image-preview":"max-image-preview:large","max-video-preview":"max-video-preview:-1"},"canonical":"https:\/\/billaresrar.es\/en\/product\/marcador-electronico-de-billar\/","og_locale":"en_US","og_type":"article","og_title":"Marcador electr\u00f3nico de billar | RAR Billares","og_description":"Moderniza tu mesa con el marcador electr\u00f3nico RAR: pantalla LED, conteo autom\u00e1tico de puntos y dise\u00f1o resistente. \u00a1Adqui\u00e9relo ya en RAR Billares!","og_url":"https:\/\/billaresrar.es\/en\/product\/marcador-electronico-de-billar\/","og_site_name":"RAR Billares online shop","article_modified_time":"2025-08-20T19:01:54+00:00","og_image":[{"width":800,"height":320,"url":"https:\/\/i0.wp.com\/billaresrar.es\/wp-content\/uploads\/2025\/05\/Marcador-electronico.jpg?fit=800%2C320&ssl=1","type":"image\/jpeg"}],"twitter_card":"summary_large_image","twitter_misc":{"Price":"295,00&nbsp;&euro;","Availability":"In stock"},"schema":{"@context":"https:\/\/schema.org","@graph":[{"@type":"WebPage","@id":"https:\/\/billaresrar.es\/producto\/marcador-electronico-de-billar\/","url":"https:\/\/billaresrar.es\/producto\/marcador-electronico-de-billar\/","name":"Marcador electr\u00f3nico de billar | RAR Billares","isPartOf":{"@id":"https:\/\/billaresrar.es\/#website"},"primaryImageOfPage":{"@id":"https:\/\/billaresrar.es\/producto\/marcador-electronico-de-billar\/#primaryimage"},"image":{"@id":"https:\/\/billaresrar.es\/producto\/marcador-electronico-de-billar\/#primaryimage"},"thumbnailUrl":"https:\/\/i0.wp.com\/billaresrar.es\/wp-content\/uploads\/2025\/05\/Marcador-electronico.jpg?fit=800%2C320&ssl=1","datePublished":"2025-05-20T16:05:44+00:00","dateModified":"2025-08-20T19:01:54+00:00","description":"Moderniza tu mesa con el marcador electr\u00f3nico RAR: pantalla LED, conteo autom\u00e1tico de puntos y dise\u00f1o resistente. \u00a1Adqui\u00e9relo ya en RAR Billares!","breadcrumb":{"@id":"https:\/\/billaresrar.es\/producto\/marcador-electronico-de-billar\/#breadcrumb"},"inLanguage":"en-US","potentialAction":[{"@type":"ReadAction","target":["https:\/\/billaresrar.es\/producto\/marcador-electronico-de-billar\/"]}]},{"@type":"ImageObject","inLanguage":"en-US","@id":"https:\/\/billaresrar.es\/producto\/marcador-electronico-de-billar\/#primaryimage","url":"https:\/\/i0.wp.com\/billaresrar.es\/wp-content\/uploads\/2025\/05\/Marcador-electronico.jpg?fit=800%2C320&ssl=1","contentUrl":"https:\/\/i0.wp.com\/billaresrar.es\/wp-content\/uploads\/2025\/05\/Marcador-electronico.jpg?fit=800%2C320&ssl=1","width":800,"height":320,"caption":"marcador electr\u00f3nico favero"},{"@type":"BreadcrumbList","@id":"https:\/\/billaresrar.es\/producto\/marcador-electronico-de-billar\/#breadcrumb","itemListElement":[{"@type":"ListItem","position":1,"name":"Portada","item":"https:\/\/billaresrar.es\/"},{"@type":"ListItem","position":2,"name":"Tienda","item":"https:\/\/billaresrar.es\/tienda-billares-rar\/"},{"@type":"ListItem","position":3,"name":"Marcador electr\u00f3nico de billar"}]},{"@type":"WebSite","@id":"https:\/\/billaresrar.es\/#website","url":"https:\/\/billaresrar.es\/","name":"RAR Billares","description":"Nos dedicamos a la restauraci\u00f3n, personalizaci\u00f3n, compraventa e instalaci\u00f3n de mesas de billar.","publisher":{"@id":"https:\/\/billaresrar.es\/#\/schema\/person\/58bf20f74847ad0e156049ad50e1cc19"},"potentialAction":[{"@type":"SearchAction","target":{"@type":"EntryPoint","urlTemplate":"https:\/\/billaresrar.es\/?s={search_term_string}"},"query-input":{"@type":"PropertyValueSpecification","valueRequired":true,"valueName":"search_term_string"}}],"inLanguage":"en-US"},{"@type":["Person","Organization"],"@id":"https:\/\/billaresrar.es\/#\/schema\/person\/58bf20f74847ad0e156049ad50e1cc19","name":"Ren\u00e9","image":{"@type":"ImageObject","inLanguage":"en-US","@id":"https:\/\/i0.wp.com\/billaresrar.es\/wp-content\/uploads\/2024\/12\/definitivo-RAR.webp?fit=1920%2C1147&ssl=1","url":"https:\/\/i0.wp.com\/billaresrar.es\/wp-content\/uploads\/2024\/12\/definitivo-RAR.webp?fit=1920%2C1147&ssl=1","contentUrl":"https:\/\/i0.wp.com\/billaresrar.es\/wp-content\/uploads\/2024\/12\/definitivo-RAR.webp?fit=1920%2C1147&ssl=1","width":1920,"height":1147,"caption":"Ren\u00e9"},"logo":{"@id":"https:\/\/i0.wp.com\/billaresrar.es\/wp-content\/uploads\/2024\/12\/definitivo-RAR.webp?fit=1920%2C1147&ssl=1"}}]},"product_price_amount":"295.00","product_price_currency":"EUR","og_availability":"instock","product_availability":"instock","product_condition":"new"},"jetpack_publicize_connections":[],"jetpack_sharing_enabled":true,"jetpack_likes_enabled":true,"jetpack-related-posts":[],"_links":{"self":[{"href":"https:\/\/billaresrar.es\/en\/wp-json\/wp\/v2\/product\/1702","targetHints":{"allow":["GET"]}}],"collection":[{"href":"https:\/\/billaresrar.es\/en\/wp-json\/wp\/v2\/product"}],"about":[{"href":"https:\/\/billaresrar.es\/en\/wp-json\/wp\/v2\/types\/product"}],"version-history":[{"count":2,"href":"https:\/\/billaresrar.es\/en\/wp-json\/wp\/v2\/product\/1702\/revisions"}],"predecessor-version":[{"id":2959,"href":"https:\/\/billaresrar.es\/en\/wp-json\/wp\/v2\/product\/1702\/revisions\/2959"}],"wp:featuredmedia":[{"embeddable":true,"href":"https:\/\/billaresrar.es\/en\/wp-json\/wp\/v2\/media\/2957"}],"wp:attachment":[{"href":"https:\/\/billaresrar.es\/en\/wp-json\/wp\/v2\/media?parent=1702"}],"wp:term":[{"taxonomy":"product_brand","embeddable":true,"href":"https:\/\/billaresrar.es\/en\/wp-json\/wp\/v2\/product_brand?post=1702"},{"taxonomy":"product_cat","embeddable":true,"href":"https:\/\/billaresrar.es\/en\/wp-json\/wp\/v2\/product_cat?post=1702"},{"taxonomy":"product_tag","embeddable":true,"href":"https:\/\/billaresrar.es\/en\/wp-json\/wp\/v2\/product_tag?post=1702"}],"curies":[{"name":"wp","href":"https:\/\/api.w.org\/{rel}","templated":true}]}}