{"id":1687,"date":"2025-05-06T08:48:35","date_gmt":"2025-05-06T06:48:35","guid":{"rendered":"https:\/\/darkslateblue-salmon-136783.hostingersite.com\/?post_type=product&#038;p=1687"},"modified":"2025-05-06T08:48:35","modified_gmt":"2025-05-06T06:48:35","slug":"taco-cobra-billar-americano","status":"publish","type":"product","link":"https:\/\/billaresrar.es\/en\/product\/taco-cobra-billar-americano\/","title":{"rendered":"Taco Cobra billar americano"},"content":{"rendered":"<p>Taco de billar americano Cobra, taco de billar de la gama Cobra fabricado en madera de Maple Canadiense de gran calidad. Con un dise\u00f1o sobrio, elegante sencillo este taco es una buena elecci\u00f3n si estas dando tus primeros pasos en el mundo del billar americano y quieres tener tu propio taco de billar.<\/p>\n<p>Medida de la parte inferior del taco (Porra): L 735 mm, D 32mm, 21.3mm d<br \/>\nMedida de la parte superior del taco (Flecha): L 736mm, D 21.3mm, d 13mm<\/p>\n<p>Peso 19 oz\/ Flecha de 12,5 mm.<\/p>","protected":false},"excerpt":{"rendered":"<p>Taco de billar americano Cobra, taco de billar de la gama Cobra fabricado en madera de Maple Canadiense de gran calidad. Con un dise\u00f1o sobrio, elegante sencillo este taco es una buena elecci\u00f3n si estas dando tus primeros pasos en el mundo del billar americano y quieres tener tu propio taco de billar.<\/p>\n<p>En cuatro acabados con un peso de 19 oz y una flecha de 12,5 mm.<\/p>\n<p>Medida de la parte inferior del taco (Porra): L 735 mm, D 32mm, 21.3mm d<br \/>\nMedida de la parte superior del taco (Flecha): L 736mm, D 21.3mm, d 13mm<\/p>\n<p>Peso 19 oz\/ Flecha de 12,5 mm.<\/p>","protected":false},"featured_media":1688,"template":"","meta":{"jetpack_publicize_message":"","jetpack_publicize_feature_enabled":true,"jetpack_social_post_already_shared":true,"jetpack_social_options":{"image_generator_settings":{"template":"highway","default_image_id":0,"font":"","enabled":false},"version":2}},"product_brand":[],"product_cat":[37,34],"product_tag":[174,173,172],"class_list":{"0":"post-1687","1":"product","2":"type-product","3":"status-publish","4":"has-post-thumbnail","6":"product_cat-mundo-billar","7":"product_cat-tacos-de-billar-americano-carambola-snooker","8":"product_tag-rar-billares-taco-cobra","9":"product_tag-taco-cobra-de-billar-americano","10":"product_tag-taco-de-billar-americano","12":"first","13":"instock","14":"taxable","15":"shipping-taxable","16":"purchasable","17":"product-type-simple"},"yoast_head":"<!-- This site is optimized with the Yoast SEO plugin v27.5 - https:\/\/yoast.com\/product\/yoast-seo-wordpress\/ -->\n<title>Taco Cobra billar americano - RAR Billares online shop<\/title>\n<meta name=\"description\" content=\"aco de billar americano Cobra, fabricado en madera de Maple, una buena elecci\u00f3n si estas dando tus primeros pasos en el mundo del billar americano.\" \/>\n<meta name=\"robots\" content=\"index, follow, max-snippet:-1, max-image-preview:large, max-video-preview:-1\" \/>\n<link rel=\"canonical\" href=\"https:\/\/billaresrar.es\/en\/product\/taco-cobra-billar-americano\/\" \/>\n<meta property=\"og:locale\" content=\"en_US\" \/>\n<meta property=\"og:type\" content=\"article\" \/>\n<meta property=\"og:title\" content=\"Taco Cobra billar americano - RAR Billares online shop\" \/>\n<meta property=\"og:description\" content=\"aco de billar americano Cobra, fabricado en madera de Maple, una buena elecci\u00f3n si estas dando tus primeros pasos en el mundo del billar americano.\" \/>\n<meta property=\"og:url\" content=\"https:\/\/billaresrar.es\/en\/product\/taco-cobra-billar-americano\/\" \/>\n<meta property=\"og:site_name\" content=\"RAR Billares online shop\" \/>\n<meta property=\"og:image\" content=\"https:\/\/i0.wp.com\/billaresrar.es\/wp-content\/uploads\/2025\/05\/Taco-stteca-cobra-13mm.19oz.webp?fit=1000%2C1000&ssl=1\" \/>\n\t<meta property=\"og:image:width\" content=\"1000\" \/>\n\t<meta property=\"og:image:height\" content=\"1000\" \/>\n\t<meta property=\"og:image:type\" content=\"image\/webp\" \/>\n<meta name=\"twitter:card\" content=\"summary_large_image\" \/>\n<meta name=\"twitter:label1\" content=\"Price\" \/>\n\t<meta name=\"twitter:data1\" content=\"78,00&nbsp;&euro;\" \/>\n\t<meta name=\"twitter:label2\" content=\"Availability\" \/>\n\t<meta name=\"twitter:data2\" content=\"In stock\" \/>\n<script type=\"application\/ld+json\" class=\"yoast-schema-graph\">{\"@context\":\"https:\\\/\\\/schema.org\",\"@graph\":[{\"@type\":\"WebPage\",\"@id\":\"https:\\\/\\\/billaresrar.es\\\/producto\\\/taco-cobra-billar-americano\\\/\",\"url\":\"https:\\\/\\\/billaresrar.es\\\/producto\\\/taco-cobra-billar-americano\\\/\",\"name\":\"Taco Cobra billar americano - RAR Billares online shop\",\"isPartOf\":{\"@id\":\"https:\\\/\\\/billaresrar.es\\\/#website\"},\"primaryImageOfPage\":{\"@id\":\"https:\\\/\\\/billaresrar.es\\\/producto\\\/taco-cobra-billar-americano\\\/#primaryimage\"},\"image\":{\"@id\":\"https:\\\/\\\/billaresrar.es\\\/producto\\\/taco-cobra-billar-americano\\\/#primaryimage\"},\"thumbnailUrl\":\"https:\\\/\\\/i0.wp.com\\\/billaresrar.es\\\/wp-content\\\/uploads\\\/2025\\\/05\\\/Taco-stteca-cobra-13mm.19oz.webp?fit=1000%2C1000&ssl=1\",\"datePublished\":\"2025-05-06T06:48:35+00:00\",\"description\":\"aco de billar americano Cobra, fabricado en madera de Maple, una buena elecci\u00f3n si estas dando tus primeros pasos en el mundo del billar americano.\",\"breadcrumb\":{\"@id\":\"https:\\\/\\\/billaresrar.es\\\/producto\\\/taco-cobra-billar-americano\\\/#breadcrumb\"},\"inLanguage\":\"en-US\",\"potentialAction\":[{\"@type\":\"ReadAction\",\"target\":[\"https:\\\/\\\/billaresrar.es\\\/producto\\\/taco-cobra-billar-americano\\\/\"]}]},{\"@type\":\"ImageObject\",\"inLanguage\":\"en-US\",\"@id\":\"https:\\\/\\\/billaresrar.es\\\/producto\\\/taco-cobra-billar-americano\\\/#primaryimage\",\"url\":\"https:\\\/\\\/i0.wp.com\\\/billaresrar.es\\\/wp-content\\\/uploads\\\/2025\\\/05\\\/Taco-stteca-cobra-13mm.19oz.webp?fit=1000%2C1000&ssl=1\",\"contentUrl\":\"https:\\\/\\\/i0.wp.com\\\/billaresrar.es\\\/wp-content\\\/uploads\\\/2025\\\/05\\\/Taco-stteca-cobra-13mm.19oz.webp?fit=1000%2C1000&ssl=1\",\"width\":1000,\"height\":1000,\"caption\":\"Taco cobra de billar americano\"},{\"@type\":\"BreadcrumbList\",\"@id\":\"https:\\\/\\\/billaresrar.es\\\/producto\\\/taco-cobra-billar-americano\\\/#breadcrumb\",\"itemListElement\":[{\"@type\":\"ListItem\",\"position\":1,\"name\":\"Portada\",\"item\":\"https:\\\/\\\/billaresrar.es\\\/\"},{\"@type\":\"ListItem\",\"position\":2,\"name\":\"Tienda\",\"item\":\"https:\\\/\\\/billaresrar.es\\\/tienda-billares-rar\\\/\"},{\"@type\":\"ListItem\",\"position\":3,\"name\":\"Taco Cobra billar americano\"}]},{\"@type\":\"WebSite\",\"@id\":\"https:\\\/\\\/billaresrar.es\\\/#website\",\"url\":\"https:\\\/\\\/billaresrar.es\\\/\",\"name\":\"RAR Billares\",\"description\":\"Nos dedicamos a la restauraci\u00f3n, personalizaci\u00f3n, compraventa e instalaci\u00f3n de mesas de billar.\",\"publisher\":{\"@id\":\"https:\\\/\\\/billaresrar.es\\\/#\\\/schema\\\/person\\\/58bf20f74847ad0e156049ad50e1cc19\"},\"potentialAction\":[{\"@type\":\"SearchAction\",\"target\":{\"@type\":\"EntryPoint\",\"urlTemplate\":\"https:\\\/\\\/billaresrar.es\\\/?s={search_term_string}\"},\"query-input\":{\"@type\":\"PropertyValueSpecification\",\"valueRequired\":true,\"valueName\":\"search_term_string\"}}],\"inLanguage\":\"en-US\"},{\"@type\":[\"Person\",\"Organization\"],\"@id\":\"https:\\\/\\\/billaresrar.es\\\/#\\\/schema\\\/person\\\/58bf20f74847ad0e156049ad50e1cc19\",\"name\":\"Ren\u00e9\",\"image\":{\"@type\":\"ImageObject\",\"inLanguage\":\"en-US\",\"@id\":\"https:\\\/\\\/i0.wp.com\\\/billaresrar.es\\\/wp-content\\\/uploads\\\/2024\\\/12\\\/definitivo-RAR.webp?fit=1920%2C1147&ssl=1\",\"url\":\"https:\\\/\\\/i0.wp.com\\\/billaresrar.es\\\/wp-content\\\/uploads\\\/2024\\\/12\\\/definitivo-RAR.webp?fit=1920%2C1147&ssl=1\",\"contentUrl\":\"https:\\\/\\\/i0.wp.com\\\/billaresrar.es\\\/wp-content\\\/uploads\\\/2024\\\/12\\\/definitivo-RAR.webp?fit=1920%2C1147&ssl=1\",\"width\":1920,\"height\":1147,\"caption\":\"Ren\u00e9\"},\"logo\":{\"@id\":\"https:\\\/\\\/i0.wp.com\\\/billaresrar.es\\\/wp-content\\\/uploads\\\/2024\\\/12\\\/definitivo-RAR.webp?fit=1920%2C1147&ssl=1\"}}]}<\/script>\n<meta property=\"product:price:amount\" content=\"78.00\" \/>\n<meta property=\"product:price:currency\" content=\"EUR\" \/>\n<meta property=\"og:availability\" content=\"instock\" \/>\n<meta property=\"product:availability\" content=\"instock\" \/>\n<meta property=\"product:condition\" content=\"new\" \/>\n<!-- \/ Yoast SEO plugin. -->","yoast_head_json":{"title":"Taco Cobra billar americano - RAR Billares online shop","description":"aco de billar americano Cobra, fabricado en madera de Maple, una buena elecci\u00f3n si estas dando tus primeros pasos en el mundo del billar americano.","robots":{"index":"index","follow":"follow","max-snippet":"max-snippet:-1","max-image-preview":"max-image-preview:large","max-video-preview":"max-video-preview:-1"},"canonical":"https:\/\/billaresrar.es\/en\/product\/taco-cobra-billar-americano\/","og_locale":"en_US","og_type":"article","og_title":"Taco Cobra billar americano - RAR Billares online shop","og_description":"aco de billar americano Cobra, fabricado en madera de Maple, una buena elecci\u00f3n si estas dando tus primeros pasos en el mundo del billar americano.","og_url":"https:\/\/billaresrar.es\/en\/product\/taco-cobra-billar-americano\/","og_site_name":"RAR Billares online shop","og_image":[{"width":1000,"height":1000,"url":"https:\/\/i0.wp.com\/billaresrar.es\/wp-content\/uploads\/2025\/05\/Taco-stteca-cobra-13mm.19oz.webp?fit=1000%2C1000&ssl=1","type":"image\/webp"}],"twitter_card":"summary_large_image","twitter_misc":{"Price":"78,00&nbsp;&euro;","Availability":"In stock"},"schema":{"@context":"https:\/\/schema.org","@graph":[{"@type":"WebPage","@id":"https:\/\/billaresrar.es\/producto\/taco-cobra-billar-americano\/","url":"https:\/\/billaresrar.es\/producto\/taco-cobra-billar-americano\/","name":"Taco Cobra billar americano - RAR Billares online shop","isPartOf":{"@id":"https:\/\/billaresrar.es\/#website"},"primaryImageOfPage":{"@id":"https:\/\/billaresrar.es\/producto\/taco-cobra-billar-americano\/#primaryimage"},"image":{"@id":"https:\/\/billaresrar.es\/producto\/taco-cobra-billar-americano\/#primaryimage"},"thumbnailUrl":"https:\/\/i0.wp.com\/billaresrar.es\/wp-content\/uploads\/2025\/05\/Taco-stteca-cobra-13mm.19oz.webp?fit=1000%2C1000&ssl=1","datePublished":"2025-05-06T06:48:35+00:00","description":"aco de billar americano Cobra, fabricado en madera de Maple, una buena elecci\u00f3n si estas dando tus primeros pasos en el mundo del billar americano.","breadcrumb":{"@id":"https:\/\/billaresrar.es\/producto\/taco-cobra-billar-americano\/#breadcrumb"},"inLanguage":"en-US","potentialAction":[{"@type":"ReadAction","target":["https:\/\/billaresrar.es\/producto\/taco-cobra-billar-americano\/"]}]},{"@type":"ImageObject","inLanguage":"en-US","@id":"https:\/\/billaresrar.es\/producto\/taco-cobra-billar-americano\/#primaryimage","url":"https:\/\/i0.wp.com\/billaresrar.es\/wp-content\/uploads\/2025\/05\/Taco-stteca-cobra-13mm.19oz.webp?fit=1000%2C1000&ssl=1","contentUrl":"https:\/\/i0.wp.com\/billaresrar.es\/wp-content\/uploads\/2025\/05\/Taco-stteca-cobra-13mm.19oz.webp?fit=1000%2C1000&ssl=1","width":1000,"height":1000,"caption":"Taco cobra de billar americano"},{"@type":"BreadcrumbList","@id":"https:\/\/billaresrar.es\/producto\/taco-cobra-billar-americano\/#breadcrumb","itemListElement":[{"@type":"ListItem","position":1,"name":"Portada","item":"https:\/\/billaresrar.es\/"},{"@type":"ListItem","position":2,"name":"Tienda","item":"https:\/\/billaresrar.es\/tienda-billares-rar\/"},{"@type":"ListItem","position":3,"name":"Taco Cobra billar americano"}]},{"@type":"WebSite","@id":"https:\/\/billaresrar.es\/#website","url":"https:\/\/billaresrar.es\/","name":"RAR Billares","description":"Nos dedicamos a la restauraci\u00f3n, personalizaci\u00f3n, compraventa e instalaci\u00f3n de mesas de billar.","publisher":{"@id":"https:\/\/billaresrar.es\/#\/schema\/person\/58bf20f74847ad0e156049ad50e1cc19"},"potentialAction":[{"@type":"SearchAction","target":{"@type":"EntryPoint","urlTemplate":"https:\/\/billaresrar.es\/?s={search_term_string}"},"query-input":{"@type":"PropertyValueSpecification","valueRequired":true,"valueName":"search_term_string"}}],"inLanguage":"en-US"},{"@type":["Person","Organization"],"@id":"https:\/\/billaresrar.es\/#\/schema\/person\/58bf20f74847ad0e156049ad50e1cc19","name":"Ren\u00e9","image":{"@type":"ImageObject","inLanguage":"en-US","@id":"https:\/\/i0.wp.com\/billaresrar.es\/wp-content\/uploads\/2024\/12\/definitivo-RAR.webp?fit=1920%2C1147&ssl=1","url":"https:\/\/i0.wp.com\/billaresrar.es\/wp-content\/uploads\/2024\/12\/definitivo-RAR.webp?fit=1920%2C1147&ssl=1","contentUrl":"https:\/\/i0.wp.com\/billaresrar.es\/wp-content\/uploads\/2024\/12\/definitivo-RAR.webp?fit=1920%2C1147&ssl=1","width":1920,"height":1147,"caption":"Ren\u00e9"},"logo":{"@id":"https:\/\/i0.wp.com\/billaresrar.es\/wp-content\/uploads\/2024\/12\/definitivo-RAR.webp?fit=1920%2C1147&ssl=1"}}]},"product_price_amount":"78.00","product_price_currency":"EUR","og_availability":"instock","product_availability":"instock","product_condition":"new"},"jetpack_publicize_connections":[],"jetpack_sharing_enabled":true,"jetpack_likes_enabled":true,"jetpack-related-posts":[],"_links":{"self":[{"href":"https:\/\/billaresrar.es\/en\/wp-json\/wp\/v2\/product\/1687","targetHints":{"allow":["GET"]}}],"collection":[{"href":"https:\/\/billaresrar.es\/en\/wp-json\/wp\/v2\/product"}],"about":[{"href":"https:\/\/billaresrar.es\/en\/wp-json\/wp\/v2\/types\/product"}],"version-history":[{"count":0,"href":"https:\/\/billaresrar.es\/en\/wp-json\/wp\/v2\/product\/1687\/revisions"}],"wp:featuredmedia":[{"embeddable":true,"href":"https:\/\/billaresrar.es\/en\/wp-json\/wp\/v2\/media\/1688"}],"wp:attachment":[{"href":"https:\/\/billaresrar.es\/en\/wp-json\/wp\/v2\/media?parent=1687"}],"wp:term":[{"taxonomy":"product_brand","embeddable":true,"href":"https:\/\/billaresrar.es\/en\/wp-json\/wp\/v2\/product_brand?post=1687"},{"taxonomy":"product_cat","embeddable":true,"href":"https:\/\/billaresrar.es\/en\/wp-json\/wp\/v2\/product_cat?post=1687"},{"taxonomy":"product_tag","embeddable":true,"href":"https:\/\/billaresrar.es\/en\/wp-json\/wp\/v2\/product_tag?post=1687"}],"curies":[{"name":"wp","href":"https:\/\/api.w.org\/{rel}","templated":true}]}}