{"id":1655,"date":"2025-03-28T00:01:00","date_gmt":"2025-03-27T23:01:00","guid":{"rendered":"https:\/\/darkslateblue-salmon-136783.hostingersite.com\/?post_type=product&#038;p=1655"},"modified":"2025-09-23T23:12:53","modified_gmt":"2025-09-23T21:12:53","slug":"mesa-de-billar-rb-rome","status":"publish","type":"product","link":"https:\/\/billaresrar.es\/en\/product\/mesa-de-billar-rb-rome\/","title":{"rendered":"Mesa de billar RB \u00abRome\u00bb"},"content":{"rendered":"<p>Billar Rome<br \/>\nDimensiones de la mesa:\u00a0213,5 x 117 x 81,5 cm. Dimensiones del campo de juego:<br \/>\n190,5 x\u00a094 cm. Material del campo 18mm PB con superficie de lana.<br \/>\nAmortiguador campo fabricado en goma\/caucho. Esquinas acero cromado con<br \/>\ntronera\u00a0en PP. Patas en MDF.<br \/>\nIncluye:<br \/>\n2 palos de billar 144,8cm; 1 set bolas billar completo 5,71cm; 1 tri\u00e1ngulo y<br \/>\n2 tizas.<br \/>\nRETORNO AUTOMATICO<\/p>\n<p>Tiene un buen rebote<\/p>\n<p>Una de las mejores mesa de billar americano, por su terminaciones y calidad<\/p>","protected":false},"excerpt":{"rendered":"<p><span style=\"color: #ff9900;\"><strong>Billar RB Rome.<\/strong><\/span><\/p>\n<p>Mesa de 6 pies.<br \/>\nDimensiones de la mesa:\u00a0213,5 x 117 x 81,5 cm. Dimensiones del campo de juego:<br \/>\n190,5 x\u00a094 cm. Material del campo 18mm PB con superficie de lana.<br \/>\nAmortiguador campo fabricado en goma\/caucho. Esquinas acero cromado con<br \/>\ntronera\u00a0en PP. Patas en MDF.<br \/>\nIncluye:<br \/>\n2 palos de billar 144,8cm; 1 set bolas billar completo 5,71cm; 1 tri\u00e1ngulo y<br \/>\n2 tizas.<br \/>\nRETORNO AUTOMATICO<\/p>\n<p>Tiene un buen rebote<\/p>\n<p>Una de las mejores mesa de billar americano, por su terminaciones y calidad con unas dimensiones reducidas.<\/p>\n<p><span style=\"color: #ff9900;\">Transporte y montaje dentro de Madrid capital\u00a0 120\u20ac.<\/span><\/p>\n<p>Entrega en 15-30 dias.<\/p>","protected":false},"featured_media":1656,"template":"","meta":{"jetpack_publicize_message":"","jetpack_publicize_feature_enabled":true,"jetpack_social_post_already_shared":true,"jetpack_social_options":{"image_generator_settings":{"template":"highway","default_image_id":0,"font":"","enabled":false},"version":2}},"product_brand":[],"product_cat":[408,25,24,37],"product_tag":[163,160,161,162],"class_list":{"0":"post-1655","1":"product","2":"type-product","3":"status-publish","4":"has-post-thumbnail","6":"product_cat-mesas-de-billar","7":"product_cat-mesas-de-billar-americano","8":"product_cat-mesas-de-juego","9":"product_cat-mundo-billar","10":"product_tag-billar-economico","11":"product_tag-mesa-de-6-pies","12":"product_tag-mesa-economica-de-billar-americano","13":"product_tag-rar-billares-modelo-rome","15":"first","16":"onbackorder","17":"taxable","18":"shipping-taxable","19":"purchasable","20":"product-type-simple"},"yoast_head":"<!-- This site is optimized with the Yoast SEO plugin v27.5 - https:\/\/yoast.com\/product\/yoast-seo-wordpress\/ -->\n<title>Mesa de billar RB &quot;Rome&quot; - RAR Billares online shop<\/title>\n<meta name=\"description\" content=\"Billar RomeDimensiones de la mesa:\u00a0213,5 x 117 x 81,5 cm. Dimensiones del campo de juego:190,5 x\u00a094 cm. Material del campo 18mm PB con superficie de lana.\" \/>\n<meta name=\"robots\" content=\"index, follow, max-snippet:-1, max-image-preview:large, max-video-preview:-1\" \/>\n<link rel=\"canonical\" href=\"https:\/\/billaresrar.es\/en\/product\/mesa-de-billar-rb-rome\/\" \/>\n<meta property=\"og:locale\" content=\"en_US\" \/>\n<meta property=\"og:type\" content=\"article\" \/>\n<meta property=\"og:title\" content=\"Mesa de billar RB &quot;Rome&quot; - RAR Billares online shop\" \/>\n<meta property=\"og:description\" content=\"Billar RomeDimensiones de la mesa:\u00a0213,5 x 117 x 81,5 cm. Dimensiones del campo de juego:190,5 x\u00a094 cm. Material del campo 18mm PB con superficie de lana.\" \/>\n<meta property=\"og:url\" content=\"https:\/\/billaresrar.es\/en\/product\/mesa-de-billar-rb-rome\/\" \/>\n<meta property=\"og:site_name\" content=\"RAR Billares online shop\" \/>\n<meta property=\"article:modified_time\" content=\"2025-09-23T21:12:53+00:00\" \/>\n<meta property=\"og:image\" content=\"https:\/\/billaresrar.es\/wp-content\/uploads\/2025\/03\/product_thumb29.webp\" \/>\n\t<meta property=\"og:image:width\" content=\"400\" \/>\n\t<meta property=\"og:image:height\" content=\"241\" \/>\n\t<meta property=\"og:image:type\" content=\"image\/webp\" \/>\n<meta name=\"twitter:card\" content=\"summary_large_image\" \/>\n<meta name=\"twitter:label1\" content=\"Price\" \/>\n\t<meta name=\"twitter:data1\" content=\"890,00&nbsp;&euro;\" \/>\n\t<meta name=\"twitter:label2\" content=\"Availability\" \/>\n\t<meta name=\"twitter:data2\" content=\"On backorder\" \/>\n<script type=\"application\/ld+json\" class=\"yoast-schema-graph\">{\"@context\":\"https:\\\/\\\/schema.org\",\"@graph\":[{\"@type\":\"WebPage\",\"@id\":\"https:\\\/\\\/billaresrar.es\\\/producto\\\/mesa-de-billar-rb-rome\\\/\",\"url\":\"https:\\\/\\\/billaresrar.es\\\/producto\\\/mesa-de-billar-rb-rome\\\/\",\"name\":\"Mesa de billar RB \\\"Rome\\\" - RAR Billares online shop\",\"isPartOf\":{\"@id\":\"https:\\\/\\\/billaresrar.es\\\/#website\"},\"primaryImageOfPage\":{\"@id\":\"https:\\\/\\\/billaresrar.es\\\/producto\\\/mesa-de-billar-rb-rome\\\/#primaryimage\"},\"image\":{\"@id\":\"https:\\\/\\\/billaresrar.es\\\/producto\\\/mesa-de-billar-rb-rome\\\/#primaryimage\"},\"thumbnailUrl\":\"https:\\\/\\\/i0.wp.com\\\/billaresrar.es\\\/wp-content\\\/uploads\\\/2025\\\/03\\\/product_thumb29.webp?fit=400%2C241&ssl=1\",\"datePublished\":\"2025-03-27T23:01:00+00:00\",\"dateModified\":\"2025-09-23T21:12:53+00:00\",\"description\":\"Billar RomeDimensiones de la mesa:\u00a0213,5 x 117 x 81,5 cm. Dimensiones del campo de juego:190,5 x\u00a094 cm. Material del campo 18mm PB con superficie de lana.\",\"breadcrumb\":{\"@id\":\"https:\\\/\\\/billaresrar.es\\\/producto\\\/mesa-de-billar-rb-rome\\\/#breadcrumb\"},\"inLanguage\":\"en-US\",\"potentialAction\":[{\"@type\":\"ReadAction\",\"target\":[\"https:\\\/\\\/billaresrar.es\\\/producto\\\/mesa-de-billar-rb-rome\\\/\"]}]},{\"@type\":\"ImageObject\",\"inLanguage\":\"en-US\",\"@id\":\"https:\\\/\\\/billaresrar.es\\\/producto\\\/mesa-de-billar-rb-rome\\\/#primaryimage\",\"url\":\"https:\\\/\\\/i0.wp.com\\\/billaresrar.es\\\/wp-content\\\/uploads\\\/2025\\\/03\\\/product_thumb29.webp?fit=400%2C241&ssl=1\",\"contentUrl\":\"https:\\\/\\\/i0.wp.com\\\/billaresrar.es\\\/wp-content\\\/uploads\\\/2025\\\/03\\\/product_thumb29.webp?fit=400%2C241&ssl=1\",\"width\":400,\"height\":241,\"caption\":\"RAR Billares- modelo Rome\"},{\"@type\":\"BreadcrumbList\",\"@id\":\"https:\\\/\\\/billaresrar.es\\\/producto\\\/mesa-de-billar-rb-rome\\\/#breadcrumb\",\"itemListElement\":[{\"@type\":\"ListItem\",\"position\":1,\"name\":\"Portada\",\"item\":\"https:\\\/\\\/billaresrar.es\\\/\"},{\"@type\":\"ListItem\",\"position\":2,\"name\":\"Tienda\",\"item\":\"https:\\\/\\\/billaresrar.es\\\/tienda-billares-rar\\\/\"},{\"@type\":\"ListItem\",\"position\":3,\"name\":\"Mesa de billar RB \u00abRome\u00bb\"}]},{\"@type\":\"WebSite\",\"@id\":\"https:\\\/\\\/billaresrar.es\\\/#website\",\"url\":\"https:\\\/\\\/billaresrar.es\\\/\",\"name\":\"RAR Billares\",\"description\":\"Nos dedicamos a la restauraci\u00f3n, personalizaci\u00f3n, compraventa e instalaci\u00f3n de mesas de billar.\",\"publisher\":{\"@id\":\"https:\\\/\\\/billaresrar.es\\\/#\\\/schema\\\/person\\\/58bf20f74847ad0e156049ad50e1cc19\"},\"potentialAction\":[{\"@type\":\"SearchAction\",\"target\":{\"@type\":\"EntryPoint\",\"urlTemplate\":\"https:\\\/\\\/billaresrar.es\\\/?s={search_term_string}\"},\"query-input\":{\"@type\":\"PropertyValueSpecification\",\"valueRequired\":true,\"valueName\":\"search_term_string\"}}],\"inLanguage\":\"en-US\"},{\"@type\":[\"Person\",\"Organization\"],\"@id\":\"https:\\\/\\\/billaresrar.es\\\/#\\\/schema\\\/person\\\/58bf20f74847ad0e156049ad50e1cc19\",\"name\":\"Ren\u00e9\",\"image\":{\"@type\":\"ImageObject\",\"inLanguage\":\"en-US\",\"@id\":\"https:\\\/\\\/i0.wp.com\\\/billaresrar.es\\\/wp-content\\\/uploads\\\/2024\\\/12\\\/definitivo-RAR.webp?fit=1920%2C1147&ssl=1\",\"url\":\"https:\\\/\\\/i0.wp.com\\\/billaresrar.es\\\/wp-content\\\/uploads\\\/2024\\\/12\\\/definitivo-RAR.webp?fit=1920%2C1147&ssl=1\",\"contentUrl\":\"https:\\\/\\\/i0.wp.com\\\/billaresrar.es\\\/wp-content\\\/uploads\\\/2024\\\/12\\\/definitivo-RAR.webp?fit=1920%2C1147&ssl=1\",\"width\":1920,\"height\":1147,\"caption\":\"Ren\u00e9\"},\"logo\":{\"@id\":\"https:\\\/\\\/i0.wp.com\\\/billaresrar.es\\\/wp-content\\\/uploads\\\/2024\\\/12\\\/definitivo-RAR.webp?fit=1920%2C1147&ssl=1\"}}]}<\/script>\n<meta property=\"product:price:amount\" content=\"890.00\" \/>\n<meta property=\"product:price:currency\" content=\"EUR\" \/>\n<meta property=\"og:availability\" content=\"backorder\" \/>\n<meta property=\"product:availability\" content=\"available for order\" \/>\n<meta property=\"product:condition\" content=\"new\" \/>\n<!-- \/ Yoast SEO plugin. -->","yoast_head_json":{"title":"Mesa de billar RB \"Rome\" - RAR Billares online shop","description":"Billar RomeDimensiones de la mesa:\u00a0213,5 x 117 x 81,5 cm. Dimensiones del campo de juego:190,5 x\u00a094 cm. Material del campo 18mm PB con superficie de lana.","robots":{"index":"index","follow":"follow","max-snippet":"max-snippet:-1","max-image-preview":"max-image-preview:large","max-video-preview":"max-video-preview:-1"},"canonical":"https:\/\/billaresrar.es\/en\/product\/mesa-de-billar-rb-rome\/","og_locale":"en_US","og_type":"article","og_title":"Mesa de billar RB \"Rome\" - RAR Billares online shop","og_description":"Billar RomeDimensiones de la mesa:\u00a0213,5 x 117 x 81,5 cm. Dimensiones del campo de juego:190,5 x\u00a094 cm. Material del campo 18mm PB con superficie de lana.","og_url":"https:\/\/billaresrar.es\/en\/product\/mesa-de-billar-rb-rome\/","og_site_name":"RAR Billares online shop","article_modified_time":"2025-09-23T21:12:53+00:00","og_image":[{"width":400,"height":241,"url":"https:\/\/billaresrar.es\/wp-content\/uploads\/2025\/03\/product_thumb29.webp","type":"image\/webp"}],"twitter_card":"summary_large_image","twitter_misc":{"Price":"890,00&nbsp;&euro;","Availability":"On backorder"},"schema":{"@context":"https:\/\/schema.org","@graph":[{"@type":"WebPage","@id":"https:\/\/billaresrar.es\/producto\/mesa-de-billar-rb-rome\/","url":"https:\/\/billaresrar.es\/producto\/mesa-de-billar-rb-rome\/","name":"Mesa de billar RB \"Rome\" - RAR Billares online shop","isPartOf":{"@id":"https:\/\/billaresrar.es\/#website"},"primaryImageOfPage":{"@id":"https:\/\/billaresrar.es\/producto\/mesa-de-billar-rb-rome\/#primaryimage"},"image":{"@id":"https:\/\/billaresrar.es\/producto\/mesa-de-billar-rb-rome\/#primaryimage"},"thumbnailUrl":"https:\/\/i0.wp.com\/billaresrar.es\/wp-content\/uploads\/2025\/03\/product_thumb29.webp?fit=400%2C241&ssl=1","datePublished":"2025-03-27T23:01:00+00:00","dateModified":"2025-09-23T21:12:53+00:00","description":"Billar RomeDimensiones de la mesa:\u00a0213,5 x 117 x 81,5 cm. Dimensiones del campo de juego:190,5 x\u00a094 cm. Material del campo 18mm PB con superficie de lana.","breadcrumb":{"@id":"https:\/\/billaresrar.es\/producto\/mesa-de-billar-rb-rome\/#breadcrumb"},"inLanguage":"en-US","potentialAction":[{"@type":"ReadAction","target":["https:\/\/billaresrar.es\/producto\/mesa-de-billar-rb-rome\/"]}]},{"@type":"ImageObject","inLanguage":"en-US","@id":"https:\/\/billaresrar.es\/producto\/mesa-de-billar-rb-rome\/#primaryimage","url":"https:\/\/i0.wp.com\/billaresrar.es\/wp-content\/uploads\/2025\/03\/product_thumb29.webp?fit=400%2C241&ssl=1","contentUrl":"https:\/\/i0.wp.com\/billaresrar.es\/wp-content\/uploads\/2025\/03\/product_thumb29.webp?fit=400%2C241&ssl=1","width":400,"height":241,"caption":"RAR Billares- modelo Rome"},{"@type":"BreadcrumbList","@id":"https:\/\/billaresrar.es\/producto\/mesa-de-billar-rb-rome\/#breadcrumb","itemListElement":[{"@type":"ListItem","position":1,"name":"Portada","item":"https:\/\/billaresrar.es\/"},{"@type":"ListItem","position":2,"name":"Tienda","item":"https:\/\/billaresrar.es\/tienda-billares-rar\/"},{"@type":"ListItem","position":3,"name":"Mesa de billar RB \u00abRome\u00bb"}]},{"@type":"WebSite","@id":"https:\/\/billaresrar.es\/#website","url":"https:\/\/billaresrar.es\/","name":"RAR Billares","description":"Nos dedicamos a la restauraci\u00f3n, personalizaci\u00f3n, compraventa e instalaci\u00f3n de mesas de billar.","publisher":{"@id":"https:\/\/billaresrar.es\/#\/schema\/person\/58bf20f74847ad0e156049ad50e1cc19"},"potentialAction":[{"@type":"SearchAction","target":{"@type":"EntryPoint","urlTemplate":"https:\/\/billaresrar.es\/?s={search_term_string}"},"query-input":{"@type":"PropertyValueSpecification","valueRequired":true,"valueName":"search_term_string"}}],"inLanguage":"en-US"},{"@type":["Person","Organization"],"@id":"https:\/\/billaresrar.es\/#\/schema\/person\/58bf20f74847ad0e156049ad50e1cc19","name":"Ren\u00e9","image":{"@type":"ImageObject","inLanguage":"en-US","@id":"https:\/\/i0.wp.com\/billaresrar.es\/wp-content\/uploads\/2024\/12\/definitivo-RAR.webp?fit=1920%2C1147&ssl=1","url":"https:\/\/i0.wp.com\/billaresrar.es\/wp-content\/uploads\/2024\/12\/definitivo-RAR.webp?fit=1920%2C1147&ssl=1","contentUrl":"https:\/\/i0.wp.com\/billaresrar.es\/wp-content\/uploads\/2024\/12\/definitivo-RAR.webp?fit=1920%2C1147&ssl=1","width":1920,"height":1147,"caption":"Ren\u00e9"},"logo":{"@id":"https:\/\/i0.wp.com\/billaresrar.es\/wp-content\/uploads\/2024\/12\/definitivo-RAR.webp?fit=1920%2C1147&ssl=1"}}]},"product_price_amount":"890.00","product_price_currency":"EUR","og_availability":"backorder","product_availability":"available for order","product_condition":"new"},"jetpack_publicize_connections":[],"jetpack_sharing_enabled":true,"jetpack_likes_enabled":true,"jetpack-related-posts":[],"_links":{"self":[{"href":"https:\/\/billaresrar.es\/en\/wp-json\/wp\/v2\/product\/1655","targetHints":{"allow":["GET"]}}],"collection":[{"href":"https:\/\/billaresrar.es\/en\/wp-json\/wp\/v2\/product"}],"about":[{"href":"https:\/\/billaresrar.es\/en\/wp-json\/wp\/v2\/types\/product"}],"version-history":[{"count":1,"href":"https:\/\/billaresrar.es\/en\/wp-json\/wp\/v2\/product\/1655\/revisions"}],"predecessor-version":[{"id":3223,"href":"https:\/\/billaresrar.es\/en\/wp-json\/wp\/v2\/product\/1655\/revisions\/3223"}],"wp:featuredmedia":[{"embeddable":true,"href":"https:\/\/billaresrar.es\/en\/wp-json\/wp\/v2\/media\/1656"}],"wp:attachment":[{"href":"https:\/\/billaresrar.es\/en\/wp-json\/wp\/v2\/media?parent=1655"}],"wp:term":[{"taxonomy":"product_brand","embeddable":true,"href":"https:\/\/billaresrar.es\/en\/wp-json\/wp\/v2\/product_brand?post=1655"},{"taxonomy":"product_cat","embeddable":true,"href":"https:\/\/billaresrar.es\/en\/wp-json\/wp\/v2\/product_cat?post=1655"},{"taxonomy":"product_tag","embeddable":true,"href":"https:\/\/billaresrar.es\/en\/wp-json\/wp\/v2\/product_tag?post=1655"}],"curies":[{"name":"wp","href":"https:\/\/api.w.org\/{rel}","templated":true}]}}