{"id":1519,"date":"2025-02-16T12:52:06","date_gmt":"2025-02-16T11:52:06","guid":{"rendered":"https:\/\/darkslateblue-salmon-136783.hostingersite.com\/?post_type=product&#038;p=1519"},"modified":"2025-08-08T14:02:01","modified_gmt":"2025-08-08T12:02:01","slug":"pano-rb-075","status":"publish","type":"product","link":"https:\/\/billaresrar.es\/en\/product\/pano-rb-075\/","title":{"rendered":"Pa\u00f1o RB 075"},"content":{"rendered":"<p>Pa\u00f1o RB 075 es un pa\u00f1o con una excelente relaci\u00f3n calidad-precio. Con alta resistencia por su composici\u00f3n de fibra sint\u00e9tica y lana.<\/p>\n<p>Disponible en una amplia gama de colores el pa\u00f1o RB 075 es la mejor opci\u00f3n si quieres tapizar tu mesa.<\/p>","protected":false},"excerpt":{"rendered":"<p>Pa\u00f1o RB 075 es un pa\u00f1o con una excelente relaci\u00f3n calidad-precio.<\/p>\n<p>Con alta resistencia por su composici\u00f3n de fibra sint\u00e9tica y lana.<\/p>\n<p>Disponible en una amplia gama de colores el pa\u00f1o RB 075 es la mejor opci\u00f3n si quieres tapizar tu mesa.<\/p>\n<p>Precio corte de 7 pies.<\/p>","protected":false},"featured_media":1520,"template":"","meta":{"jetpack_publicize_message":"","jetpack_publicize_feature_enabled":true,"jetpack_social_post_already_shared":true,"jetpack_social_options":{"image_generator_settings":{"template":"highway","default_image_id":0,"font":"","enabled":false},"version":2}},"product_brand":[],"product_cat":[37,409,151,55],"product_tag":[153,152,154],"class_list":{"0":"post-1519","1":"product","2":"type-product","3":"status-publish","4":"has-post-thumbnail","6":"product_cat-mundo-billar","7":"product_cat-panos-billar","8":"product_cat-carambola-panos","9":"product_cat-pool-panos","10":"product_tag-pano-de-carambolas-rb-075","11":"product_tag-pano-de-pool-rb-075","12":"product_tag-pano-economico-rb-075","14":"first","15":"instock","16":"taxable","17":"shipping-taxable","18":"purchasable","19":"product-type-simple"},"yoast_head":"<!-- This site is optimized with the Yoast SEO plugin v27.5 - https:\/\/yoast.com\/product\/yoast-seo-wordpress\/ -->\n<title>Pa\u00f1o RB 075 - RAR Billares online shop<\/title>\n<meta name=\"description\" content=\"Pa\u00f1o RB 075 tiene una excelente relaci\u00f3n calidad-precio. Con alta resistencia por su composici\u00f3n de fibra sint\u00e9tica y lana. Amplia paleta de colores\" \/>\n<meta name=\"robots\" content=\"index, follow, max-snippet:-1, max-image-preview:large, max-video-preview:-1\" \/>\n<link rel=\"canonical\" href=\"https:\/\/billaresrar.es\/en\/product\/pano-rb-075\/\" \/>\n<meta property=\"og:locale\" content=\"en_US\" \/>\n<meta property=\"og:type\" content=\"article\" \/>\n<meta property=\"og:title\" content=\"Pa\u00f1o RB 075 - RAR Billares online shop\" \/>\n<meta property=\"og:description\" content=\"Pa\u00f1o RB 075 tiene una excelente relaci\u00f3n calidad-precio. Con alta resistencia por su composici\u00f3n de fibra sint\u00e9tica y lana. Amplia paleta de colores\" \/>\n<meta property=\"og:url\" content=\"https:\/\/billaresrar.es\/en\/product\/pano-rb-075\/\" \/>\n<meta property=\"og:site_name\" content=\"RAR Billares online shop\" \/>\n<meta property=\"article:modified_time\" content=\"2025-08-08T12:02:01+00:00\" \/>\n<meta property=\"og:image\" content=\"https:\/\/i0.wp.com\/billaresrar.es\/wp-content\/uploads\/2025\/02\/IMG_20241126_123045.webp?fit=886%2C1172&ssl=1\" \/>\n\t<meta property=\"og:image:width\" content=\"886\" \/>\n\t<meta property=\"og:image:height\" content=\"1172\" \/>\n\t<meta property=\"og:image:type\" content=\"image\/webp\" \/>\n<meta name=\"twitter:card\" content=\"summary_large_image\" \/>\n<meta name=\"twitter:label1\" content=\"Price\" \/>\n\t<meta name=\"twitter:data1\" content=\"145,00&nbsp;&euro;\" \/>\n\t<meta name=\"twitter:label2\" content=\"Availability\" \/>\n\t<meta name=\"twitter:data2\" content=\"In stock\" \/>\n<script type=\"application\/ld+json\" class=\"yoast-schema-graph\">{\"@context\":\"https:\\\/\\\/schema.org\",\"@graph\":[{\"@type\":\"WebPage\",\"@id\":\"https:\\\/\\\/billaresrar.es\\\/producto\\\/pano-rb-075\\\/\",\"url\":\"https:\\\/\\\/billaresrar.es\\\/producto\\\/pano-rb-075\\\/\",\"name\":\"Pa\u00f1o RB 075 - RAR Billares online shop\",\"isPartOf\":{\"@id\":\"https:\\\/\\\/billaresrar.es\\\/#website\"},\"primaryImageOfPage\":{\"@id\":\"https:\\\/\\\/billaresrar.es\\\/producto\\\/pano-rb-075\\\/#primaryimage\"},\"image\":{\"@id\":\"https:\\\/\\\/billaresrar.es\\\/producto\\\/pano-rb-075\\\/#primaryimage\"},\"thumbnailUrl\":\"https:\\\/\\\/i0.wp.com\\\/billaresrar.es\\\/wp-content\\\/uploads\\\/2025\\\/02\\\/IMG_20241126_123045.webp?fit=886%2C1172&ssl=1\",\"datePublished\":\"2025-02-16T11:52:06+00:00\",\"dateModified\":\"2025-08-08T12:02:01+00:00\",\"description\":\"Pa\u00f1o RB 075 tiene una excelente relaci\u00f3n calidad-precio. Con alta resistencia por su composici\u00f3n de fibra sint\u00e9tica y lana. Amplia paleta de colores\",\"breadcrumb\":{\"@id\":\"https:\\\/\\\/billaresrar.es\\\/producto\\\/pano-rb-075\\\/#breadcrumb\"},\"inLanguage\":\"en-US\",\"potentialAction\":[{\"@type\":\"ReadAction\",\"target\":[\"https:\\\/\\\/billaresrar.es\\\/producto\\\/pano-rb-075\\\/\"]}]},{\"@type\":\"ImageObject\",\"inLanguage\":\"en-US\",\"@id\":\"https:\\\/\\\/billaresrar.es\\\/producto\\\/pano-rb-075\\\/#primaryimage\",\"url\":\"https:\\\/\\\/i0.wp.com\\\/billaresrar.es\\\/wp-content\\\/uploads\\\/2025\\\/02\\\/IMG_20241126_123045.webp?fit=886%2C1172&ssl=1\",\"contentUrl\":\"https:\\\/\\\/i0.wp.com\\\/billaresrar.es\\\/wp-content\\\/uploads\\\/2025\\\/02\\\/IMG_20241126_123045.webp?fit=886%2C1172&ssl=1\",\"width\":886,\"height\":1172,\"caption\":\"Pa\u00f1o de billar: carambolas, pool\"},{\"@type\":\"BreadcrumbList\",\"@id\":\"https:\\\/\\\/billaresrar.es\\\/producto\\\/pano-rb-075\\\/#breadcrumb\",\"itemListElement\":[{\"@type\":\"ListItem\",\"position\":1,\"name\":\"Portada\",\"item\":\"https:\\\/\\\/billaresrar.es\\\/\"},{\"@type\":\"ListItem\",\"position\":2,\"name\":\"Tienda\",\"item\":\"https:\\\/\\\/billaresrar.es\\\/tienda-billares-rar\\\/\"},{\"@type\":\"ListItem\",\"position\":3,\"name\":\"Pa\u00f1o RB 075\"}]},{\"@type\":\"WebSite\",\"@id\":\"https:\\\/\\\/billaresrar.es\\\/#website\",\"url\":\"https:\\\/\\\/billaresrar.es\\\/\",\"name\":\"RAR Billares\",\"description\":\"Nos dedicamos a la restauraci\u00f3n, personalizaci\u00f3n, compraventa e instalaci\u00f3n de mesas de billar.\",\"publisher\":{\"@id\":\"https:\\\/\\\/billaresrar.es\\\/#\\\/schema\\\/person\\\/58bf20f74847ad0e156049ad50e1cc19\"},\"potentialAction\":[{\"@type\":\"SearchAction\",\"target\":{\"@type\":\"EntryPoint\",\"urlTemplate\":\"https:\\\/\\\/billaresrar.es\\\/?s={search_term_string}\"},\"query-input\":{\"@type\":\"PropertyValueSpecification\",\"valueRequired\":true,\"valueName\":\"search_term_string\"}}],\"inLanguage\":\"en-US\"},{\"@type\":[\"Person\",\"Organization\"],\"@id\":\"https:\\\/\\\/billaresrar.es\\\/#\\\/schema\\\/person\\\/58bf20f74847ad0e156049ad50e1cc19\",\"name\":\"Ren\u00e9\",\"image\":{\"@type\":\"ImageObject\",\"inLanguage\":\"en-US\",\"@id\":\"https:\\\/\\\/i0.wp.com\\\/billaresrar.es\\\/wp-content\\\/uploads\\\/2024\\\/12\\\/definitivo-RAR.webp?fit=1920%2C1147&ssl=1\",\"url\":\"https:\\\/\\\/i0.wp.com\\\/billaresrar.es\\\/wp-content\\\/uploads\\\/2024\\\/12\\\/definitivo-RAR.webp?fit=1920%2C1147&ssl=1\",\"contentUrl\":\"https:\\\/\\\/i0.wp.com\\\/billaresrar.es\\\/wp-content\\\/uploads\\\/2024\\\/12\\\/definitivo-RAR.webp?fit=1920%2C1147&ssl=1\",\"width\":1920,\"height\":1147,\"caption\":\"Ren\u00e9\"},\"logo\":{\"@id\":\"https:\\\/\\\/i0.wp.com\\\/billaresrar.es\\\/wp-content\\\/uploads\\\/2024\\\/12\\\/definitivo-RAR.webp?fit=1920%2C1147&ssl=1\"}}]}<\/script>\n<meta property=\"product:price:amount\" content=\"145.00\" \/>\n<meta property=\"product:price:currency\" content=\"EUR\" \/>\n<meta property=\"og:availability\" content=\"instock\" \/>\n<meta property=\"product:availability\" content=\"instock\" \/>\n<meta property=\"product:condition\" content=\"new\" \/>\n<!-- \/ Yoast SEO plugin. -->","yoast_head_json":{"title":"Pa\u00f1o RB 075 - RAR Billares online shop","description":"Pa\u00f1o RB 075 tiene una excelente relaci\u00f3n calidad-precio. Con alta resistencia por su composici\u00f3n de fibra sint\u00e9tica y lana. Amplia paleta de colores","robots":{"index":"index","follow":"follow","max-snippet":"max-snippet:-1","max-image-preview":"max-image-preview:large","max-video-preview":"max-video-preview:-1"},"canonical":"https:\/\/billaresrar.es\/en\/product\/pano-rb-075\/","og_locale":"en_US","og_type":"article","og_title":"Pa\u00f1o RB 075 - RAR Billares online shop","og_description":"Pa\u00f1o RB 075 tiene una excelente relaci\u00f3n calidad-precio. Con alta resistencia por su composici\u00f3n de fibra sint\u00e9tica y lana. Amplia paleta de colores","og_url":"https:\/\/billaresrar.es\/en\/product\/pano-rb-075\/","og_site_name":"RAR Billares online shop","article_modified_time":"2025-08-08T12:02:01+00:00","og_image":[{"width":886,"height":1172,"url":"https:\/\/i0.wp.com\/billaresrar.es\/wp-content\/uploads\/2025\/02\/IMG_20241126_123045.webp?fit=886%2C1172&ssl=1","type":"image\/webp"}],"twitter_card":"summary_large_image","twitter_misc":{"Price":"145,00&nbsp;&euro;","Availability":"In stock"},"schema":{"@context":"https:\/\/schema.org","@graph":[{"@type":"WebPage","@id":"https:\/\/billaresrar.es\/producto\/pano-rb-075\/","url":"https:\/\/billaresrar.es\/producto\/pano-rb-075\/","name":"Pa\u00f1o RB 075 - RAR Billares online shop","isPartOf":{"@id":"https:\/\/billaresrar.es\/#website"},"primaryImageOfPage":{"@id":"https:\/\/billaresrar.es\/producto\/pano-rb-075\/#primaryimage"},"image":{"@id":"https:\/\/billaresrar.es\/producto\/pano-rb-075\/#primaryimage"},"thumbnailUrl":"https:\/\/i0.wp.com\/billaresrar.es\/wp-content\/uploads\/2025\/02\/IMG_20241126_123045.webp?fit=886%2C1172&ssl=1","datePublished":"2025-02-16T11:52:06+00:00","dateModified":"2025-08-08T12:02:01+00:00","description":"Pa\u00f1o RB 075 tiene una excelente relaci\u00f3n calidad-precio. Con alta resistencia por su composici\u00f3n de fibra sint\u00e9tica y lana. Amplia paleta de colores","breadcrumb":{"@id":"https:\/\/billaresrar.es\/producto\/pano-rb-075\/#breadcrumb"},"inLanguage":"en-US","potentialAction":[{"@type":"ReadAction","target":["https:\/\/billaresrar.es\/producto\/pano-rb-075\/"]}]},{"@type":"ImageObject","inLanguage":"en-US","@id":"https:\/\/billaresrar.es\/producto\/pano-rb-075\/#primaryimage","url":"https:\/\/i0.wp.com\/billaresrar.es\/wp-content\/uploads\/2025\/02\/IMG_20241126_123045.webp?fit=886%2C1172&ssl=1","contentUrl":"https:\/\/i0.wp.com\/billaresrar.es\/wp-content\/uploads\/2025\/02\/IMG_20241126_123045.webp?fit=886%2C1172&ssl=1","width":886,"height":1172,"caption":"Pa\u00f1o de billar: carambolas, pool"},{"@type":"BreadcrumbList","@id":"https:\/\/billaresrar.es\/producto\/pano-rb-075\/#breadcrumb","itemListElement":[{"@type":"ListItem","position":1,"name":"Portada","item":"https:\/\/billaresrar.es\/"},{"@type":"ListItem","position":2,"name":"Tienda","item":"https:\/\/billaresrar.es\/tienda-billares-rar\/"},{"@type":"ListItem","position":3,"name":"Pa\u00f1o RB 075"}]},{"@type":"WebSite","@id":"https:\/\/billaresrar.es\/#website","url":"https:\/\/billaresrar.es\/","name":"RAR Billares","description":"Nos dedicamos a la restauraci\u00f3n, personalizaci\u00f3n, compraventa e instalaci\u00f3n de mesas de billar.","publisher":{"@id":"https:\/\/billaresrar.es\/#\/schema\/person\/58bf20f74847ad0e156049ad50e1cc19"},"potentialAction":[{"@type":"SearchAction","target":{"@type":"EntryPoint","urlTemplate":"https:\/\/billaresrar.es\/?s={search_term_string}"},"query-input":{"@type":"PropertyValueSpecification","valueRequired":true,"valueName":"search_term_string"}}],"inLanguage":"en-US"},{"@type":["Person","Organization"],"@id":"https:\/\/billaresrar.es\/#\/schema\/person\/58bf20f74847ad0e156049ad50e1cc19","name":"Ren\u00e9","image":{"@type":"ImageObject","inLanguage":"en-US","@id":"https:\/\/i0.wp.com\/billaresrar.es\/wp-content\/uploads\/2024\/12\/definitivo-RAR.webp?fit=1920%2C1147&ssl=1","url":"https:\/\/i0.wp.com\/billaresrar.es\/wp-content\/uploads\/2024\/12\/definitivo-RAR.webp?fit=1920%2C1147&ssl=1","contentUrl":"https:\/\/i0.wp.com\/billaresrar.es\/wp-content\/uploads\/2024\/12\/definitivo-RAR.webp?fit=1920%2C1147&ssl=1","width":1920,"height":1147,"caption":"Ren\u00e9"},"logo":{"@id":"https:\/\/i0.wp.com\/billaresrar.es\/wp-content\/uploads\/2024\/12\/definitivo-RAR.webp?fit=1920%2C1147&ssl=1"}}]},"product_price_amount":"145.00","product_price_currency":"EUR","og_availability":"instock","product_availability":"instock","product_condition":"new"},"jetpack_publicize_connections":[],"jetpack_sharing_enabled":true,"jetpack_likes_enabled":true,"jetpack-related-posts":[],"_links":{"self":[{"href":"https:\/\/billaresrar.es\/en\/wp-json\/wp\/v2\/product\/1519","targetHints":{"allow":["GET"]}}],"collection":[{"href":"https:\/\/billaresrar.es\/en\/wp-json\/wp\/v2\/product"}],"about":[{"href":"https:\/\/billaresrar.es\/en\/wp-json\/wp\/v2\/types\/product"}],"version-history":[{"count":0,"href":"https:\/\/billaresrar.es\/en\/wp-json\/wp\/v2\/product\/1519\/revisions"}],"wp:featuredmedia":[{"embeddable":true,"href":"https:\/\/billaresrar.es\/en\/wp-json\/wp\/v2\/media\/1520"}],"wp:attachment":[{"href":"https:\/\/billaresrar.es\/en\/wp-json\/wp\/v2\/media?parent=1519"}],"wp:term":[{"taxonomy":"product_brand","embeddable":true,"href":"https:\/\/billaresrar.es\/en\/wp-json\/wp\/v2\/product_brand?post=1519"},{"taxonomy":"product_cat","embeddable":true,"href":"https:\/\/billaresrar.es\/en\/wp-json\/wp\/v2\/product_cat?post=1519"},{"taxonomy":"product_tag","embeddable":true,"href":"https:\/\/billaresrar.es\/en\/wp-json\/wp\/v2\/product_tag?post=1519"}],"curies":[{"name":"wp","href":"https:\/\/api.w.org\/{rel}","templated":true}]}}