{"id":1484,"date":"2025-02-09T17:54:32","date_gmt":"2025-02-09T16:54:32","guid":{"rendered":"https:\/\/darkslateblue-salmon-136783.hostingersite.com\/?post_type=product&#038;p=1484"},"modified":"2025-08-08T13:32:53","modified_gmt":"2025-08-08T11:32:53","slug":"taco-de-pool-pechauer-da1t","status":"publish","type":"product","link":"https:\/\/billaresrar.es\/en\/product\/taco-de-pool-pechauer-da1t\/","title":{"rendered":"Taco de Pool Pechauer DA1T"},"content":{"rendered":"<h2><strong>Taco de Pool Pechauer DA1T<\/strong><\/h2>\n<p><span class=\"OYPEnA text-decoration-none text-strikethrough-none\"><span>Taco de \u00e9bano seleccionado a mano con diamantes de color turquesa. Envoltura de lino irland\u00e9s blanco y negro.<\/span><\/span><\/p>\n<p><strong><span>Punta est\u00e1ndar:<\/span><\/strong><span>\u00a0\u00a0Pechauer Jade Medium<\/span><\/p>\n<p><strong><span>Tipo de articulaci\u00f3n:<\/span><\/strong><span>\u00a0\u00a0pilotada<\/span><\/p>\n<p><strong><span>Collar de uni\u00f3n:\u00a0<\/span><\/strong><span>\u00a0Juma negro<\/span><\/p>\n<p><strong><span>Tama\u00f1o de la junta:<\/span><\/strong><span>\u00a0\u00a0.850<\/span><\/p>\n<p><strong><span>Conicidad del eje:<\/span><\/strong><span>\u00a0\u00a0conicidad profesional de 10 a 12&#8243;<\/span><\/p>\n<p><strong><span>Tipo de pasador:<\/span><\/strong><span>\u00a0\u00a0Pechauer Speed \u200b\u200bJT<\/span><\/p>\n<p><strong><span>Longitud de la f\u00e9rula:<\/span><\/strong><span>\u00a0\u00a05\/8 pulgadas<\/span><\/p>","protected":false},"excerpt":{"rendered":"<h2><strong>Taco de Pool Pechauer DA1T<\/strong><\/h2>\n<p><span class=\"OYPEnA text-decoration-none text-strikethrough-none\">Taco de \u00e9bano seleccionado a mano con diamantes de color turquesa. Envoltura de lino irland\u00e9s blanco y negro.<\/span><\/p>\n<p><strong>Punta est\u00e1ndar:<\/strong>\u00a0\u00a0Pechauer Jade Medium<\/p>\n<p><strong>Tipo de articulaci\u00f3n:<\/strong>\u00a0\u00a0pilotada<\/p>\n<p><strong>Collar de uni\u00f3n:\u00a0<\/strong>\u00a0Juma negro<\/p>\n<p><strong>Tama\u00f1o de la junta:<\/strong>\u00a0\u00a0.850<\/p>\n<p><strong>Conicidad del eje:<\/strong>\u00a0\u00a0conicidad profesional de 10 a 12&#8243;<\/p>\n<p><strong>Tipo de pasador:<\/strong>\u00a0\u00a0Pechauer Speed \u200b\u200bJT<\/p>\n<p><strong>Longitud de la f\u00e9rula:<\/strong>\u00a0\u00a05\/8 pulgadas<\/p>","protected":false},"featured_media":1486,"template":"","meta":{"jetpack_publicize_message":"","jetpack_publicize_feature_enabled":true,"jetpack_social_post_already_shared":true,"jetpack_social_options":{"image_generator_settings":{"template":"highway","default_image_id":0,"font":"","enabled":false},"version":2}},"product_brand":[],"product_cat":[37,125,34,406],"product_tag":[141,139,140],"class_list":{"0":"post-1484","1":"product","2":"type-product","3":"status-publish","4":"has-post-thumbnail","6":"product_cat-mundo-billar","7":"product_cat-pechauer","8":"product_cat-tacos-de-billar-americano-carambola-snooker","9":"product_cat-tacos-de-pool","10":"product_tag-pechauer-cues","11":"product_tag-pechauer-da1t","12":"product_tag-pechauer-da1t-rar-billares","14":"first","15":"instock","16":"taxable","17":"shipping-taxable","18":"purchasable","19":"product-type-simple"},"yoast_head":"<!-- This site is optimized with the Yoast SEO plugin v27.5 - https:\/\/yoast.com\/product\/yoast-seo-wordpress\/ -->\n<title>Taco de Pool Pechauer DA1T - RAR Billares online shop<\/title>\n<meta name=\"description\" content=\"Taco de pool Pechauer DA1T de \u00e9bano seleccionado a mano con diamantes de color turquesa. Envoltura de lino irland\u00e9s blanco y negro.\" \/>\n<meta name=\"robots\" content=\"index, follow, max-snippet:-1, max-image-preview:large, max-video-preview:-1\" \/>\n<link rel=\"canonical\" href=\"https:\/\/billaresrar.es\/en\/product\/taco-de-pool-pechauer-da1t\/\" \/>\n<meta property=\"og:locale\" content=\"en_US\" \/>\n<meta property=\"og:type\" content=\"article\" \/>\n<meta property=\"og:title\" content=\"Taco de Pool Pechauer DA1T - RAR Billares online shop\" \/>\n<meta property=\"og:description\" content=\"Taco de pool Pechauer DA1T de \u00e9bano seleccionado a mano con diamantes de color turquesa. Envoltura de lino irland\u00e9s blanco y negro.\" \/>\n<meta property=\"og:url\" content=\"https:\/\/billaresrar.es\/en\/product\/taco-de-pool-pechauer-da1t\/\" \/>\n<meta property=\"og:site_name\" content=\"RAR Billares online shop\" \/>\n<meta property=\"article:modified_time\" content=\"2025-08-08T11:32:53+00:00\" \/>\n<meta property=\"og:image\" content=\"https:\/\/i0.wp.com\/billaresrar.es\/wp-content\/uploads\/2025\/02\/DA1T_BS2-con-flecha.webp?fit=768%2C177&ssl=1\" \/>\n\t<meta property=\"og:image:width\" content=\"768\" \/>\n\t<meta property=\"og:image:height\" content=\"177\" \/>\n\t<meta property=\"og:image:type\" content=\"image\/webp\" \/>\n<meta name=\"twitter:card\" content=\"summary_large_image\" \/>\n<meta name=\"twitter:label1\" content=\"Price\" \/>\n\t<meta name=\"twitter:data1\" content=\"950,00&nbsp;&euro;\" \/>\n\t<meta name=\"twitter:label2\" content=\"Availability\" \/>\n\t<meta name=\"twitter:data2\" content=\"In stock\" \/>\n<script type=\"application\/ld+json\" class=\"yoast-schema-graph\">{\"@context\":\"https:\\\/\\\/schema.org\",\"@graph\":[{\"@type\":\"WebPage\",\"@id\":\"https:\\\/\\\/billaresrar.es\\\/producto\\\/taco-de-pool-pechauer-da1t\\\/\",\"url\":\"https:\\\/\\\/billaresrar.es\\\/producto\\\/taco-de-pool-pechauer-da1t\\\/\",\"name\":\"Taco de Pool Pechauer DA1T - RAR Billares online shop\",\"isPartOf\":{\"@id\":\"https:\\\/\\\/billaresrar.es\\\/#website\"},\"primaryImageOfPage\":{\"@id\":\"https:\\\/\\\/billaresrar.es\\\/producto\\\/taco-de-pool-pechauer-da1t\\\/#primaryimage\"},\"image\":{\"@id\":\"https:\\\/\\\/billaresrar.es\\\/producto\\\/taco-de-pool-pechauer-da1t\\\/#primaryimage\"},\"thumbnailUrl\":\"https:\\\/\\\/i0.wp.com\\\/billaresrar.es\\\/wp-content\\\/uploads\\\/2025\\\/02\\\/DA1T_BS2-con-flecha.webp?fit=768%2C177&ssl=1\",\"datePublished\":\"2025-02-09T16:54:32+00:00\",\"dateModified\":\"2025-08-08T11:32:53+00:00\",\"description\":\"Taco de pool Pechauer DA1T de \u00e9bano seleccionado a mano con diamantes de color turquesa. Envoltura de lino irland\u00e9s blanco y negro.\",\"breadcrumb\":{\"@id\":\"https:\\\/\\\/billaresrar.es\\\/producto\\\/taco-de-pool-pechauer-da1t\\\/#breadcrumb\"},\"inLanguage\":\"en-US\",\"potentialAction\":[{\"@type\":\"ReadAction\",\"target\":[\"https:\\\/\\\/billaresrar.es\\\/producto\\\/taco-de-pool-pechauer-da1t\\\/\"]}]},{\"@type\":\"ImageObject\",\"inLanguage\":\"en-US\",\"@id\":\"https:\\\/\\\/billaresrar.es\\\/producto\\\/taco-de-pool-pechauer-da1t\\\/#primaryimage\",\"url\":\"https:\\\/\\\/i0.wp.com\\\/billaresrar.es\\\/wp-content\\\/uploads\\\/2025\\\/02\\\/DA1T_BS2-con-flecha.webp?fit=768%2C177&ssl=1\",\"contentUrl\":\"https:\\\/\\\/i0.wp.com\\\/billaresrar.es\\\/wp-content\\\/uploads\\\/2025\\\/02\\\/DA1T_BS2-con-flecha.webp?fit=768%2C177&ssl=1\",\"width\":768,\"height\":177},{\"@type\":\"BreadcrumbList\",\"@id\":\"https:\\\/\\\/billaresrar.es\\\/producto\\\/taco-de-pool-pechauer-da1t\\\/#breadcrumb\",\"itemListElement\":[{\"@type\":\"ListItem\",\"position\":1,\"name\":\"Portada\",\"item\":\"https:\\\/\\\/billaresrar.es\\\/\"},{\"@type\":\"ListItem\",\"position\":2,\"name\":\"Tienda\",\"item\":\"https:\\\/\\\/billaresrar.es\\\/tienda-billares-rar\\\/\"},{\"@type\":\"ListItem\",\"position\":3,\"name\":\"Taco de Pool Pechauer DA1T\"}]},{\"@type\":\"WebSite\",\"@id\":\"https:\\\/\\\/billaresrar.es\\\/#website\",\"url\":\"https:\\\/\\\/billaresrar.es\\\/\",\"name\":\"RAR Billares\",\"description\":\"Nos dedicamos a la restauraci\u00f3n, personalizaci\u00f3n, compraventa e instalaci\u00f3n de mesas de billar.\",\"publisher\":{\"@id\":\"https:\\\/\\\/billaresrar.es\\\/#\\\/schema\\\/person\\\/58bf20f74847ad0e156049ad50e1cc19\"},\"potentialAction\":[{\"@type\":\"SearchAction\",\"target\":{\"@type\":\"EntryPoint\",\"urlTemplate\":\"https:\\\/\\\/billaresrar.es\\\/?s={search_term_string}\"},\"query-input\":{\"@type\":\"PropertyValueSpecification\",\"valueRequired\":true,\"valueName\":\"search_term_string\"}}],\"inLanguage\":\"en-US\"},{\"@type\":[\"Person\",\"Organization\"],\"@id\":\"https:\\\/\\\/billaresrar.es\\\/#\\\/schema\\\/person\\\/58bf20f74847ad0e156049ad50e1cc19\",\"name\":\"Ren\u00e9\",\"image\":{\"@type\":\"ImageObject\",\"inLanguage\":\"en-US\",\"@id\":\"https:\\\/\\\/i0.wp.com\\\/billaresrar.es\\\/wp-content\\\/uploads\\\/2024\\\/12\\\/definitivo-RAR.webp?fit=1920%2C1147&ssl=1\",\"url\":\"https:\\\/\\\/i0.wp.com\\\/billaresrar.es\\\/wp-content\\\/uploads\\\/2024\\\/12\\\/definitivo-RAR.webp?fit=1920%2C1147&ssl=1\",\"contentUrl\":\"https:\\\/\\\/i0.wp.com\\\/billaresrar.es\\\/wp-content\\\/uploads\\\/2024\\\/12\\\/definitivo-RAR.webp?fit=1920%2C1147&ssl=1\",\"width\":1920,\"height\":1147,\"caption\":\"Ren\u00e9\"},\"logo\":{\"@id\":\"https:\\\/\\\/i0.wp.com\\\/billaresrar.es\\\/wp-content\\\/uploads\\\/2024\\\/12\\\/definitivo-RAR.webp?fit=1920%2C1147&ssl=1\"}}]}<\/script>\n<meta property=\"product:price:amount\" content=\"950.00\" \/>\n<meta property=\"product:price:currency\" content=\"EUR\" \/>\n<meta property=\"og:availability\" content=\"instock\" \/>\n<meta property=\"product:availability\" content=\"instock\" \/>\n<meta property=\"product:condition\" content=\"new\" \/>\n<!-- \/ Yoast SEO plugin. -->","yoast_head_json":{"title":"Taco de Pool Pechauer DA1T - RAR Billares online shop","description":"Taco de pool Pechauer DA1T de \u00e9bano seleccionado a mano con diamantes de color turquesa. Envoltura de lino irland\u00e9s blanco y negro.","robots":{"index":"index","follow":"follow","max-snippet":"max-snippet:-1","max-image-preview":"max-image-preview:large","max-video-preview":"max-video-preview:-1"},"canonical":"https:\/\/billaresrar.es\/en\/product\/taco-de-pool-pechauer-da1t\/","og_locale":"en_US","og_type":"article","og_title":"Taco de Pool Pechauer DA1T - RAR Billares online shop","og_description":"Taco de pool Pechauer DA1T de \u00e9bano seleccionado a mano con diamantes de color turquesa. Envoltura de lino irland\u00e9s blanco y negro.","og_url":"https:\/\/billaresrar.es\/en\/product\/taco-de-pool-pechauer-da1t\/","og_site_name":"RAR Billares online shop","article_modified_time":"2025-08-08T11:32:53+00:00","og_image":[{"width":768,"height":177,"url":"https:\/\/i0.wp.com\/billaresrar.es\/wp-content\/uploads\/2025\/02\/DA1T_BS2-con-flecha.webp?fit=768%2C177&ssl=1","type":"image\/webp"}],"twitter_card":"summary_large_image","twitter_misc":{"Price":"950,00&nbsp;&euro;","Availability":"In stock"},"schema":{"@context":"https:\/\/schema.org","@graph":[{"@type":"WebPage","@id":"https:\/\/billaresrar.es\/producto\/taco-de-pool-pechauer-da1t\/","url":"https:\/\/billaresrar.es\/producto\/taco-de-pool-pechauer-da1t\/","name":"Taco de Pool Pechauer DA1T - RAR Billares online shop","isPartOf":{"@id":"https:\/\/billaresrar.es\/#website"},"primaryImageOfPage":{"@id":"https:\/\/billaresrar.es\/producto\/taco-de-pool-pechauer-da1t\/#primaryimage"},"image":{"@id":"https:\/\/billaresrar.es\/producto\/taco-de-pool-pechauer-da1t\/#primaryimage"},"thumbnailUrl":"https:\/\/i0.wp.com\/billaresrar.es\/wp-content\/uploads\/2025\/02\/DA1T_BS2-con-flecha.webp?fit=768%2C177&ssl=1","datePublished":"2025-02-09T16:54:32+00:00","dateModified":"2025-08-08T11:32:53+00:00","description":"Taco de pool Pechauer DA1T de \u00e9bano seleccionado a mano con diamantes de color turquesa. Envoltura de lino irland\u00e9s blanco y negro.","breadcrumb":{"@id":"https:\/\/billaresrar.es\/producto\/taco-de-pool-pechauer-da1t\/#breadcrumb"},"inLanguage":"en-US","potentialAction":[{"@type":"ReadAction","target":["https:\/\/billaresrar.es\/producto\/taco-de-pool-pechauer-da1t\/"]}]},{"@type":"ImageObject","inLanguage":"en-US","@id":"https:\/\/billaresrar.es\/producto\/taco-de-pool-pechauer-da1t\/#primaryimage","url":"https:\/\/i0.wp.com\/billaresrar.es\/wp-content\/uploads\/2025\/02\/DA1T_BS2-con-flecha.webp?fit=768%2C177&ssl=1","contentUrl":"https:\/\/i0.wp.com\/billaresrar.es\/wp-content\/uploads\/2025\/02\/DA1T_BS2-con-flecha.webp?fit=768%2C177&ssl=1","width":768,"height":177},{"@type":"BreadcrumbList","@id":"https:\/\/billaresrar.es\/producto\/taco-de-pool-pechauer-da1t\/#breadcrumb","itemListElement":[{"@type":"ListItem","position":1,"name":"Portada","item":"https:\/\/billaresrar.es\/"},{"@type":"ListItem","position":2,"name":"Tienda","item":"https:\/\/billaresrar.es\/tienda-billares-rar\/"},{"@type":"ListItem","position":3,"name":"Taco de Pool Pechauer DA1T"}]},{"@type":"WebSite","@id":"https:\/\/billaresrar.es\/#website","url":"https:\/\/billaresrar.es\/","name":"RAR Billares","description":"Nos dedicamos a la restauraci\u00f3n, personalizaci\u00f3n, compraventa e instalaci\u00f3n de mesas de billar.","publisher":{"@id":"https:\/\/billaresrar.es\/#\/schema\/person\/58bf20f74847ad0e156049ad50e1cc19"},"potentialAction":[{"@type":"SearchAction","target":{"@type":"EntryPoint","urlTemplate":"https:\/\/billaresrar.es\/?s={search_term_string}"},"query-input":{"@type":"PropertyValueSpecification","valueRequired":true,"valueName":"search_term_string"}}],"inLanguage":"en-US"},{"@type":["Person","Organization"],"@id":"https:\/\/billaresrar.es\/#\/schema\/person\/58bf20f74847ad0e156049ad50e1cc19","name":"Ren\u00e9","image":{"@type":"ImageObject","inLanguage":"en-US","@id":"https:\/\/i0.wp.com\/billaresrar.es\/wp-content\/uploads\/2024\/12\/definitivo-RAR.webp?fit=1920%2C1147&ssl=1","url":"https:\/\/i0.wp.com\/billaresrar.es\/wp-content\/uploads\/2024\/12\/definitivo-RAR.webp?fit=1920%2C1147&ssl=1","contentUrl":"https:\/\/i0.wp.com\/billaresrar.es\/wp-content\/uploads\/2024\/12\/definitivo-RAR.webp?fit=1920%2C1147&ssl=1","width":1920,"height":1147,"caption":"Ren\u00e9"},"logo":{"@id":"https:\/\/i0.wp.com\/billaresrar.es\/wp-content\/uploads\/2024\/12\/definitivo-RAR.webp?fit=1920%2C1147&ssl=1"}}]},"product_price_amount":"950.00","product_price_currency":"EUR","og_availability":"instock","product_availability":"instock","product_condition":"new"},"jetpack_publicize_connections":[],"jetpack_sharing_enabled":true,"jetpack_likes_enabled":true,"jetpack-related-posts":[],"_links":{"self":[{"href":"https:\/\/billaresrar.es\/en\/wp-json\/wp\/v2\/product\/1484","targetHints":{"allow":["GET"]}}],"collection":[{"href":"https:\/\/billaresrar.es\/en\/wp-json\/wp\/v2\/product"}],"about":[{"href":"https:\/\/billaresrar.es\/en\/wp-json\/wp\/v2\/types\/product"}],"version-history":[{"count":0,"href":"https:\/\/billaresrar.es\/en\/wp-json\/wp\/v2\/product\/1484\/revisions"}],"wp:featuredmedia":[{"embeddable":true,"href":"https:\/\/billaresrar.es\/en\/wp-json\/wp\/v2\/media\/1486"}],"wp:attachment":[{"href":"https:\/\/billaresrar.es\/en\/wp-json\/wp\/v2\/media?parent=1484"}],"wp:term":[{"taxonomy":"product_brand","embeddable":true,"href":"https:\/\/billaresrar.es\/en\/wp-json\/wp\/v2\/product_brand?post=1484"},{"taxonomy":"product_cat","embeddable":true,"href":"https:\/\/billaresrar.es\/en\/wp-json\/wp\/v2\/product_cat?post=1484"},{"taxonomy":"product_tag","embeddable":true,"href":"https:\/\/billaresrar.es\/en\/wp-json\/wp\/v2\/product_tag?post=1484"}],"curies":[{"name":"wp","href":"https:\/\/api.w.org\/{rel}","templated":true}]}}