{"id":1447,"date":"2025-02-08T01:19:31","date_gmt":"2025-02-08T00:19:31","guid":{"rendered":"https:\/\/darkslateblue-salmon-136783.hostingersite.com\/?post_type=product&#038;p=1447"},"modified":"2025-09-23T23:13:24","modified_gmt":"2025-09-23T21:13:24","slug":"flecha-de-carbono-rogue-2","status":"publish","type":"product","link":"https:\/\/billaresrar.es\/en\/product\/flecha-de-carbono-rogue-2\/","title":{"rendered":"Flecha de carbono Rogue 2"},"content":{"rendered":"<h1 class=\"product_title entry-title\">Varilla de carbono Pechauer Piloted Pro Series Rogue 2<\/h1>\n<ul>\n<li>\n<p class=\"cvGsUA direction-ltr align-center para-style-body\"><span class=\"OYPEnA font-feature-liga-off font-feature-clig-off font-feature-calt-off text-decoration-none text-strikethrough-none\">Descripci\u00f3n\/Especificaciones<\/span><\/p>\n<ul>\n<li><span class=\"OYPEnA font-feature-liga-off font-feature-clig-off font-feature-calt-off text-decoration-none text-strikethrough-none\">Capa exterior de carbono mejorada que crea un acabado m\u00e1s suave.<\/span><\/li>\n<li><span class=\"OYPEnA font-feature-liga-off font-feature-clig-off font-feature-calt-off text-decoration-none text-strikethrough-none\">Varilla un 20 % m\u00e1s r\u00edgida, lo que da como resultado un golpe m\u00e1s firme y una mejor respuesta.<\/span><\/li>\n<li><span class=\"OYPEnA font-feature-liga-off font-feature-clig-off font-feature-calt-off text-decoration-none text-strikethrough-none\">Di\u00e1metro de la junta de 0,850\u2033<\/span><\/li>\n<li><span class=\"OYPEnA font-feature-liga-off font-feature-clig-off font-feature-calt-off text-decoration-none text-strikethrough-none\">Peso del eje aproximadamente 4-4,2 onzas<\/span><\/li>\n<li><span class=\"OYPEnA font-feature-liga-off font-feature-clig-off font-feature-calt-off text-decoration-none text-strikethrough-none\">Punta mediana Pechauer Jade con almohadilla<\/span><\/li>\n<li><span class=\"OYPEnA font-feature-liga-off font-feature-clig-off font-feature-calt-off text-decoration-none text-strikethrough-none\">Virola blanca de 1\/8 de pulgada<\/span><\/li>\n<li><span class=\"OYPEnA font-feature-liga-off font-feature-clig-off font-feature-calt-off text-decoration-none text-strikethrough-none\">Solo cuello negro<\/span><\/li>\n<li><span class=\"OYPEnA font-feature-liga-off font-feature-clig-off font-feature-calt-off text-decoration-none text-strikethrough-none\">11,8 mm tiene un estrechamiento de aumento lento<\/span><\/li>\n<li><span class=\"OYPEnA font-feature-liga-off font-feature-clig-off font-feature-calt-off text-decoration-none text-strikethrough-none\">12,4 mm tiene un cono profesional de 16 pulgadas<\/span><\/li>\n<li><span class=\"OYPEnA font-feature-liga-off font-feature-clig-off font-feature-calt-off text-decoration-none text-strikethrough-none\">12,8 mm tiene un cono profesional de 12 pulgadas<\/span><\/li>\n<\/ul>\n<p class=\"cvGsUA direction-ltr align-center para-style-body\"><span class=\"OYPEnA font-feature-liga-off font-feature-clig-off font-feature-calt-off text-decoration-none text-strikethrough-none\">Cuidado y mantenimiento:<\/span><\/p>\n<ul>\n<li><span class=\"OYPEnA font-feature-liga-off font-feature-clig-off font-feature-calt-off text-decoration-none text-strikethrough-none\">El eje se puede limpiar con un pa\u00f1o seco o toallitas con alcohol.<\/span><\/li>\n<li><span class=\"OYPEnA font-feature-liga-off font-feature-clig-off font-feature-calt-off text-decoration-none text-strikethrough-none\">No lijar<\/span><\/li>\n<\/ul>\n<\/li>\n<\/ul>","protected":false},"excerpt":{"rendered":"<h1 class=\"product_title entry-title\">Varilla de carbono Pechauer Piloted Pro Series Rogue 2<\/h1>\n<ul>\n<li>\n<p class=\"cvGsUA direction-ltr align-center para-style-body\"><span class=\"OYPEnA font-feature-liga-off font-feature-clig-off font-feature-calt-off text-decoration-none text-strikethrough-none\">Descripci\u00f3n\/Especificaciones<\/span><\/p>\n<ul>\n<li><span class=\"OYPEnA font-feature-liga-off font-feature-clig-off font-feature-calt-off text-decoration-none text-strikethrough-none\">Capa exterior de carbono mejorada que crea un acabado m\u00e1s suave.<\/span><\/li>\n<li><span class=\"OYPEnA font-feature-liga-off font-feature-clig-off font-feature-calt-off text-decoration-none text-strikethrough-none\">Varilla un 20 % m\u00e1s r\u00edgida, lo que da como resultado un golpe m\u00e1s firme y una mejor respuesta.<\/span><\/li>\n<li><span class=\"OYPEnA font-feature-liga-off font-feature-clig-off font-feature-calt-off text-decoration-none text-strikethrough-none\">Di\u00e1metro de la junta de 0,850\u2033<\/span><\/li>\n<li><span class=\"OYPEnA font-feature-liga-off font-feature-clig-off font-feature-calt-off text-decoration-none text-strikethrough-none\">Peso del eje aproximadamente 4-4,2 onzas<\/span><\/li>\n<li><span class=\"OYPEnA font-feature-liga-off font-feature-clig-off font-feature-calt-off text-decoration-none text-strikethrough-none\">Punta mediana Pechauer Jade con almohadilla<\/span><\/li>\n<li><span class=\"OYPEnA font-feature-liga-off font-feature-clig-off font-feature-calt-off text-decoration-none text-strikethrough-none\">Virola blanca de 1\/8 de pulgada<\/span><\/li>\n<li><span class=\"OYPEnA font-feature-liga-off font-feature-clig-off font-feature-calt-off text-decoration-none text-strikethrough-none\">Solo cuello negro<\/span><\/li>\n<li><span class=\"OYPEnA font-feature-liga-off font-feature-clig-off font-feature-calt-off text-decoration-none text-strikethrough-none\">11,8 mm tiene un estrechamiento de aumento lento<\/span><\/li>\n<li><span class=\"OYPEnA font-feature-liga-off font-feature-clig-off font-feature-calt-off text-decoration-none text-strikethrough-none\">12,4 mm tiene un cono profesional de 16 pulgadas<\/span><\/li>\n<li><span class=\"OYPEnA font-feature-liga-off font-feature-clig-off font-feature-calt-off text-decoration-none text-strikethrough-none\">12,8 mm tiene un cono profesional de 12 pulgadas<\/span><\/li>\n<\/ul>\n<p class=\"cvGsUA direction-ltr align-center para-style-body\"><span class=\"OYPEnA font-feature-liga-off font-feature-clig-off font-feature-calt-off text-decoration-none text-strikethrough-none\">Cuidado y mantenimiento:<\/span><\/p>\n<ul>\n<li><span class=\"OYPEnA font-feature-liga-off font-feature-clig-off font-feature-calt-off text-decoration-none text-strikethrough-none\">El eje se puede limpiar con un pa\u00f1o seco o toallitas con alcohol.<\/span><\/li>\n<li><span class=\"OYPEnA font-feature-liga-off font-feature-clig-off font-feature-calt-off text-decoration-none text-strikethrough-none\">No lijar<\/span><\/li>\n<\/ul>\n<\/li>\n<\/ul>","protected":false},"featured_media":1448,"template":"","meta":{"jetpack_publicize_message":"","jetpack_publicize_feature_enabled":true,"jetpack_social_post_already_shared":false,"jetpack_social_options":{"image_generator_settings":{"template":"highway","default_image_id":0,"font":"","enabled":false},"version":2}},"product_brand":[],"product_cat":[35,37,125,34,406],"product_tag":[132,133],"class_list":{"0":"post-1447","1":"product","2":"type-product","3":"status-publish","4":"has-post-thumbnail","6":"product_cat-accesorios-de-billar","7":"product_cat-mundo-billar","8":"product_cat-pechauer","9":"product_cat-tacos-de-billar-americano-carambola-snooker","10":"product_cat-tacos-de-pool","11":"product_tag-flecha-de-carbono-rogue-2","12":"product_tag-pechauer-rar-billares-rogue-2","14":"first","15":"onbackorder","16":"taxable","17":"shipping-taxable","18":"purchasable","19":"product-type-simple"},"yoast_head":"<!-- This site is optimized with the Yoast SEO plugin v27.5 - https:\/\/yoast.com\/product\/yoast-seo-wordpress\/ -->\n<title>Flecha Carbono Rogue 2 - Precisi\u00f3n Profesional | RAR Billares<\/title>\n<meta name=\"description\" content=\"Flecha carbono Rogue 2, ligereza profesional y equilibrio excepcional para tiros consistentes. \u00a1Mejora tu rendimiento con tecnolog\u00eda avanzada!\" \/>\n<meta name=\"robots\" content=\"index, follow, max-snippet:-1, max-image-preview:large, max-video-preview:-1\" \/>\n<link rel=\"canonical\" href=\"https:\/\/billaresrar.es\/en\/product\/flecha-de-carbono-rogue-2\/\" \/>\n<meta property=\"og:locale\" content=\"en_US\" \/>\n<meta property=\"og:type\" content=\"article\" \/>\n<meta property=\"og:title\" content=\"Flecha Carbono Rogue 2 - Precisi\u00f3n Profesional | RAR Billares\" \/>\n<meta property=\"og:description\" content=\"Flecha carbono Rogue 2, ligereza profesional y equilibrio excepcional para tiros consistentes. \u00a1Mejora tu rendimiento con tecnolog\u00eda avanzada!\" \/>\n<meta property=\"og:url\" content=\"https:\/\/billaresrar.es\/en\/product\/flecha-de-carbono-rogue-2\/\" \/>\n<meta property=\"og:site_name\" content=\"RAR Billares online shop\" \/>\n<meta property=\"article:modified_time\" content=\"2025-09-23T21:13:24+00:00\" \/>\n<meta property=\"og:image\" content=\"https:\/\/billaresrar.es\/wp-content\/uploads\/2025\/02\/flecha-de-fibra-de-carbono-pechauer-rogue-pro-series-789.webp\" \/>\n\t<meta property=\"og:image:width\" content=\"564\" \/>\n\t<meta property=\"og:image:height\" content=\"600\" \/>\n\t<meta property=\"og:image:type\" content=\"image\/webp\" \/>\n<meta name=\"twitter:card\" content=\"summary_large_image\" \/>\n<meta name=\"twitter:label1\" content=\"Price\" \/>\n\t<meta name=\"twitter:data1\" content=\"500,00&nbsp;&euro;\" \/>\n\t<meta name=\"twitter:label2\" content=\"Availability\" \/>\n\t<meta name=\"twitter:data2\" content=\"On backorder\" \/>\n<script type=\"application\/ld+json\" class=\"yoast-schema-graph\">{\"@context\":\"https:\\\/\\\/schema.org\",\"@graph\":[{\"@type\":\"WebPage\",\"@id\":\"https:\\\/\\\/billaresrar.es\\\/producto\\\/flecha-de-carbono-rogue-2\\\/\",\"url\":\"https:\\\/\\\/billaresrar.es\\\/producto\\\/flecha-de-carbono-rogue-2\\\/\",\"name\":\"Flecha Carbono Rogue 2 - Precisi\u00f3n Profesional | RAR Billares\",\"isPartOf\":{\"@id\":\"https:\\\/\\\/billaresrar.es\\\/#website\"},\"primaryImageOfPage\":{\"@id\":\"https:\\\/\\\/billaresrar.es\\\/producto\\\/flecha-de-carbono-rogue-2\\\/#primaryimage\"},\"image\":{\"@id\":\"https:\\\/\\\/billaresrar.es\\\/producto\\\/flecha-de-carbono-rogue-2\\\/#primaryimage\"},\"thumbnailUrl\":\"https:\\\/\\\/i0.wp.com\\\/billaresrar.es\\\/wp-content\\\/uploads\\\/2025\\\/02\\\/flecha-de-fibra-de-carbono-pechauer-rogue-pro-series-789.webp?fit=564%2C600&ssl=1\",\"datePublished\":\"2025-02-08T00:19:31+00:00\",\"dateModified\":\"2025-09-23T21:13:24+00:00\",\"description\":\"Flecha carbono Rogue 2, ligereza profesional y equilibrio excepcional para tiros consistentes. \u00a1Mejora tu rendimiento con tecnolog\u00eda avanzada!\",\"breadcrumb\":{\"@id\":\"https:\\\/\\\/billaresrar.es\\\/producto\\\/flecha-de-carbono-rogue-2\\\/#breadcrumb\"},\"inLanguage\":\"en-US\",\"potentialAction\":[{\"@type\":\"ReadAction\",\"target\":[\"https:\\\/\\\/billaresrar.es\\\/producto\\\/flecha-de-carbono-rogue-2\\\/\"]}]},{\"@type\":\"ImageObject\",\"inLanguage\":\"en-US\",\"@id\":\"https:\\\/\\\/billaresrar.es\\\/producto\\\/flecha-de-carbono-rogue-2\\\/#primaryimage\",\"url\":\"https:\\\/\\\/i0.wp.com\\\/billaresrar.es\\\/wp-content\\\/uploads\\\/2025\\\/02\\\/flecha-de-fibra-de-carbono-pechauer-rogue-pro-series-789.webp?fit=564%2C600&ssl=1\",\"contentUrl\":\"https:\\\/\\\/i0.wp.com\\\/billaresrar.es\\\/wp-content\\\/uploads\\\/2025\\\/02\\\/flecha-de-fibra-de-carbono-pechauer-rogue-pro-series-789.webp?fit=564%2C600&ssl=1\",\"width\":564,\"height\":600},{\"@type\":\"BreadcrumbList\",\"@id\":\"https:\\\/\\\/billaresrar.es\\\/producto\\\/flecha-de-carbono-rogue-2\\\/#breadcrumb\",\"itemListElement\":[{\"@type\":\"ListItem\",\"position\":1,\"name\":\"Portada\",\"item\":\"https:\\\/\\\/billaresrar.es\\\/\"},{\"@type\":\"ListItem\",\"position\":2,\"name\":\"Tienda\",\"item\":\"https:\\\/\\\/billaresrar.es\\\/tienda-billares-rar\\\/\"},{\"@type\":\"ListItem\",\"position\":3,\"name\":\"Flecha de carbono Rogue 2\"}]},{\"@type\":\"WebSite\",\"@id\":\"https:\\\/\\\/billaresrar.es\\\/#website\",\"url\":\"https:\\\/\\\/billaresrar.es\\\/\",\"name\":\"RAR Billares\",\"description\":\"Nos dedicamos a la restauraci\u00f3n, personalizaci\u00f3n, compraventa e instalaci\u00f3n de mesas de billar.\",\"publisher\":{\"@id\":\"https:\\\/\\\/billaresrar.es\\\/#\\\/schema\\\/person\\\/58bf20f74847ad0e156049ad50e1cc19\"},\"potentialAction\":[{\"@type\":\"SearchAction\",\"target\":{\"@type\":\"EntryPoint\",\"urlTemplate\":\"https:\\\/\\\/billaresrar.es\\\/?s={search_term_string}\"},\"query-input\":{\"@type\":\"PropertyValueSpecification\",\"valueRequired\":true,\"valueName\":\"search_term_string\"}}],\"inLanguage\":\"en-US\"},{\"@type\":[\"Person\",\"Organization\"],\"@id\":\"https:\\\/\\\/billaresrar.es\\\/#\\\/schema\\\/person\\\/58bf20f74847ad0e156049ad50e1cc19\",\"name\":\"Ren\u00e9\",\"image\":{\"@type\":\"ImageObject\",\"inLanguage\":\"en-US\",\"@id\":\"https:\\\/\\\/i0.wp.com\\\/billaresrar.es\\\/wp-content\\\/uploads\\\/2024\\\/12\\\/definitivo-RAR.webp?fit=1920%2C1147&ssl=1\",\"url\":\"https:\\\/\\\/i0.wp.com\\\/billaresrar.es\\\/wp-content\\\/uploads\\\/2024\\\/12\\\/definitivo-RAR.webp?fit=1920%2C1147&ssl=1\",\"contentUrl\":\"https:\\\/\\\/i0.wp.com\\\/billaresrar.es\\\/wp-content\\\/uploads\\\/2024\\\/12\\\/definitivo-RAR.webp?fit=1920%2C1147&ssl=1\",\"width\":1920,\"height\":1147,\"caption\":\"Ren\u00e9\"},\"logo\":{\"@id\":\"https:\\\/\\\/i0.wp.com\\\/billaresrar.es\\\/wp-content\\\/uploads\\\/2024\\\/12\\\/definitivo-RAR.webp?fit=1920%2C1147&ssl=1\"}}]}<\/script>\n<meta property=\"product:price:amount\" content=\"500.00\" \/>\n<meta property=\"product:price:currency\" content=\"EUR\" \/>\n<meta property=\"og:availability\" content=\"backorder\" \/>\n<meta property=\"product:availability\" content=\"available for order\" \/>\n<meta property=\"product:condition\" content=\"new\" \/>\n<!-- \/ Yoast SEO plugin. -->","yoast_head_json":{"title":"Flecha Carbono Rogue 2 - Precisi\u00f3n Profesional | RAR Billares","description":"Flecha carbono Rogue 2, ligereza profesional y equilibrio excepcional para tiros consistentes. \u00a1Mejora tu rendimiento con tecnolog\u00eda avanzada!","robots":{"index":"index","follow":"follow","max-snippet":"max-snippet:-1","max-image-preview":"max-image-preview:large","max-video-preview":"max-video-preview:-1"},"canonical":"https:\/\/billaresrar.es\/en\/product\/flecha-de-carbono-rogue-2\/","og_locale":"en_US","og_type":"article","og_title":"Flecha Carbono Rogue 2 - Precisi\u00f3n Profesional | RAR Billares","og_description":"Flecha carbono Rogue 2, ligereza profesional y equilibrio excepcional para tiros consistentes. \u00a1Mejora tu rendimiento con tecnolog\u00eda avanzada!","og_url":"https:\/\/billaresrar.es\/en\/product\/flecha-de-carbono-rogue-2\/","og_site_name":"RAR Billares online shop","article_modified_time":"2025-09-23T21:13:24+00:00","og_image":[{"width":564,"height":600,"url":"https:\/\/billaresrar.es\/wp-content\/uploads\/2025\/02\/flecha-de-fibra-de-carbono-pechauer-rogue-pro-series-789.webp","type":"image\/webp"}],"twitter_card":"summary_large_image","twitter_misc":{"Price":"500,00&nbsp;&euro;","Availability":"On backorder"},"schema":{"@context":"https:\/\/schema.org","@graph":[{"@type":"WebPage","@id":"https:\/\/billaresrar.es\/producto\/flecha-de-carbono-rogue-2\/","url":"https:\/\/billaresrar.es\/producto\/flecha-de-carbono-rogue-2\/","name":"Flecha Carbono Rogue 2 - Precisi\u00f3n Profesional | RAR Billares","isPartOf":{"@id":"https:\/\/billaresrar.es\/#website"},"primaryImageOfPage":{"@id":"https:\/\/billaresrar.es\/producto\/flecha-de-carbono-rogue-2\/#primaryimage"},"image":{"@id":"https:\/\/billaresrar.es\/producto\/flecha-de-carbono-rogue-2\/#primaryimage"},"thumbnailUrl":"https:\/\/i0.wp.com\/billaresrar.es\/wp-content\/uploads\/2025\/02\/flecha-de-fibra-de-carbono-pechauer-rogue-pro-series-789.webp?fit=564%2C600&ssl=1","datePublished":"2025-02-08T00:19:31+00:00","dateModified":"2025-09-23T21:13:24+00:00","description":"Flecha carbono Rogue 2, ligereza profesional y equilibrio excepcional para tiros consistentes. \u00a1Mejora tu rendimiento con tecnolog\u00eda avanzada!","breadcrumb":{"@id":"https:\/\/billaresrar.es\/producto\/flecha-de-carbono-rogue-2\/#breadcrumb"},"inLanguage":"en-US","potentialAction":[{"@type":"ReadAction","target":["https:\/\/billaresrar.es\/producto\/flecha-de-carbono-rogue-2\/"]}]},{"@type":"ImageObject","inLanguage":"en-US","@id":"https:\/\/billaresrar.es\/producto\/flecha-de-carbono-rogue-2\/#primaryimage","url":"https:\/\/i0.wp.com\/billaresrar.es\/wp-content\/uploads\/2025\/02\/flecha-de-fibra-de-carbono-pechauer-rogue-pro-series-789.webp?fit=564%2C600&ssl=1","contentUrl":"https:\/\/i0.wp.com\/billaresrar.es\/wp-content\/uploads\/2025\/02\/flecha-de-fibra-de-carbono-pechauer-rogue-pro-series-789.webp?fit=564%2C600&ssl=1","width":564,"height":600},{"@type":"BreadcrumbList","@id":"https:\/\/billaresrar.es\/producto\/flecha-de-carbono-rogue-2\/#breadcrumb","itemListElement":[{"@type":"ListItem","position":1,"name":"Portada","item":"https:\/\/billaresrar.es\/"},{"@type":"ListItem","position":2,"name":"Tienda","item":"https:\/\/billaresrar.es\/tienda-billares-rar\/"},{"@type":"ListItem","position":3,"name":"Flecha de carbono Rogue 2"}]},{"@type":"WebSite","@id":"https:\/\/billaresrar.es\/#website","url":"https:\/\/billaresrar.es\/","name":"RAR Billares","description":"Nos dedicamos a la restauraci\u00f3n, personalizaci\u00f3n, compraventa e instalaci\u00f3n de mesas de billar.","publisher":{"@id":"https:\/\/billaresrar.es\/#\/schema\/person\/58bf20f74847ad0e156049ad50e1cc19"},"potentialAction":[{"@type":"SearchAction","target":{"@type":"EntryPoint","urlTemplate":"https:\/\/billaresrar.es\/?s={search_term_string}"},"query-input":{"@type":"PropertyValueSpecification","valueRequired":true,"valueName":"search_term_string"}}],"inLanguage":"en-US"},{"@type":["Person","Organization"],"@id":"https:\/\/billaresrar.es\/#\/schema\/person\/58bf20f74847ad0e156049ad50e1cc19","name":"Ren\u00e9","image":{"@type":"ImageObject","inLanguage":"en-US","@id":"https:\/\/i0.wp.com\/billaresrar.es\/wp-content\/uploads\/2024\/12\/definitivo-RAR.webp?fit=1920%2C1147&ssl=1","url":"https:\/\/i0.wp.com\/billaresrar.es\/wp-content\/uploads\/2024\/12\/definitivo-RAR.webp?fit=1920%2C1147&ssl=1","contentUrl":"https:\/\/i0.wp.com\/billaresrar.es\/wp-content\/uploads\/2024\/12\/definitivo-RAR.webp?fit=1920%2C1147&ssl=1","width":1920,"height":1147,"caption":"Ren\u00e9"},"logo":{"@id":"https:\/\/i0.wp.com\/billaresrar.es\/wp-content\/uploads\/2024\/12\/definitivo-RAR.webp?fit=1920%2C1147&ssl=1"}}]},"product_price_amount":"500.00","product_price_currency":"EUR","og_availability":"backorder","product_availability":"available for order","product_condition":"new"},"jetpack_publicize_connections":[],"jetpack_sharing_enabled":true,"jetpack_likes_enabled":true,"jetpack-related-posts":[],"_links":{"self":[{"href":"https:\/\/billaresrar.es\/en\/wp-json\/wp\/v2\/product\/1447","targetHints":{"allow":["GET"]}}],"collection":[{"href":"https:\/\/billaresrar.es\/en\/wp-json\/wp\/v2\/product"}],"about":[{"href":"https:\/\/billaresrar.es\/en\/wp-json\/wp\/v2\/types\/product"}],"version-history":[{"count":1,"href":"https:\/\/billaresrar.es\/en\/wp-json\/wp\/v2\/product\/1447\/revisions"}],"predecessor-version":[{"id":3224,"href":"https:\/\/billaresrar.es\/en\/wp-json\/wp\/v2\/product\/1447\/revisions\/3224"}],"wp:featuredmedia":[{"embeddable":true,"href":"https:\/\/billaresrar.es\/en\/wp-json\/wp\/v2\/media\/1448"}],"wp:attachment":[{"href":"https:\/\/billaresrar.es\/en\/wp-json\/wp\/v2\/media?parent=1447"}],"wp:term":[{"taxonomy":"product_brand","embeddable":true,"href":"https:\/\/billaresrar.es\/en\/wp-json\/wp\/v2\/product_brand?post=1447"},{"taxonomy":"product_cat","embeddable":true,"href":"https:\/\/billaresrar.es\/en\/wp-json\/wp\/v2\/product_cat?post=1447"},{"taxonomy":"product_tag","embeddable":true,"href":"https:\/\/billaresrar.es\/en\/wp-json\/wp\/v2\/product_tag?post=1447"}],"curies":[{"name":"wp","href":"https:\/\/api.w.org\/{rel}","templated":true}]}}