{"id":1435,"date":"2025-01-23T15:58:23","date_gmt":"2025-01-23T14:58:23","guid":{"rendered":"https:\/\/darkslateblue-salmon-136783.hostingersite.com\/?post_type=product&#038;p=1435"},"modified":"2025-05-28T17:49:09","modified_gmt":"2025-05-28T15:49:09","slug":"lija-ty-smallhand","status":"publish","type":"product","link":"https:\/\/billaresrar.es\/en\/product\/lija-ty-smallhand\/","title":{"rendered":"Lija TY Smallhand"},"content":{"rendered":"<section class=\"block-tab\">\n<div class=\"tabs\">\n<div id=\"tab-content\" class=\"tab-content\">\n<div id=\"description\" class=\"tab-pane fade in active\">\n<div class=\"product-description\">\n<h1>LIJA TY Smallhand<\/h1>\n<p>Esta lija est\u00e1 fabricada\u00a0de acero inoxidable, lo que le dar\u00e1 una utilidad de por vida.<\/p>\n<p>Utilizado por profesionales; mantiene los tacos en perfecto estado.<\/p>\n<\/div>\n<\/div>\n<\/div>\n<\/div>\n<\/section>\n<section class=\"prod-same-cat\">\n<div class=\"title-topsale\">\n<p>Dimensiones: 10&#215;3 cm.<\/p>\n<\/div>\n<\/section>","protected":false},"excerpt":{"rendered":"<section class=\"block-tab\">\n<div class=\"tabs\">\n<div id=\"tab-content\" class=\"tab-content\">\n<div id=\"description\" class=\"tab-pane fade in active\">\n<div class=\"product-description\">\n<h1>LIJA BUFFALO HANDYMAN<\/h1>\n<p>Esta lija est\u00e1 fabricada\u00a0de acero inoxidable, lo que le dar\u00e1 una utilidad de por vida.<\/p>\n<p>Utilizado por profesionales; mantiene los tacos en perfecto estado.<\/p>\n<p>&nbsp;<\/p>\n<\/div>\n<\/div>\n<\/div>\n<\/div>\n<\/section>\n<section class=\"prod-same-cat\">\n<div class=\"title-topsale\">\n<h3><\/h3>\n<\/div>\n<\/section>","protected":false},"featured_media":1436,"template":"","meta":{"jetpack_publicize_message":"","jetpack_publicize_feature_enabled":true,"jetpack_social_post_already_shared":false,"jetpack_social_options":{"image_generator_settings":{"template":"highway","default_image_id":0,"font":"","enabled":false},"version":2}},"product_brand":[],"product_cat":[35,37],"product_tag":[120,119,118],"class_list":{"0":"post-1435","1":"product","2":"type-product","3":"status-publish","4":"has-post-thumbnail","6":"product_cat-accesorios-de-billar","7":"product_cat-mundo-billar","8":"product_tag-accesorio-lija-ty-billiards","9":"product_tag-lija-rar-billares","10":"product_tag-lija-ty-billiards","12":"first","13":"instock","14":"taxable","15":"shipping-taxable","16":"purchasable","17":"product-type-simple"},"yoast_head":"<!-- This site is optimized with the Yoast SEO plugin v27.5 - https:\/\/yoast.com\/product\/yoast-seo-wordpress\/ -->\n<title>Lija TY Smallhand para tacos de billar | RAR Billares<\/title>\n<meta name=\"description\" content=\"Lija TY Smallhand para tacos de billar. Mant\u00e9n tu taco como nuevo y mejora tu precisi\u00f3n de golpeo. \u00a1Encuentra accesorios de calidad en RAR Billares!\" \/>\n<meta name=\"robots\" content=\"index, follow, max-snippet:-1, max-image-preview:large, max-video-preview:-1\" \/>\n<link rel=\"canonical\" href=\"https:\/\/billaresrar.es\/en\/product\/lija-ty-smallhand\/\" \/>\n<meta property=\"og:locale\" content=\"en_US\" \/>\n<meta property=\"og:type\" content=\"article\" \/>\n<meta property=\"og:title\" content=\"Lija TY Smallhand para tacos de billar | RAR Billares\" \/>\n<meta property=\"og:description\" content=\"Lija TY Smallhand para tacos de billar. Mant\u00e9n tu taco como nuevo y mejora tu precisi\u00f3n de golpeo. \u00a1Encuentra accesorios de calidad en RAR Billares!\" \/>\n<meta property=\"og:url\" content=\"https:\/\/billaresrar.es\/en\/product\/lija-ty-smallhand\/\" \/>\n<meta property=\"og:site_name\" content=\"RAR Billares online shop\" \/>\n<meta property=\"article:modified_time\" content=\"2025-05-28T15:49:09+00:00\" \/>\n<meta property=\"og:image\" content=\"https:\/\/i0.wp.com\/billaresrar.es\/wp-content\/uploads\/2025\/01\/lija-buffalo-handyman.webp?fit=800%2C800&ssl=1\" \/>\n\t<meta property=\"og:image:width\" content=\"800\" \/>\n\t<meta property=\"og:image:height\" content=\"800\" \/>\n\t<meta property=\"og:image:type\" content=\"image\/webp\" \/>\n<meta name=\"twitter:card\" content=\"summary_large_image\" \/>\n<meta name=\"twitter:label1\" content=\"Price\" \/>\n\t<meta name=\"twitter:data1\" content=\"11,50&nbsp;&euro;\" \/>\n\t<meta name=\"twitter:label2\" content=\"Availability\" \/>\n\t<meta name=\"twitter:data2\" content=\"In stock\" \/>\n<script type=\"application\/ld+json\" class=\"yoast-schema-graph\">{\"@context\":\"https:\\\/\\\/schema.org\",\"@graph\":[{\"@type\":\"WebPage\",\"@id\":\"https:\\\/\\\/billaresrar.es\\\/producto\\\/lija-ty-smallhand\\\/\",\"url\":\"https:\\\/\\\/billaresrar.es\\\/producto\\\/lija-ty-smallhand\\\/\",\"name\":\"Lija TY Smallhand para tacos de billar | RAR Billares\",\"isPartOf\":{\"@id\":\"https:\\\/\\\/billaresrar.es\\\/#website\"},\"primaryImageOfPage\":{\"@id\":\"https:\\\/\\\/billaresrar.es\\\/producto\\\/lija-ty-smallhand\\\/#primaryimage\"},\"image\":{\"@id\":\"https:\\\/\\\/billaresrar.es\\\/producto\\\/lija-ty-smallhand\\\/#primaryimage\"},\"thumbnailUrl\":\"https:\\\/\\\/i0.wp.com\\\/billaresrar.es\\\/wp-content\\\/uploads\\\/2025\\\/01\\\/lija-buffalo-handyman.webp?fit=800%2C800&ssl=1\",\"datePublished\":\"2025-01-23T14:58:23+00:00\",\"dateModified\":\"2025-05-28T15:49:09+00:00\",\"description\":\"Lija TY Smallhand para tacos de billar. Mant\u00e9n tu taco como nuevo y mejora tu precisi\u00f3n de golpeo. \u00a1Encuentra accesorios de calidad en RAR Billares!\",\"breadcrumb\":{\"@id\":\"https:\\\/\\\/billaresrar.es\\\/producto\\\/lija-ty-smallhand\\\/#breadcrumb\"},\"inLanguage\":\"en-US\",\"potentialAction\":[{\"@type\":\"ReadAction\",\"target\":[\"https:\\\/\\\/billaresrar.es\\\/producto\\\/lija-ty-smallhand\\\/\"]}]},{\"@type\":\"ImageObject\",\"inLanguage\":\"en-US\",\"@id\":\"https:\\\/\\\/billaresrar.es\\\/producto\\\/lija-ty-smallhand\\\/#primaryimage\",\"url\":\"https:\\\/\\\/i0.wp.com\\\/billaresrar.es\\\/wp-content\\\/uploads\\\/2025\\\/01\\\/lija-buffalo-handyman.webp?fit=800%2C800&ssl=1\",\"contentUrl\":\"https:\\\/\\\/i0.wp.com\\\/billaresrar.es\\\/wp-content\\\/uploads\\\/2025\\\/01\\\/lija-buffalo-handyman.webp?fit=800%2C800&ssl=1\",\"width\":800,\"height\":800},{\"@type\":\"BreadcrumbList\",\"@id\":\"https:\\\/\\\/billaresrar.es\\\/producto\\\/lija-ty-smallhand\\\/#breadcrumb\",\"itemListElement\":[{\"@type\":\"ListItem\",\"position\":1,\"name\":\"Portada\",\"item\":\"https:\\\/\\\/billaresrar.es\\\/\"},{\"@type\":\"ListItem\",\"position\":2,\"name\":\"Tienda\",\"item\":\"https:\\\/\\\/billaresrar.es\\\/tienda-billares-rar\\\/\"},{\"@type\":\"ListItem\",\"position\":3,\"name\":\"Lija TY Smallhand\"}]},{\"@type\":\"WebSite\",\"@id\":\"https:\\\/\\\/billaresrar.es\\\/#website\",\"url\":\"https:\\\/\\\/billaresrar.es\\\/\",\"name\":\"RAR Billares\",\"description\":\"Nos dedicamos a la restauraci\u00f3n, personalizaci\u00f3n, compraventa e instalaci\u00f3n de mesas de billar.\",\"publisher\":{\"@id\":\"https:\\\/\\\/billaresrar.es\\\/#\\\/schema\\\/person\\\/58bf20f74847ad0e156049ad50e1cc19\"},\"potentialAction\":[{\"@type\":\"SearchAction\",\"target\":{\"@type\":\"EntryPoint\",\"urlTemplate\":\"https:\\\/\\\/billaresrar.es\\\/?s={search_term_string}\"},\"query-input\":{\"@type\":\"PropertyValueSpecification\",\"valueRequired\":true,\"valueName\":\"search_term_string\"}}],\"inLanguage\":\"en-US\"},{\"@type\":[\"Person\",\"Organization\"],\"@id\":\"https:\\\/\\\/billaresrar.es\\\/#\\\/schema\\\/person\\\/58bf20f74847ad0e156049ad50e1cc19\",\"name\":\"Ren\u00e9\",\"image\":{\"@type\":\"ImageObject\",\"inLanguage\":\"en-US\",\"@id\":\"https:\\\/\\\/i0.wp.com\\\/billaresrar.es\\\/wp-content\\\/uploads\\\/2024\\\/12\\\/definitivo-RAR.webp?fit=1920%2C1147&ssl=1\",\"url\":\"https:\\\/\\\/i0.wp.com\\\/billaresrar.es\\\/wp-content\\\/uploads\\\/2024\\\/12\\\/definitivo-RAR.webp?fit=1920%2C1147&ssl=1\",\"contentUrl\":\"https:\\\/\\\/i0.wp.com\\\/billaresrar.es\\\/wp-content\\\/uploads\\\/2024\\\/12\\\/definitivo-RAR.webp?fit=1920%2C1147&ssl=1\",\"width\":1920,\"height\":1147,\"caption\":\"Ren\u00e9\"},\"logo\":{\"@id\":\"https:\\\/\\\/i0.wp.com\\\/billaresrar.es\\\/wp-content\\\/uploads\\\/2024\\\/12\\\/definitivo-RAR.webp?fit=1920%2C1147&ssl=1\"}}]}<\/script>\n<meta property=\"product:price:amount\" content=\"11.50\" \/>\n<meta property=\"product:price:currency\" content=\"EUR\" \/>\n<meta property=\"og:availability\" content=\"instock\" \/>\n<meta property=\"product:availability\" content=\"instock\" \/>\n<meta property=\"product:condition\" content=\"new\" \/>\n<!-- \/ Yoast SEO plugin. -->","yoast_head_json":{"title":"Lija TY Smallhand para tacos de billar | RAR Billares","description":"Lija TY Smallhand para tacos de billar. Mant\u00e9n tu taco como nuevo y mejora tu precisi\u00f3n de golpeo. \u00a1Encuentra accesorios de calidad en RAR Billares!","robots":{"index":"index","follow":"follow","max-snippet":"max-snippet:-1","max-image-preview":"max-image-preview:large","max-video-preview":"max-video-preview:-1"},"canonical":"https:\/\/billaresrar.es\/en\/product\/lija-ty-smallhand\/","og_locale":"en_US","og_type":"article","og_title":"Lija TY Smallhand para tacos de billar | RAR Billares","og_description":"Lija TY Smallhand para tacos de billar. Mant\u00e9n tu taco como nuevo y mejora tu precisi\u00f3n de golpeo. \u00a1Encuentra accesorios de calidad en RAR Billares!","og_url":"https:\/\/billaresrar.es\/en\/product\/lija-ty-smallhand\/","og_site_name":"RAR Billares online shop","article_modified_time":"2025-05-28T15:49:09+00:00","og_image":[{"width":800,"height":800,"url":"https:\/\/i0.wp.com\/billaresrar.es\/wp-content\/uploads\/2025\/01\/lija-buffalo-handyman.webp?fit=800%2C800&ssl=1","type":"image\/webp"}],"twitter_card":"summary_large_image","twitter_misc":{"Price":"11,50&nbsp;&euro;","Availability":"In stock"},"schema":{"@context":"https:\/\/schema.org","@graph":[{"@type":"WebPage","@id":"https:\/\/billaresrar.es\/producto\/lija-ty-smallhand\/","url":"https:\/\/billaresrar.es\/producto\/lija-ty-smallhand\/","name":"Lija TY Smallhand para tacos de billar | RAR Billares","isPartOf":{"@id":"https:\/\/billaresrar.es\/#website"},"primaryImageOfPage":{"@id":"https:\/\/billaresrar.es\/producto\/lija-ty-smallhand\/#primaryimage"},"image":{"@id":"https:\/\/billaresrar.es\/producto\/lija-ty-smallhand\/#primaryimage"},"thumbnailUrl":"https:\/\/i0.wp.com\/billaresrar.es\/wp-content\/uploads\/2025\/01\/lija-buffalo-handyman.webp?fit=800%2C800&ssl=1","datePublished":"2025-01-23T14:58:23+00:00","dateModified":"2025-05-28T15:49:09+00:00","description":"Lija TY Smallhand para tacos de billar. Mant\u00e9n tu taco como nuevo y mejora tu precisi\u00f3n de golpeo. \u00a1Encuentra accesorios de calidad en RAR Billares!","breadcrumb":{"@id":"https:\/\/billaresrar.es\/producto\/lija-ty-smallhand\/#breadcrumb"},"inLanguage":"en-US","potentialAction":[{"@type":"ReadAction","target":["https:\/\/billaresrar.es\/producto\/lija-ty-smallhand\/"]}]},{"@type":"ImageObject","inLanguage":"en-US","@id":"https:\/\/billaresrar.es\/producto\/lija-ty-smallhand\/#primaryimage","url":"https:\/\/i0.wp.com\/billaresrar.es\/wp-content\/uploads\/2025\/01\/lija-buffalo-handyman.webp?fit=800%2C800&ssl=1","contentUrl":"https:\/\/i0.wp.com\/billaresrar.es\/wp-content\/uploads\/2025\/01\/lija-buffalo-handyman.webp?fit=800%2C800&ssl=1","width":800,"height":800},{"@type":"BreadcrumbList","@id":"https:\/\/billaresrar.es\/producto\/lija-ty-smallhand\/#breadcrumb","itemListElement":[{"@type":"ListItem","position":1,"name":"Portada","item":"https:\/\/billaresrar.es\/"},{"@type":"ListItem","position":2,"name":"Tienda","item":"https:\/\/billaresrar.es\/tienda-billares-rar\/"},{"@type":"ListItem","position":3,"name":"Lija TY Smallhand"}]},{"@type":"WebSite","@id":"https:\/\/billaresrar.es\/#website","url":"https:\/\/billaresrar.es\/","name":"RAR Billares","description":"Nos dedicamos a la restauraci\u00f3n, personalizaci\u00f3n, compraventa e instalaci\u00f3n de mesas de billar.","publisher":{"@id":"https:\/\/billaresrar.es\/#\/schema\/person\/58bf20f74847ad0e156049ad50e1cc19"},"potentialAction":[{"@type":"SearchAction","target":{"@type":"EntryPoint","urlTemplate":"https:\/\/billaresrar.es\/?s={search_term_string}"},"query-input":{"@type":"PropertyValueSpecification","valueRequired":true,"valueName":"search_term_string"}}],"inLanguage":"en-US"},{"@type":["Person","Organization"],"@id":"https:\/\/billaresrar.es\/#\/schema\/person\/58bf20f74847ad0e156049ad50e1cc19","name":"Ren\u00e9","image":{"@type":"ImageObject","inLanguage":"en-US","@id":"https:\/\/i0.wp.com\/billaresrar.es\/wp-content\/uploads\/2024\/12\/definitivo-RAR.webp?fit=1920%2C1147&ssl=1","url":"https:\/\/i0.wp.com\/billaresrar.es\/wp-content\/uploads\/2024\/12\/definitivo-RAR.webp?fit=1920%2C1147&ssl=1","contentUrl":"https:\/\/i0.wp.com\/billaresrar.es\/wp-content\/uploads\/2024\/12\/definitivo-RAR.webp?fit=1920%2C1147&ssl=1","width":1920,"height":1147,"caption":"Ren\u00e9"},"logo":{"@id":"https:\/\/i0.wp.com\/billaresrar.es\/wp-content\/uploads\/2024\/12\/definitivo-RAR.webp?fit=1920%2C1147&ssl=1"}}]},"product_price_amount":"11.50","product_price_currency":"EUR","og_availability":"instock","product_availability":"instock","product_condition":"new"},"jetpack_publicize_connections":[],"jetpack_sharing_enabled":true,"jetpack_likes_enabled":true,"jetpack-related-posts":[],"_links":{"self":[{"href":"https:\/\/billaresrar.es\/en\/wp-json\/wp\/v2\/product\/1435","targetHints":{"allow":["GET"]}}],"collection":[{"href":"https:\/\/billaresrar.es\/en\/wp-json\/wp\/v2\/product"}],"about":[{"href":"https:\/\/billaresrar.es\/en\/wp-json\/wp\/v2\/types\/product"}],"version-history":[{"count":0,"href":"https:\/\/billaresrar.es\/en\/wp-json\/wp\/v2\/product\/1435\/revisions"}],"wp:featuredmedia":[{"embeddable":true,"href":"https:\/\/billaresrar.es\/en\/wp-json\/wp\/v2\/media\/1436"}],"wp:attachment":[{"href":"https:\/\/billaresrar.es\/en\/wp-json\/wp\/v2\/media?parent=1435"}],"wp:term":[{"taxonomy":"product_brand","embeddable":true,"href":"https:\/\/billaresrar.es\/en\/wp-json\/wp\/v2\/product_brand?post=1435"},{"taxonomy":"product_cat","embeddable":true,"href":"https:\/\/billaresrar.es\/en\/wp-json\/wp\/v2\/product_cat?post=1435"},{"taxonomy":"product_tag","embeddable":true,"href":"https:\/\/billaresrar.es\/en\/wp-json\/wp\/v2\/product_tag?post=1435"}],"curies":[{"name":"wp","href":"https:\/\/api.w.org\/{rel}","templated":true}]}}