{"id":1433,"date":"2025-01-23T15:43:03","date_gmt":"2025-01-23T14:43:03","guid":{"rendered":"https:\/\/darkslateblue-salmon-136783.hostingersite.com\/?post_type=product&#038;p=1433"},"modified":"2025-08-08T14:20:13","modified_gmt":"2025-08-08T12:20:13","slug":"suela-kamui-black","status":"publish","type":"product","link":"https:\/\/billaresrar.es\/en\/product\/suela-kamui-black\/","title":{"rendered":"Suela Kamui Black"},"content":{"rendered":"<p>La suela Kamui Black\u2122 est\u00e1 dise\u00f1ado para a\u00f1adir m\u00e1s efecto a la bola blanca. Adem\u00e1s de los beneficios del Kamui\u2122 original es que el jugador puede poner m\u00e1s efecto a la bola blanca con una velocidad relativamente lenta. La elasticidad del cuero negro absorbe el impulso de la ejecuci\u00f3n con el fin de impulsar la bola blanca con la fuerza centrifuga deseada.<\/p>\n<p>Precio por unidad<\/p>","protected":false},"excerpt":{"rendered":"<p>La suela Kamui Black\u2122 est\u00e1 dise\u00f1ado para a\u00f1adir m\u00e1s efecto a la bola blanca. Adem\u00e1s de los beneficios del Kamui\u2122 original es que el jugador puede poner m\u00e1s efecto a la bola blanca con una velocidad relativamente lenta. La elasticidad del cuero negro absorbe el impulso de la ejecuci\u00f3n con el fin de impulsar la bola blanca con la fuerza centrifuga deseada.<\/p>\n<p><span style=\"color: #ff9900;\">Precio por unidad<\/span><\/p>","protected":false},"featured_media":1434,"template":"","meta":{"jetpack_publicize_message":"","jetpack_publicize_feature_enabled":true,"jetpack_social_post_already_shared":false,"jetpack_social_options":{"image_generator_settings":{"template":"highway","default_image_id":0,"font":"","enabled":false},"version":2}},"product_brand":[],"product_cat":[35,37,51,416],"product_tag":[115,116,117,114],"class_list":{"0":"post-1433","1":"product","2":"type-product","3":"status-publish","4":"has-post-thumbnail","6":"product_cat-accesorios-de-billar","7":"product_cat-mundo-billar","8":"product_cat-suelas","9":"product_cat-suelas-2","10":"product_tag-kamui","11":"product_tag-kamui-black","12":"product_tag-kamui-black-rar-billares","13":"product_tag-suela-kamui-black","15":"first","16":"instock","17":"taxable","18":"shipping-taxable","19":"purchasable","20":"product-type-simple"},"yoast_head":"<!-- This site is optimized with the Yoast SEO plugin v27.5 - https:\/\/yoast.com\/product\/yoast-seo-wordpress\/ -->\n<title>Suela Kamui Black | RAR Billares<\/title>\n<meta name=\"description\" content=\"Suela Kamui Black RAR: tecnolog\u00eda multicapa para un grip superior, durabilidad y sensaci\u00f3n suave. Eleva tu precisi\u00f3n y tacto. \u00a1Adqui\u00e9rela hoy!\" \/>\n<meta name=\"robots\" content=\"index, follow, max-snippet:-1, max-image-preview:large, max-video-preview:-1\" \/>\n<link rel=\"canonical\" href=\"https:\/\/billaresrar.es\/en\/product\/suela-kamui-black\/\" \/>\n<meta property=\"og:locale\" content=\"en_US\" \/>\n<meta property=\"og:type\" content=\"article\" \/>\n<meta property=\"og:title\" content=\"Suela Kamui Black | RAR Billares\" \/>\n<meta property=\"og:description\" content=\"Suela Kamui Black RAR: tecnolog\u00eda multicapa para un grip superior, durabilidad y sensaci\u00f3n suave. Eleva tu precisi\u00f3n y tacto. \u00a1Adqui\u00e9rela hoy!\" \/>\n<meta property=\"og:url\" content=\"https:\/\/billaresrar.es\/en\/product\/suela-kamui-black\/\" \/>\n<meta property=\"og:site_name\" content=\"RAR Billares online shop\" \/>\n<meta property=\"article:modified_time\" content=\"2025-08-08T12:20:13+00:00\" \/>\n<meta property=\"og:image\" content=\"https:\/\/i0.wp.com\/billaresrar.es\/wp-content\/uploads\/2025\/01\/suela-kamui-black.webp?fit=800%2C800&ssl=1\" \/>\n\t<meta property=\"og:image:width\" content=\"800\" \/>\n\t<meta property=\"og:image:height\" content=\"800\" \/>\n\t<meta property=\"og:image:type\" content=\"image\/webp\" \/>\n<meta name=\"twitter:card\" content=\"summary_large_image\" \/>\n<meta name=\"twitter:label1\" content=\"Price\" \/>\n\t<meta name=\"twitter:data1\" content=\"21,00&nbsp;&euro;\" \/>\n\t<meta name=\"twitter:label2\" content=\"Availability\" \/>\n\t<meta name=\"twitter:data2\" content=\"In stock\" \/>\n<script type=\"application\/ld+json\" class=\"yoast-schema-graph\">{\"@context\":\"https:\\\/\\\/schema.org\",\"@graph\":[{\"@type\":\"WebPage\",\"@id\":\"https:\\\/\\\/billaresrar.es\\\/producto\\\/suela-kamui-black\\\/\",\"url\":\"https:\\\/\\\/billaresrar.es\\\/producto\\\/suela-kamui-black\\\/\",\"name\":\"Suela Kamui Black | RAR Billares\",\"isPartOf\":{\"@id\":\"https:\\\/\\\/billaresrar.es\\\/#website\"},\"primaryImageOfPage\":{\"@id\":\"https:\\\/\\\/billaresrar.es\\\/producto\\\/suela-kamui-black\\\/#primaryimage\"},\"image\":{\"@id\":\"https:\\\/\\\/billaresrar.es\\\/producto\\\/suela-kamui-black\\\/#primaryimage\"},\"thumbnailUrl\":\"https:\\\/\\\/i0.wp.com\\\/billaresrar.es\\\/wp-content\\\/uploads\\\/2025\\\/01\\\/suela-kamui-black.webp?fit=800%2C800&ssl=1\",\"datePublished\":\"2025-01-23T14:43:03+00:00\",\"dateModified\":\"2025-08-08T12:20:13+00:00\",\"description\":\"Suela Kamui Black RAR: tecnolog\u00eda multicapa para un grip superior, durabilidad y sensaci\u00f3n suave. Eleva tu precisi\u00f3n y tacto. \u00a1Adqui\u00e9rela hoy!\",\"breadcrumb\":{\"@id\":\"https:\\\/\\\/billaresrar.es\\\/producto\\\/suela-kamui-black\\\/#breadcrumb\"},\"inLanguage\":\"en-US\",\"potentialAction\":[{\"@type\":\"ReadAction\",\"target\":[\"https:\\\/\\\/billaresrar.es\\\/producto\\\/suela-kamui-black\\\/\"]}]},{\"@type\":\"ImageObject\",\"inLanguage\":\"en-US\",\"@id\":\"https:\\\/\\\/billaresrar.es\\\/producto\\\/suela-kamui-black\\\/#primaryimage\",\"url\":\"https:\\\/\\\/i0.wp.com\\\/billaresrar.es\\\/wp-content\\\/uploads\\\/2025\\\/01\\\/suela-kamui-black.webp?fit=800%2C800&ssl=1\",\"contentUrl\":\"https:\\\/\\\/i0.wp.com\\\/billaresrar.es\\\/wp-content\\\/uploads\\\/2025\\\/01\\\/suela-kamui-black.webp?fit=800%2C800&ssl=1\",\"width\":800,\"height\":800},{\"@type\":\"BreadcrumbList\",\"@id\":\"https:\\\/\\\/billaresrar.es\\\/producto\\\/suela-kamui-black\\\/#breadcrumb\",\"itemListElement\":[{\"@type\":\"ListItem\",\"position\":1,\"name\":\"Portada\",\"item\":\"https:\\\/\\\/billaresrar.es\\\/\"},{\"@type\":\"ListItem\",\"position\":2,\"name\":\"Tienda\",\"item\":\"https:\\\/\\\/billaresrar.es\\\/tienda-billares-rar\\\/\"},{\"@type\":\"ListItem\",\"position\":3,\"name\":\"Suela Kamui Black\"}]},{\"@type\":\"WebSite\",\"@id\":\"https:\\\/\\\/billaresrar.es\\\/#website\",\"url\":\"https:\\\/\\\/billaresrar.es\\\/\",\"name\":\"RAR Billares\",\"description\":\"Nos dedicamos a la restauraci\u00f3n, personalizaci\u00f3n, compraventa e instalaci\u00f3n de mesas de billar.\",\"publisher\":{\"@id\":\"https:\\\/\\\/billaresrar.es\\\/#\\\/schema\\\/person\\\/58bf20f74847ad0e156049ad50e1cc19\"},\"potentialAction\":[{\"@type\":\"SearchAction\",\"target\":{\"@type\":\"EntryPoint\",\"urlTemplate\":\"https:\\\/\\\/billaresrar.es\\\/?s={search_term_string}\"},\"query-input\":{\"@type\":\"PropertyValueSpecification\",\"valueRequired\":true,\"valueName\":\"search_term_string\"}}],\"inLanguage\":\"en-US\"},{\"@type\":[\"Person\",\"Organization\"],\"@id\":\"https:\\\/\\\/billaresrar.es\\\/#\\\/schema\\\/person\\\/58bf20f74847ad0e156049ad50e1cc19\",\"name\":\"Ren\u00e9\",\"image\":{\"@type\":\"ImageObject\",\"inLanguage\":\"en-US\",\"@id\":\"https:\\\/\\\/i0.wp.com\\\/billaresrar.es\\\/wp-content\\\/uploads\\\/2024\\\/12\\\/definitivo-RAR.webp?fit=1920%2C1147&ssl=1\",\"url\":\"https:\\\/\\\/i0.wp.com\\\/billaresrar.es\\\/wp-content\\\/uploads\\\/2024\\\/12\\\/definitivo-RAR.webp?fit=1920%2C1147&ssl=1\",\"contentUrl\":\"https:\\\/\\\/i0.wp.com\\\/billaresrar.es\\\/wp-content\\\/uploads\\\/2024\\\/12\\\/definitivo-RAR.webp?fit=1920%2C1147&ssl=1\",\"width\":1920,\"height\":1147,\"caption\":\"Ren\u00e9\"},\"logo\":{\"@id\":\"https:\\\/\\\/i0.wp.com\\\/billaresrar.es\\\/wp-content\\\/uploads\\\/2024\\\/12\\\/definitivo-RAR.webp?fit=1920%2C1147&ssl=1\"}}]}<\/script>\n<meta property=\"product:price:amount\" content=\"21.00\" \/>\n<meta property=\"product:price:currency\" content=\"EUR\" \/>\n<meta property=\"og:availability\" content=\"instock\" \/>\n<meta property=\"product:availability\" content=\"instock\" \/>\n<meta property=\"product:condition\" content=\"new\" \/>\n<!-- \/ Yoast SEO plugin. -->","yoast_head_json":{"title":"Suela Kamui Black | RAR Billares","description":"Suela Kamui Black RAR: tecnolog\u00eda multicapa para un grip superior, durabilidad y sensaci\u00f3n suave. Eleva tu precisi\u00f3n y tacto. \u00a1Adqui\u00e9rela hoy!","robots":{"index":"index","follow":"follow","max-snippet":"max-snippet:-1","max-image-preview":"max-image-preview:large","max-video-preview":"max-video-preview:-1"},"canonical":"https:\/\/billaresrar.es\/en\/product\/suela-kamui-black\/","og_locale":"en_US","og_type":"article","og_title":"Suela Kamui Black | RAR Billares","og_description":"Suela Kamui Black RAR: tecnolog\u00eda multicapa para un grip superior, durabilidad y sensaci\u00f3n suave. Eleva tu precisi\u00f3n y tacto. \u00a1Adqui\u00e9rela hoy!","og_url":"https:\/\/billaresrar.es\/en\/product\/suela-kamui-black\/","og_site_name":"RAR Billares online shop","article_modified_time":"2025-08-08T12:20:13+00:00","og_image":[{"width":800,"height":800,"url":"https:\/\/i0.wp.com\/billaresrar.es\/wp-content\/uploads\/2025\/01\/suela-kamui-black.webp?fit=800%2C800&ssl=1","type":"image\/webp"}],"twitter_card":"summary_large_image","twitter_misc":{"Price":"21,00&nbsp;&euro;","Availability":"In stock"},"schema":{"@context":"https:\/\/schema.org","@graph":[{"@type":"WebPage","@id":"https:\/\/billaresrar.es\/producto\/suela-kamui-black\/","url":"https:\/\/billaresrar.es\/producto\/suela-kamui-black\/","name":"Suela Kamui Black | RAR Billares","isPartOf":{"@id":"https:\/\/billaresrar.es\/#website"},"primaryImageOfPage":{"@id":"https:\/\/billaresrar.es\/producto\/suela-kamui-black\/#primaryimage"},"image":{"@id":"https:\/\/billaresrar.es\/producto\/suela-kamui-black\/#primaryimage"},"thumbnailUrl":"https:\/\/i0.wp.com\/billaresrar.es\/wp-content\/uploads\/2025\/01\/suela-kamui-black.webp?fit=800%2C800&ssl=1","datePublished":"2025-01-23T14:43:03+00:00","dateModified":"2025-08-08T12:20:13+00:00","description":"Suela Kamui Black RAR: tecnolog\u00eda multicapa para un grip superior, durabilidad y sensaci\u00f3n suave. Eleva tu precisi\u00f3n y tacto. \u00a1Adqui\u00e9rela hoy!","breadcrumb":{"@id":"https:\/\/billaresrar.es\/producto\/suela-kamui-black\/#breadcrumb"},"inLanguage":"en-US","potentialAction":[{"@type":"ReadAction","target":["https:\/\/billaresrar.es\/producto\/suela-kamui-black\/"]}]},{"@type":"ImageObject","inLanguage":"en-US","@id":"https:\/\/billaresrar.es\/producto\/suela-kamui-black\/#primaryimage","url":"https:\/\/i0.wp.com\/billaresrar.es\/wp-content\/uploads\/2025\/01\/suela-kamui-black.webp?fit=800%2C800&ssl=1","contentUrl":"https:\/\/i0.wp.com\/billaresrar.es\/wp-content\/uploads\/2025\/01\/suela-kamui-black.webp?fit=800%2C800&ssl=1","width":800,"height":800},{"@type":"BreadcrumbList","@id":"https:\/\/billaresrar.es\/producto\/suela-kamui-black\/#breadcrumb","itemListElement":[{"@type":"ListItem","position":1,"name":"Portada","item":"https:\/\/billaresrar.es\/"},{"@type":"ListItem","position":2,"name":"Tienda","item":"https:\/\/billaresrar.es\/tienda-billares-rar\/"},{"@type":"ListItem","position":3,"name":"Suela Kamui Black"}]},{"@type":"WebSite","@id":"https:\/\/billaresrar.es\/#website","url":"https:\/\/billaresrar.es\/","name":"RAR Billares","description":"Nos dedicamos a la restauraci\u00f3n, personalizaci\u00f3n, compraventa e instalaci\u00f3n de mesas de billar.","publisher":{"@id":"https:\/\/billaresrar.es\/#\/schema\/person\/58bf20f74847ad0e156049ad50e1cc19"},"potentialAction":[{"@type":"SearchAction","target":{"@type":"EntryPoint","urlTemplate":"https:\/\/billaresrar.es\/?s={search_term_string}"},"query-input":{"@type":"PropertyValueSpecification","valueRequired":true,"valueName":"search_term_string"}}],"inLanguage":"en-US"},{"@type":["Person","Organization"],"@id":"https:\/\/billaresrar.es\/#\/schema\/person\/58bf20f74847ad0e156049ad50e1cc19","name":"Ren\u00e9","image":{"@type":"ImageObject","inLanguage":"en-US","@id":"https:\/\/i0.wp.com\/billaresrar.es\/wp-content\/uploads\/2024\/12\/definitivo-RAR.webp?fit=1920%2C1147&ssl=1","url":"https:\/\/i0.wp.com\/billaresrar.es\/wp-content\/uploads\/2024\/12\/definitivo-RAR.webp?fit=1920%2C1147&ssl=1","contentUrl":"https:\/\/i0.wp.com\/billaresrar.es\/wp-content\/uploads\/2024\/12\/definitivo-RAR.webp?fit=1920%2C1147&ssl=1","width":1920,"height":1147,"caption":"Ren\u00e9"},"logo":{"@id":"https:\/\/i0.wp.com\/billaresrar.es\/wp-content\/uploads\/2024\/12\/definitivo-RAR.webp?fit=1920%2C1147&ssl=1"}}]},"product_price_amount":"21.00","product_price_currency":"EUR","og_availability":"instock","product_availability":"instock","product_condition":"new"},"jetpack_publicize_connections":[],"jetpack_sharing_enabled":true,"jetpack_likes_enabled":true,"jetpack-related-posts":[],"_links":{"self":[{"href":"https:\/\/billaresrar.es\/en\/wp-json\/wp\/v2\/product\/1433","targetHints":{"allow":["GET"]}}],"collection":[{"href":"https:\/\/billaresrar.es\/en\/wp-json\/wp\/v2\/product"}],"about":[{"href":"https:\/\/billaresrar.es\/en\/wp-json\/wp\/v2\/types\/product"}],"version-history":[{"count":0,"href":"https:\/\/billaresrar.es\/en\/wp-json\/wp\/v2\/product\/1433\/revisions"}],"wp:featuredmedia":[{"embeddable":true,"href":"https:\/\/billaresrar.es\/en\/wp-json\/wp\/v2\/media\/1434"}],"wp:attachment":[{"href":"https:\/\/billaresrar.es\/en\/wp-json\/wp\/v2\/media?parent=1433"}],"wp:term":[{"taxonomy":"product_brand","embeddable":true,"href":"https:\/\/billaresrar.es\/en\/wp-json\/wp\/v2\/product_brand?post=1433"},{"taxonomy":"product_cat","embeddable":true,"href":"https:\/\/billaresrar.es\/en\/wp-json\/wp\/v2\/product_cat?post=1433"},{"taxonomy":"product_tag","embeddable":true,"href":"https:\/\/billaresrar.es\/en\/wp-json\/wp\/v2\/product_tag?post=1433"}],"curies":[{"name":"wp","href":"https:\/\/api.w.org\/{rel}","templated":true}]}}