{"id":1407,"date":"2025-01-18T12:27:17","date_gmt":"2025-01-18T11:27:17","guid":{"rendered":"https:\/\/darkslateblue-salmon-136783.hostingersite.com\/?post_type=product&#038;p=1407"},"modified":"2025-08-08T13:51:58","modified_gmt":"2025-08-08T11:51:58","slug":"mesa-riley-renaissance-9-pies","status":"publish","type":"product","link":"https:\/\/billaresrar.es\/en\/product\/mesa-riley-renaissance-9-pies\/","title":{"rendered":"Mesa Riley Renaissance 9 pies"},"content":{"rendered":"<p>\u2022 Fabricada \u00fanicamente con la mejor caoba Sapele y maderas duras seleccionadas en toda la mesa.<br \/>\n\u2022 Tela Strachan 6811 del Oeste de Inglaterra incluida como est\u00e1ndar<br \/>\n\u2022 Pizarra cortada en palos como la que se utiliza en los mejores clubes de billar de todo el mundo.<br \/>\n\u2022 Pizarra premium de la m\u00e1s alta calidad: cortada con l\u00e1ser, cinco piezas y 4,5 cm de grosor<br \/>\n\u2022 Cueros de bolsillo hechos de piel de vaca inglesa seleccionada a mano.<br \/>\n\u2022 Material de amortiguaci\u00f3n de caucho Riley CAT1 de primera calidad para un rebote constante y una vida \u00fatil m\u00e1xima\u200b<\/p>","protected":false},"excerpt":{"rendered":"<p>\u2022 Fabricada \u00fanicamente con la mejor caoba Sapele y maderas duras seleccionadas en toda la mesa.<br \/>\n\u2022 Tela Strachan 6811 del Oeste de Inglaterra incluida como est\u00e1ndar<br \/>\n\u2022 Pizarra cortada en palos como la que se utiliza en los mejores clubes de billar de todo el mundo.<br \/>\n\u2022 Pizarra premium de la m\u00e1s alta calidad: cortada con l\u00e1ser, cinco piezas y 4,5 cm de grosor<br \/>\n\u2022 Cueros de bolsillo hechos de piel de vaca inglesa seleccionada a mano.<br \/>\n\u2022 Material de amortiguaci\u00f3n de caucho Riley CAT1 de primera calidad para un rebote constante y una vida \u00fatil m\u00e1xima\u200b<\/p>","protected":false},"featured_media":1408,"template":"","meta":{"jetpack_publicize_message":"","jetpack_publicize_feature_enabled":true,"jetpack_social_post_already_shared":false,"jetpack_social_options":{"image_generator_settings":{"template":"highway","default_image_id":0,"font":"","enabled":false},"version":2}},"product_brand":[],"product_cat":[408,24,37,26],"product_tag":[110,111],"class_list":{"0":"post-1407","1":"product","2":"type-product","3":"status-publish","4":"has-post-thumbnail","6":"product_cat-mesas-de-billar","7":"product_cat-mesas-de-juego","8":"product_cat-mundo-billar","9":"product_cat-snooker","10":"product_tag-mesa-de-snooker","11":"product_tag-mesa-riley-9-pies","13":"first","14":"instock","15":"sale","16":"taxable","17":"shipping-taxable","18":"purchasable","19":"product-type-simple"},"yoast_head":"<!-- This site is optimized with the Yoast SEO plugin v27.5 - https:\/\/yoast.com\/product\/yoast-seo-wordpress\/ -->\n<title>Mesa Riley Renaissance 9 pies - RAR Billares online shop<\/title>\n<meta name=\"description\" content=\"\u2022 Fabricada \u00fanicamente con la mejor caoba Sapele y maderas duras seleccionadas en toda la mesa.\u2022 Tela Strachan 6811 del Oeste de Inglaterra incluida.\" \/>\n<meta name=\"robots\" content=\"index, follow, max-snippet:-1, max-image-preview:large, max-video-preview:-1\" \/>\n<link rel=\"canonical\" href=\"https:\/\/billaresrar.es\/en\/product\/mesa-riley-renaissance-9-pies\/\" \/>\n<meta property=\"og:locale\" content=\"en_US\" \/>\n<meta property=\"og:type\" content=\"article\" \/>\n<meta property=\"og:title\" content=\"Mesa Riley Renaissance 9 pies - RAR Billares online shop\" \/>\n<meta property=\"og:description\" content=\"\u2022 Fabricada \u00fanicamente con la mejor caoba Sapele y maderas duras seleccionadas en toda la mesa.\u2022 Tela Strachan 6811 del Oeste de Inglaterra incluida.\" \/>\n<meta property=\"og:url\" content=\"https:\/\/billaresrar.es\/en\/product\/mesa-riley-renaissance-9-pies\/\" \/>\n<meta property=\"og:site_name\" content=\"RAR Billares online shop\" \/>\n<meta property=\"article:modified_time\" content=\"2025-08-08T11:51:58+00:00\" \/>\n<meta property=\"og:image\" content=\"https:\/\/i0.wp.com\/billaresrar.es\/wp-content\/uploads\/2025\/01\/e5db86_91bc5bf155074e7a86bab22ebe02fb72mv2.webp?fit=1000%2C562&ssl=1\" \/>\n\t<meta property=\"og:image:width\" content=\"1000\" \/>\n\t<meta property=\"og:image:height\" content=\"562\" \/>\n\t<meta property=\"og:image:type\" content=\"image\/webp\" \/>\n<meta name=\"twitter:card\" content=\"summary_large_image\" \/>\n<meta name=\"twitter:label1\" content=\"Price\" \/>\n\t<meta name=\"twitter:data1\" content=\"5.650,00&nbsp;&euro;\" \/>\n\t<meta name=\"twitter:label2\" content=\"Availability\" \/>\n\t<meta name=\"twitter:data2\" content=\"In stock\" \/>\n<script type=\"application\/ld+json\" class=\"yoast-schema-graph\">{\"@context\":\"https:\\\/\\\/schema.org\",\"@graph\":[{\"@type\":\"WebPage\",\"@id\":\"https:\\\/\\\/billaresrar.es\\\/producto\\\/mesa-riley-renaissance-9-pies\\\/\",\"url\":\"https:\\\/\\\/billaresrar.es\\\/producto\\\/mesa-riley-renaissance-9-pies\\\/\",\"name\":\"Mesa Riley Renaissance 9 pies - RAR Billares online shop\",\"isPartOf\":{\"@id\":\"https:\\\/\\\/billaresrar.es\\\/#website\"},\"primaryImageOfPage\":{\"@id\":\"https:\\\/\\\/billaresrar.es\\\/producto\\\/mesa-riley-renaissance-9-pies\\\/#primaryimage\"},\"image\":{\"@id\":\"https:\\\/\\\/billaresrar.es\\\/producto\\\/mesa-riley-renaissance-9-pies\\\/#primaryimage\"},\"thumbnailUrl\":\"https:\\\/\\\/i0.wp.com\\\/billaresrar.es\\\/wp-content\\\/uploads\\\/2025\\\/01\\\/e5db86_91bc5bf155074e7a86bab22ebe02fb72mv2.webp?fit=1000%2C562&ssl=1\",\"datePublished\":\"2025-01-18T11:27:17+00:00\",\"dateModified\":\"2025-08-08T11:51:58+00:00\",\"description\":\"\u2022 Fabricada \u00fanicamente con la mejor caoba Sapele y maderas duras seleccionadas en toda la mesa.\u2022 Tela Strachan 6811 del Oeste de Inglaterra incluida.\",\"breadcrumb\":{\"@id\":\"https:\\\/\\\/billaresrar.es\\\/producto\\\/mesa-riley-renaissance-9-pies\\\/#breadcrumb\"},\"inLanguage\":\"en-US\",\"potentialAction\":[{\"@type\":\"ReadAction\",\"target\":[\"https:\\\/\\\/billaresrar.es\\\/producto\\\/mesa-riley-renaissance-9-pies\\\/\"]}]},{\"@type\":\"ImageObject\",\"inLanguage\":\"en-US\",\"@id\":\"https:\\\/\\\/billaresrar.es\\\/producto\\\/mesa-riley-renaissance-9-pies\\\/#primaryimage\",\"url\":\"https:\\\/\\\/i0.wp.com\\\/billaresrar.es\\\/wp-content\\\/uploads\\\/2025\\\/01\\\/e5db86_91bc5bf155074e7a86bab22ebe02fb72mv2.webp?fit=1000%2C562&ssl=1\",\"contentUrl\":\"https:\\\/\\\/i0.wp.com\\\/billaresrar.es\\\/wp-content\\\/uploads\\\/2025\\\/01\\\/e5db86_91bc5bf155074e7a86bab22ebe02fb72mv2.webp?fit=1000%2C562&ssl=1\",\"width\":1000,\"height\":562},{\"@type\":\"BreadcrumbList\",\"@id\":\"https:\\\/\\\/billaresrar.es\\\/producto\\\/mesa-riley-renaissance-9-pies\\\/#breadcrumb\",\"itemListElement\":[{\"@type\":\"ListItem\",\"position\":1,\"name\":\"Portada\",\"item\":\"https:\\\/\\\/billaresrar.es\\\/\"},{\"@type\":\"ListItem\",\"position\":2,\"name\":\"Tienda\",\"item\":\"https:\\\/\\\/billaresrar.es\\\/tienda-billares-rar\\\/\"},{\"@type\":\"ListItem\",\"position\":3,\"name\":\"Mesa Riley Renaissance 9 pies\"}]},{\"@type\":\"WebSite\",\"@id\":\"https:\\\/\\\/billaresrar.es\\\/#website\",\"url\":\"https:\\\/\\\/billaresrar.es\\\/\",\"name\":\"RAR Billares\",\"description\":\"Nos dedicamos a la restauraci\u00f3n, personalizaci\u00f3n, compraventa e instalaci\u00f3n de mesas de billar.\",\"publisher\":{\"@id\":\"https:\\\/\\\/billaresrar.es\\\/#\\\/schema\\\/person\\\/58bf20f74847ad0e156049ad50e1cc19\"},\"potentialAction\":[{\"@type\":\"SearchAction\",\"target\":{\"@type\":\"EntryPoint\",\"urlTemplate\":\"https:\\\/\\\/billaresrar.es\\\/?s={search_term_string}\"},\"query-input\":{\"@type\":\"PropertyValueSpecification\",\"valueRequired\":true,\"valueName\":\"search_term_string\"}}],\"inLanguage\":\"en-US\"},{\"@type\":[\"Person\",\"Organization\"],\"@id\":\"https:\\\/\\\/billaresrar.es\\\/#\\\/schema\\\/person\\\/58bf20f74847ad0e156049ad50e1cc19\",\"name\":\"Ren\u00e9\",\"image\":{\"@type\":\"ImageObject\",\"inLanguage\":\"en-US\",\"@id\":\"https:\\\/\\\/i0.wp.com\\\/billaresrar.es\\\/wp-content\\\/uploads\\\/2024\\\/12\\\/definitivo-RAR.webp?fit=1920%2C1147&ssl=1\",\"url\":\"https:\\\/\\\/i0.wp.com\\\/billaresrar.es\\\/wp-content\\\/uploads\\\/2024\\\/12\\\/definitivo-RAR.webp?fit=1920%2C1147&ssl=1\",\"contentUrl\":\"https:\\\/\\\/i0.wp.com\\\/billaresrar.es\\\/wp-content\\\/uploads\\\/2024\\\/12\\\/definitivo-RAR.webp?fit=1920%2C1147&ssl=1\",\"width\":1920,\"height\":1147,\"caption\":\"Ren\u00e9\"},\"logo\":{\"@id\":\"https:\\\/\\\/i0.wp.com\\\/billaresrar.es\\\/wp-content\\\/uploads\\\/2024\\\/12\\\/definitivo-RAR.webp?fit=1920%2C1147&ssl=1\"}}]}<\/script>\n<meta property=\"product:price:amount\" content=\"5650.00\" \/>\n<meta property=\"product:price:currency\" content=\"EUR\" \/>\n<meta property=\"og:availability\" content=\"instock\" \/>\n<meta property=\"product:availability\" content=\"instock\" \/>\n<meta property=\"product:condition\" content=\"new\" \/>\n<!-- \/ Yoast SEO plugin. -->","yoast_head_json":{"title":"Mesa Riley Renaissance 9 pies - RAR Billares online shop","description":"\u2022 Fabricada \u00fanicamente con la mejor caoba Sapele y maderas duras seleccionadas en toda la mesa.\u2022 Tela Strachan 6811 del Oeste de Inglaterra incluida.","robots":{"index":"index","follow":"follow","max-snippet":"max-snippet:-1","max-image-preview":"max-image-preview:large","max-video-preview":"max-video-preview:-1"},"canonical":"https:\/\/billaresrar.es\/en\/product\/mesa-riley-renaissance-9-pies\/","og_locale":"en_US","og_type":"article","og_title":"Mesa Riley Renaissance 9 pies - RAR Billares online shop","og_description":"\u2022 Fabricada \u00fanicamente con la mejor caoba Sapele y maderas duras seleccionadas en toda la mesa.\u2022 Tela Strachan 6811 del Oeste de Inglaterra incluida.","og_url":"https:\/\/billaresrar.es\/en\/product\/mesa-riley-renaissance-9-pies\/","og_site_name":"RAR Billares online shop","article_modified_time":"2025-08-08T11:51:58+00:00","og_image":[{"width":1000,"height":562,"url":"https:\/\/i0.wp.com\/billaresrar.es\/wp-content\/uploads\/2025\/01\/e5db86_91bc5bf155074e7a86bab22ebe02fb72mv2.webp?fit=1000%2C562&ssl=1","type":"image\/webp"}],"twitter_card":"summary_large_image","twitter_misc":{"Price":"5.650,00&nbsp;&euro;","Availability":"In stock"},"schema":{"@context":"https:\/\/schema.org","@graph":[{"@type":"WebPage","@id":"https:\/\/billaresrar.es\/producto\/mesa-riley-renaissance-9-pies\/","url":"https:\/\/billaresrar.es\/producto\/mesa-riley-renaissance-9-pies\/","name":"Mesa Riley Renaissance 9 pies - RAR Billares online shop","isPartOf":{"@id":"https:\/\/billaresrar.es\/#website"},"primaryImageOfPage":{"@id":"https:\/\/billaresrar.es\/producto\/mesa-riley-renaissance-9-pies\/#primaryimage"},"image":{"@id":"https:\/\/billaresrar.es\/producto\/mesa-riley-renaissance-9-pies\/#primaryimage"},"thumbnailUrl":"https:\/\/i0.wp.com\/billaresrar.es\/wp-content\/uploads\/2025\/01\/e5db86_91bc5bf155074e7a86bab22ebe02fb72mv2.webp?fit=1000%2C562&ssl=1","datePublished":"2025-01-18T11:27:17+00:00","dateModified":"2025-08-08T11:51:58+00:00","description":"\u2022 Fabricada \u00fanicamente con la mejor caoba Sapele y maderas duras seleccionadas en toda la mesa.\u2022 Tela Strachan 6811 del Oeste de Inglaterra incluida.","breadcrumb":{"@id":"https:\/\/billaresrar.es\/producto\/mesa-riley-renaissance-9-pies\/#breadcrumb"},"inLanguage":"en-US","potentialAction":[{"@type":"ReadAction","target":["https:\/\/billaresrar.es\/producto\/mesa-riley-renaissance-9-pies\/"]}]},{"@type":"ImageObject","inLanguage":"en-US","@id":"https:\/\/billaresrar.es\/producto\/mesa-riley-renaissance-9-pies\/#primaryimage","url":"https:\/\/i0.wp.com\/billaresrar.es\/wp-content\/uploads\/2025\/01\/e5db86_91bc5bf155074e7a86bab22ebe02fb72mv2.webp?fit=1000%2C562&ssl=1","contentUrl":"https:\/\/i0.wp.com\/billaresrar.es\/wp-content\/uploads\/2025\/01\/e5db86_91bc5bf155074e7a86bab22ebe02fb72mv2.webp?fit=1000%2C562&ssl=1","width":1000,"height":562},{"@type":"BreadcrumbList","@id":"https:\/\/billaresrar.es\/producto\/mesa-riley-renaissance-9-pies\/#breadcrumb","itemListElement":[{"@type":"ListItem","position":1,"name":"Portada","item":"https:\/\/billaresrar.es\/"},{"@type":"ListItem","position":2,"name":"Tienda","item":"https:\/\/billaresrar.es\/tienda-billares-rar\/"},{"@type":"ListItem","position":3,"name":"Mesa Riley Renaissance 9 pies"}]},{"@type":"WebSite","@id":"https:\/\/billaresrar.es\/#website","url":"https:\/\/billaresrar.es\/","name":"RAR Billares","description":"Nos dedicamos a la restauraci\u00f3n, personalizaci\u00f3n, compraventa e instalaci\u00f3n de mesas de billar.","publisher":{"@id":"https:\/\/billaresrar.es\/#\/schema\/person\/58bf20f74847ad0e156049ad50e1cc19"},"potentialAction":[{"@type":"SearchAction","target":{"@type":"EntryPoint","urlTemplate":"https:\/\/billaresrar.es\/?s={search_term_string}"},"query-input":{"@type":"PropertyValueSpecification","valueRequired":true,"valueName":"search_term_string"}}],"inLanguage":"en-US"},{"@type":["Person","Organization"],"@id":"https:\/\/billaresrar.es\/#\/schema\/person\/58bf20f74847ad0e156049ad50e1cc19","name":"Ren\u00e9","image":{"@type":"ImageObject","inLanguage":"en-US","@id":"https:\/\/i0.wp.com\/billaresrar.es\/wp-content\/uploads\/2024\/12\/definitivo-RAR.webp?fit=1920%2C1147&ssl=1","url":"https:\/\/i0.wp.com\/billaresrar.es\/wp-content\/uploads\/2024\/12\/definitivo-RAR.webp?fit=1920%2C1147&ssl=1","contentUrl":"https:\/\/i0.wp.com\/billaresrar.es\/wp-content\/uploads\/2024\/12\/definitivo-RAR.webp?fit=1920%2C1147&ssl=1","width":1920,"height":1147,"caption":"Ren\u00e9"},"logo":{"@id":"https:\/\/i0.wp.com\/billaresrar.es\/wp-content\/uploads\/2024\/12\/definitivo-RAR.webp?fit=1920%2C1147&ssl=1"}}]},"product_price_amount":"5650.00","product_price_currency":"EUR","og_availability":"instock","product_availability":"instock","product_condition":"new"},"jetpack_publicize_connections":[],"jetpack_sharing_enabled":true,"jetpack_likes_enabled":true,"jetpack-related-posts":[],"_links":{"self":[{"href":"https:\/\/billaresrar.es\/en\/wp-json\/wp\/v2\/product\/1407","targetHints":{"allow":["GET"]}}],"collection":[{"href":"https:\/\/billaresrar.es\/en\/wp-json\/wp\/v2\/product"}],"about":[{"href":"https:\/\/billaresrar.es\/en\/wp-json\/wp\/v2\/types\/product"}],"version-history":[{"count":1,"href":"https:\/\/billaresrar.es\/en\/wp-json\/wp\/v2\/product\/1407\/revisions"}],"predecessor-version":[{"id":1673,"href":"https:\/\/billaresrar.es\/en\/wp-json\/wp\/v2\/product\/1407\/revisions\/1673"}],"wp:featuredmedia":[{"embeddable":true,"href":"https:\/\/billaresrar.es\/en\/wp-json\/wp\/v2\/media\/1408"}],"wp:attachment":[{"href":"https:\/\/billaresrar.es\/en\/wp-json\/wp\/v2\/media?parent=1407"}],"wp:term":[{"taxonomy":"product_brand","embeddable":true,"href":"https:\/\/billaresrar.es\/en\/wp-json\/wp\/v2\/product_brand?post=1407"},{"taxonomy":"product_cat","embeddable":true,"href":"https:\/\/billaresrar.es\/en\/wp-json\/wp\/v2\/product_cat?post=1407"},{"taxonomy":"product_tag","embeddable":true,"href":"https:\/\/billaresrar.es\/en\/wp-json\/wp\/v2\/product_tag?post=1407"}],"curies":[{"name":"wp","href":"https:\/\/api.w.org\/{rel}","templated":true}]}}