{"id":1398,"date":"2025-01-14T00:29:21","date_gmt":"2025-01-13T23:29:21","guid":{"rendered":"https:\/\/darkslateblue-salmon-136783.hostingersite.com\/?post_type=product&#038;p=1398"},"modified":"2025-08-08T14:10:32","modified_gmt":"2025-08-08T12:10:32","slug":"taquera-dura-sy-1","status":"publish","type":"product","link":"https:\/\/billaresrar.es\/en\/product\/taquera-dura-sy-1\/","title":{"rendered":"Taquera dura SY-1"},"content":{"rendered":"<p>Funda de cuero sint\u00e9tico para taco de billar, con un dise\u00f1o elegante y acabados de primera calidad en colores negro y amarillo. Con capacidad para 2 porras y 2 flechas, con bandolera ajustable y bolsillo XXL para accesorios.<\/p>\n<p>Caracter\u00edsticas:<\/p>\n<p>Capacidad para 2 Porras y 2 Flechas<br \/>\nColor: Negro y amarillo<br \/>\nMedida: 85 cm<br \/>\nMaterial: Cuero sint\u00e9tico<br \/>\nCon bandolera ajustable y acolchada en el lateral<br \/>\nCon bolsillo XXL para accesorios, se puede guardar una culata de jump para snooker<\/p>\n<p>Su cuero sint\u00e9tico de gran calidad protege su taco contra golpes<\/p>","protected":false},"excerpt":{"rendered":"<p>Funda de cuero sint\u00e9tico para taco de billar, con un dise\u00f1o elegante y acabados de primera calidad en colores negro y amarillo. Con capacidad para 2 porras y 2 flechas, con bandolera ajustable y bolsillo XXL para accesorios.<\/p>\n<p>Caracter\u00edsticas:<\/p>\n<p>Capacidad para 2 Porras y 2 Flechas<br \/>\nColor: Negro y amarillo<br \/>\nMedida: 85 cm<br \/>\nMaterial: Cuero sint\u00e9tico<br \/>\nCon bandolera ajustable y acolchada en el lateral<br \/>\nCon bolsillo XXL para accesorios, se puede guardar una culata de jump para snooker<\/p>\n<p>Su cuero sint\u00e9tico de gran calidad protege su taco contra golpes<\/p>","protected":false},"featured_media":1400,"template":"","meta":{"jetpack_publicize_message":"","jetpack_publicize_feature_enabled":true,"jetpack_social_post_already_shared":false,"jetpack_social_options":{"image_generator_settings":{"template":"highway","default_image_id":0,"font":"","enabled":false},"version":2}},"product_brand":[],"product_cat":[37,85,411],"product_tag":[101,100,99],"class_list":{"0":"post-1398","1":"product","2":"type-product","3":"status-publish","4":"has-post-thumbnail","6":"product_cat-mundo-billar","7":"product_cat-taquera-de-billar","8":"product_cat-taqueras","9":"product_tag-taquera-dura","10":"product_tag-taquera-dura-dos-tacos","11":"product_tag-taquera-dura-sy-1","13":"first","14":"instock","15":"taxable","16":"shipping-taxable","17":"purchasable","18":"product-type-simple"},"yoast_head":"<!-- This site is optimized with the Yoast SEO plugin v27.5 - https:\/\/yoast.com\/product\/yoast-seo-wordpress\/ -->\n<title>Taquera Dura SY-1 - Protecci\u00f3n Resistente | RAR Billares<\/title>\n<meta name=\"description\" content=\"Taquera dura SY-1, funda robusta y segura para tu taco de billar. Asegura tu equipamiento con resistencia y estilo profesional. \u00a1Compra ahora!\" \/>\n<meta name=\"robots\" content=\"index, follow, max-snippet:-1, max-image-preview:large, max-video-preview:-1\" \/>\n<link rel=\"canonical\" href=\"https:\/\/billaresrar.es\/en\/product\/taquera-dura-sy-1\/\" \/>\n<meta property=\"og:locale\" content=\"en_US\" \/>\n<meta property=\"og:type\" content=\"article\" \/>\n<meta property=\"og:title\" content=\"Taquera Dura SY-1 - Protecci\u00f3n Resistente | RAR Billares\" \/>\n<meta property=\"og:description\" content=\"Taquera dura SY-1, funda robusta y segura para tu taco de billar. Asegura tu equipamiento con resistencia y estilo profesional. \u00a1Compra ahora!\" \/>\n<meta property=\"og:url\" content=\"https:\/\/billaresrar.es\/en\/product\/taquera-dura-sy-1\/\" \/>\n<meta property=\"og:site_name\" content=\"RAR Billares online shop\" \/>\n<meta property=\"article:modified_time\" content=\"2025-08-08T12:10:32+00:00\" \/>\n<meta property=\"og:image\" content=\"https:\/\/i0.wp.com\/billaresrar.es\/wp-content\/uploads\/2025\/01\/taquera-diura-elite-prime02.webp?fit=1000%2C1000&ssl=1\" \/>\n\t<meta property=\"og:image:width\" content=\"1000\" \/>\n\t<meta property=\"og:image:height\" content=\"1000\" \/>\n\t<meta property=\"og:image:type\" content=\"image\/webp\" \/>\n<meta name=\"twitter:card\" content=\"summary_large_image\" \/>\n<meta name=\"twitter:label1\" content=\"Price\" \/>\n\t<meta name=\"twitter:data1\" content=\"92,00&nbsp;&euro;\" \/>\n\t<meta name=\"twitter:label2\" content=\"Availability\" \/>\n\t<meta name=\"twitter:data2\" content=\"In stock\" \/>\n<script type=\"application\/ld+json\" class=\"yoast-schema-graph\">{\"@context\":\"https:\\\/\\\/schema.org\",\"@graph\":[{\"@type\":\"WebPage\",\"@id\":\"https:\\\/\\\/billaresrar.es\\\/producto\\\/taquera-dura-sy-1\\\/\",\"url\":\"https:\\\/\\\/billaresrar.es\\\/producto\\\/taquera-dura-sy-1\\\/\",\"name\":\"Taquera Dura SY-1 - Protecci\u00f3n Resistente | RAR Billares\",\"isPartOf\":{\"@id\":\"https:\\\/\\\/billaresrar.es\\\/#website\"},\"primaryImageOfPage\":{\"@id\":\"https:\\\/\\\/billaresrar.es\\\/producto\\\/taquera-dura-sy-1\\\/#primaryimage\"},\"image\":{\"@id\":\"https:\\\/\\\/billaresrar.es\\\/producto\\\/taquera-dura-sy-1\\\/#primaryimage\"},\"thumbnailUrl\":\"https:\\\/\\\/i0.wp.com\\\/billaresrar.es\\\/wp-content\\\/uploads\\\/2025\\\/01\\\/taquera-diura-elite-prime02.webp?fit=1000%2C1000&ssl=1\",\"datePublished\":\"2025-01-13T23:29:21+00:00\",\"dateModified\":\"2025-08-08T12:10:32+00:00\",\"description\":\"Taquera dura SY-1, funda robusta y segura para tu taco de billar. Asegura tu equipamiento con resistencia y estilo profesional. \u00a1Compra ahora!\",\"breadcrumb\":{\"@id\":\"https:\\\/\\\/billaresrar.es\\\/producto\\\/taquera-dura-sy-1\\\/#breadcrumb\"},\"inLanguage\":\"en-US\",\"potentialAction\":[{\"@type\":\"ReadAction\",\"target\":[\"https:\\\/\\\/billaresrar.es\\\/producto\\\/taquera-dura-sy-1\\\/\"]}]},{\"@type\":\"ImageObject\",\"inLanguage\":\"en-US\",\"@id\":\"https:\\\/\\\/billaresrar.es\\\/producto\\\/taquera-dura-sy-1\\\/#primaryimage\",\"url\":\"https:\\\/\\\/i0.wp.com\\\/billaresrar.es\\\/wp-content\\\/uploads\\\/2025\\\/01\\\/taquera-diura-elite-prime02.webp?fit=1000%2C1000&ssl=1\",\"contentUrl\":\"https:\\\/\\\/i0.wp.com\\\/billaresrar.es\\\/wp-content\\\/uploads\\\/2025\\\/01\\\/taquera-diura-elite-prime02.webp?fit=1000%2C1000&ssl=1\",\"width\":1000,\"height\":1000},{\"@type\":\"BreadcrumbList\",\"@id\":\"https:\\\/\\\/billaresrar.es\\\/producto\\\/taquera-dura-sy-1\\\/#breadcrumb\",\"itemListElement\":[{\"@type\":\"ListItem\",\"position\":1,\"name\":\"Portada\",\"item\":\"https:\\\/\\\/billaresrar.es\\\/\"},{\"@type\":\"ListItem\",\"position\":2,\"name\":\"Tienda\",\"item\":\"https:\\\/\\\/billaresrar.es\\\/tienda-billares-rar\\\/\"},{\"@type\":\"ListItem\",\"position\":3,\"name\":\"Taquera dura SY-1\"}]},{\"@type\":\"WebSite\",\"@id\":\"https:\\\/\\\/billaresrar.es\\\/#website\",\"url\":\"https:\\\/\\\/billaresrar.es\\\/\",\"name\":\"RAR Billares\",\"description\":\"Nos dedicamos a la restauraci\u00f3n, personalizaci\u00f3n, compraventa e instalaci\u00f3n de mesas de billar.\",\"publisher\":{\"@id\":\"https:\\\/\\\/billaresrar.es\\\/#\\\/schema\\\/person\\\/58bf20f74847ad0e156049ad50e1cc19\"},\"potentialAction\":[{\"@type\":\"SearchAction\",\"target\":{\"@type\":\"EntryPoint\",\"urlTemplate\":\"https:\\\/\\\/billaresrar.es\\\/?s={search_term_string}\"},\"query-input\":{\"@type\":\"PropertyValueSpecification\",\"valueRequired\":true,\"valueName\":\"search_term_string\"}}],\"inLanguage\":\"en-US\"},{\"@type\":[\"Person\",\"Organization\"],\"@id\":\"https:\\\/\\\/billaresrar.es\\\/#\\\/schema\\\/person\\\/58bf20f74847ad0e156049ad50e1cc19\",\"name\":\"Ren\u00e9\",\"image\":{\"@type\":\"ImageObject\",\"inLanguage\":\"en-US\",\"@id\":\"https:\\\/\\\/i0.wp.com\\\/billaresrar.es\\\/wp-content\\\/uploads\\\/2024\\\/12\\\/definitivo-RAR.webp?fit=1920%2C1147&ssl=1\",\"url\":\"https:\\\/\\\/i0.wp.com\\\/billaresrar.es\\\/wp-content\\\/uploads\\\/2024\\\/12\\\/definitivo-RAR.webp?fit=1920%2C1147&ssl=1\",\"contentUrl\":\"https:\\\/\\\/i0.wp.com\\\/billaresrar.es\\\/wp-content\\\/uploads\\\/2024\\\/12\\\/definitivo-RAR.webp?fit=1920%2C1147&ssl=1\",\"width\":1920,\"height\":1147,\"caption\":\"Ren\u00e9\"},\"logo\":{\"@id\":\"https:\\\/\\\/i0.wp.com\\\/billaresrar.es\\\/wp-content\\\/uploads\\\/2024\\\/12\\\/definitivo-RAR.webp?fit=1920%2C1147&ssl=1\"}}]}<\/script>\n<meta property=\"product:price:amount\" content=\"92.00\" \/>\n<meta property=\"product:price:currency\" content=\"EUR\" \/>\n<meta property=\"og:availability\" content=\"instock\" \/>\n<meta property=\"product:availability\" content=\"instock\" \/>\n<meta property=\"product:condition\" content=\"new\" \/>\n<!-- \/ Yoast SEO plugin. -->","yoast_head_json":{"title":"Taquera Dura SY-1 - Protecci\u00f3n Resistente | RAR Billares","description":"Taquera dura SY-1, funda robusta y segura para tu taco de billar. Asegura tu equipamiento con resistencia y estilo profesional. \u00a1Compra ahora!","robots":{"index":"index","follow":"follow","max-snippet":"max-snippet:-1","max-image-preview":"max-image-preview:large","max-video-preview":"max-video-preview:-1"},"canonical":"https:\/\/billaresrar.es\/en\/product\/taquera-dura-sy-1\/","og_locale":"en_US","og_type":"article","og_title":"Taquera Dura SY-1 - Protecci\u00f3n Resistente | RAR Billares","og_description":"Taquera dura SY-1, funda robusta y segura para tu taco de billar. Asegura tu equipamiento con resistencia y estilo profesional. \u00a1Compra ahora!","og_url":"https:\/\/billaresrar.es\/en\/product\/taquera-dura-sy-1\/","og_site_name":"RAR Billares online shop","article_modified_time":"2025-08-08T12:10:32+00:00","og_image":[{"width":1000,"height":1000,"url":"https:\/\/i0.wp.com\/billaresrar.es\/wp-content\/uploads\/2025\/01\/taquera-diura-elite-prime02.webp?fit=1000%2C1000&ssl=1","type":"image\/webp"}],"twitter_card":"summary_large_image","twitter_misc":{"Price":"92,00&nbsp;&euro;","Availability":"In stock"},"schema":{"@context":"https:\/\/schema.org","@graph":[{"@type":"WebPage","@id":"https:\/\/billaresrar.es\/producto\/taquera-dura-sy-1\/","url":"https:\/\/billaresrar.es\/producto\/taquera-dura-sy-1\/","name":"Taquera Dura SY-1 - Protecci\u00f3n Resistente | RAR Billares","isPartOf":{"@id":"https:\/\/billaresrar.es\/#website"},"primaryImageOfPage":{"@id":"https:\/\/billaresrar.es\/producto\/taquera-dura-sy-1\/#primaryimage"},"image":{"@id":"https:\/\/billaresrar.es\/producto\/taquera-dura-sy-1\/#primaryimage"},"thumbnailUrl":"https:\/\/i0.wp.com\/billaresrar.es\/wp-content\/uploads\/2025\/01\/taquera-diura-elite-prime02.webp?fit=1000%2C1000&ssl=1","datePublished":"2025-01-13T23:29:21+00:00","dateModified":"2025-08-08T12:10:32+00:00","description":"Taquera dura SY-1, funda robusta y segura para tu taco de billar. Asegura tu equipamiento con resistencia y estilo profesional. \u00a1Compra ahora!","breadcrumb":{"@id":"https:\/\/billaresrar.es\/producto\/taquera-dura-sy-1\/#breadcrumb"},"inLanguage":"en-US","potentialAction":[{"@type":"ReadAction","target":["https:\/\/billaresrar.es\/producto\/taquera-dura-sy-1\/"]}]},{"@type":"ImageObject","inLanguage":"en-US","@id":"https:\/\/billaresrar.es\/producto\/taquera-dura-sy-1\/#primaryimage","url":"https:\/\/i0.wp.com\/billaresrar.es\/wp-content\/uploads\/2025\/01\/taquera-diura-elite-prime02.webp?fit=1000%2C1000&ssl=1","contentUrl":"https:\/\/i0.wp.com\/billaresrar.es\/wp-content\/uploads\/2025\/01\/taquera-diura-elite-prime02.webp?fit=1000%2C1000&ssl=1","width":1000,"height":1000},{"@type":"BreadcrumbList","@id":"https:\/\/billaresrar.es\/producto\/taquera-dura-sy-1\/#breadcrumb","itemListElement":[{"@type":"ListItem","position":1,"name":"Portada","item":"https:\/\/billaresrar.es\/"},{"@type":"ListItem","position":2,"name":"Tienda","item":"https:\/\/billaresrar.es\/tienda-billares-rar\/"},{"@type":"ListItem","position":3,"name":"Taquera dura SY-1"}]},{"@type":"WebSite","@id":"https:\/\/billaresrar.es\/#website","url":"https:\/\/billaresrar.es\/","name":"RAR Billares","description":"Nos dedicamos a la restauraci\u00f3n, personalizaci\u00f3n, compraventa e instalaci\u00f3n de mesas de billar.","publisher":{"@id":"https:\/\/billaresrar.es\/#\/schema\/person\/58bf20f74847ad0e156049ad50e1cc19"},"potentialAction":[{"@type":"SearchAction","target":{"@type":"EntryPoint","urlTemplate":"https:\/\/billaresrar.es\/?s={search_term_string}"},"query-input":{"@type":"PropertyValueSpecification","valueRequired":true,"valueName":"search_term_string"}}],"inLanguage":"en-US"},{"@type":["Person","Organization"],"@id":"https:\/\/billaresrar.es\/#\/schema\/person\/58bf20f74847ad0e156049ad50e1cc19","name":"Ren\u00e9","image":{"@type":"ImageObject","inLanguage":"en-US","@id":"https:\/\/i0.wp.com\/billaresrar.es\/wp-content\/uploads\/2024\/12\/definitivo-RAR.webp?fit=1920%2C1147&ssl=1","url":"https:\/\/i0.wp.com\/billaresrar.es\/wp-content\/uploads\/2024\/12\/definitivo-RAR.webp?fit=1920%2C1147&ssl=1","contentUrl":"https:\/\/i0.wp.com\/billaresrar.es\/wp-content\/uploads\/2024\/12\/definitivo-RAR.webp?fit=1920%2C1147&ssl=1","width":1920,"height":1147,"caption":"Ren\u00e9"},"logo":{"@id":"https:\/\/i0.wp.com\/billaresrar.es\/wp-content\/uploads\/2024\/12\/definitivo-RAR.webp?fit=1920%2C1147&ssl=1"}}]},"product_price_amount":"92.00","product_price_currency":"EUR","og_availability":"instock","product_availability":"instock","product_condition":"new"},"jetpack_publicize_connections":[],"jetpack_sharing_enabled":true,"jetpack_likes_enabled":true,"jetpack-related-posts":[],"_links":{"self":[{"href":"https:\/\/billaresrar.es\/en\/wp-json\/wp\/v2\/product\/1398","targetHints":{"allow":["GET"]}}],"collection":[{"href":"https:\/\/billaresrar.es\/en\/wp-json\/wp\/v2\/product"}],"about":[{"href":"https:\/\/billaresrar.es\/en\/wp-json\/wp\/v2\/types\/product"}],"version-history":[{"count":0,"href":"https:\/\/billaresrar.es\/en\/wp-json\/wp\/v2\/product\/1398\/revisions"}],"wp:featuredmedia":[{"embeddable":true,"href":"https:\/\/billaresrar.es\/en\/wp-json\/wp\/v2\/media\/1400"}],"wp:attachment":[{"href":"https:\/\/billaresrar.es\/en\/wp-json\/wp\/v2\/media?parent=1398"}],"wp:term":[{"taxonomy":"product_brand","embeddable":true,"href":"https:\/\/billaresrar.es\/en\/wp-json\/wp\/v2\/product_brand?post=1398"},{"taxonomy":"product_cat","embeddable":true,"href":"https:\/\/billaresrar.es\/en\/wp-json\/wp\/v2\/product_cat?post=1398"},{"taxonomy":"product_tag","embeddable":true,"href":"https:\/\/billaresrar.es\/en\/wp-json\/wp\/v2\/product_tag?post=1398"}],"curies":[{"name":"wp","href":"https:\/\/api.w.org\/{rel}","templated":true}]}}