{"id":1310,"date":"2025-01-05T13:23:29","date_gmt":"2025-01-05T12:23:29","guid":{"rendered":"https:\/\/darkslateblue-salmon-136783.hostingersite.com\/?post_type=product&#038;p=1310"},"modified":"2025-08-08T13:46:44","modified_gmt":"2025-08-08T11:46:44","slug":"mesa-de-billar-clash-steel-9-pies","status":"publish","type":"product","link":"https:\/\/billaresrar.es\/en\/product\/mesa-de-billar-clash-steel-9-pies\/","title":{"rendered":"MESA DE BILLAR CLASH STEEL 9 PIES"},"content":{"rendered":"<h1>MESA DE POOL CLASH STEEL 9 PIES<\/h1>\n<p>Presentamos la mesa de pool Clash Steel, la mesa de pool perfecta como primera opci\u00f3n, tanto<br \/>\npara uso en salas de billar profesionales como para casa. Sus medidas de 9 pies, la convierten en<br \/>\nuna elecci\u00f3n ideal para su uso en clubes de billar, salas de juego, y uso domestico. Con su elegante<br \/>\ny moderno dise\u00f1o, esta mesa esta disponible en dos llamativos colores, Azul Atlantic, y Negro, por<br \/>\nlo que encajar\u00eda en cualquier decoraci\u00f3n y ambiente.<\/p>\n<p><strong>Especificaciones T\u00e9cnicas<\/strong><\/p>\n<p>Estructura Unibody<br \/>\nConstrucci\u00f3n Marco Acero con 22<br \/>\nniveladores<br \/>\nAcabado Acero pulido<br \/>\nEstructura bandas Madera<br \/>\nAcabado bandas Laminado de alta presi\u00f3n<br \/>\nPizarra Tres piezas<br \/>\nGrosor pizarra 25,4mm<br \/>\nGomas Perfil premier K55<br \/>\nTroneras Basic Pockets<\/p>\n<p>&nbsp;<\/p>\n<p>Campo de juego: 9 pies 254 cm x 126 cm<\/p>\n<p>Dimensiones exteriores: 288 cm x 162 cm<\/p>\n<p>Ancho de banda: 17,5 cm<\/p>\n<p>Peso total: 480 kg<\/p>\n<p>Espacio entre el suelo y la plataforma aprox. 60cm<\/p>\n<p>Altura del marco 18,5 cm.<\/p>\n<p>Altura del campo de juego aprox. 78cm<\/p>\n<p>Altura de la mesa hasta los bandas aprox. 61cm<\/p>\n<p><span style=\"color: #ffff00;\"><strong>TRANSPORTE Y MONTAJE NO INCLUIDOS<\/strong><\/span><\/p>","protected":false},"excerpt":{"rendered":"<ul>\n<li><\/li>\n<\/ul>\n<h1>MESA DE POOL CLASH STEEL 9 PIES<\/h1>\n<p>Presentamos la mesa de pool Clash Steel, la mesa de pool perfecta como primera opci\u00f3n, tanto<br \/>\npara uso en salas de billar profesionales como para casa. Sus medidas de 9 pies, la convierten en<br \/>\nuna elecci\u00f3n ideal para su uso en clubes de billar, salas de juego, y uso domestico.<\/p>\n<p>Con su elegante y moderno dise\u00f1o, esta mesa esta disponible en dos llamativos colores, Azul Atlantic, y Negro, por<br \/>\nlo que encajar\u00eda en cualquier decoraci\u00f3n y ambiente.<\/p>\n<p><strong>Especificaciones T\u00e9cnicas<\/strong><\/p>\n<p>Estructura Unibody<br \/>\nConstrucci\u00f3n Marco Acero con 22<br \/>\nniveladores<br \/>\nAcabado Acero pulido<br \/>\nEstructura bandas Madera<br \/>\nAcabado bandas Laminado de alta presi\u00f3n<br \/>\nPizarra tres piezas<br \/>\nGrosor pizarra 25,4mm<br \/>\nGomas Perfil premier K55<br \/>\nTroneras Basic Pockets<\/p>\n<p>&nbsp;<\/p>\n<p>Campo de juego: 9 pies 254 cm x 126 cm<\/p>\n<p>Dimensiones exteriores: 288 cm x 162 cm<\/p>\n<p>Ancho de banda: 17,5 cm<\/p>\n<p>Peso total: 480 kg<\/p>\n<p>Espacio entre el suelo y la plataforma aprox. 60cm<\/p>\n<p>Altura del marco 18,5 cm.<\/p>\n<p>Altura del campo de juego aprox. 78cm<\/p>\n<p>Altura de la mesa hasta los bandas aprox. 61cm<\/p>\n<p><span style=\"color: #ffff00;\"><strong>TRANSPORTE Y MONTAJE NO INCLUIDOS.<\/strong><\/span><\/p>","protected":false},"featured_media":1311,"template":"","meta":{"jetpack_publicize_message":"","jetpack_publicize_feature_enabled":true,"jetpack_social_post_already_shared":false,"jetpack_social_options":{"image_generator_settings":{"template":"highway","default_image_id":0,"font":"","enabled":false},"version":2}},"product_brand":[],"product_cat":[408,25,24,37],"product_tag":[94,95],"class_list":{"0":"post-1310","1":"product","2":"type-product","3":"status-publish","4":"has-post-thumbnail","6":"product_cat-mesas-de-billar","7":"product_cat-mesas-de-billar-americano","8":"product_cat-mesas-de-juego","9":"product_cat-mundo-billar","10":"product_tag-clash-steel-rar-billares","11":"product_tag-mesa-de-9-pies-clash-steel","13":"first","14":"instock","15":"taxable","16":"shipping-taxable","17":"purchasable","18":"product-type-simple"},"yoast_head":"<!-- This site is optimized with the Yoast SEO plugin v27.5 - https:\/\/yoast.com\/product\/yoast-seo-wordpress\/ -->\n<title>MESA DE BILLAR CLASH STEEL 9 PIES - RAR Billares online shop<\/title>\n<meta name=\"description\" content=\"MESA DE POOL CLASH STEEL 9 PIES .Presentamos la mesa de pool Clash Steel, la mesa de pool perfecta como primera opci\u00f3n para uso domestico o sala de billar.\" \/>\n<meta name=\"robots\" content=\"index, follow, max-snippet:-1, max-image-preview:large, max-video-preview:-1\" \/>\n<link rel=\"canonical\" href=\"https:\/\/billaresrar.es\/en\/product\/mesa-de-billar-clash-steel-9-pies\/\" \/>\n<meta property=\"og:locale\" content=\"en_US\" \/>\n<meta property=\"og:type\" content=\"article\" \/>\n<meta property=\"og:title\" content=\"MESA DE BILLAR CLASH STEEL 9 PIES - RAR Billares online shop\" \/>\n<meta property=\"og:description\" content=\"MESA DE POOL CLASH STEEL 9 PIES .Presentamos la mesa de pool Clash Steel, la mesa de pool perfecta como primera opci\u00f3n para uso domestico o sala de billar.\" \/>\n<meta property=\"og:url\" content=\"https:\/\/billaresrar.es\/en\/product\/mesa-de-billar-clash-steel-9-pies\/\" \/>\n<meta property=\"og:site_name\" content=\"RAR Billares online shop\" \/>\n<meta property=\"article:modified_time\" content=\"2025-08-08T11:46:44+00:00\" \/>\n<meta property=\"og:image\" content=\"https:\/\/i0.wp.com\/billaresrar.es\/wp-content\/uploads\/2025\/01\/mesa-de-billar-clash-steel-9-pies.webp?fit=800%2C800&ssl=1\" \/>\n\t<meta property=\"og:image:width\" content=\"800\" \/>\n\t<meta property=\"og:image:height\" content=\"800\" \/>\n\t<meta property=\"og:image:type\" content=\"image\/webp\" \/>\n<meta name=\"twitter:card\" content=\"summary_large_image\" \/>\n<meta name=\"twitter:label1\" content=\"Price\" \/>\n\t<meta name=\"twitter:data1\" content=\"4.350,00&nbsp;&euro;\" \/>\n\t<meta name=\"twitter:label2\" content=\"Availability\" \/>\n\t<meta name=\"twitter:data2\" content=\"In stock\" \/>\n<script type=\"application\/ld+json\" class=\"yoast-schema-graph\">{\"@context\":\"https:\\\/\\\/schema.org\",\"@graph\":[{\"@type\":\"WebPage\",\"@id\":\"https:\\\/\\\/billaresrar.es\\\/producto\\\/mesa-de-billar-clash-steel-9-pies\\\/\",\"url\":\"https:\\\/\\\/billaresrar.es\\\/producto\\\/mesa-de-billar-clash-steel-9-pies\\\/\",\"name\":\"MESA DE BILLAR CLASH STEEL 9 PIES - RAR Billares online shop\",\"isPartOf\":{\"@id\":\"https:\\\/\\\/billaresrar.es\\\/#website\"},\"primaryImageOfPage\":{\"@id\":\"https:\\\/\\\/billaresrar.es\\\/producto\\\/mesa-de-billar-clash-steel-9-pies\\\/#primaryimage\"},\"image\":{\"@id\":\"https:\\\/\\\/billaresrar.es\\\/producto\\\/mesa-de-billar-clash-steel-9-pies\\\/#primaryimage\"},\"thumbnailUrl\":\"https:\\\/\\\/i0.wp.com\\\/billaresrar.es\\\/wp-content\\\/uploads\\\/2025\\\/01\\\/mesa-de-billar-clash-steel-9-pies.webp?fit=800%2C800&ssl=1\",\"datePublished\":\"2025-01-05T12:23:29+00:00\",\"dateModified\":\"2025-08-08T11:46:44+00:00\",\"description\":\"MESA DE POOL CLASH STEEL 9 PIES .Presentamos la mesa de pool Clash Steel, la mesa de pool perfecta como primera opci\u00f3n para uso domestico o sala de billar.\",\"breadcrumb\":{\"@id\":\"https:\\\/\\\/billaresrar.es\\\/producto\\\/mesa-de-billar-clash-steel-9-pies\\\/#breadcrumb\"},\"inLanguage\":\"en-US\",\"potentialAction\":[{\"@type\":\"ReadAction\",\"target\":[\"https:\\\/\\\/billaresrar.es\\\/producto\\\/mesa-de-billar-clash-steel-9-pies\\\/\"]}]},{\"@type\":\"ImageObject\",\"inLanguage\":\"en-US\",\"@id\":\"https:\\\/\\\/billaresrar.es\\\/producto\\\/mesa-de-billar-clash-steel-9-pies\\\/#primaryimage\",\"url\":\"https:\\\/\\\/i0.wp.com\\\/billaresrar.es\\\/wp-content\\\/uploads\\\/2025\\\/01\\\/mesa-de-billar-clash-steel-9-pies.webp?fit=800%2C800&ssl=1\",\"contentUrl\":\"https:\\\/\\\/i0.wp.com\\\/billaresrar.es\\\/wp-content\\\/uploads\\\/2025\\\/01\\\/mesa-de-billar-clash-steel-9-pies.webp?fit=800%2C800&ssl=1\",\"width\":800,\"height\":800,\"caption\":\"RAR Billares, Mesa de alto rendimiento Clash Steel\"},{\"@type\":\"BreadcrumbList\",\"@id\":\"https:\\\/\\\/billaresrar.es\\\/producto\\\/mesa-de-billar-clash-steel-9-pies\\\/#breadcrumb\",\"itemListElement\":[{\"@type\":\"ListItem\",\"position\":1,\"name\":\"Portada\",\"item\":\"https:\\\/\\\/billaresrar.es\\\/\"},{\"@type\":\"ListItem\",\"position\":2,\"name\":\"Tienda\",\"item\":\"https:\\\/\\\/billaresrar.es\\\/tienda-billares-rar\\\/\"},{\"@type\":\"ListItem\",\"position\":3,\"name\":\"MESA DE BILLAR CLASH STEEL 9 PIES\"}]},{\"@type\":\"WebSite\",\"@id\":\"https:\\\/\\\/billaresrar.es\\\/#website\",\"url\":\"https:\\\/\\\/billaresrar.es\\\/\",\"name\":\"RAR Billares\",\"description\":\"Nos dedicamos a la restauraci\u00f3n, personalizaci\u00f3n, compraventa e instalaci\u00f3n de mesas de billar.\",\"publisher\":{\"@id\":\"https:\\\/\\\/billaresrar.es\\\/#\\\/schema\\\/person\\\/58bf20f74847ad0e156049ad50e1cc19\"},\"potentialAction\":[{\"@type\":\"SearchAction\",\"target\":{\"@type\":\"EntryPoint\",\"urlTemplate\":\"https:\\\/\\\/billaresrar.es\\\/?s={search_term_string}\"},\"query-input\":{\"@type\":\"PropertyValueSpecification\",\"valueRequired\":true,\"valueName\":\"search_term_string\"}}],\"inLanguage\":\"en-US\"},{\"@type\":[\"Person\",\"Organization\"],\"@id\":\"https:\\\/\\\/billaresrar.es\\\/#\\\/schema\\\/person\\\/58bf20f74847ad0e156049ad50e1cc19\",\"name\":\"Ren\u00e9\",\"image\":{\"@type\":\"ImageObject\",\"inLanguage\":\"en-US\",\"@id\":\"https:\\\/\\\/i0.wp.com\\\/billaresrar.es\\\/wp-content\\\/uploads\\\/2024\\\/12\\\/definitivo-RAR.webp?fit=1920%2C1147&ssl=1\",\"url\":\"https:\\\/\\\/i0.wp.com\\\/billaresrar.es\\\/wp-content\\\/uploads\\\/2024\\\/12\\\/definitivo-RAR.webp?fit=1920%2C1147&ssl=1\",\"contentUrl\":\"https:\\\/\\\/i0.wp.com\\\/billaresrar.es\\\/wp-content\\\/uploads\\\/2024\\\/12\\\/definitivo-RAR.webp?fit=1920%2C1147&ssl=1\",\"width\":1920,\"height\":1147,\"caption\":\"Ren\u00e9\"},\"logo\":{\"@id\":\"https:\\\/\\\/i0.wp.com\\\/billaresrar.es\\\/wp-content\\\/uploads\\\/2024\\\/12\\\/definitivo-RAR.webp?fit=1920%2C1147&ssl=1\"}}]}<\/script>\n<meta property=\"product:price:amount\" content=\"4350.00\" \/>\n<meta property=\"product:price:currency\" content=\"EUR\" \/>\n<meta property=\"og:availability\" content=\"instock\" \/>\n<meta property=\"product:availability\" content=\"instock\" \/>\n<meta property=\"product:condition\" content=\"new\" \/>\n<!-- \/ Yoast SEO plugin. -->","yoast_head_json":{"title":"MESA DE BILLAR CLASH STEEL 9 PIES - RAR Billares online shop","description":"MESA DE POOL CLASH STEEL 9 PIES .Presentamos la mesa de pool Clash Steel, la mesa de pool perfecta como primera opci\u00f3n para uso domestico o sala de billar.","robots":{"index":"index","follow":"follow","max-snippet":"max-snippet:-1","max-image-preview":"max-image-preview:large","max-video-preview":"max-video-preview:-1"},"canonical":"https:\/\/billaresrar.es\/en\/product\/mesa-de-billar-clash-steel-9-pies\/","og_locale":"en_US","og_type":"article","og_title":"MESA DE BILLAR CLASH STEEL 9 PIES - RAR Billares online shop","og_description":"MESA DE POOL CLASH STEEL 9 PIES .Presentamos la mesa de pool Clash Steel, la mesa de pool perfecta como primera opci\u00f3n para uso domestico o sala de billar.","og_url":"https:\/\/billaresrar.es\/en\/product\/mesa-de-billar-clash-steel-9-pies\/","og_site_name":"RAR Billares online shop","article_modified_time":"2025-08-08T11:46:44+00:00","og_image":[{"width":800,"height":800,"url":"https:\/\/i0.wp.com\/billaresrar.es\/wp-content\/uploads\/2025\/01\/mesa-de-billar-clash-steel-9-pies.webp?fit=800%2C800&ssl=1","type":"image\/webp"}],"twitter_card":"summary_large_image","twitter_misc":{"Price":"4.350,00&nbsp;&euro;","Availability":"In stock"},"schema":{"@context":"https:\/\/schema.org","@graph":[{"@type":"WebPage","@id":"https:\/\/billaresrar.es\/producto\/mesa-de-billar-clash-steel-9-pies\/","url":"https:\/\/billaresrar.es\/producto\/mesa-de-billar-clash-steel-9-pies\/","name":"MESA DE BILLAR CLASH STEEL 9 PIES - RAR Billares online shop","isPartOf":{"@id":"https:\/\/billaresrar.es\/#website"},"primaryImageOfPage":{"@id":"https:\/\/billaresrar.es\/producto\/mesa-de-billar-clash-steel-9-pies\/#primaryimage"},"image":{"@id":"https:\/\/billaresrar.es\/producto\/mesa-de-billar-clash-steel-9-pies\/#primaryimage"},"thumbnailUrl":"https:\/\/i0.wp.com\/billaresrar.es\/wp-content\/uploads\/2025\/01\/mesa-de-billar-clash-steel-9-pies.webp?fit=800%2C800&ssl=1","datePublished":"2025-01-05T12:23:29+00:00","dateModified":"2025-08-08T11:46:44+00:00","description":"MESA DE POOL CLASH STEEL 9 PIES .Presentamos la mesa de pool Clash Steel, la mesa de pool perfecta como primera opci\u00f3n para uso domestico o sala de billar.","breadcrumb":{"@id":"https:\/\/billaresrar.es\/producto\/mesa-de-billar-clash-steel-9-pies\/#breadcrumb"},"inLanguage":"en-US","potentialAction":[{"@type":"ReadAction","target":["https:\/\/billaresrar.es\/producto\/mesa-de-billar-clash-steel-9-pies\/"]}]},{"@type":"ImageObject","inLanguage":"en-US","@id":"https:\/\/billaresrar.es\/producto\/mesa-de-billar-clash-steel-9-pies\/#primaryimage","url":"https:\/\/i0.wp.com\/billaresrar.es\/wp-content\/uploads\/2025\/01\/mesa-de-billar-clash-steel-9-pies.webp?fit=800%2C800&ssl=1","contentUrl":"https:\/\/i0.wp.com\/billaresrar.es\/wp-content\/uploads\/2025\/01\/mesa-de-billar-clash-steel-9-pies.webp?fit=800%2C800&ssl=1","width":800,"height":800,"caption":"RAR Billares, Mesa de alto rendimiento Clash Steel"},{"@type":"BreadcrumbList","@id":"https:\/\/billaresrar.es\/producto\/mesa-de-billar-clash-steel-9-pies\/#breadcrumb","itemListElement":[{"@type":"ListItem","position":1,"name":"Portada","item":"https:\/\/billaresrar.es\/"},{"@type":"ListItem","position":2,"name":"Tienda","item":"https:\/\/billaresrar.es\/tienda-billares-rar\/"},{"@type":"ListItem","position":3,"name":"MESA DE BILLAR CLASH STEEL 9 PIES"}]},{"@type":"WebSite","@id":"https:\/\/billaresrar.es\/#website","url":"https:\/\/billaresrar.es\/","name":"RAR Billares","description":"Nos dedicamos a la restauraci\u00f3n, personalizaci\u00f3n, compraventa e instalaci\u00f3n de mesas de billar.","publisher":{"@id":"https:\/\/billaresrar.es\/#\/schema\/person\/58bf20f74847ad0e156049ad50e1cc19"},"potentialAction":[{"@type":"SearchAction","target":{"@type":"EntryPoint","urlTemplate":"https:\/\/billaresrar.es\/?s={search_term_string}"},"query-input":{"@type":"PropertyValueSpecification","valueRequired":true,"valueName":"search_term_string"}}],"inLanguage":"en-US"},{"@type":["Person","Organization"],"@id":"https:\/\/billaresrar.es\/#\/schema\/person\/58bf20f74847ad0e156049ad50e1cc19","name":"Ren\u00e9","image":{"@type":"ImageObject","inLanguage":"en-US","@id":"https:\/\/i0.wp.com\/billaresrar.es\/wp-content\/uploads\/2024\/12\/definitivo-RAR.webp?fit=1920%2C1147&ssl=1","url":"https:\/\/i0.wp.com\/billaresrar.es\/wp-content\/uploads\/2024\/12\/definitivo-RAR.webp?fit=1920%2C1147&ssl=1","contentUrl":"https:\/\/i0.wp.com\/billaresrar.es\/wp-content\/uploads\/2024\/12\/definitivo-RAR.webp?fit=1920%2C1147&ssl=1","width":1920,"height":1147,"caption":"Ren\u00e9"},"logo":{"@id":"https:\/\/i0.wp.com\/billaresrar.es\/wp-content\/uploads\/2024\/12\/definitivo-RAR.webp?fit=1920%2C1147&ssl=1"}}]},"product_price_amount":"4350.00","product_price_currency":"EUR","og_availability":"instock","product_availability":"instock","product_condition":"new"},"jetpack_publicize_connections":[],"jetpack_sharing_enabled":true,"jetpack_likes_enabled":true,"jetpack-related-posts":[],"_links":{"self":[{"href":"https:\/\/billaresrar.es\/en\/wp-json\/wp\/v2\/product\/1310","targetHints":{"allow":["GET"]}}],"collection":[{"href":"https:\/\/billaresrar.es\/en\/wp-json\/wp\/v2\/product"}],"about":[{"href":"https:\/\/billaresrar.es\/en\/wp-json\/wp\/v2\/types\/product"}],"version-history":[{"count":1,"href":"https:\/\/billaresrar.es\/en\/wp-json\/wp\/v2\/product\/1310\/revisions"}],"predecessor-version":[{"id":1314,"href":"https:\/\/billaresrar.es\/en\/wp-json\/wp\/v2\/product\/1310\/revisions\/1314"}],"wp:featuredmedia":[{"embeddable":true,"href":"https:\/\/billaresrar.es\/en\/wp-json\/wp\/v2\/media\/1311"}],"wp:attachment":[{"href":"https:\/\/billaresrar.es\/en\/wp-json\/wp\/v2\/media?parent=1310"}],"wp:term":[{"taxonomy":"product_brand","embeddable":true,"href":"https:\/\/billaresrar.es\/en\/wp-json\/wp\/v2\/product_brand?post=1310"},{"taxonomy":"product_cat","embeddable":true,"href":"https:\/\/billaresrar.es\/en\/wp-json\/wp\/v2\/product_cat?post=1310"},{"taxonomy":"product_tag","embeddable":true,"href":"https:\/\/billaresrar.es\/en\/wp-json\/wp\/v2\/product_tag?post=1310"}],"curies":[{"name":"wp","href":"https:\/\/api.w.org\/{rel}","templated":true}]}}