{"id":1285,"date":"2024-12-11T20:00:35","date_gmt":"2024-12-11T19:00:35","guid":{"rendered":"https:\/\/darkslateblue-salmon-136783.hostingersite.com\/?post_type=product&#038;p=1285"},"modified":"2025-08-08T14:22:14","modified_gmt":"2025-08-08T12:22:14","slug":"lampara-de-billar-rb-lumen","status":"publish","type":"product","link":"https:\/\/billaresrar.es\/en\/product\/lampara-de-billar-rb-lumen\/","title":{"rendered":"Lampara de billar RB Lumen"},"content":{"rendered":"<p>Lampara de billar RB Lumen.<\/p>\n<p>L\u00e1mparas de led perfectas para la iluminaci\u00f3n de tu mesa de billar. En distintas medidas para los distintos tama\u00f1os de mesa. Desde la mesa de 7 pies hasta la mas grande mesa de Snooker de 12 pies.<\/p>\n<p>Fabricadas en aluminio y totalmente personalizables con el logo de tu club.<\/p>","protected":false},"excerpt":{"rendered":"<p>Lampara de billar RB Lumen<\/p>\n<p>L\u00e1mparas de led perfectas para la iluminaci\u00f3n de tu mesa de billar. Posiblemente una de las elecciones m\u00e1s dif\u00edciles es la hora de buscar una buena iluminaci\u00f3n para tu mesa de billar, porque una buena iluminaci\u00f3n no solo influye en la calidad del juego sino que tambien en el cansancio ocular despu\u00e9s de horas de entrenamiento.La l\u00e1mpara RB Lumen esta fabricada en aluminio con paneles led de luz: calida, neutra y fria. Se puede fabricar en varias medidas e incluso personalizarlas.<\/p>\n<p>En distintas medidas para los distintos tama\u00f1os de mesa. Desde la mesa de 7 pies hasta la mas grande mesa de Snooker de 12 pies.<\/p>\n<p>Mesa 7 pies:\u00a0 120x30cm. \/120x60cm.<\/p>\n<p>Mesa 8 pies:\u00a0 180&#215;60 cm.<\/p>\n<p>Mesa 9 pies: 240&#215;30 cm.<\/p>\n<p>Mesa de 10 pies:\u00a0 Gran Match: 240&#215;60 cm.<\/p>\n<p>Mesa de 12 pies, Snooker: 300&#215;120 cm.<\/p>\n<p>Entrega de 7 a 15 dias h\u00e1biles.<\/p>\n<p><span style=\"color: #ffff00;\"><a style=\"color: #ffff00;\" href=\"https:\/\/darkslateblue-salmon-136783.hostingersite.com\/contacto-rar-billares-conocenos\/\">Consultar precios.<\/a><\/span><\/p>","protected":false},"featured_media":1286,"template":"","meta":{"jetpack_publicize_message":"","jetpack_publicize_feature_enabled":true,"jetpack_social_post_already_shared":false,"jetpack_social_options":{"image_generator_settings":{"template":"highway","default_image_id":0,"font":"","enabled":false},"version":2}},"product_brand":[],"product_cat":[35,420,37],"product_tag":[91,89,90],"class_list":{"0":"post-1285","1":"product","2":"type-product","3":"status-publish","4":"has-post-thumbnail","6":"product_cat-accesorios-de-billar","7":"product_cat-lamparas","8":"product_cat-mundo-billar","9":"product_tag-iluminacion-de-billar","10":"product_tag-lampara-de-billar-rb","11":"product_tag-lampara-rb-lumen-de-billar","13":"first","14":"instock","15":"taxable","16":"shipping-taxable","17":"purchasable","18":"product-type-simple"},"yoast_head":"<!-- This site is optimized with the Yoast SEO plugin v27.5 - https:\/\/yoast.com\/product\/yoast-seo-wordpress\/ -->\n<title>L\u00e1mpara RB Lumen para mesas de billar | RAR Billares<\/title>\n<meta name=\"description\" content=\"Ilumina tu mesa con la l\u00e1mpara de billar RB Lumen. Luz uniforme, dise\u00f1o elegante y calidad profesional. \u00a1Compra tu l\u00e1mpara online en RAR Billares!\" \/>\n<meta name=\"robots\" content=\"index, follow, max-snippet:-1, max-image-preview:large, max-video-preview:-1\" \/>\n<link rel=\"canonical\" href=\"https:\/\/billaresrar.es\/en\/product\/lampara-de-billar-rb-lumen\/\" \/>\n<meta property=\"og:locale\" content=\"en_US\" \/>\n<meta property=\"og:type\" content=\"article\" \/>\n<meta property=\"og:title\" content=\"L\u00e1mpara RB Lumen para mesas de billar | RAR Billares\" \/>\n<meta property=\"og:description\" content=\"Ilumina tu mesa con la l\u00e1mpara de billar RB Lumen. Luz uniforme, dise\u00f1o elegante y calidad profesional. \u00a1Compra tu l\u00e1mpara online en RAR Billares!\" \/>\n<meta property=\"og:url\" content=\"https:\/\/billaresrar.es\/en\/product\/lampara-de-billar-rb-lumen\/\" \/>\n<meta property=\"og:site_name\" content=\"RAR Billares online shop\" \/>\n<meta property=\"article:modified_time\" content=\"2025-08-08T12:22:14+00:00\" \/>\n<meta property=\"og:image\" content=\"https:\/\/i0.wp.com\/billaresrar.es\/wp-content\/uploads\/2024\/12\/lampara-RB-240x30-1.webp?fit=1780%2C1620&ssl=1\" \/>\n\t<meta property=\"og:image:width\" content=\"1780\" \/>\n\t<meta property=\"og:image:height\" content=\"1620\" \/>\n\t<meta property=\"og:image:type\" content=\"image\/webp\" \/>\n<meta name=\"twitter:card\" content=\"summary_large_image\" \/>\n<meta name=\"twitter:label1\" content=\"Price\" \/>\n\t<meta name=\"twitter:data1\" content=\"135,00&nbsp;&euro;\" \/>\n\t<meta name=\"twitter:label2\" content=\"Availability\" \/>\n\t<meta name=\"twitter:data2\" content=\"In stock\" \/>\n<script type=\"application\/ld+json\" class=\"yoast-schema-graph\">{\"@context\":\"https:\\\/\\\/schema.org\",\"@graph\":[{\"@type\":\"WebPage\",\"@id\":\"https:\\\/\\\/billaresrar.es\\\/producto\\\/lampara-de-billar-rb-lumen\\\/\",\"url\":\"https:\\\/\\\/billaresrar.es\\\/producto\\\/lampara-de-billar-rb-lumen\\\/\",\"name\":\"L\u00e1mpara RB Lumen para mesas de billar | RAR Billares\",\"isPartOf\":{\"@id\":\"https:\\\/\\\/billaresrar.es\\\/#website\"},\"primaryImageOfPage\":{\"@id\":\"https:\\\/\\\/billaresrar.es\\\/producto\\\/lampara-de-billar-rb-lumen\\\/#primaryimage\"},\"image\":{\"@id\":\"https:\\\/\\\/billaresrar.es\\\/producto\\\/lampara-de-billar-rb-lumen\\\/#primaryimage\"},\"thumbnailUrl\":\"https:\\\/\\\/i0.wp.com\\\/billaresrar.es\\\/wp-content\\\/uploads\\\/2024\\\/12\\\/lampara-RB-240x30-1.webp?fit=1780%2C1620&ssl=1\",\"datePublished\":\"2024-12-11T19:00:35+00:00\",\"dateModified\":\"2025-08-08T12:22:14+00:00\",\"description\":\"Ilumina tu mesa con la l\u00e1mpara de billar RB Lumen. Luz uniforme, dise\u00f1o elegante y calidad profesional. \u00a1Compra tu l\u00e1mpara online en RAR Billares!\",\"breadcrumb\":{\"@id\":\"https:\\\/\\\/billaresrar.es\\\/producto\\\/lampara-de-billar-rb-lumen\\\/#breadcrumb\"},\"inLanguage\":\"en-US\",\"potentialAction\":[{\"@type\":\"ReadAction\",\"target\":[\"https:\\\/\\\/billaresrar.es\\\/producto\\\/lampara-de-billar-rb-lumen\\\/\"]}]},{\"@type\":\"ImageObject\",\"inLanguage\":\"en-US\",\"@id\":\"https:\\\/\\\/billaresrar.es\\\/producto\\\/lampara-de-billar-rb-lumen\\\/#primaryimage\",\"url\":\"https:\\\/\\\/i0.wp.com\\\/billaresrar.es\\\/wp-content\\\/uploads\\\/2024\\\/12\\\/lampara-RB-240x30-1.webp?fit=1780%2C1620&ssl=1\",\"contentUrl\":\"https:\\\/\\\/i0.wp.com\\\/billaresrar.es\\\/wp-content\\\/uploads\\\/2024\\\/12\\\/lampara-RB-240x30-1.webp?fit=1780%2C1620&ssl=1\",\"width\":1780,\"height\":1620,\"caption\":\"Lampara RB Lumen para mesa de 9 pies.\"},{\"@type\":\"BreadcrumbList\",\"@id\":\"https:\\\/\\\/billaresrar.es\\\/producto\\\/lampara-de-billar-rb-lumen\\\/#breadcrumb\",\"itemListElement\":[{\"@type\":\"ListItem\",\"position\":1,\"name\":\"Portada\",\"item\":\"https:\\\/\\\/billaresrar.es\\\/\"},{\"@type\":\"ListItem\",\"position\":2,\"name\":\"Tienda\",\"item\":\"https:\\\/\\\/billaresrar.es\\\/tienda-billares-rar\\\/\"},{\"@type\":\"ListItem\",\"position\":3,\"name\":\"Lampara de billar RB Lumen\"}]},{\"@type\":\"WebSite\",\"@id\":\"https:\\\/\\\/billaresrar.es\\\/#website\",\"url\":\"https:\\\/\\\/billaresrar.es\\\/\",\"name\":\"RAR Billares\",\"description\":\"Nos dedicamos a la restauraci\u00f3n, personalizaci\u00f3n, compraventa e instalaci\u00f3n de mesas de billar.\",\"publisher\":{\"@id\":\"https:\\\/\\\/billaresrar.es\\\/#\\\/schema\\\/person\\\/58bf20f74847ad0e156049ad50e1cc19\"},\"potentialAction\":[{\"@type\":\"SearchAction\",\"target\":{\"@type\":\"EntryPoint\",\"urlTemplate\":\"https:\\\/\\\/billaresrar.es\\\/?s={search_term_string}\"},\"query-input\":{\"@type\":\"PropertyValueSpecification\",\"valueRequired\":true,\"valueName\":\"search_term_string\"}}],\"inLanguage\":\"en-US\"},{\"@type\":[\"Person\",\"Organization\"],\"@id\":\"https:\\\/\\\/billaresrar.es\\\/#\\\/schema\\\/person\\\/58bf20f74847ad0e156049ad50e1cc19\",\"name\":\"Ren\u00e9\",\"image\":{\"@type\":\"ImageObject\",\"inLanguage\":\"en-US\",\"@id\":\"https:\\\/\\\/i0.wp.com\\\/billaresrar.es\\\/wp-content\\\/uploads\\\/2024\\\/12\\\/definitivo-RAR.webp?fit=1920%2C1147&ssl=1\",\"url\":\"https:\\\/\\\/i0.wp.com\\\/billaresrar.es\\\/wp-content\\\/uploads\\\/2024\\\/12\\\/definitivo-RAR.webp?fit=1920%2C1147&ssl=1\",\"contentUrl\":\"https:\\\/\\\/i0.wp.com\\\/billaresrar.es\\\/wp-content\\\/uploads\\\/2024\\\/12\\\/definitivo-RAR.webp?fit=1920%2C1147&ssl=1\",\"width\":1920,\"height\":1147,\"caption\":\"Ren\u00e9\"},\"logo\":{\"@id\":\"https:\\\/\\\/i0.wp.com\\\/billaresrar.es\\\/wp-content\\\/uploads\\\/2024\\\/12\\\/definitivo-RAR.webp?fit=1920%2C1147&ssl=1\"}}]}<\/script>\n<meta property=\"product:price:amount\" content=\"135.00\" \/>\n<meta property=\"product:price:currency\" content=\"EUR\" \/>\n<meta property=\"og:availability\" content=\"instock\" \/>\n<meta property=\"product:availability\" content=\"instock\" \/>\n<meta property=\"product:condition\" content=\"new\" \/>\n<!-- \/ Yoast SEO plugin. -->","yoast_head_json":{"title":"L\u00e1mpara RB Lumen para mesas de billar | RAR Billares","description":"Ilumina tu mesa con la l\u00e1mpara de billar RB Lumen. Luz uniforme, dise\u00f1o elegante y calidad profesional. \u00a1Compra tu l\u00e1mpara online en RAR Billares!","robots":{"index":"index","follow":"follow","max-snippet":"max-snippet:-1","max-image-preview":"max-image-preview:large","max-video-preview":"max-video-preview:-1"},"canonical":"https:\/\/billaresrar.es\/en\/product\/lampara-de-billar-rb-lumen\/","og_locale":"en_US","og_type":"article","og_title":"L\u00e1mpara RB Lumen para mesas de billar | RAR Billares","og_description":"Ilumina tu mesa con la l\u00e1mpara de billar RB Lumen. Luz uniforme, dise\u00f1o elegante y calidad profesional. \u00a1Compra tu l\u00e1mpara online en RAR Billares!","og_url":"https:\/\/billaresrar.es\/en\/product\/lampara-de-billar-rb-lumen\/","og_site_name":"RAR Billares online shop","article_modified_time":"2025-08-08T12:22:14+00:00","og_image":[{"width":1780,"height":1620,"url":"https:\/\/i0.wp.com\/billaresrar.es\/wp-content\/uploads\/2024\/12\/lampara-RB-240x30-1.webp?fit=1780%2C1620&ssl=1","type":"image\/webp"}],"twitter_card":"summary_large_image","twitter_misc":{"Price":"135,00&nbsp;&euro;","Availability":"In stock"},"schema":{"@context":"https:\/\/schema.org","@graph":[{"@type":"WebPage","@id":"https:\/\/billaresrar.es\/producto\/lampara-de-billar-rb-lumen\/","url":"https:\/\/billaresrar.es\/producto\/lampara-de-billar-rb-lumen\/","name":"L\u00e1mpara RB Lumen para mesas de billar | RAR Billares","isPartOf":{"@id":"https:\/\/billaresrar.es\/#website"},"primaryImageOfPage":{"@id":"https:\/\/billaresrar.es\/producto\/lampara-de-billar-rb-lumen\/#primaryimage"},"image":{"@id":"https:\/\/billaresrar.es\/producto\/lampara-de-billar-rb-lumen\/#primaryimage"},"thumbnailUrl":"https:\/\/i0.wp.com\/billaresrar.es\/wp-content\/uploads\/2024\/12\/lampara-RB-240x30-1.webp?fit=1780%2C1620&ssl=1","datePublished":"2024-12-11T19:00:35+00:00","dateModified":"2025-08-08T12:22:14+00:00","description":"Ilumina tu mesa con la l\u00e1mpara de billar RB Lumen. Luz uniforme, dise\u00f1o elegante y calidad profesional. \u00a1Compra tu l\u00e1mpara online en RAR Billares!","breadcrumb":{"@id":"https:\/\/billaresrar.es\/producto\/lampara-de-billar-rb-lumen\/#breadcrumb"},"inLanguage":"en-US","potentialAction":[{"@type":"ReadAction","target":["https:\/\/billaresrar.es\/producto\/lampara-de-billar-rb-lumen\/"]}]},{"@type":"ImageObject","inLanguage":"en-US","@id":"https:\/\/billaresrar.es\/producto\/lampara-de-billar-rb-lumen\/#primaryimage","url":"https:\/\/i0.wp.com\/billaresrar.es\/wp-content\/uploads\/2024\/12\/lampara-RB-240x30-1.webp?fit=1780%2C1620&ssl=1","contentUrl":"https:\/\/i0.wp.com\/billaresrar.es\/wp-content\/uploads\/2024\/12\/lampara-RB-240x30-1.webp?fit=1780%2C1620&ssl=1","width":1780,"height":1620,"caption":"Lampara RB Lumen para mesa de 9 pies."},{"@type":"BreadcrumbList","@id":"https:\/\/billaresrar.es\/producto\/lampara-de-billar-rb-lumen\/#breadcrumb","itemListElement":[{"@type":"ListItem","position":1,"name":"Portada","item":"https:\/\/billaresrar.es\/"},{"@type":"ListItem","position":2,"name":"Tienda","item":"https:\/\/billaresrar.es\/tienda-billares-rar\/"},{"@type":"ListItem","position":3,"name":"Lampara de billar RB Lumen"}]},{"@type":"WebSite","@id":"https:\/\/billaresrar.es\/#website","url":"https:\/\/billaresrar.es\/","name":"RAR Billares","description":"Nos dedicamos a la restauraci\u00f3n, personalizaci\u00f3n, compraventa e instalaci\u00f3n de mesas de billar.","publisher":{"@id":"https:\/\/billaresrar.es\/#\/schema\/person\/58bf20f74847ad0e156049ad50e1cc19"},"potentialAction":[{"@type":"SearchAction","target":{"@type":"EntryPoint","urlTemplate":"https:\/\/billaresrar.es\/?s={search_term_string}"},"query-input":{"@type":"PropertyValueSpecification","valueRequired":true,"valueName":"search_term_string"}}],"inLanguage":"en-US"},{"@type":["Person","Organization"],"@id":"https:\/\/billaresrar.es\/#\/schema\/person\/58bf20f74847ad0e156049ad50e1cc19","name":"Ren\u00e9","image":{"@type":"ImageObject","inLanguage":"en-US","@id":"https:\/\/i0.wp.com\/billaresrar.es\/wp-content\/uploads\/2024\/12\/definitivo-RAR.webp?fit=1920%2C1147&ssl=1","url":"https:\/\/i0.wp.com\/billaresrar.es\/wp-content\/uploads\/2024\/12\/definitivo-RAR.webp?fit=1920%2C1147&ssl=1","contentUrl":"https:\/\/i0.wp.com\/billaresrar.es\/wp-content\/uploads\/2024\/12\/definitivo-RAR.webp?fit=1920%2C1147&ssl=1","width":1920,"height":1147,"caption":"Ren\u00e9"},"logo":{"@id":"https:\/\/i0.wp.com\/billaresrar.es\/wp-content\/uploads\/2024\/12\/definitivo-RAR.webp?fit=1920%2C1147&ssl=1"}}]},"product_price_amount":"135.00","product_price_currency":"EUR","og_availability":"instock","product_availability":"instock","product_condition":"new"},"jetpack_publicize_connections":[],"jetpack_sharing_enabled":true,"jetpack_likes_enabled":true,"jetpack-related-posts":[],"_links":{"self":[{"href":"https:\/\/billaresrar.es\/en\/wp-json\/wp\/v2\/product\/1285","targetHints":{"allow":["GET"]}}],"collection":[{"href":"https:\/\/billaresrar.es\/en\/wp-json\/wp\/v2\/product"}],"about":[{"href":"https:\/\/billaresrar.es\/en\/wp-json\/wp\/v2\/types\/product"}],"version-history":[{"count":1,"href":"https:\/\/billaresrar.es\/en\/wp-json\/wp\/v2\/product\/1285\/revisions"}],"predecessor-version":[{"id":1735,"href":"https:\/\/billaresrar.es\/en\/wp-json\/wp\/v2\/product\/1285\/revisions\/1735"}],"wp:featuredmedia":[{"embeddable":true,"href":"https:\/\/billaresrar.es\/en\/wp-json\/wp\/v2\/media\/1286"}],"wp:attachment":[{"href":"https:\/\/billaresrar.es\/en\/wp-json\/wp\/v2\/media?parent=1285"}],"wp:term":[{"taxonomy":"product_brand","embeddable":true,"href":"https:\/\/billaresrar.es\/en\/wp-json\/wp\/v2\/product_brand?post=1285"},{"taxonomy":"product_cat","embeddable":true,"href":"https:\/\/billaresrar.es\/en\/wp-json\/wp\/v2\/product_cat?post=1285"},{"taxonomy":"product_tag","embeddable":true,"href":"https:\/\/billaresrar.es\/en\/wp-json\/wp\/v2\/product_tag?post=1285"}],"curies":[{"name":"wp","href":"https:\/\/api.w.org\/{rel}","templated":true}]}}