{"id":1016,"date":"2024-05-21T20:09:19","date_gmt":"2024-05-21T18:09:19","guid":{"rendered":"https:\/\/darkslateblue-salmon-136783.hostingersite.com\/?post_type=product&#038;p=1016"},"modified":"2025-08-08T13:48:33","modified_gmt":"2025-08-08T11:48:33","slug":"mesa-predator-apex-9-pies","status":"publish","type":"product","link":"https:\/\/billaresrar.es\/en\/product\/mesa-predator-apex-9-pies\/","title":{"rendered":"Mesa Predator Apex 9 pies."},"content":{"rendered":"<ul>\n<li>Mesa predator apex de 9 pies<\/li>\n<li class=\"liTable\">Acero con alto contenido de carbono para\u00a0<strong>aumentar la resistencia, la estabilidad y proporcionar una sensaci\u00f3n de solidez<\/strong>\u00a0.<\/li>\n<li class=\"liTable\">Innovador sistema de nivelaci\u00f3n multit\u00e1ctil de 28 puntos.<\/li>\n<li class=\"liTable\">Bandas K55 Pro Speed \u200b\u200b\u200b\u200bde uni\u00f3n dura para una <strong>respuesta m\u00e1s consistente<\/strong>\u00a0.<\/li>\n<li class=\"liTable\">Pa\u00f1o de billar Predator Arcadia Reserve para <strong>una acci\u00f3n emocionante a alta velocidad<\/strong>\u00a0.<\/li>\n<li class=\"liTable\">Laminado italiano ultra negro mate para un acabado ultra suave y resistente a las huellas dactilares que\u00a0<strong>reduce el resplandor y la fatiga ocular<\/strong>\u00a0.<\/li>\n<li class=\"liTable\">Bolsillos con forma \u00f3ptima que se ajustan\u00a0<strong>perfectamente al ras<\/strong>\u00a0para una entrada de pelota constante con un borde plateado fresco para una orientaci\u00f3n visible.<\/li>\n<li class=\"liTable\">Corte de bolsillo profesional: ancho de bolsillo de esquina de 4 1\/4 pulgadas y ancho de bolsillo lateral de 5 pulgadas para\u00a0<strong>un juego preciso<\/strong>\u00a0.<\/li>\n<li class=\"liTable\">Cada bolsillo de la mesa de billar est\u00e1 equipado con una espuma amortiguadora para\u00a0<strong>reducir el ruido<\/strong>\u00a0y\u00a0<strong>evitar el rebote de la bola<\/strong>\u00a0.<\/li>\n<li class=\"liTable\">Pizarra brasile\u00f1a pura de 3 piezas de 25 mm de alta calidad para\u00a0<strong>un rodaje de precisi\u00f3n<\/strong>\u00a0que la convierte en la mejor mesa de billar de pizarra del mercado.<\/li>\n<\/ul>\n<p>Mas informaci\u00f3n\u00a0<a href=\"https:\/\/www.predatorcues.com\/int\/pool-tables\/9ft-apex-pool-table.html\">https:\/\/www.predatorcues.com\/int\/pool-tables\/9ft-apex-pool-table.html<\/a><\/p>","protected":false},"excerpt":{"rendered":"<p>Mesa Predator Apex de 9 pies. M\u00e1xima calidad con un dise\u00f1o innovador.<\/p>\n<ul>\n<li>Estructura de acero.<\/li>\n<li>28 puntos de nivel.<\/li>\n<li>Bandas K-55 Pro Speed.<\/li>\n<li>Tronera profesional: esquina 4 1\/4 pulgadas ; laterales 5 pulgadas.<\/li>\n<li>Pizarras brasile\u00f1as, tres piezas de 25mm. de grosor.<\/li>\n<\/ul>\n<p>Mas informacion mesa <a href=\"https:\/\/www.predatorcues.com\/int\/pool-tables\/9ft-apex-pool-table.html\"><span style=\"color: #3366ff;\">Predator Apex 9 pies<\/span><\/a><\/p>\n<p><strong>MESA UTILIZADA EN EXPOSICION<\/strong><\/p>\n<p><strong>NO INCLUYE TRANSPORTE NI MONTAJE.<\/strong><\/p>","protected":false},"featured_media":1017,"template":"","meta":{"jetpack_publicize_message":"","jetpack_publicize_feature_enabled":true,"jetpack_social_post_already_shared":false,"jetpack_social_options":{"image_generator_settings":{"template":"highway","default_image_id":0,"font":"","enabled":false},"version":2}},"product_brand":[],"product_cat":[408,25,24,37],"product_tag":[64,71],"class_list":{"0":"post-1016","1":"product","2":"type-product","3":"status-publish","4":"has-post-thumbnail","6":"product_cat-mesas-de-billar","7":"product_cat-mesas-de-billar-americano","8":"product_cat-mesas-de-juego","9":"product_cat-mundo-billar","10":"product_tag-mesa-predator-apex-9-pies","11":"product_tag-predator-apex-9-feet","13":"first","14":"outofstock","15":"sale","16":"taxable","17":"shipping-taxable","18":"purchasable","19":"product-type-simple"},"yoast_head":"<!-- This site is optimized with the Yoast SEO plugin v27.5 - https:\/\/yoast.com\/product\/yoast-seo-wordpress\/ -->\n<title>Mesa Predator Apex de 9 pies -OFERTA 6000\u20ac - Billares RAR<\/title>\n<meta name=\"description\" content=\"Mesa Predator Apex de 9 pies. Mesa de billar americano de alta calidad fabricada por SAM y Predator. Oferta mesa de exposici\u00f3n precio muy atractivo 6000 \u20ac\" \/>\n<meta name=\"robots\" content=\"index, follow, max-snippet:-1, max-image-preview:large, max-video-preview:-1\" \/>\n<link rel=\"canonical\" href=\"https:\/\/billaresrar.es\/en\/product\/mesa-predator-apex-9-pies\/\" \/>\n<meta property=\"og:locale\" content=\"en_US\" \/>\n<meta property=\"og:type\" content=\"article\" \/>\n<meta property=\"og:title\" content=\"Mesa Predator Apex de 9 pies -OFERTA 6000\u20ac - Billares RAR\" \/>\n<meta property=\"og:description\" content=\"Mesa Predator Apex de 9 pies. Mesa de billar americano de alta calidad fabricada por SAM y Predator. Oferta mesa de exposici\u00f3n precio muy atractivo 6000 \u20ac\" \/>\n<meta property=\"og:url\" content=\"https:\/\/billaresrar.es\/en\/product\/mesa-predator-apex-9-pies\/\" \/>\n<meta property=\"og:site_name\" content=\"RAR Billares online shop\" \/>\n<meta property=\"article:modified_time\" content=\"2025-08-08T11:48:33+00:00\" \/>\n<meta property=\"og:image\" content=\"https:\/\/i0.wp.com\/billaresrar.es\/wp-content\/uploads\/2024\/05\/65000-Predator-Pro-9-ft-pool-table.webp?fit=1920%2C1277&ssl=1\" \/>\n\t<meta property=\"og:image:width\" content=\"1920\" \/>\n\t<meta property=\"og:image:height\" content=\"1277\" \/>\n\t<meta property=\"og:image:type\" content=\"image\/webp\" \/>\n<meta name=\"twitter:card\" content=\"summary_large_image\" \/>\n<meta name=\"twitter:label1\" content=\"Price\" \/>\n\t<meta name=\"twitter:data1\" content=\"6.000,00&nbsp;&euro;\" \/>\n\t<meta name=\"twitter:label2\" content=\"Availability\" \/>\n\t<meta name=\"twitter:data2\" content=\"Out of stock\" \/>\n<script type=\"application\/ld+json\" class=\"yoast-schema-graph\">{\"@context\":\"https:\\\/\\\/schema.org\",\"@graph\":[{\"@type\":\"WebPage\",\"@id\":\"https:\\\/\\\/billaresrar.es\\\/producto\\\/mesa-predator-apex-9-pies\\\/\",\"url\":\"https:\\\/\\\/billaresrar.es\\\/producto\\\/mesa-predator-apex-9-pies\\\/\",\"name\":\"Mesa Predator Apex de 9 pies -OFERTA 6000\u20ac - Billares RAR\",\"isPartOf\":{\"@id\":\"https:\\\/\\\/billaresrar.es\\\/#website\"},\"primaryImageOfPage\":{\"@id\":\"https:\\\/\\\/billaresrar.es\\\/producto\\\/mesa-predator-apex-9-pies\\\/#primaryimage\"},\"image\":{\"@id\":\"https:\\\/\\\/billaresrar.es\\\/producto\\\/mesa-predator-apex-9-pies\\\/#primaryimage\"},\"thumbnailUrl\":\"https:\\\/\\\/i0.wp.com\\\/billaresrar.es\\\/wp-content\\\/uploads\\\/2024\\\/05\\\/65000-Predator-Pro-9-ft-pool-table.webp?fit=1920%2C1277&ssl=1\",\"datePublished\":\"2024-05-21T18:09:19+00:00\",\"dateModified\":\"2025-08-08T11:48:33+00:00\",\"description\":\"Mesa Predator Apex de 9 pies. Mesa de billar americano de alta calidad fabricada por SAM y Predator. Oferta mesa de exposici\u00f3n precio muy atractivo 6000 \u20ac\",\"breadcrumb\":{\"@id\":\"https:\\\/\\\/billaresrar.es\\\/producto\\\/mesa-predator-apex-9-pies\\\/#breadcrumb\"},\"inLanguage\":\"en-US\",\"potentialAction\":[{\"@type\":\"ReadAction\",\"target\":[\"https:\\\/\\\/billaresrar.es\\\/producto\\\/mesa-predator-apex-9-pies\\\/\"]}]},{\"@type\":\"ImageObject\",\"inLanguage\":\"en-US\",\"@id\":\"https:\\\/\\\/billaresrar.es\\\/producto\\\/mesa-predator-apex-9-pies\\\/#primaryimage\",\"url\":\"https:\\\/\\\/i0.wp.com\\\/billaresrar.es\\\/wp-content\\\/uploads\\\/2024\\\/05\\\/65000-Predator-Pro-9-ft-pool-table.webp?fit=1920%2C1277&ssl=1\",\"contentUrl\":\"https:\\\/\\\/i0.wp.com\\\/billaresrar.es\\\/wp-content\\\/uploads\\\/2024\\\/05\\\/65000-Predator-Pro-9-ft-pool-table.webp?fit=1920%2C1277&ssl=1\",\"width\":1920,\"height\":1277,\"caption\":\"Mesa Predator Apex 9 pies\"},{\"@type\":\"BreadcrumbList\",\"@id\":\"https:\\\/\\\/billaresrar.es\\\/producto\\\/mesa-predator-apex-9-pies\\\/#breadcrumb\",\"itemListElement\":[{\"@type\":\"ListItem\",\"position\":1,\"name\":\"Portada\",\"item\":\"https:\\\/\\\/billaresrar.es\\\/\"},{\"@type\":\"ListItem\",\"position\":2,\"name\":\"Tienda\",\"item\":\"https:\\\/\\\/billaresrar.es\\\/tienda-billares-rar\\\/\"},{\"@type\":\"ListItem\",\"position\":3,\"name\":\"Mesa Predator Apex 9 pies.\"}]},{\"@type\":\"WebSite\",\"@id\":\"https:\\\/\\\/billaresrar.es\\\/#website\",\"url\":\"https:\\\/\\\/billaresrar.es\\\/\",\"name\":\"RAR Billares\",\"description\":\"Nos dedicamos a la restauraci\u00f3n, personalizaci\u00f3n, compraventa e instalaci\u00f3n de mesas de billar.\",\"publisher\":{\"@id\":\"https:\\\/\\\/billaresrar.es\\\/#\\\/schema\\\/person\\\/58bf20f74847ad0e156049ad50e1cc19\"},\"potentialAction\":[{\"@type\":\"SearchAction\",\"target\":{\"@type\":\"EntryPoint\",\"urlTemplate\":\"https:\\\/\\\/billaresrar.es\\\/?s={search_term_string}\"},\"query-input\":{\"@type\":\"PropertyValueSpecification\",\"valueRequired\":true,\"valueName\":\"search_term_string\"}}],\"inLanguage\":\"en-US\"},{\"@type\":[\"Person\",\"Organization\"],\"@id\":\"https:\\\/\\\/billaresrar.es\\\/#\\\/schema\\\/person\\\/58bf20f74847ad0e156049ad50e1cc19\",\"name\":\"Ren\u00e9\",\"image\":{\"@type\":\"ImageObject\",\"inLanguage\":\"en-US\",\"@id\":\"https:\\\/\\\/i0.wp.com\\\/billaresrar.es\\\/wp-content\\\/uploads\\\/2024\\\/12\\\/definitivo-RAR.webp?fit=1920%2C1147&ssl=1\",\"url\":\"https:\\\/\\\/i0.wp.com\\\/billaresrar.es\\\/wp-content\\\/uploads\\\/2024\\\/12\\\/definitivo-RAR.webp?fit=1920%2C1147&ssl=1\",\"contentUrl\":\"https:\\\/\\\/i0.wp.com\\\/billaresrar.es\\\/wp-content\\\/uploads\\\/2024\\\/12\\\/definitivo-RAR.webp?fit=1920%2C1147&ssl=1\",\"width\":1920,\"height\":1147,\"caption\":\"Ren\u00e9\"},\"logo\":{\"@id\":\"https:\\\/\\\/i0.wp.com\\\/billaresrar.es\\\/wp-content\\\/uploads\\\/2024\\\/12\\\/definitivo-RAR.webp?fit=1920%2C1147&ssl=1\"}}]}<\/script>\n<meta property=\"product:price:amount\" content=\"6000.00\" \/>\n<meta property=\"product:price:currency\" content=\"EUR\" \/>\n<meta property=\"og:availability\" content=\"out of stock\" \/>\n<meta property=\"product:availability\" content=\"out of stock\" \/>\n<meta property=\"product:condition\" content=\"new\" \/>\n<!-- \/ Yoast SEO plugin. -->","yoast_head_json":{"title":"Mesa Predator Apex de 9 pies -OFERTA 6000\u20ac - Billares RAR","description":"Mesa Predator Apex de 9 pies. Mesa de billar americano de alta calidad fabricada por SAM y Predator. Oferta mesa de exposici\u00f3n precio muy atractivo 6000 \u20ac","robots":{"index":"index","follow":"follow","max-snippet":"max-snippet:-1","max-image-preview":"max-image-preview:large","max-video-preview":"max-video-preview:-1"},"canonical":"https:\/\/billaresrar.es\/en\/product\/mesa-predator-apex-9-pies\/","og_locale":"en_US","og_type":"article","og_title":"Mesa Predator Apex de 9 pies -OFERTA 6000\u20ac - Billares RAR","og_description":"Mesa Predator Apex de 9 pies. Mesa de billar americano de alta calidad fabricada por SAM y Predator. Oferta mesa de exposici\u00f3n precio muy atractivo 6000 \u20ac","og_url":"https:\/\/billaresrar.es\/en\/product\/mesa-predator-apex-9-pies\/","og_site_name":"RAR Billares online shop","article_modified_time":"2025-08-08T11:48:33+00:00","og_image":[{"width":1920,"height":1277,"url":"https:\/\/i0.wp.com\/billaresrar.es\/wp-content\/uploads\/2024\/05\/65000-Predator-Pro-9-ft-pool-table.webp?fit=1920%2C1277&ssl=1","type":"image\/webp"}],"twitter_card":"summary_large_image","twitter_misc":{"Price":"6.000,00&nbsp;&euro;","Availability":"Out of stock"},"schema":{"@context":"https:\/\/schema.org","@graph":[{"@type":"WebPage","@id":"https:\/\/billaresrar.es\/producto\/mesa-predator-apex-9-pies\/","url":"https:\/\/billaresrar.es\/producto\/mesa-predator-apex-9-pies\/","name":"Mesa Predator Apex de 9 pies -OFERTA 6000\u20ac - Billares RAR","isPartOf":{"@id":"https:\/\/billaresrar.es\/#website"},"primaryImageOfPage":{"@id":"https:\/\/billaresrar.es\/producto\/mesa-predator-apex-9-pies\/#primaryimage"},"image":{"@id":"https:\/\/billaresrar.es\/producto\/mesa-predator-apex-9-pies\/#primaryimage"},"thumbnailUrl":"https:\/\/i0.wp.com\/billaresrar.es\/wp-content\/uploads\/2024\/05\/65000-Predator-Pro-9-ft-pool-table.webp?fit=1920%2C1277&ssl=1","datePublished":"2024-05-21T18:09:19+00:00","dateModified":"2025-08-08T11:48:33+00:00","description":"Mesa Predator Apex de 9 pies. Mesa de billar americano de alta calidad fabricada por SAM y Predator. Oferta mesa de exposici\u00f3n precio muy atractivo 6000 \u20ac","breadcrumb":{"@id":"https:\/\/billaresrar.es\/producto\/mesa-predator-apex-9-pies\/#breadcrumb"},"inLanguage":"en-US","potentialAction":[{"@type":"ReadAction","target":["https:\/\/billaresrar.es\/producto\/mesa-predator-apex-9-pies\/"]}]},{"@type":"ImageObject","inLanguage":"en-US","@id":"https:\/\/billaresrar.es\/producto\/mesa-predator-apex-9-pies\/#primaryimage","url":"https:\/\/i0.wp.com\/billaresrar.es\/wp-content\/uploads\/2024\/05\/65000-Predator-Pro-9-ft-pool-table.webp?fit=1920%2C1277&ssl=1","contentUrl":"https:\/\/i0.wp.com\/billaresrar.es\/wp-content\/uploads\/2024\/05\/65000-Predator-Pro-9-ft-pool-table.webp?fit=1920%2C1277&ssl=1","width":1920,"height":1277,"caption":"Mesa Predator Apex 9 pies"},{"@type":"BreadcrumbList","@id":"https:\/\/billaresrar.es\/producto\/mesa-predator-apex-9-pies\/#breadcrumb","itemListElement":[{"@type":"ListItem","position":1,"name":"Portada","item":"https:\/\/billaresrar.es\/"},{"@type":"ListItem","position":2,"name":"Tienda","item":"https:\/\/billaresrar.es\/tienda-billares-rar\/"},{"@type":"ListItem","position":3,"name":"Mesa Predator Apex 9 pies."}]},{"@type":"WebSite","@id":"https:\/\/billaresrar.es\/#website","url":"https:\/\/billaresrar.es\/","name":"RAR Billares","description":"Nos dedicamos a la restauraci\u00f3n, personalizaci\u00f3n, compraventa e instalaci\u00f3n de mesas de billar.","publisher":{"@id":"https:\/\/billaresrar.es\/#\/schema\/person\/58bf20f74847ad0e156049ad50e1cc19"},"potentialAction":[{"@type":"SearchAction","target":{"@type":"EntryPoint","urlTemplate":"https:\/\/billaresrar.es\/?s={search_term_string}"},"query-input":{"@type":"PropertyValueSpecification","valueRequired":true,"valueName":"search_term_string"}}],"inLanguage":"en-US"},{"@type":["Person","Organization"],"@id":"https:\/\/billaresrar.es\/#\/schema\/person\/58bf20f74847ad0e156049ad50e1cc19","name":"Ren\u00e9","image":{"@type":"ImageObject","inLanguage":"en-US","@id":"https:\/\/i0.wp.com\/billaresrar.es\/wp-content\/uploads\/2024\/12\/definitivo-RAR.webp?fit=1920%2C1147&ssl=1","url":"https:\/\/i0.wp.com\/billaresrar.es\/wp-content\/uploads\/2024\/12\/definitivo-RAR.webp?fit=1920%2C1147&ssl=1","contentUrl":"https:\/\/i0.wp.com\/billaresrar.es\/wp-content\/uploads\/2024\/12\/definitivo-RAR.webp?fit=1920%2C1147&ssl=1","width":1920,"height":1147,"caption":"Ren\u00e9"},"logo":{"@id":"https:\/\/i0.wp.com\/billaresrar.es\/wp-content\/uploads\/2024\/12\/definitivo-RAR.webp?fit=1920%2C1147&ssl=1"}}]},"product_price_amount":"6000.00","product_price_currency":"EUR","og_availability":"out of stock","product_availability":"out of stock","product_condition":"new"},"jetpack_publicize_connections":[],"jetpack_sharing_enabled":true,"jetpack_likes_enabled":true,"jetpack-related-posts":[],"_links":{"self":[{"href":"https:\/\/billaresrar.es\/en\/wp-json\/wp\/v2\/product\/1016","targetHints":{"allow":["GET"]}}],"collection":[{"href":"https:\/\/billaresrar.es\/en\/wp-json\/wp\/v2\/product"}],"about":[{"href":"https:\/\/billaresrar.es\/en\/wp-json\/wp\/v2\/types\/product"}],"version-history":[{"count":1,"href":"https:\/\/billaresrar.es\/en\/wp-json\/wp\/v2\/product\/1016\/revisions"}],"predecessor-version":[{"id":1045,"href":"https:\/\/billaresrar.es\/en\/wp-json\/wp\/v2\/product\/1016\/revisions\/1045"}],"wp:featuredmedia":[{"embeddable":true,"href":"https:\/\/billaresrar.es\/en\/wp-json\/wp\/v2\/media\/1017"}],"wp:attachment":[{"href":"https:\/\/billaresrar.es\/en\/wp-json\/wp\/v2\/media?parent=1016"}],"wp:term":[{"taxonomy":"product_brand","embeddable":true,"href":"https:\/\/billaresrar.es\/en\/wp-json\/wp\/v2\/product_brand?post=1016"},{"taxonomy":"product_cat","embeddable":true,"href":"https:\/\/billaresrar.es\/en\/wp-json\/wp\/v2\/product_cat?post=1016"},{"taxonomy":"product_tag","embeddable":true,"href":"https:\/\/billaresrar.es\/en\/wp-json\/wp\/v2\/product_tag?post=1016"}],"curies":[{"name":"wp","href":"https:\/\/api.w.org\/{rel}","templated":true}]}}