{"id":1009,"date":"2024-05-16T16:45:41","date_gmt":"2024-05-16T14:45:41","guid":{"rendered":"https:\/\/darkslateblue-salmon-136783.hostingersite.com\/?post_type=product&#038;p=1009"},"modified":"2025-08-08T14:23:11","modified_gmt":"2025-08-08T12:23:11","slug":"tapa-de-mesa-de-billar","status":"publish","type":"product","link":"https:\/\/billaresrar.es\/en\/product\/tapa-de-mesa-de-billar\/","title":{"rendered":"Tapa de Mesa"},"content":{"rendered":"<p>Tapa de mesa de billar fabricada en madera de pino. Consta de cuatro m\u00f3dulos unidos por imanes.<\/p>","protected":false},"excerpt":{"rendered":"<p>Una tapa en madera, melamina o cristal templado puede ser una buena opci\u00f3n para proteger su mesa de billar, adem\u00e1s de proteger correctamente el pa\u00f1o de manchas y polvo.<\/p>\n<p>Tapas de mesa de distintos tama\u00f1os y formatos. Se realizan por encargo y en distintos materiales.<\/p>\n<p>Para mesas de 7, 8 , 9 y 10 pies.<\/p>\n<p>Le hacemos presupuesto sin compromiso.<\/p>","protected":false},"featured_media":1010,"template":"","meta":{"jetpack_publicize_message":"","jetpack_publicize_feature_enabled":true,"jetpack_social_post_already_shared":false,"jetpack_social_options":{"image_generator_settings":{"template":"highway","default_image_id":0,"font":"","enabled":false},"version":2}},"product_brand":[],"product_cat":[35,415,37,23],"product_tag":[],"class_list":{"0":"post-1009","1":"product","2":"type-product","3":"status-publish","4":"has-post-thumbnail","6":"product_cat-accesorios-de-billar","7":"product_cat-fundas-y-tapas-de-mesa","8":"product_cat-mundo-billar","9":"product_cat-sin-categorizar","11":"first","12":"instock","13":"taxable","14":"shipping-taxable","15":"purchasable","16":"product-type-simple"},"yoast_head":"<!-- This site is optimized with the Yoast SEO plugin v27.5 - https:\/\/yoast.com\/product\/yoast-seo-wordpress\/ -->\n<title>Tapa Mesa Billar Profesional - Protege tu Mesa F\u00e1cil | RAR Billares<\/title>\n<meta name=\"description\" content=\"Protege ahora tu mesa con nuestra tapa para billar profesional, resistente e impermeable. \u00a1Mant\u00e9n tu equipo impecable y listo para jugar siempre!\" \/>\n<meta name=\"robots\" content=\"index, follow, max-snippet:-1, max-image-preview:large, max-video-preview:-1\" \/>\n<link rel=\"canonical\" href=\"https:\/\/billaresrar.es\/en\/product\/tapa-de-mesa-de-billar\/\" \/>\n<meta property=\"og:locale\" content=\"en_US\" \/>\n<meta property=\"og:type\" content=\"article\" \/>\n<meta property=\"og:title\" content=\"Tapa Mesa Billar Profesional - Protege tu Mesa F\u00e1cil | RAR Billares\" \/>\n<meta property=\"og:description\" content=\"Protege ahora tu mesa con nuestra tapa para billar profesional, resistente e impermeable. \u00a1Mant\u00e9n tu equipo impecable y listo para jugar siempre!\" \/>\n<meta property=\"og:url\" content=\"https:\/\/billaresrar.es\/en\/product\/tapa-de-mesa-de-billar\/\" \/>\n<meta property=\"og:site_name\" content=\"RAR Billares online shop\" \/>\n<meta property=\"article:modified_time\" content=\"2025-08-08T12:23:11+00:00\" \/>\n<meta property=\"og:image\" content=\"https:\/\/i0.wp.com\/billaresrar.es\/wp-content\/uploads\/2024\/05\/WhatsApp-Image-2023-09-05-at-20.25.52-1.webp?fit=1600%2C1200&ssl=1\" \/>\n\t<meta property=\"og:image:width\" content=\"1600\" \/>\n\t<meta property=\"og:image:height\" content=\"1200\" \/>\n\t<meta property=\"og:image:type\" content=\"image\/webp\" \/>\n<meta name=\"twitter:card\" content=\"summary_large_image\" \/>\n<meta name=\"twitter:label1\" content=\"Price\" \/>\n\t<meta name=\"twitter:data1\" content=\"240,00&nbsp;&euro;\" \/>\n\t<meta name=\"twitter:label2\" content=\"Availability\" \/>\n\t<meta name=\"twitter:data2\" content=\"In stock\" \/>\n<script type=\"application\/ld+json\" class=\"yoast-schema-graph\">{\"@context\":\"https:\\\/\\\/schema.org\",\"@graph\":[{\"@type\":\"WebPage\",\"@id\":\"https:\\\/\\\/billaresrar.es\\\/producto\\\/tapa-de-mesa-de-billar\\\/\",\"url\":\"https:\\\/\\\/billaresrar.es\\\/producto\\\/tapa-de-mesa-de-billar\\\/\",\"name\":\"Tapa Mesa Billar Profesional - Protege tu Mesa F\u00e1cil | RAR Billares\",\"isPartOf\":{\"@id\":\"https:\\\/\\\/billaresrar.es\\\/#website\"},\"primaryImageOfPage\":{\"@id\":\"https:\\\/\\\/billaresrar.es\\\/producto\\\/tapa-de-mesa-de-billar\\\/#primaryimage\"},\"image\":{\"@id\":\"https:\\\/\\\/billaresrar.es\\\/producto\\\/tapa-de-mesa-de-billar\\\/#primaryimage\"},\"thumbnailUrl\":\"https:\\\/\\\/i0.wp.com\\\/billaresrar.es\\\/wp-content\\\/uploads\\\/2024\\\/05\\\/WhatsApp-Image-2023-09-05-at-20.25.52-1.webp?fit=1600%2C1200&ssl=1\",\"datePublished\":\"2024-05-16T14:45:41+00:00\",\"dateModified\":\"2025-08-08T12:23:11+00:00\",\"description\":\"Protege ahora tu mesa con nuestra tapa para billar profesional, resistente e impermeable. \u00a1Mant\u00e9n tu equipo impecable y listo para jugar siempre!\",\"breadcrumb\":{\"@id\":\"https:\\\/\\\/billaresrar.es\\\/producto\\\/tapa-de-mesa-de-billar\\\/#breadcrumb\"},\"inLanguage\":\"en-US\",\"potentialAction\":[{\"@type\":\"ReadAction\",\"target\":[\"https:\\\/\\\/billaresrar.es\\\/producto\\\/tapa-de-mesa-de-billar\\\/\"]}]},{\"@type\":\"ImageObject\",\"inLanguage\":\"en-US\",\"@id\":\"https:\\\/\\\/billaresrar.es\\\/producto\\\/tapa-de-mesa-de-billar\\\/#primaryimage\",\"url\":\"https:\\\/\\\/i0.wp.com\\\/billaresrar.es\\\/wp-content\\\/uploads\\\/2024\\\/05\\\/WhatsApp-Image-2023-09-05-at-20.25.52-1.webp?fit=1600%2C1200&ssl=1\",\"contentUrl\":\"https:\\\/\\\/i0.wp.com\\\/billaresrar.es\\\/wp-content\\\/uploads\\\/2024\\\/05\\\/WhatsApp-Image-2023-09-05-at-20.25.52-1.webp?fit=1600%2C1200&ssl=1\",\"width\":1600,\"height\":1200},{\"@type\":\"BreadcrumbList\",\"@id\":\"https:\\\/\\\/billaresrar.es\\\/producto\\\/tapa-de-mesa-de-billar\\\/#breadcrumb\",\"itemListElement\":[{\"@type\":\"ListItem\",\"position\":1,\"name\":\"Portada\",\"item\":\"https:\\\/\\\/billaresrar.es\\\/\"},{\"@type\":\"ListItem\",\"position\":2,\"name\":\"Tienda\",\"item\":\"https:\\\/\\\/billaresrar.es\\\/tienda-billares-rar\\\/\"},{\"@type\":\"ListItem\",\"position\":3,\"name\":\"Tapa de Mesa\"}]},{\"@type\":\"WebSite\",\"@id\":\"https:\\\/\\\/billaresrar.es\\\/#website\",\"url\":\"https:\\\/\\\/billaresrar.es\\\/\",\"name\":\"RAR Billares\",\"description\":\"Nos dedicamos a la restauraci\u00f3n, personalizaci\u00f3n, compraventa e instalaci\u00f3n de mesas de billar.\",\"publisher\":{\"@id\":\"https:\\\/\\\/billaresrar.es\\\/#\\\/schema\\\/person\\\/58bf20f74847ad0e156049ad50e1cc19\"},\"potentialAction\":[{\"@type\":\"SearchAction\",\"target\":{\"@type\":\"EntryPoint\",\"urlTemplate\":\"https:\\\/\\\/billaresrar.es\\\/?s={search_term_string}\"},\"query-input\":{\"@type\":\"PropertyValueSpecification\",\"valueRequired\":true,\"valueName\":\"search_term_string\"}}],\"inLanguage\":\"en-US\"},{\"@type\":[\"Person\",\"Organization\"],\"@id\":\"https:\\\/\\\/billaresrar.es\\\/#\\\/schema\\\/person\\\/58bf20f74847ad0e156049ad50e1cc19\",\"name\":\"Ren\u00e9\",\"image\":{\"@type\":\"ImageObject\",\"inLanguage\":\"en-US\",\"@id\":\"https:\\\/\\\/i0.wp.com\\\/billaresrar.es\\\/wp-content\\\/uploads\\\/2024\\\/12\\\/definitivo-RAR.webp?fit=1920%2C1147&ssl=1\",\"url\":\"https:\\\/\\\/i0.wp.com\\\/billaresrar.es\\\/wp-content\\\/uploads\\\/2024\\\/12\\\/definitivo-RAR.webp?fit=1920%2C1147&ssl=1\",\"contentUrl\":\"https:\\\/\\\/i0.wp.com\\\/billaresrar.es\\\/wp-content\\\/uploads\\\/2024\\\/12\\\/definitivo-RAR.webp?fit=1920%2C1147&ssl=1\",\"width\":1920,\"height\":1147,\"caption\":\"Ren\u00e9\"},\"logo\":{\"@id\":\"https:\\\/\\\/i0.wp.com\\\/billaresrar.es\\\/wp-content\\\/uploads\\\/2024\\\/12\\\/definitivo-RAR.webp?fit=1920%2C1147&ssl=1\"}}]}<\/script>\n<meta property=\"product:price:amount\" content=\"240.00\" \/>\n<meta property=\"product:price:currency\" content=\"EUR\" \/>\n<meta property=\"og:availability\" content=\"instock\" \/>\n<meta property=\"product:availability\" content=\"instock\" \/>\n<meta property=\"product:condition\" content=\"new\" \/>\n<!-- \/ Yoast SEO plugin. -->","yoast_head_json":{"title":"Tapa Mesa Billar Profesional - Protege tu Mesa F\u00e1cil | RAR Billares","description":"Protege ahora tu mesa con nuestra tapa para billar profesional, resistente e impermeable. \u00a1Mant\u00e9n tu equipo impecable y listo para jugar siempre!","robots":{"index":"index","follow":"follow","max-snippet":"max-snippet:-1","max-image-preview":"max-image-preview:large","max-video-preview":"max-video-preview:-1"},"canonical":"https:\/\/billaresrar.es\/en\/product\/tapa-de-mesa-de-billar\/","og_locale":"en_US","og_type":"article","og_title":"Tapa Mesa Billar Profesional - Protege tu Mesa F\u00e1cil | RAR Billares","og_description":"Protege ahora tu mesa con nuestra tapa para billar profesional, resistente e impermeable. \u00a1Mant\u00e9n tu equipo impecable y listo para jugar siempre!","og_url":"https:\/\/billaresrar.es\/en\/product\/tapa-de-mesa-de-billar\/","og_site_name":"RAR Billares online shop","article_modified_time":"2025-08-08T12:23:11+00:00","og_image":[{"width":1600,"height":1200,"url":"https:\/\/i0.wp.com\/billaresrar.es\/wp-content\/uploads\/2024\/05\/WhatsApp-Image-2023-09-05-at-20.25.52-1.webp?fit=1600%2C1200&ssl=1","type":"image\/webp"}],"twitter_card":"summary_large_image","twitter_misc":{"Price":"240,00&nbsp;&euro;","Availability":"In stock"},"schema":{"@context":"https:\/\/schema.org","@graph":[{"@type":"WebPage","@id":"https:\/\/billaresrar.es\/producto\/tapa-de-mesa-de-billar\/","url":"https:\/\/billaresrar.es\/producto\/tapa-de-mesa-de-billar\/","name":"Tapa Mesa Billar Profesional - Protege tu Mesa F\u00e1cil | RAR Billares","isPartOf":{"@id":"https:\/\/billaresrar.es\/#website"},"primaryImageOfPage":{"@id":"https:\/\/billaresrar.es\/producto\/tapa-de-mesa-de-billar\/#primaryimage"},"image":{"@id":"https:\/\/billaresrar.es\/producto\/tapa-de-mesa-de-billar\/#primaryimage"},"thumbnailUrl":"https:\/\/i0.wp.com\/billaresrar.es\/wp-content\/uploads\/2024\/05\/WhatsApp-Image-2023-09-05-at-20.25.52-1.webp?fit=1600%2C1200&ssl=1","datePublished":"2024-05-16T14:45:41+00:00","dateModified":"2025-08-08T12:23:11+00:00","description":"Protege ahora tu mesa con nuestra tapa para billar profesional, resistente e impermeable. \u00a1Mant\u00e9n tu equipo impecable y listo para jugar siempre!","breadcrumb":{"@id":"https:\/\/billaresrar.es\/producto\/tapa-de-mesa-de-billar\/#breadcrumb"},"inLanguage":"en-US","potentialAction":[{"@type":"ReadAction","target":["https:\/\/billaresrar.es\/producto\/tapa-de-mesa-de-billar\/"]}]},{"@type":"ImageObject","inLanguage":"en-US","@id":"https:\/\/billaresrar.es\/producto\/tapa-de-mesa-de-billar\/#primaryimage","url":"https:\/\/i0.wp.com\/billaresrar.es\/wp-content\/uploads\/2024\/05\/WhatsApp-Image-2023-09-05-at-20.25.52-1.webp?fit=1600%2C1200&ssl=1","contentUrl":"https:\/\/i0.wp.com\/billaresrar.es\/wp-content\/uploads\/2024\/05\/WhatsApp-Image-2023-09-05-at-20.25.52-1.webp?fit=1600%2C1200&ssl=1","width":1600,"height":1200},{"@type":"BreadcrumbList","@id":"https:\/\/billaresrar.es\/producto\/tapa-de-mesa-de-billar\/#breadcrumb","itemListElement":[{"@type":"ListItem","position":1,"name":"Portada","item":"https:\/\/billaresrar.es\/"},{"@type":"ListItem","position":2,"name":"Tienda","item":"https:\/\/billaresrar.es\/tienda-billares-rar\/"},{"@type":"ListItem","position":3,"name":"Tapa de Mesa"}]},{"@type":"WebSite","@id":"https:\/\/billaresrar.es\/#website","url":"https:\/\/billaresrar.es\/","name":"RAR Billares","description":"Nos dedicamos a la restauraci\u00f3n, personalizaci\u00f3n, compraventa e instalaci\u00f3n de mesas de billar.","publisher":{"@id":"https:\/\/billaresrar.es\/#\/schema\/person\/58bf20f74847ad0e156049ad50e1cc19"},"potentialAction":[{"@type":"SearchAction","target":{"@type":"EntryPoint","urlTemplate":"https:\/\/billaresrar.es\/?s={search_term_string}"},"query-input":{"@type":"PropertyValueSpecification","valueRequired":true,"valueName":"search_term_string"}}],"inLanguage":"en-US"},{"@type":["Person","Organization"],"@id":"https:\/\/billaresrar.es\/#\/schema\/person\/58bf20f74847ad0e156049ad50e1cc19","name":"Ren\u00e9","image":{"@type":"ImageObject","inLanguage":"en-US","@id":"https:\/\/i0.wp.com\/billaresrar.es\/wp-content\/uploads\/2024\/12\/definitivo-RAR.webp?fit=1920%2C1147&ssl=1","url":"https:\/\/i0.wp.com\/billaresrar.es\/wp-content\/uploads\/2024\/12\/definitivo-RAR.webp?fit=1920%2C1147&ssl=1","contentUrl":"https:\/\/i0.wp.com\/billaresrar.es\/wp-content\/uploads\/2024\/12\/definitivo-RAR.webp?fit=1920%2C1147&ssl=1","width":1920,"height":1147,"caption":"Ren\u00e9"},"logo":{"@id":"https:\/\/i0.wp.com\/billaresrar.es\/wp-content\/uploads\/2024\/12\/definitivo-RAR.webp?fit=1920%2C1147&ssl=1"}}]},"product_price_amount":"240.00","product_price_currency":"EUR","og_availability":"instock","product_availability":"instock","product_condition":"new"},"jetpack_publicize_connections":[],"jetpack_sharing_enabled":true,"jetpack_likes_enabled":true,"jetpack-related-posts":[],"_links":{"self":[{"href":"https:\/\/billaresrar.es\/en\/wp-json\/wp\/v2\/product\/1009","targetHints":{"allow":["GET"]}}],"collection":[{"href":"https:\/\/billaresrar.es\/en\/wp-json\/wp\/v2\/product"}],"about":[{"href":"https:\/\/billaresrar.es\/en\/wp-json\/wp\/v2\/types\/product"}],"version-history":[{"count":1,"href":"https:\/\/billaresrar.es\/en\/wp-json\/wp\/v2\/product\/1009\/revisions"}],"predecessor-version":[{"id":1015,"href":"https:\/\/billaresrar.es\/en\/wp-json\/wp\/v2\/product\/1009\/revisions\/1015"}],"wp:featuredmedia":[{"embeddable":true,"href":"https:\/\/billaresrar.es\/en\/wp-json\/wp\/v2\/media\/1010"}],"wp:attachment":[{"href":"https:\/\/billaresrar.es\/en\/wp-json\/wp\/v2\/media?parent=1009"}],"wp:term":[{"taxonomy":"product_brand","embeddable":true,"href":"https:\/\/billaresrar.es\/en\/wp-json\/wp\/v2\/product_brand?post=1009"},{"taxonomy":"product_cat","embeddable":true,"href":"https:\/\/billaresrar.es\/en\/wp-json\/wp\/v2\/product_cat?post=1009"},{"taxonomy":"product_tag","embeddable":true,"href":"https:\/\/billaresrar.es\/en\/wp-json\/wp\/v2\/product_tag?post=1009"}],"curies":[{"name":"wp","href":"https:\/\/api.w.org\/{rel}","templated":true}]}}